
{"id":84378,"date":"2025-07-30T09:13:28","date_gmt":"2025-07-30T09:13:28","guid":{"rendered":"https:\/\/azurefilm.com\/?post_type=product&#038;p=84378"},"modified":"2025-07-30T09:13:29","modified_gmt":"2025-07-30T09:13:29","slug":"unicorn-k2-plus-schnellwechsel-duesensatz","status":"publish","type":"product","link":"https:\/\/azurefilm.com\/de\/produkt\/unicorn-k2-plus-schnellwechsel-duesensatz\/","title":{"rendered":"Unicorn K2 Plus Schnellwechsel-D\u00fcsensatz"},"content":{"rendered":"<p><span style=\"font-weight: 400;\">Das Unicorn K2 Plus Quick-Swap Nozzle Kit ist ein originales Creality-Zubeh\u00f6r f\u00fcr den K2 Plus 3D-Drucker. Es enth\u00e4lt vier verschiedene D\u00fcsengr\u00f6\u00dfen f\u00fcr unterschiedliche Druckanforderungen \u2013 von detailreichem bis hin zu Hochgeschwindigkeitsdruck.<\/span><\/p>\n<p><span style=\"font-weight: 400;\">Enthaltene D\u00fcsengr\u00f6\u00dfen:<\/span><\/p>\n<ul>\n<li style=\"font-weight: 400;\" aria-level=\"1\"><span style=\"font-weight: 400;\">0,2 mm<\/span><\/li>\n<li style=\"font-weight: 400;\" aria-level=\"1\"><span style=\"font-weight: 400;\">0,4 mm<\/span><\/li>\n<li style=\"font-weight: 400;\" aria-level=\"1\"><span style=\"font-weight: 400;\">0,6 mm<\/span><\/li>\n<li style=\"font-weight: 400;\" aria-level=\"1\"><span style=\"font-weight: 400;\">0,8 mm<\/span><\/li>\n<\/ul>\n<p><span style=\"font-weight: 400;\">Hauptmerkmale:<\/span><\/p>\n<ul>\n<li style=\"font-weight: 400;\" aria-level=\"1\"><span style=\"font-weight: 400;\">Schnellwechselsystem: D\u00fcsenwechsel ohne Werkzeug<\/span><\/li>\n<li style=\"font-weight: 400;\" aria-level=\"1\"><span style=\"font-weight: 400;\">Pr\u00e4zisionsgefertigte Messingd\u00fcsen<\/span><\/li>\n<li style=\"font-weight: 400;\" aria-level=\"1\"><span style=\"font-weight: 400;\">Geeignet f\u00fcr eine Vielzahl von Filamenttypen<\/span><\/li>\n<\/ul>\n","protected":false},"excerpt":{"rendered":"<p><span style=\"font-weight: 400;\">Komplettes Schnellwechsel-D\u00fcsenset f\u00fcr den Creality K2 Plus. Enth\u00e4lt 4 D\u00fcsengr\u00f6\u00dfen: 0,2 mm, 0,4 mm, 0,6 mm und 0,8 mm.<\/span><\/p>\n","protected":false},"featured_media":84539,"comment_status":"closed","ping_status":"closed","template":"","meta":{"_acf_changed":false},"product_brand":[],"product_cat":[1765,1767,1807,1808],"product_tag":[],"brand":[],"class_list":{"0":"post-84378","1":"product","2":"type-product","3":"status-publish","4":"has-post-thumbnail","6":"product_cat-ersatzteile","7":"product_cat-alle-ersatzteile","8":"product_cat-dusen","9":"product_cat-normale-dusen","10":"pa_compatible-with-creality-fdm-3d-printers","11":"pa_fits-printer-creality-k2-plus","13":"first","14":"outofstock","15":"taxable","16":"shipping-taxable","17":"purchasable","18":"product-type-simple"},"acf":[],"_links":{"self":[{"href":"https:\/\/azurefilm.com\/de\/wp-json\/wp\/v2\/product\/84378","targetHints":{"allow":["GET"]}}],"collection":[{"href":"https:\/\/azurefilm.com\/de\/wp-json\/wp\/v2\/product"}],"about":[{"href":"https:\/\/azurefilm.com\/de\/wp-json\/wp\/v2\/types\/product"}],"replies":[{"embeddable":true,"href":"https:\/\/azurefilm.com\/de\/wp-json\/wp\/v2\/comments?post=84378"}],"wp:featuredmedia":[{"embeddable":true,"href":"https:\/\/azurefilm.com\/de\/wp-json\/wp\/v2\/media\/84539"}],"wp:attachment":[{"href":"https:\/\/azurefilm.com\/de\/wp-json\/wp\/v2\/media?parent=84378"}],"wp:term":[{"taxonomy":"product_brand","embeddable":true,"href":"https:\/\/azurefilm.com\/de\/wp-json\/wp\/v2\/product_brand?post=84378"},{"taxonomy":"product_cat","embeddable":true,"href":"https:\/\/azurefilm.com\/de\/wp-json\/wp\/v2\/product_cat?post=84378"},{"taxonomy":"product_tag","embeddable":true,"href":"https:\/\/azurefilm.com\/de\/wp-json\/wp\/v2\/product_tag?post=84378"},{"taxonomy":"brand","embeddable":true,"href":"https:\/\/azurefilm.com\/de\/wp-json\/wp\/v2\/brand?post=84378"}],"curies":[{"name":"wp","href":"https:\/\/api.w.org\/{rel}","templated":true}]}}