
{"id":84384,"date":"2025-07-30T09:15:41","date_gmt":"2025-07-30T09:15:41","guid":{"rendered":"https:\/\/azurefilm.com\/?post_type=product&#038;p=84384"},"modified":"2025-07-30T09:15:43","modified_gmt":"2025-07-30T09:15:43","slug":"k2-plus-keramik-heizblock-kit","status":"publish","type":"product","link":"https:\/\/azurefilm.com\/de\/produkt\/k2-plus-keramik-heizblock-kit\/","title":{"rendered":"K2 Plus Keramik-Heizblock-Kit"},"content":{"rendered":"<p><span style=\"font-weight: 400;\">Das K2 Plus Ceramic Heating Block Kit ist ein Originalersatzteil f\u00fcr den K2 Plus 3D-Drucker, das f\u00fcr eine schnelle und stabile Erw\u00e4rmung w\u00e4hrend des Druckens sorgt.<\/span><\/p>\n<p><span style=\"font-weight: 400;\">Das Kit enth\u00e4lt:<\/span><\/p>\n<ul>\n<li style=\"font-weight: 400;\" aria-level=\"1\"><span style=\"font-weight: 400;\">Keramik-Heizblock<\/span><\/li>\n<li style=\"font-weight: 400;\" aria-level=\"1\"><span style=\"font-weight: 400;\">Thermistor<\/span><\/li>\n<li style=\"font-weight: 400;\" aria-level=\"1\"><span style=\"font-weight: 400;\">Heizelement (Keramikkern)<\/span><\/li>\n<li style=\"font-weight: 400;\" aria-level=\"1\"><span style=\"font-weight: 400;\">Vormontierte Verkabelung und Anschl\u00fcsse<\/span><\/li>\n<\/ul>\n<p><span style=\"font-weight: 400;\">Spezifikationen:<\/span><\/p>\n<ul>\n<li style=\"font-weight: 400;\" aria-level=\"1\"><span style=\"font-weight: 400;\">Spannung: 24V<\/span><span style=\"font-weight: 400;\"><br \/>\n<\/span><\/li>\n<li style=\"font-weight: 400;\" aria-level=\"1\"><span style=\"font-weight: 400;\">Max. Temperatur: bis zu 300\u00b0C<\/span><\/li>\n<li style=\"font-weight: 400;\" aria-level=\"1\"><span style=\"font-weight: 400;\">Vormontiert f\u00fcr eine schnelle Installation<\/span><\/li>\n<\/ul>\n","protected":false},"excerpt":{"rendered":"<p><span style=\"font-weight: 400;\">Originales Keramik-Heizblock-Kit f\u00fcr den Creality K2 Plus. Enth\u00e4lt Heizblock, Keramikkern, Thermistor und Verkabelung.<\/span><\/p>\n","protected":false},"featured_media":84849,"comment_status":"closed","ping_status":"closed","template":"","meta":{"_acf_changed":false},"product_brand":[],"product_cat":[1765,1767,1890],"product_tag":[],"brand":[],"class_list":{"0":"post-84384","1":"product","2":"type-product","3":"status-publish","4":"has-post-thumbnail","6":"product_cat-ersatzteile","7":"product_cat-alle-ersatzteile","8":"product_cat-heizblocke","9":"pa_compatible-with-creality-fdm-3d-printers","10":"pa_fits-printer-creality-k2-plus","12":"first","13":"outofstock","14":"taxable","15":"shipping-taxable","16":"purchasable","17":"product-type-simple"},"acf":[],"_links":{"self":[{"href":"https:\/\/azurefilm.com\/de\/wp-json\/wp\/v2\/product\/84384","targetHints":{"allow":["GET"]}}],"collection":[{"href":"https:\/\/azurefilm.com\/de\/wp-json\/wp\/v2\/product"}],"about":[{"href":"https:\/\/azurefilm.com\/de\/wp-json\/wp\/v2\/types\/product"}],"replies":[{"embeddable":true,"href":"https:\/\/azurefilm.com\/de\/wp-json\/wp\/v2\/comments?post=84384"}],"wp:featuredmedia":[{"embeddable":true,"href":"https:\/\/azurefilm.com\/de\/wp-json\/wp\/v2\/media\/84849"}],"wp:attachment":[{"href":"https:\/\/azurefilm.com\/de\/wp-json\/wp\/v2\/media?parent=84384"}],"wp:term":[{"taxonomy":"product_brand","embeddable":true,"href":"https:\/\/azurefilm.com\/de\/wp-json\/wp\/v2\/product_brand?post=84384"},{"taxonomy":"product_cat","embeddable":true,"href":"https:\/\/azurefilm.com\/de\/wp-json\/wp\/v2\/product_cat?post=84384"},{"taxonomy":"product_tag","embeddable":true,"href":"https:\/\/azurefilm.com\/de\/wp-json\/wp\/v2\/product_tag?post=84384"},{"taxonomy":"brand","embeddable":true,"href":"https:\/\/azurefilm.com\/de\/wp-json\/wp\/v2\/brand?post=84384"}],"curies":[{"name":"wp","href":"https:\/\/api.w.org\/{rel}","templated":true}]}}