
{"id":84442,"date":"2025-07-30T09:23:02","date_gmt":"2025-07-30T09:23:02","guid":{"rendered":"https:\/\/azurefilm.com\/?post_type=product&#038;p=84442"},"modified":"2025-09-03T18:03:09","modified_gmt":"2025-09-03T18:03:09","slug":"k2-plus-pei-frosted-bauplatte","status":"publish","type":"product","link":"https:\/\/azurefilm.com\/de\/produkt\/k2-plus-pei-frosted-bauplatte\/","title":{"rendered":"K2 Plus PEI Frosted Bauplatte"},"content":{"rendered":"<p><span style=\"font-weight: 400;\">Die K2 Plus PEI Frosted Build Plate bietet eine zuverl\u00e4ssige Druckoberfl\u00e4che, die speziell f\u00fcr den Creality K2 Plus entwickelt wurde. Die PEI-Beschichtung bietet hervorragende Haftung f\u00fcr eine Vielzahl von Filamenten. So haften Ihre Drucke w\u00e4hrend des Druckvorgangs fest und l\u00f6sen sich nach dem Abk\u00fchlen leicht. Die mattierte Textur verbessert den Halt der ersten Schicht und reduziert Verformungen. Das Ergebnis sind glattere und gleichm\u00e4\u00dfigere Ergebnisse. Diese langlebige und leicht zu reinigende Bauplatte ist ein einfaches Upgrade, das Ihr Druckerlebnis mit minimalem Aufwand verbessert.<\/span><\/p>\n<p><span style=\"font-weight: 400;\">Hauptmerkmale:<\/span><\/p>\n<ul>\n<li style=\"font-weight: 400;\" aria-level=\"1\"><span style=\"font-weight: 400;\">Starke Haftung mit mattierter PEI-Oberfl\u00e4che<\/span><\/li>\n<li style=\"font-weight: 400;\" aria-level=\"1\"><span style=\"font-weight: 400;\">Einfaches Entfernen des Drucks nach dem Abk\u00fchlen<\/span><\/li>\n<li style=\"font-weight: 400;\" aria-level=\"1\"><span style=\"font-weight: 400;\">Kompatibel mit Creality K2 Plus<\/span><\/li>\n<li style=\"font-weight: 400;\" aria-level=\"1\"><span style=\"font-weight: 400;\">Unterst\u00fctzt PLA, ABS, PETG, TPU und mehr<\/span><\/li>\n<li style=\"font-weight: 400;\" aria-level=\"1\"><span style=\"font-weight: 400;\">Langlebig und pflegeleicht<\/span><\/li>\n<\/ul>\n","protected":false},"excerpt":{"rendered":"<p><span style=\"font-weight: 400;\">Kaufen Sie die K2 Plus PEI Frosted Build Plate f\u00fcr hervorragende Haftung und einfaches Entfernen der Drucke.<\/span><\/p>\n","protected":false},"featured_media":84666,"comment_status":"closed","ping_status":"closed","template":"","meta":{"_acf_changed":false},"product_brand":[],"product_cat":[1765,1767,1888,1994],"product_tag":[],"brand":[],"class_list":{"0":"post-84442","1":"product","2":"type-product","3":"status-publish","4":"has-post-thumbnail","6":"product_cat-ersatzteile","7":"product_cat-alle-ersatzteile","8":"product_cat-bauoberflachen","9":"product_cat-pei-platten","10":"pa_compatible-with-creality-fdm-3d-printers","11":"pa_fits-printer-creality-k2-plus","13":"first","14":"outofstock","15":"taxable","16":"shipping-taxable","17":"purchasable","18":"product-type-simple"},"acf":[],"_links":{"self":[{"href":"https:\/\/azurefilm.com\/de\/wp-json\/wp\/v2\/product\/84442","targetHints":{"allow":["GET"]}}],"collection":[{"href":"https:\/\/azurefilm.com\/de\/wp-json\/wp\/v2\/product"}],"about":[{"href":"https:\/\/azurefilm.com\/de\/wp-json\/wp\/v2\/types\/product"}],"replies":[{"embeddable":true,"href":"https:\/\/azurefilm.com\/de\/wp-json\/wp\/v2\/comments?post=84442"}],"wp:featuredmedia":[{"embeddable":true,"href":"https:\/\/azurefilm.com\/de\/wp-json\/wp\/v2\/media\/84666"}],"wp:attachment":[{"href":"https:\/\/azurefilm.com\/de\/wp-json\/wp\/v2\/media?parent=84442"}],"wp:term":[{"taxonomy":"product_brand","embeddable":true,"href":"https:\/\/azurefilm.com\/de\/wp-json\/wp\/v2\/product_brand?post=84442"},{"taxonomy":"product_cat","embeddable":true,"href":"https:\/\/azurefilm.com\/de\/wp-json\/wp\/v2\/product_cat?post=84442"},{"taxonomy":"product_tag","embeddable":true,"href":"https:\/\/azurefilm.com\/de\/wp-json\/wp\/v2\/product_tag?post=84442"},{"taxonomy":"brand","embeddable":true,"href":"https:\/\/azurefilm.com\/de\/wp-json\/wp\/v2\/brand?post=84442"}],"curies":[{"name":"wp","href":"https:\/\/api.w.org\/{rel}","templated":true}]}}