
{"id":84484,"date":"2025-07-30T09:33:54","date_gmt":"2025-07-30T09:33:54","guid":{"rendered":"https:\/\/azurefilm.com\/?post_type=product&#038;p=84484"},"modified":"2025-07-30T09:33:55","modified_gmt":"2025-07-30T09:33:55","slug":"k1-max-unicorn-schnellwechselduese-lange-version","status":"publish","type":"product","link":"https:\/\/azurefilm.com\/de\/produkt\/k1-max-unicorn-schnellwechselduese-lange-version\/","title":{"rendered":"K1 Max Unicorn Schnellwechseld\u00fcse lange Version"},"content":{"rendered":"<p><span style=\"font-weight: 400;\">Die K1 Max Unicorn Quick Swap Nozzle (Langversion) ist eine leistungsstarke, leicht austauschbare D\u00fcse, die speziell f\u00fcr den Creality K1 Max 3D-Drucker entwickelt wurde. Dank des Schnellwechselmechanismus k\u00f6nnen Sie die D\u00fcsen in Sekundenschnelle wechseln \u2013 ohne Werkzeug oder vollst\u00e4ndige Demontage. Damit ist sie ideal f\u00fcr Anwender, die Wert auf Effizienz und Flexibilit\u00e4t legen.<\/span><\/p>\n<p><span style=\"font-weight: 400;\">Diese lange Version gew\u00e4hrleistet einen stabilen Sitz und zuverl\u00e4ssige Leistung und ist in drei Gr\u00f6\u00dfen f\u00fcr unterschiedliche Druckanforderungen erh\u00e4ltlich:<\/span><\/p>\n<ul>\n<li style=\"font-weight: 400;\" aria-level=\"1\"><span style=\"font-weight: 400;\">0,4 mm \u2013 Ideal f\u00fcr detailreiche Drucke und feine Oberfl\u00e4chen<\/span><\/li>\n<li style=\"font-weight: 400;\" aria-level=\"1\"><span style=\"font-weight: 400;\">0,6 mm \u2013 Ein gro\u00dfartiges Gleichgewicht zwischen Geschwindigkeit und Detail<\/span><\/li>\n<li style=\"font-weight: 400;\" aria-level=\"1\"><span style=\"font-weight: 400;\">0,8 mm \u2013 Am besten f\u00fcr schnellere Drucke und st\u00e4rkere Schichtbindung<\/span><span style=\"font-weight: 400;\">\n<p><\/span><\/li>\n<\/ul>\n<p><span style=\"font-weight: 400;\">Hauptmerkmale:<\/span><\/p>\n<ul>\n<li style=\"font-weight: 400;\" aria-level=\"1\"><span style=\"font-weight: 400;\">Quick-Swap-Design f\u00fcr werkzeuglosen D\u00fcsenwechsel<\/span><\/li>\n<li style=\"font-weight: 400;\" aria-level=\"1\"><span style=\"font-weight: 400;\">Die lange Version sorgt f\u00fcr sicheren Sitz und stabile Extrusion<\/span><\/li>\n<li style=\"font-weight: 400;\" aria-level=\"1\"><span style=\"font-weight: 400;\">Erh\u00e4ltlich in den Gr\u00f6\u00dfen 0,4 mm, 0,6 mm und 0,8 mm<\/span><\/li>\n<li style=\"font-weight: 400;\" aria-level=\"1\"><span style=\"font-weight: 400;\">Kompatibel mit Creality K1 Max<\/span><\/li>\n<li style=\"font-weight: 400;\" aria-level=\"1\"><span style=\"font-weight: 400;\">Robuste Konstruktion f\u00fcr den Langzeitgebrauch<\/span><\/li>\n<li style=\"font-weight: 400;\" aria-level=\"1\"><span style=\"font-weight: 400;\">Geeignet f\u00fcr verschiedene Filamente und Druckstile<\/span><\/li>\n<\/ul>\n","protected":false},"excerpt":{"rendered":"<p><span style=\"font-weight: 400;\">W\u00e4hlen Sie aus 0,4 mm, 0,6 mm oder 0,8 mm Unicorn Quick Swap-D\u00fcsen (lange Version) f\u00fcr Ihren Creality K1 Max und freuen Sie sich \u00fcber schnelle \u00c4nderungen mit pr\u00e4zisen Ergebnissen.<\/span><\/p>\n","protected":false},"featured_media":84787,"comment_status":"closed","ping_status":"closed","template":"","meta":{"_acf_changed":false},"product_brand":[],"product_cat":[1765,1767,1807,1808],"product_tag":[],"brand":[1804],"class_list":{"0":"post-84484","1":"product","2":"type-product","3":"status-publish","4":"has-post-thumbnail","6":"product_cat-ersatzteile","7":"product_cat-alle-ersatzteile","8":"product_cat-dusen","9":"product_cat-normale-dusen","10":"pa_compatible-with-creality-fdm-3d-drucker","11":"pa_fits-printer-creality-k1-max-de","12":"pa_nozzle-diameter-0-4mm-de","13":"pa_nozzle-diameter-0-6mm-de","14":"pa_nozzle-diameter-0-8mm-de","15":"brand-creality-de","17":"first","18":"instock","19":"taxable","20":"shipping-taxable","21":"purchasable","22":"product-type-variable"},"acf":[],"_links":{"self":[{"href":"https:\/\/azurefilm.com\/de\/wp-json\/wp\/v2\/product\/84484","targetHints":{"allow":["GET"]}}],"collection":[{"href":"https:\/\/azurefilm.com\/de\/wp-json\/wp\/v2\/product"}],"about":[{"href":"https:\/\/azurefilm.com\/de\/wp-json\/wp\/v2\/types\/product"}],"replies":[{"embeddable":true,"href":"https:\/\/azurefilm.com\/de\/wp-json\/wp\/v2\/comments?post=84484"}],"wp:featuredmedia":[{"embeddable":true,"href":"https:\/\/azurefilm.com\/de\/wp-json\/wp\/v2\/media\/84787"}],"wp:attachment":[{"href":"https:\/\/azurefilm.com\/de\/wp-json\/wp\/v2\/media?parent=84484"}],"wp:term":[{"taxonomy":"product_brand","embeddable":true,"href":"https:\/\/azurefilm.com\/de\/wp-json\/wp\/v2\/product_brand?post=84484"},{"taxonomy":"product_cat","embeddable":true,"href":"https:\/\/azurefilm.com\/de\/wp-json\/wp\/v2\/product_cat?post=84484"},{"taxonomy":"product_tag","embeddable":true,"href":"https:\/\/azurefilm.com\/de\/wp-json\/wp\/v2\/product_tag?post=84484"},{"taxonomy":"brand","embeddable":true,"href":"https:\/\/azurefilm.com\/de\/wp-json\/wp\/v2\/brand?post=84484"}],"curies":[{"name":"wp","href":"https:\/\/api.w.org\/{rel}","templated":true}]}}