
{"id":88529,"date":"2025-08-13T05:17:43","date_gmt":"2025-08-13T05:17:43","guid":{"rendered":"https:\/\/azurefilm.com\/?post_type=product&#038;p=88529"},"modified":"2025-12-17T17:31:31","modified_gmt":"2025-12-17T17:31:31","slug":"pla-silk-rainbow-wild-ember","status":"publish","type":"product","link":"https:\/\/azurefilm.com\/de\/produkt\/pla-silk-rainbow-wild-ember\/","title":{"rendered":"PLA Silk Rainbow Wild Ember"},"content":{"rendered":"<h2><b>PLA Silk<\/b><\/h2>\n<p><span style=\"font-weight: 400;\">Lernen Sie unsere PLA Silk Filamente kennen, eine Sonderedition unserer PLA Original Linie. PLA Silk Filamente haben besondere Zus\u00e4tze zu den klassischen PLA Filamenten, die das Aussehen einer <\/span><b>gl\u00e4nzenden, leicht durchscheinenden und seidigen Oberfl\u00e4che<\/b><span style=\"font-weight: 400;\">. Moreover, this material <\/span><b>helfen, die \u00dcberg\u00e4nge zwischen den Schichten<\/b><span style=\"font-weight: 400;\"> beim Drucken zu verbergen. PLA Silk Filamente bieten alle traditionellen PLA-Eigenschaften und liefern <\/span><b>konsistente Ergebnisse<\/b><span style=\"font-weight: 400;\">. They are the best choice for 3D printing of decorative elements like vases, figurines, accessories, home gadgets and much more. <\/span><\/p>\n<h2><b>PLA Silk Rainbow<\/b><\/h2>\n<p><span style=\"font-weight: 400;\">Lernen Sie unsere PLA Silk Rainbow Kollektion kennen, eine Erweiterung unserer Silk Filament Reihe. Aufbauend auf den Grundlagen unserer Silk Filamente, die f\u00fcr ihr gl\u00e4nzendes, durchsichtiges und seidiges Finish bekannt sind, <\/span><b>f\u00fchrt diese Kollektion eine wundersch\u00f6ne \u00dcbergangsphase zwischen einer Vielzahl von verschiedenen Farben ein<\/b><span style=\"font-weight: 400;\">. Silk Rainbow filaments deliver natural colour transitions every few meters on the spool. Dive into the world of rainbows! <\/span> <b>Die Farben wechseln alle 10 Meter Filament<\/b><span style=\"font-weight: 400;\">, wodurch dynamische und sich st\u00e4ndig \u00e4ndernde Farbkombinationen in Ihren 3D-Projekten entstehen.<\/span><\/p>\n<p><span style=\"font-weight: 400;\">Um mehr \u00fcber PLA Filamente zu erfahren, lesen Sie unseren <a href=\"https:\/\/azurefilm.com\/de\/2023\/07\/04\/pla-filamente-alles-was-sie-wissen-muessen\/?_gl=1*1pj6tsu*_up*MQ..*_ga*OTk5MDUzNDE3LjE3MzIxMDU3NzE.*_ga_P213FF6C6P*MTczMjEwNTc2OS4xLjAuMTczMjEwNTc2OS4wLjAuMA..\" target=\"_blank\" rel=\"noopener\">Blog<\/a>. <\/span><\/p>\n<p><span style=\"font-weight: 400;\">Sie k\u00f6nnen das <\/span><b>Technische Datenblatt<\/b> <span style=\"font-weight: 400;\"><a href=\"https:\/\/azurefilm.com\/de\/technical-data-sheets\/\" target=\"_blank\" rel=\"noopener\">hier<\/a>.<\/span><\/p>\n<h3><strong>Druckempfehlungen:<\/strong><\/h3>\n<ul>\n<li style=\"font-weight: 400;\" aria-level=\"1\"><span style=\"font-weight: 400;\">F\u00fcr beste Ergebnisse drucken Sie bei 220\u2013240\u00b0C. <\/span><\/li>\n<li style=\"font-weight: 400;\" aria-level=\"1\"><span style=\"font-weight: 400;\">Empfohlene Druckbett-Temperatur ist 80\u00b0C.<\/span><\/li>\n<li style=\"font-weight: 400;\" aria-level=\"1\"><span style=\"font-weight: 400;\">Verwenden Sie ein Glasbett, eine PEI-Folie, Kapton oder Blaues Klebeband f\u00fcr die Bauplattform mit 3Dlac-Spray.<\/span><\/li>\n<\/ul>\n<p><i><span style=\"font-weight: 400;\">*Die ideale Temperatur kann je nach verwendetem Drucker variieren.<\/span><\/i><\/p>\n","protected":false},"excerpt":{"rendered":"<p>Erzielen Sie ein seidiges und glattes Finish, das einer lebendigen Farbpalette \u00e4hnelt, mit unserem PLA Silk Rainbow Wild Ember.<\/p>\n","protected":false},"featured_media":95779,"comment_status":"closed","ping_status":"closed","template":"","meta":{"_acf_changed":false},"product_brand":[],"product_cat":[2026,1669,1672,1761,1670],"product_tag":[],"brand":[],"class_list":{"0":"post-88529","1":"product","2":"type-product","3":"status-publish","4":"has-post-thumbnail","6":"product_cat-pla-silk-rainbow-de","7":"product_cat-3d-filamente","8":"product_cat-alle-filamente","9":"product_cat-pla-silk-de","10":"product_cat-pla-filamente","11":"pa_colour-gold-de","12":"pa_colour-lila","13":"pa_colour-mehrfarbig","14":"pa_colour-orange-de","15":"pa_colour-rosa-de","16":"pa_filament-diameter-1-75mm-de","17":"pa_filament-weight-1000g-de","19":"first","20":"instock","21":"taxable","22":"shipping-taxable","23":"purchasable","24":"product-type-variable","25":"has-default-attributes"},"acf":[],"_links":{"self":[{"href":"https:\/\/azurefilm.com\/de\/wp-json\/wp\/v2\/product\/88529","targetHints":{"allow":["GET"]}}],"collection":[{"href":"https:\/\/azurefilm.com\/de\/wp-json\/wp\/v2\/product"}],"about":[{"href":"https:\/\/azurefilm.com\/de\/wp-json\/wp\/v2\/types\/product"}],"replies":[{"embeddable":true,"href":"https:\/\/azurefilm.com\/de\/wp-json\/wp\/v2\/comments?post=88529"}],"wp:featuredmedia":[{"embeddable":true,"href":"https:\/\/azurefilm.com\/de\/wp-json\/wp\/v2\/media\/95779"}],"wp:attachment":[{"href":"https:\/\/azurefilm.com\/de\/wp-json\/wp\/v2\/media?parent=88529"}],"wp:term":[{"taxonomy":"product_brand","embeddable":true,"href":"https:\/\/azurefilm.com\/de\/wp-json\/wp\/v2\/product_brand?post=88529"},{"taxonomy":"product_cat","embeddable":true,"href":"https:\/\/azurefilm.com\/de\/wp-json\/wp\/v2\/product_cat?post=88529"},{"taxonomy":"product_tag","embeddable":true,"href":"https:\/\/azurefilm.com\/de\/wp-json\/wp\/v2\/product_tag?post=88529"},{"taxonomy":"brand","embeddable":true,"href":"https:\/\/azurefilm.com\/de\/wp-json\/wp\/v2\/brand?post=88529"}],"curies":[{"name":"wp","href":"https:\/\/api.w.org\/{rel}","templated":true}]}}