
{"id":89695,"date":"2025-08-18T09:33:50","date_gmt":"2025-08-18T09:33:50","guid":{"rendered":"https:\/\/azurefilm.com\/?post_type=product&#038;p=89695"},"modified":"2026-02-25T17:35:33","modified_gmt":"2026-02-25T17:35:33","slug":"pla-silk-tri-color-peacock-bloom","status":"publish","type":"product","link":"https:\/\/azurefilm.com\/de\/produkt\/pla-silk-tri-color-peacock-bloom\/","title":{"rendered":"PLA Silk Tri Color Peacock Bloom"},"content":{"rendered":"<h2><b>PLA Silk<\/b><\/h2>\n<p><span style=\"font-weight: 400;\">Lernen Sie unsere PLA Silk Filamente kennen, eine Sonderedition unserer PLA Original Linie. PLA Silk Filamente haben besondere Zus\u00e4tze zu den klassischen PLA Filamenten, die das Aussehen einer <\/span><b>gl\u00e4nzenden, leicht durchscheinenden und seidigen Oberfl\u00e4che<\/b><span style=\"font-weight: 400;\">. Moreover, this material <\/span><b>helfen, die \u00dcberg\u00e4nge zwischen den Schichten<\/b><span style=\"font-weight: 400;\"> beim Drucken zu verbergen. PLA Silk Filamente bieten alle traditionellen PLA-Eigenschaften und liefern <\/span><b>konsistente Ergebnisse<\/b><span style=\"font-weight: 400;\">. They are the best choice for 3D printing of decorative elements like vases, figurines, accessories, home gadgets and much more.<\/span><\/p>\n<h2><strong>PLA Silk Multicolor<\/strong><\/h2>\n<p><b>PLA Silk Multicolor <\/b><span style=\"font-weight: 400;\">Filamente verbinden die einfache Verarbeitbarkeit von PLA mit einer edlen, seidig-gl\u00e4nzenden Oberfl\u00e4che. Dank fortschrittlicher <\/span><b>Koextrusions-Technologie<\/b><span style=\"font-weight: 400;\"> sind sie in <\/span><b>dual- und tricolor Varianten<\/b><span style=\"font-weight: 400;\"> erh\u00e4ltlich, bei denen zwei oder drei Farbt\u00f6ne in <\/span><b>einem einzelnen Filament vereint werden<\/b><span style=\"font-weight: 400;\">. Das Ergebnis sind sanfte Farbverl\u00e4ufe und einzigartige <\/span><b>visuelle Effekte<\/b><span style=\"font-weight: 400;\">, die sich je nach Betrachtungswinkel ver\u00e4ndern.<\/span><\/p>\n<p><span style=\"font-weight: 400;\">Mit ihrer gl\u00e4nzenden Oberfl\u00e4che und dem dynamischen Erscheinungsbild eignen sich PLA Silk Multicolor Filamente besonders f\u00fcr dekorative Objekte, k\u00fcnstlerische Designs, Prototypen und Pr\u00e4sentationsmodelle, die sowohl zuverl\u00e4ssige Druckqualit\u00e4t als auch eine ansprechende Optik erfordern.<\/span><\/p>\n<h3><strong>Druckempfehlungen:<\/strong><\/h3>\n<ul>\n<li style=\"font-weight: 400;\" aria-level=\"1\"><span style=\"font-weight: 400;\">F\u00fcr beste Ergebnisse drucken Sie bei 220\u2013240\u00b0C. <\/span><\/li>\n<li style=\"font-weight: 400;\" aria-level=\"1\"><span style=\"font-weight: 400;\">Empfohlene Druckbett-Temperatur ist 80\u00b0C.<\/span><\/li>\n<li style=\"font-weight: 400;\" aria-level=\"1\"><span style=\"font-weight: 400;\">Verwenden Sie ein Glasbett, eine PEI-Folie, Kapton oder Blaues Klebeband f\u00fcr die Bauplattform mit 3Dlac-Spray.<\/span><\/li>\n<\/ul>\n<p><i><span style=\"font-weight: 400;\">*Die ideale Temperatur kann je nach verwendetem Drucker variieren.<\/span><\/i><\/p>\n<p><span style=\"font-weight: 400;\">Um mehr \u00fcber PLA Filamente zu erfahren, lesen Sie unseren <a href=\"https:\/\/azurefilm.com\/de\/2023\/07\/04\/pla-filamente-alles-was-sie-wissen-muessen\/?_gl=1*1pj6tsu*_up*MQ..*_ga*OTk5MDUzNDE3LjE3MzIxMDU3NzE.*_ga_P213FF6C6P*MTczMjEwNTc2OS4xLjAuMTczMjEwNTc2OS4wLjAuMA..\" target=\"_blank\" rel=\"noopener\">Blog<\/a>. <\/span><\/p>\n<p><span style=\"font-weight: 400;\">Sie k\u00f6nnen das <\/span><b>Technische Datenblatt<\/b> <span style=\"font-weight: 400;\"><a href=\"https:\/\/azurefilm.com\/de\/technical-data-sheets\/\" target=\"_blank\" rel=\"noopener\">hier<\/a>.<\/span><\/p>\n","protected":false},"excerpt":{"rendered":"<p>Kaufen Sie PLA Silk Tri Color Peacock Bloom f\u00fcr ein gl\u00e4nzendes Finish und sanfte Farbverl\u00e4ufe bei dekorativen und Pr\u00e4sentationsdrucken.<\/p>\n","protected":false},"featured_media":91554,"comment_status":"closed","ping_status":"closed","template":"","meta":{"_acf_changed":false},"product_brand":[],"product_cat":[2796,1669,1672,1670],"product_tag":[],"brand":[1665],"class_list":{"0":"post-89695","1":"product","2":"type-product","3":"status-publish","4":"has-post-thumbnail","6":"product_cat-pla-silk-multicolor-de","7":"product_cat-3d-filamente","8":"product_cat-alle-filamente","9":"product_cat-pla-filamente","10":"pa_colour-blau","11":"pa_colour-gold-de","12":"pa_colour-grun","13":"pa_colour-mehrfarbig","14":"pa_filament-diameter-1-75mm-de","15":"pa_filament-weight-1000g-de","16":"brand-azurefilm-de","18":"first","19":"instock","20":"taxable","21":"shipping-taxable","22":"purchasable","23":"product-type-variable","24":"has-default-attributes"},"acf":[],"_links":{"self":[{"href":"https:\/\/azurefilm.com\/de\/wp-json\/wp\/v2\/product\/89695","targetHints":{"allow":["GET"]}}],"collection":[{"href":"https:\/\/azurefilm.com\/de\/wp-json\/wp\/v2\/product"}],"about":[{"href":"https:\/\/azurefilm.com\/de\/wp-json\/wp\/v2\/types\/product"}],"replies":[{"embeddable":true,"href":"https:\/\/azurefilm.com\/de\/wp-json\/wp\/v2\/comments?post=89695"}],"wp:featuredmedia":[{"embeddable":true,"href":"https:\/\/azurefilm.com\/de\/wp-json\/wp\/v2\/media\/91554"}],"wp:attachment":[{"href":"https:\/\/azurefilm.com\/de\/wp-json\/wp\/v2\/media?parent=89695"}],"wp:term":[{"taxonomy":"product_brand","embeddable":true,"href":"https:\/\/azurefilm.com\/de\/wp-json\/wp\/v2\/product_brand?post=89695"},{"taxonomy":"product_cat","embeddable":true,"href":"https:\/\/azurefilm.com\/de\/wp-json\/wp\/v2\/product_cat?post=89695"},{"taxonomy":"product_tag","embeddable":true,"href":"https:\/\/azurefilm.com\/de\/wp-json\/wp\/v2\/product_tag?post=89695"},{"taxonomy":"brand","embeddable":true,"href":"https:\/\/azurefilm.com\/de\/wp-json\/wp\/v2\/brand?post=89695"}],"curies":[{"name":"wp","href":"https:\/\/api.w.org\/{rel}","templated":true}]}}