
{"id":89950,"date":"2025-08-20T06:52:16","date_gmt":"2025-08-20T06:52:16","guid":{"rendered":"https:\/\/azurefilm.com\/?post_type=product&#038;p=89950"},"modified":"2026-03-18T16:47:50","modified_gmt":"2026-03-18T16:47:50","slug":"asa-filament-gold","status":"publish","type":"product","link":"https:\/\/azurefilm.com\/de\/produkt\/asa-filament-gold\/","title":{"rendered":"ASA Filament Gold"},"content":{"rendered":"<h2><b>ASA Filamente<\/b><\/h2>\n<p><span style=\"font-weight: 400\">ASA Filamente sind eines der beliebtesten technischen Filamente auf dem Markt, weil sie <\/span><b>hohe UV-, Wasser- und Chemikalienbest\u00e4ndigkeit<\/b><span style=\"font-weight: 400\">. Due to its <\/span><b>optimale Leistung<\/b><span style=\"font-weight: 400\"> und <\/span><b>Langlebigkeit in anspruchsvollen Umgebungen<\/b><span style=\"font-weight: 400\">, dieses Material ist perfekt f\u00fcr elektrische Geh\u00e4use, Werkzeuge, Au\u00dfenanwendungen, Sportartikel, geformte Komponenten und andere \u00e4hnliche Anwendungen. Dar\u00fcber hinaus sind einige wichtige Teile der AzureFilm-Produktionslinie aus ASA-Filamenten gedruckt. <\/span><\/p>\n<p><span style=\"font-weight: 400\">Dieses Material kann ohne geschlossenen Drucker gedruckt werden, aber wir <\/span><b>empfehlen dringend die Verwendung eines Geh\u00e4uses oder eines geschlossenen 3D-Druckers<\/b><span style=\"font-weight: 400\">.<\/span><\/p>\n<p><span style=\"font-weight: 400\">Um mehr \u00fcber ASA Filamente zu erfahren, lesen Sie unseren <a href=\"https:\/\/azurefilm.com\/de\/2023\/07\/10\/asa-filamente-alles-was-sie-wissen-muessen\/\" target=\"_blank\" rel=\"noopener\">Blog<\/a>. <\/span><\/p>\n<p><span style=\"font-weight: 400\">Sie k\u00f6nnen das <\/span><b>Technische Datenblatt<\/b> <span style=\"font-weight: 400\"><a href=\"https:\/\/azurefilm.com\/de\/technical-data-sheets\/\" target=\"_blank\" rel=\"noopener\">hier<\/a>.<\/span><\/p>\n<h3><strong>Druckempfehlungen:<\/strong><\/h3>\n<ul>\n<li style=\"font-weight: 400\"><span style=\"font-weight: 400\">F\u00fcr beste Ergebnisse drucken Sie bei 240\u2013260\u00b0C. <\/span><\/li>\n<li style=\"font-weight: 400\"><span style=\"font-weight: 400\">Die empfohlene Druckbetttemperatur liegt bei 90\u2013120\u00b0C. Wir empfehlen die Verwendung eines Geh\u00e4uses oder eines geschlossenen 3D-Druckers. <\/span><\/li>\n<li style=\"font-weight: 400\"><span style=\"font-weight: 400\">Verwenden Sie ein Glasbett, eine PEI-Folie, Kapton oder Blaues Klebeband f\u00fcr die Bauplattform mit 3Dlac-Spray.<\/span><\/li>\n<\/ul>\n<p><i><span style=\"font-weight: 400\">*Die ideale Temperatur kann je nach verwendetem Drucker variieren.<\/span><\/i><\/p>\n","protected":false},"excerpt":{"rendered":"<p>W\u00e4hlen Sie unser ASA Filament Gold f\u00fcr stilvolle Designs mit glatter Oberfl\u00e4che.<\/p>\n","protected":false},"featured_media":91273,"comment_status":"closed","ping_status":"closed","template":"","meta":{"_acf_changed":false},"product_brand":[],"product_cat":[1872,1669,1672,1873,2802],"product_tag":[1675],"brand":[1665],"class_list":{"0":"post-89950","1":"product","2":"type-product","3":"status-publish","4":"has-post-thumbnail","6":"product_cat-asa-filamente","7":"product_cat-3d-filamente","8":"product_cat-alle-filamente","9":"product_cat-asa-original-de","10":"product_cat-back-to-school-de","11":"product_tag-high-speed","12":"pa_colour-gold-de","13":"pa_filament-diameter-1-75mm-de","14":"pa_filament-weight-1000g-de","15":"brand-azurefilm-de","17":"first","18":"instock","19":"taxable","20":"shipping-taxable","21":"purchasable","22":"product-type-variable","23":"has-default-attributes"},"acf":[],"_links":{"self":[{"href":"https:\/\/azurefilm.com\/de\/wp-json\/wp\/v2\/product\/89950","targetHints":{"allow":["GET"]}}],"collection":[{"href":"https:\/\/azurefilm.com\/de\/wp-json\/wp\/v2\/product"}],"about":[{"href":"https:\/\/azurefilm.com\/de\/wp-json\/wp\/v2\/types\/product"}],"replies":[{"embeddable":true,"href":"https:\/\/azurefilm.com\/de\/wp-json\/wp\/v2\/comments?post=89950"}],"wp:featuredmedia":[{"embeddable":true,"href":"https:\/\/azurefilm.com\/de\/wp-json\/wp\/v2\/media\/91273"}],"wp:attachment":[{"href":"https:\/\/azurefilm.com\/de\/wp-json\/wp\/v2\/media?parent=89950"}],"wp:term":[{"taxonomy":"product_brand","embeddable":true,"href":"https:\/\/azurefilm.com\/de\/wp-json\/wp\/v2\/product_brand?post=89950"},{"taxonomy":"product_cat","embeddable":true,"href":"https:\/\/azurefilm.com\/de\/wp-json\/wp\/v2\/product_cat?post=89950"},{"taxonomy":"product_tag","embeddable":true,"href":"https:\/\/azurefilm.com\/de\/wp-json\/wp\/v2\/product_tag?post=89950"},{"taxonomy":"brand","embeddable":true,"href":"https:\/\/azurefilm.com\/de\/wp-json\/wp\/v2\/brand?post=89950"}],"curies":[{"name":"wp","href":"https:\/\/api.w.org\/{rel}","templated":true}]}}