
{"id":91889,"date":"2025-09-09T06:44:58","date_gmt":"2025-09-09T06:44:58","guid":{"rendered":"https:\/\/azurefilm.com\/?post_type=product&#038;p=91889"},"modified":"2026-03-12T23:30:30","modified_gmt":"2026-03-12T23:30:30","slug":"bambu-lab-h2s-combo-pro-pack","status":"publish","type":"product","link":"https:\/\/azurefilm.com\/de\/produkt\/bambu-lab-h2s-combo-pro-pack\/","title":{"rendered":"Bambu Lab H2S Combo BUNDLE"},"content":{"rendered":"<h2><strong>Bambu Lab H2S \u2013 Ihr pers\u00f6nliches Fertigungszentrum<\/strong><\/h2>\n<p><b>Erleben Sie beispiellose Gr\u00f6\u00dfe und Pr\u00e4zision. <\/b><span style=\"font-weight: 400;\">Der <\/span><b>Bambu Lab H2S <\/b><span style=\"font-weight: 400;\">ist ein leistungsstarker 3D-Drucker mit Einzeld\u00fcse, der die Desktop-Fertigung neu definiert. Mit einem <\/span><b>enormen Bauvolumen von 340 \u00d7 320 \u00d7 340 mm\u00b3 <\/b><span style=\"font-weight: 400;\">bietet der H2S 120 % mehr Druckfl\u00e4che als der beliebte X1 Carbon. So k\u00f6nnen Sie Modelle in Originalgr\u00f6\u00dfe in einem Durchgang drucken, ohne Hochskalierung oder Montageaufwand.<\/span><\/p>\n<h2><strong>Ultraschnelle Leistung auf Industrieniveau<\/strong><\/h2>\n<p><span style=\"font-weight: 400;\">Ausgestattet mit Bambus\u2018 propriet\u00e4rem <\/span><b>PMSM-Servo-Extrusionssystem <\/b><span style=\"font-weight: 400;\">bietet der H2S <\/span><b>67 % mehr Extrusionskraft <\/b><span style=\"font-weight: 400;\">als herk\u00f6mmliche Designs. In Kombination mit Werkzeugkopfgeschwindigkeiten von bis zu <\/span><b>1.000 mm\/s <\/b><span style=\"font-weight: 400;\">und einer Beschleunigung von <\/span><b>20.000 mm\/s\u00b2 <\/b><span style=\"font-weight: 400;\">verk\u00fcrzt er die Druckzeit im Vergleich zu \u00e4lteren Modellen um bis zu 30 % \u2013 ohne Einbu\u00dfen bei der Qualit\u00e4t.<\/span><\/p>\n<h2><strong>Extreme Pr\u00e4zision, die anh\u00e4lt<\/strong><\/h2>\n<p><span style=\"font-weight: 400;\">Dank fortschrittlicher mechanischer Korrekturtechnologie gew\u00e4hrleistet der <\/span><b>Vision Encoder eine Genauigkeit von unter 50 \u03bcm <\/b><span style=\"font-weight: 400;\">und gleicht Kalibrierungsdrift automatisch aus. So bleiben Druck f\u00fcr Druck die Toleranzen auf Industrieniveau erhalten. Die <\/span><b>automatische Loch-\/Konturkompensation <\/b><span style=\"font-weight: 400;\">sorgt f\u00fcr Pr\u00e4zision auf Bearbeitungsniveau \u2013 perfekt f\u00fcr Teile, die exakte Passungen erfordern.<\/span><\/p>\n<h2><strong>Technische Materialien? Kein Problem!<\/strong><\/h2>\n<p><span style=\"font-weight: 400;\">Mit einem gl\u00fchenden <\/span><b>350 \u00b0C hei\u00dfen Hotend <\/b><span style=\"font-weight: 400;\">, einem <\/span><b>auf bis zu 120 \u00b0C beheizten Bett <\/b><span style=\"font-weight: 400;\">und einer <\/span><b>aktiv auf 65 \u00b0C beheizten Kammer <\/b><span style=\"font-weight: 400;\">ist der H2S f\u00fcr fortschrittliche Materialien ausgelegt \u2013 von PLA und PETG bis hin zu ABS, ASA, Nylon, Kohlefasermischungen und mehr.<\/span><\/p>\n<h2><strong>Intelligenteres, sichereres und zuverl\u00e4ssigeres Drucken<\/strong><\/h2>\n<p><span style=\"font-weight: 400;\">Profitieren Sie von h\u00f6chster Zuverl\u00e4ssigkeit bei jedem Druck. Mit <\/span><b>23 Sensoren und drei integrierten Kameras <\/b><span style=\"font-weight: 400;\">\u00fcberwacht der H2S kontinuierlich jeden Moment des Auftrags, erkennt Fehler und pausiert sofort, um Material und Zeit zu sparen. Die KI-gest\u00fctzte Erkennung maximiert den Druckerfolg \u2013 auch unter anspruchsvollen Bedingungen.<\/span><\/p>\n<h2><strong>Erweitern Sie Ihren kreativen Horizont<\/strong><\/h2>\n<p><span style=\"font-weight: 400;\">Der H2S ist mehr als nur ein 3D-Drucker \u2013 er ist ein wahres Fertigungs-Kraftpaket. Mit optionalen Add-ons wie dem <\/span><b>10-W-Laser <\/b><span style=\"font-weight: 400;\">sowie Schneide- und Zeichenmodulen k\u00f6nnen Sie <\/span><b>gravieren, schneiden und zeichnen <\/b><span style=\"font-weight: 400;\">\u2013 alles von derselben Plattform aus. Das <\/span><b>Flap Switch Airflow &amp; Filtration System <\/b><span style=\"font-weight: 400;\">unterst\u00fctzt drei verschiedene Modi: Hi-Temp, Low-Temp und Laser. Dies sorgt f\u00fcr saubere Luft und stabile thermische Bedingungen \u2013 unabh\u00e4ngig von Ihrer Aufgabe.<\/span><\/p>\n<p><span style=\"font-weight: 400;\">Ein funktionsreiches <\/span><b>AMS 2 Pro- <\/b><span style=\"font-weight: 400;\">System erm\u00f6glicht nahtlosen <\/span><b>Mehrfarben- und Mehrmaterialdruck <\/b><span style=\"font-weight: 400;\">mit integrierter <\/span><b>Filamenttrocknung <\/b><span style=\"font-weight: 400;\">zur Verbesserung der Zuverl\u00e4ssigkeit \u2013 selbst bei feuchtigkeitsempfindlichen Filamenten.<\/span><\/p>\n<h2><strong>Visuell intuitiv und auf Langlebigkeit ausgelegt<\/strong><\/h2>\n<p><span style=\"font-weight: 400;\">aus <\/span><b>Aluminiumdruckguss <\/b><span style=\"font-weight: 400;\">bietet h\u00f6chste Stabilit\u00e4t f\u00fcr schnelle Gro\u00dfformatdrucke. Die elegante Touchscreen-Oberfl\u00e4che ist reaktionsschnell und benutzerfreundlich und erm\u00f6glicht eine reibungslose Steuerung aller Aspekte Ihres Druckauftrags.<\/span><\/p>\n<h2><strong>Warum H2S heraussticht<\/strong><\/h2>\n<ul>\n<li style=\"font-weight: 400;\" aria-level=\"1\"><b>Gigantisches Bauvolumen <\/b><span style=\"font-weight: 400;\">\u2013 Drucken Sie Kreationen in voller Gr\u00f6\u00dfe ohne Segmentierung<\/span><\/li>\n<li style=\"font-weight: 400;\" aria-level=\"1\"><b>Hochgeschwindigkeitsausgabe <\/b><span style=\"font-weight: 400;\">\u2013 Bis zu 1.000 mm\/s; Drucke werden 30 % schneller abgeschlossen<\/span><\/li>\n<li style=\"font-weight: 400;\" aria-level=\"1\"><b>Industrielle Pr\u00e4zision <\/b><span style=\"font-weight: 400;\">\u2013 Vision Encoder gew\u00e4hrleistet Genauigkeit unter 50 \u03bcm<\/span><\/li>\n<li style=\"font-weight: 400;\" aria-level=\"1\"><b>Materialvielfalt <\/b><span style=\"font-weight: 400;\">\u2013 Verarbeitet temperaturempfindliche und fortschrittliche Filamente<\/span><\/li>\n<li style=\"font-weight: 400;\" aria-level=\"1\"><b>Intelligente \u00dcberwachung <\/b><span style=\"font-weight: 400;\">\u2013 KI-gest\u00fctzte Sicherheitssysteme halten Drucke auf Kurs<\/span><\/li>\n<li style=\"font-weight: 400;\" aria-level=\"1\"><b>Multifunktionalit\u00e4t <\/b><span style=\"font-weight: 400;\">\u2013 Vom 3D-Druck bis hin zu Lasergravur und -schneiden<\/span><\/li>\n<li aria-level=\"1\"><strong>Robustes und elegantes Design<\/strong> \u2013 langlebige Bauweise und benutzerfreundliche Oberfl\u00e4che<\/li>\n<\/ul>\n","protected":false},"excerpt":{"rendered":"<p>Bambu Lab H2S Combo in Kombination mit 4 Kilogramm AzureFilm Refill-Filamenten und einem 4er-Pack Master Spool.<\/p>\n<p><span style=\"color: #ed1c24;\"><b>Wichtig: Das 10W Laser- und Schneidemodul ist optional. Der H2S in unserem Angebot beinhaltet keinen Laser.<\/b><\/span><\/p>\n","protected":false},"featured_media":91929,"comment_status":"closed","ping_status":"closed","template":"","meta":{"_acf_changed":false},"product_brand":[],"product_cat":[1693,1695,1671,1696,1694,2069],"product_tag":[],"brand":[1692],"class_list":{"0":"post-91889","1":"product","2":"type-product","3":"status-publish","4":"has-post-thumbnail","6":"product_cat-3d-drucker","7":"product_cat-alle-3d-drucker","8":"product_cat-angebote","9":"product_cat-bambu-lab-de","10":"product_cat-fdm-drucker","11":"product_cat-spezialpackungen","12":"brand-bambu-lab-de","14":"first","15":"onbackorder","16":"sale","17":"taxable","18":"shipping-taxable","19":"purchasable","20":"product-type-variable"},"acf":[],"_links":{"self":[{"href":"https:\/\/azurefilm.com\/de\/wp-json\/wp\/v2\/product\/91889","targetHints":{"allow":["GET"]}}],"collection":[{"href":"https:\/\/azurefilm.com\/de\/wp-json\/wp\/v2\/product"}],"about":[{"href":"https:\/\/azurefilm.com\/de\/wp-json\/wp\/v2\/types\/product"}],"replies":[{"embeddable":true,"href":"https:\/\/azurefilm.com\/de\/wp-json\/wp\/v2\/comments?post=91889"}],"wp:featuredmedia":[{"embeddable":true,"href":"https:\/\/azurefilm.com\/de\/wp-json\/wp\/v2\/media\/91929"}],"wp:attachment":[{"href":"https:\/\/azurefilm.com\/de\/wp-json\/wp\/v2\/media?parent=91889"}],"wp:term":[{"taxonomy":"product_brand","embeddable":true,"href":"https:\/\/azurefilm.com\/de\/wp-json\/wp\/v2\/product_brand?post=91889"},{"taxonomy":"product_cat","embeddable":true,"href":"https:\/\/azurefilm.com\/de\/wp-json\/wp\/v2\/product_cat?post=91889"},{"taxonomy":"product_tag","embeddable":true,"href":"https:\/\/azurefilm.com\/de\/wp-json\/wp\/v2\/product_tag?post=91889"},{"taxonomy":"brand","embeddable":true,"href":"https:\/\/azurefilm.com\/de\/wp-json\/wp\/v2\/brand?post=91889"}],"curies":[{"name":"wp","href":"https:\/\/api.w.org\/{rel}","templated":true}]}}