
{"id":92078,"date":"2025-09-10T07:56:29","date_gmt":"2025-09-10T07:56:29","guid":{"rendered":"https:\/\/azurefilm.com\/?post_type=product&#038;p=92078"},"modified":"2025-09-10T07:56:30","modified_gmt":"2025-09-10T07:56:30","slug":"bambu-lab-h2d-pro-combo","status":"publish","type":"product","link":"https:\/\/azurefilm.com\/de\/produkt\/bambu-lab-h2d-pro-combo\/","title":{"rendered":"Bambu Lab H2D Pro Combo"},"content":{"rendered":"<p><span style=\"font-weight: 400;\">Der <\/span><b>Bambu Lab H2D Pro Combo <\/b><span style=\"font-weight: 400;\">ist ein professioneller 3D-Drucker f\u00fcr anspruchsvolle Umgebungen, in denen Pr\u00e4zision, Zuverl\u00e4ssigkeit und Sicherheit unerl\u00e4sslich sind. Mit seiner aktiv beheizten Kammer, den Hochtemperatur-Doppeld\u00fcsen und den Enterprise-Konnektivit\u00e4tsoptionen eignet er sich ideal f\u00fcr industrielle Anwendungen und fortgeschrittenes Prototyping.<\/span><\/p>\n<h2><strong>Hauptmerkmale:<\/strong><\/h2>\n<ul>\n<li style=\"font-weight: 400;\" aria-level=\"1\"><b>Gro\u00dfes Bauvolumen <\/b><span style=\"font-weight: 400;\">: 325\u00d7320\u00d7325 mm (Einzelextrusion) \/ bis zu 350\u00d7320\u00d7325 mm (Doppelextrusion) zum Drucken gro\u00dfer Teile oder mehrerer Komponenten in einem Durchgang.<\/span><span style=\"font-weight: 400;\"><br \/>\n<\/span><\/li>\n<li style=\"font-weight: 400;\" aria-level=\"1\"><b>Hochtemperaturdruck <\/b><span style=\"font-weight: 400;\">: Doppeld\u00fcsen, die <\/span><b>350 \u00b0C erreichen k\u00f6nnen<\/b><span style=\"font-weight: 400;\">, optimiert f\u00fcr technische Filamente und faserverst\u00e4rkte Materialien.<\/span><span style=\"font-weight: 400;\"><br \/>\n<\/span><\/li>\n<li style=\"font-weight: 400;\" aria-level=\"1\"><b>Aktiv beheizte Kammer <\/b><span style=\"font-weight: 400;\">: H\u00e4lt bis zu <\/span><b>65 \u00b0C <\/b><span style=\"font-weight: 400;\">und gew\u00e4hrleistet stabile, verzugsfreie Ergebnisse mit technischen Materialien.<\/span><span style=\"font-weight: 400;\"><br \/>\n<\/span><\/li>\n<li style=\"font-weight: 400;\" aria-level=\"1\"><b>Langlebiges D\u00fcsensystem <\/b><span style=\"font-weight: 400;\">: Ausgestattet mit einer <\/span><b>Wolframkarbidd\u00fcse (HRA 90)<\/b><span style=\"font-weight: 400;\">, die beim Drucken mit abrasiven Filamenten lang anhaltende Leistung und Verschlei\u00dffestigkeit bietet.<\/span><span style=\"font-weight: 400;\"><br \/>\n<\/span><\/li>\n<li style=\"font-weight: 400;\" aria-level=\"1\"><b>Pr\u00e4zision und Genauigkeit <\/b><span style=\"font-weight: 400;\">: Bewegungsgenauigkeit bis zu <\/span><b>50 \u00b5m<\/b><span style=\"font-weight: 400;\">, unterst\u00fctzt durch ein Vision-Encoder-System f\u00fcr gleichbleibende Schichtpr\u00e4zision.<\/span><span style=\"font-weight: 400;\"><br \/>\n<\/span><\/li>\n<li style=\"font-weight: 400;\" aria-level=\"1\"><b>Konnektivit\u00e4t auf Unternehmensniveau <\/b><span style=\"font-weight: 400;\">: Unterst\u00fctzt <\/span><b>WPA2-Enterprise-WLAN <\/b><span style=\"font-weight: 400;\">(EAP-PEAP, EAP-TLS, EAP-TTLS), Ethernet und verf\u00fcgt \u00fcber einen <\/span><b>physischen Netzwerk-Kill-Switch <\/b><span style=\"font-weight: 400;\">f\u00fcr einen sicheren Betrieb.<\/span><span style=\"font-weight: 400;\"><br \/>\n<\/span><\/li>\n<li style=\"font-weight: 400;\" aria-level=\"1\"><b>Leistungsstarke Hardware <\/b><span style=\"font-weight: 400;\">: Fortschrittliche Multi-Core-Prozessoren mit dedizierter KI-Beschleunigung sorgen f\u00fcr eine reibungslose Abwicklung komplexer Druckauftr\u00e4ge.<\/span><span style=\"font-weight: 400;\"><br \/>\n<\/span><\/li>\n<li style=\"font-weight: 400;\" aria-level=\"1\"><b>Komplettpaket <\/b><span style=\"font-weight: 400;\">: Enth\u00e4lt AMS 2 Pro und AMS HT f\u00fcr flexibles Filamentmanagement.<\/span><span style=\"font-weight: 400;\"><br \/>\n<\/span><\/li>\n<\/ul>\n<h2><strong>Warum sollten Sie sich f\u00fcr H2D Pro entscheiden?<\/strong><\/h2>\n<p><span style=\"font-weight: 400;\">Der H2D Pro wurde f\u00fcr professionelle Benutzer entwickelt, die mehr als nur Geschwindigkeit und Qualit\u00e4t ben\u00f6tigen \u2013 er bietet <\/span><b>industrielle Zuverl\u00e4ssigkeit, verbesserte Sicherheit und erweiterte W\u00e4rmekontrolle <\/b><span style=\"font-weight: 400;\">f\u00fcr konsistente Ergebnisse in Produktions- oder F&amp;E-Umgebungen.<\/span><\/p>\n","protected":false},"excerpt":{"rendered":"<p><span style=\"font-weight: 400;\">Der <\/span><b>Bambu Lab H2D Pro Combo <\/b><span style=\"font-weight: 400;\">bietet <\/span><b>industrielle Zuverl\u00e4ssigkeit <\/b><span style=\"font-weight: 400;\">mit <\/span><b>Doppeld\u00fcsen bis zu 350 \u00b0C<\/b><span style=\"font-weight: 400;\">, einer <\/span><b>aktiv beheizten Kammer mit 65 \u00b0C <\/b><span style=\"font-weight: 400;\">und einer <\/span><b>Wolframkarbidd\u00fcse <\/b><span style=\"font-weight: 400;\">, die abrasiven, fasergef\u00fcllten Materialien standh\u00e4lt.<\/span><\/p>\n<p><span style=\"font-weight: 400;\">Mit einem <\/span><b>Bauvolumen von 325\u00d7320\u00d7325 mm <\/b><span style=\"font-weight: 400;\">, <\/span><b>einer Bewegungsgenauigkeit von \u00b150 \u00b5m <\/b><span style=\"font-weight: 400;\">und <\/span><b>einer Vision Encoder-Kalibrierung <\/b><span style=\"font-weight: 400;\">garantiert es jedes Mal <\/span><b>pr\u00e4zise, verzugsfreie Teile.<\/b><\/p>\n<p><span style=\"font-weight: 400;\">F\u00fcr Unternehmensbenutzer bietet es <\/span><b>WPA2-Enterprise-WLAN<\/b><span style=\"font-weight: 400;\">, <\/span><b>Ethernet-Konnektivit\u00e4t <\/b><span style=\"font-weight: 400;\">und einen <\/span><b>physischen Netzwerk-Kill-Switch <\/b><span style=\"font-weight: 400;\">f\u00fcr maximale Sicherheit, w\u00e4hrend <\/span><b>AMS 2 Pro <\/b><span style=\"font-weight: 400;\">und <\/span><b>AMS HT <\/b><span style=\"font-weight: 400;\">nahtlose Workflows mit mehreren Materialien bieten.<\/span><\/p>\n","protected":false},"featured_media":92080,"comment_status":"closed","ping_status":"closed","template":"","meta":{"_acf_changed":false},"product_brand":[],"product_cat":[1693,1695,1671,1696,1694],"product_tag":[],"brand":[],"class_list":{"0":"post-92078","1":"product","2":"type-product","3":"status-publish","4":"has-post-thumbnail","6":"product_cat-3d-drucker","7":"product_cat-alle-3d-drucker","8":"product_cat-angebote","9":"product_cat-bambu-lab-de","10":"product_cat-fdm-drucker","12":"first","13":"instock","14":"sale","15":"featured","16":"taxable","17":"shipping-taxable","18":"purchasable","19":"product-type-simple"},"acf":[],"_links":{"self":[{"href":"https:\/\/azurefilm.com\/de\/wp-json\/wp\/v2\/product\/92078","targetHints":{"allow":["GET"]}}],"collection":[{"href":"https:\/\/azurefilm.com\/de\/wp-json\/wp\/v2\/product"}],"about":[{"href":"https:\/\/azurefilm.com\/de\/wp-json\/wp\/v2\/types\/product"}],"replies":[{"embeddable":true,"href":"https:\/\/azurefilm.com\/de\/wp-json\/wp\/v2\/comments?post=92078"}],"wp:featuredmedia":[{"embeddable":true,"href":"https:\/\/azurefilm.com\/de\/wp-json\/wp\/v2\/media\/92080"}],"wp:attachment":[{"href":"https:\/\/azurefilm.com\/de\/wp-json\/wp\/v2\/media?parent=92078"}],"wp:term":[{"taxonomy":"product_brand","embeddable":true,"href":"https:\/\/azurefilm.com\/de\/wp-json\/wp\/v2\/product_brand?post=92078"},{"taxonomy":"product_cat","embeddable":true,"href":"https:\/\/azurefilm.com\/de\/wp-json\/wp\/v2\/product_cat?post=92078"},{"taxonomy":"product_tag","embeddable":true,"href":"https:\/\/azurefilm.com\/de\/wp-json\/wp\/v2\/product_tag?post=92078"},{"taxonomy":"brand","embeddable":true,"href":"https:\/\/azurefilm.com\/de\/wp-json\/wp\/v2\/brand?post=92078"}],"curies":[{"name":"wp","href":"https:\/\/api.w.org\/{rel}","templated":true}]}}