
{"id":92163,"date":"2025-09-10T07:58:52","date_gmt":"2025-09-10T07:58:52","guid":{"rendered":"https:\/\/azurefilm.com\/?post_type=product&#038;p=92163"},"modified":"2025-09-10T07:58:54","modified_gmt":"2025-09-10T07:58:54","slug":"bambu-lab-h2d-h2s-duese-aus-gehaertetem-stahl","status":"publish","type":"product","link":"https:\/\/azurefilm.com\/de\/produkt\/bambu-lab-h2d-h2s-duese-aus-gehaertetem-stahl\/","title":{"rendered":"Bambu Lab H2D &#038; H2S D\u00fcse aus geh\u00e4rtetem Stahl"},"content":{"rendered":"<p><span style=\"font-weight: 400;\">Die <\/span><b>geh\u00e4rtete Stahld\u00fcse von Bambu Lab ist mit den 3D-Druckern H2D, H2S und H2D Pro <\/b><span style=\"font-weight: 400;\">kompatibel und auf Langlebigkeit und gleichbleibende Leistung mit abrasiven und fasergef\u00fcllten Filamenten ausgelegt.<\/span><\/p>\n<h3><strong>Hauptmerkmale:<\/strong><\/h3>\n<ul>\n<li style=\"font-weight: 400;\" aria-level=\"1\"><b>Material: <\/b><span style=\"font-weight: 400;\">Geh\u00e4rteter Stahl f\u00fcr l\u00e4ngere Lebensdauer und Verschlei\u00dffestigkeit<\/span><\/li>\n<li style=\"font-weight: 400;\" aria-level=\"1\"><b>D\u00fcsengr\u00f6\u00dfen: <\/b><span style=\"font-weight: 400;\">0,2 mm, 0,4 mm, 0,6 mm, 0,8 mm \u2013 f\u00fcr pr\u00e4zise Kontrolle der Schichth\u00f6he und Druckgeschwindigkeit<\/span><\/li>\n<li style=\"font-weight: 400;\" aria-level=\"1\"><b>Kompatibilit\u00e4t: <\/b><span style=\"font-weight: 400;\">Funktioniert nahtlos mit <\/span><b>Bambu Lab H2D, H2S und H2D Pro<\/b><\/li>\n<li style=\"font-weight: 400;\" aria-level=\"1\"><b>Anwendungsfall: <\/b><span style=\"font-weight: 400;\">Ideal zum Drucken <\/span><b>von technischen Filamenten <\/b><span style=\"font-weight: 400;\">, Verbundwerkstoffen und anderen abrasiven Materialien ohne Beeintr\u00e4chtigung der D\u00fcsenintegrit\u00e4t<\/span><\/li>\n<\/ul>\n<p><span style=\"font-weight: 400;\">R\u00fcsten Sie Ihren Drucker mit diesen D\u00fcsen auf, um <\/span><b>eine gleichm\u00e4\u00dfige Extrusion, lang anhaltende Leistung und hochwertige Ergebnisse <\/b><span style=\"font-weight: 400;\">bei einer Vielzahl von Materialien sicherzustellen.<\/span><\/p>\n","protected":false},"excerpt":{"rendered":"<p><span style=\"font-weight: 400;\">Die geh\u00e4rtete Stahld\u00fcse von Bambu Lab gew\u00e4hrleistet langlebigen, pr\u00e4zisen Druck mit abrasiven und fasergef\u00fcllten Filamenten.<\/span><\/p>\n<p><span style=\"font-weight: 400;\">ist in <\/span><b>den St\u00e4rken 0,2 mm, 0,4 mm, 0,6 mm und 0,8 mm erh\u00e4ltlich <\/b><span style=\"font-weight: 400;\">und funktioniert nahtlos mit <\/span><b>H2D, H2S und H2D Pro, <\/b><span style=\"font-weight: 400;\">um jedes Mal <\/span><b>zuverl\u00e4ssige, qualitativ hochwertige Ergebnisse zu erzielen.<\/b><\/p>\n","protected":false},"featured_media":92204,"comment_status":"closed","ping_status":"closed","template":"","meta":{"_acf_changed":false},"product_brand":[],"product_cat":[1765,1767,1807,1835],"product_tag":[],"brand":[1692],"class_list":{"0":"post-92163","1":"product","2":"type-product","3":"status-publish","4":"has-post-thumbnail","6":"product_cat-ersatzteile","7":"product_cat-alle-ersatzteile","8":"product_cat-dusen","9":"product_cat-gehartete-verschleisfeste-dusen","10":"pa_compatible-with-bambulab-fdm-3d-drucker","11":"pa_fits-printer-bambu-lab-h2d-h2d-pro-h2s","12":"pa_nozzle-diameter-0-2mm-de","13":"pa_nozzle-diameter-0-4mm-de","14":"pa_nozzle-diameter-0-6mm-de","15":"pa_nozzle-diameter-0-8mm-de","16":"brand-bambu-lab-de","18":"first","19":"instock","20":"taxable","21":"shipping-taxable","22":"purchasable","23":"product-type-variable"},"acf":[],"_links":{"self":[{"href":"https:\/\/azurefilm.com\/de\/wp-json\/wp\/v2\/product\/92163","targetHints":{"allow":["GET"]}}],"collection":[{"href":"https:\/\/azurefilm.com\/de\/wp-json\/wp\/v2\/product"}],"about":[{"href":"https:\/\/azurefilm.com\/de\/wp-json\/wp\/v2\/types\/product"}],"replies":[{"embeddable":true,"href":"https:\/\/azurefilm.com\/de\/wp-json\/wp\/v2\/comments?post=92163"}],"wp:featuredmedia":[{"embeddable":true,"href":"https:\/\/azurefilm.com\/de\/wp-json\/wp\/v2\/media\/92204"}],"wp:attachment":[{"href":"https:\/\/azurefilm.com\/de\/wp-json\/wp\/v2\/media?parent=92163"}],"wp:term":[{"taxonomy":"product_brand","embeddable":true,"href":"https:\/\/azurefilm.com\/de\/wp-json\/wp\/v2\/product_brand?post=92163"},{"taxonomy":"product_cat","embeddable":true,"href":"https:\/\/azurefilm.com\/de\/wp-json\/wp\/v2\/product_cat?post=92163"},{"taxonomy":"product_tag","embeddable":true,"href":"https:\/\/azurefilm.com\/de\/wp-json\/wp\/v2\/product_tag?post=92163"},{"taxonomy":"brand","embeddable":true,"href":"https:\/\/azurefilm.com\/de\/wp-json\/wp\/v2\/brand?post=92163"}],"curies":[{"name":"wp","href":"https:\/\/api.w.org\/{rel}","templated":true}]}}