
{"id":92186,"date":"2025-09-10T07:59:52","date_gmt":"2025-09-10T07:59:52","guid":{"rendered":"https:\/\/azurefilm.com\/?post_type=product&#038;p=92186"},"modified":"2025-09-10T07:59:53","modified_gmt":"2025-09-10T07:59:53","slug":"bambu-lab-h2d-h2s-hi-flow-duese-04-mm","status":"publish","type":"product","link":"https:\/\/azurefilm.com\/de\/produkt\/bambu-lab-h2d-h2s-hi-flow-duese-04-mm\/","title":{"rendered":"Bambu Lab H2D &#038; H2S Hi Flow D\u00fcse 0,4 mm"},"content":{"rendered":"<p><span style=\"font-weight: 400;\">Die <\/span><b>Bambu Lab Hi Flow-D\u00fcse <\/b><span style=\"font-weight: 400;\">ist f\u00fcr <\/span><b>H2D-, H2S- und H2D Pro- 3D-Drucker konzipiert und f\u00fcr Hochgeschwindigkeitsdruck <\/b><span style=\"font-weight: 400;\">und <\/span><b>Extrusion gro\u00dfer Volumina <\/b><span style=\"font-weight: 400;\">optimiert . Perfekt f\u00fcr Benutzer, die schnellere Drucke ohne Qualit\u00e4tseinbu\u00dfen w\u00fcnschen.<\/span><\/p>\n<h3><strong>Hauptmerkmale:<\/strong><\/h3>\n<ul>\n<li style=\"font-weight: 400;\" aria-level=\"1\"><b>D\u00fcsengr\u00f6\u00dfe: <\/b><span style=\"font-weight: 400;\">0,4 mm f\u00fcr ausgewogene Pr\u00e4zision und High-Flow-Druck<\/span><\/li>\n<li style=\"font-weight: 400;\" aria-level=\"1\"><b>High-Flow-Design: <\/b><span style=\"font-weight: 400;\">Unterst\u00fctzt erh\u00f6hte Extrusionsraten f\u00fcr schnellere Schichtablagerung<\/span><\/li>\n<li style=\"font-weight: 400;\" aria-level=\"1\"><b>Kompatibilit\u00e4t: <\/b><span style=\"font-weight: 400;\">Funktioniert mit <\/span><b>Bambu Lab H2D, H2S und H2D Pro<\/b><\/li>\n<li style=\"font-weight: 400;\" aria-level=\"1\"><b>Anwendungsfall: <\/b><span style=\"font-weight: 400;\">Ideal zum Drucken <\/span><b>gro\u00dfer Teile <\/b><span style=\"font-weight: 400;\">oder Projekte, die <\/span><b>eine Hochgeschwindigkeitsproduktion erfordern<\/b><\/li>\n<\/ul>\n<p><span style=\"font-weight: 400;\">R\u00fcsten Sie auf die <\/span><b>Hi Flow-D\u00fcse auf, <\/b><span style=\"font-weight: 400;\">um <\/span><b>zuverl\u00e4ssigen Hochgeschwindigkeitsdruck <\/b><span style=\"font-weight: 400;\">mit konsistenten Ergebnissen und verk\u00fcrzten Druckzeiten zu erzielen.<\/span><\/p>\n","protected":false},"excerpt":{"rendered":"<p><span style=\"font-weight: 400;\">Die Bambu Lab Hi Flow-D\u00fcse 0,4 mm erm\u00f6glicht <\/span><b>Hochgeschwindigkeitsdruck in gro\u00dfen Mengen <\/b><span style=\"font-weight: 400;\">ohne Kompromisse bei der Qualit\u00e4t.<\/span><\/p>\n<p><span style=\"font-weight: 400;\">Es ist mit <\/span><b>H2D, H2S und H2D Pro kompatibel und gew\u00e4hrleistet eine gleichm\u00e4\u00dfige Extrusion <\/b><span style=\"font-weight: 400;\">gro\u00dfer <\/span><b>Teile und eine schnelle Produktion<\/b><span style=\"font-weight: 400;\">.<\/span><\/p>\n","protected":false},"featured_media":92229,"comment_status":"closed","ping_status":"closed","template":"","meta":{"_acf_changed":false},"product_brand":[],"product_cat":[1765,1767,1807,1835],"product_tag":[],"brand":[],"class_list":{"0":"post-92186","1":"product","2":"type-product","3":"status-publish","4":"has-post-thumbnail","6":"product_cat-ersatzteile","7":"product_cat-alle-ersatzteile","8":"product_cat-dusen","9":"product_cat-gehartete-verschleisfeste-dusen","10":"pa_compatible-with-bambulab-fdm-3d-printers","11":"pa_fits-printer-bambu-lab-h2d-h2d-pro-h2s","13":"first","14":"outofstock","15":"taxable","16":"shipping-taxable","17":"purchasable","18":"product-type-simple"},"acf":[],"_links":{"self":[{"href":"https:\/\/azurefilm.com\/de\/wp-json\/wp\/v2\/product\/92186","targetHints":{"allow":["GET"]}}],"collection":[{"href":"https:\/\/azurefilm.com\/de\/wp-json\/wp\/v2\/product"}],"about":[{"href":"https:\/\/azurefilm.com\/de\/wp-json\/wp\/v2\/types\/product"}],"replies":[{"embeddable":true,"href":"https:\/\/azurefilm.com\/de\/wp-json\/wp\/v2\/comments?post=92186"}],"wp:featuredmedia":[{"embeddable":true,"href":"https:\/\/azurefilm.com\/de\/wp-json\/wp\/v2\/media\/92229"}],"wp:attachment":[{"href":"https:\/\/azurefilm.com\/de\/wp-json\/wp\/v2\/media?parent=92186"}],"wp:term":[{"taxonomy":"product_brand","embeddable":true,"href":"https:\/\/azurefilm.com\/de\/wp-json\/wp\/v2\/product_brand?post=92186"},{"taxonomy":"product_cat","embeddable":true,"href":"https:\/\/azurefilm.com\/de\/wp-json\/wp\/v2\/product_cat?post=92186"},{"taxonomy":"product_tag","embeddable":true,"href":"https:\/\/azurefilm.com\/de\/wp-json\/wp\/v2\/product_tag?post=92186"},{"taxonomy":"brand","embeddable":true,"href":"https:\/\/azurefilm.com\/de\/wp-json\/wp\/v2\/brand?post=92186"}],"curies":[{"name":"wp","href":"https:\/\/api.w.org\/{rel}","templated":true}]}}