
{"id":93203,"date":"2025-09-22T06:14:47","date_gmt":"2025-09-22T06:14:47","guid":{"rendered":"https:\/\/azurefilm.com\/?post_type=product&#038;p=93203"},"modified":"2025-09-30T06:51:36","modified_gmt":"2025-09-30T06:51:36","slug":"super-pack-pla-matte-black","status":"publish","type":"product","link":"https:\/\/azurefilm.com\/de\/produkt\/super-pack-pla-matte-black\/","title":{"rendered":"SUPER PACK PLA MATTE BLACK"},"content":{"rendered":"<div class=\"row row-large align-middle\"  id=\"row-28989061\">\n\n\t<div id=\"col-65498115\" class=\"col pb-0 medium-8 small-12 large-8\"  >\n\t\t\t\t<div class=\"col-inner text-left\"  >\n\t\t\t\n\t\t\t\n<h2>Refill PLA Matte HS<\/h2>\n<p><span style=\"font-weight: 400;\">PLA Matte HS richtet sich an alle, die ein mattes und \u00e4sthetisches Finish in ihren Drucken suchen.<br \/>\nDie matte Oberfl\u00e4che dieses Filaments verbirgt die Schichtlinien, was das Erscheinungsbild des gedruckten Objekts weiter verbessert.<br \/>\nPLA Matte HS ist einfach zu drucken, hat eine ausgezeichnete Haftung der ersten Schicht und kann mit Geschwindigkeiten von bis zu 500mm\/s gedruckt werden. <\/span><\/p>\n<p><span style=\"font-weight: 400;\">Refill PLA Matte HS Filamente haben die gleichen Eigenschaften wie unser PLA Matte HS.<br \/>\nDiese Filamente sind eine umweltfreundliche Wahl, die zuverl\u00e4ssige Leistung und konsistente Ergebnisse bietet. <\/span><\/p>\n<h3>Druckempfehlungen:<\/h3>\n<ul>\n<li style=\"font-weight: 400;\" aria-level=\"1\"><span style=\"font-weight: 400;\">F\u00fcr beste Ergebnisse bei 205\u2013255\u00b0C* drucken. <\/span><\/li>\n<li style=\"font-weight: 400;\" aria-level=\"1\"><span style=\"font-weight: 400;\">Sie ben\u00f6tigen keine beheizte Druckplatte, wir empfehlen jedoch, Ihre Druckplatte auf 50\u201360\u00b0C vorzuheizen.<\/span><\/li>\n<li style=\"font-weight: 400;\" aria-level=\"1\"><span style=\"font-weight: 400;\">Verwenden Sie ein Glasbett, eine PEI-Folie, Kapton oder Blaues Klebeband f\u00fcr die Bauplattform mit 3Dlac-Spray.<\/span><\/li>\n<\/ul>\n<p><i><span style=\"font-weight: 400;\">*Die ideale Temperatur kann je nach verwendetem Drucker variieren.<\/span><\/i><\/p>\n\t\t<\/div>\n\t\t\t\t\t<\/div>\n\n\t\n\n\t<div id=\"col-2006649242\" class=\"col medium-4 small-12 large-4\"  >\n\t\t\t\t<div class=\"col-inner\"  >\n\t\t\t\n\t\t\t\n\t<div class=\"img has-hover x md-x lg-x y md-y lg-y\" id=\"image_1253707124\">\n\t\t\t\t\t\t\t\t<div class=\"img-inner dark\" >\n\t\t\t<img loading=\"lazy\" decoding=\"async\" width=\"1020\" height=\"835\" src=\"https:\/\/azurefilm.com\/wp-content\/uploads\/2024\/08\/EN_PLA-Matte_spider-chart-1024x838.png\" class=\"attachment-large size-large\" alt=\"\" srcset=\"https:\/\/azurefilm.com\/wp-content\/uploads\/2024\/08\/EN_PLA-Matte_spider-chart-1024x838.png 1024w, https:\/\/azurefilm.com\/wp-content\/uploads\/2024\/08\/EN_PLA-Matte_spider-chart-510x417.png 510w, https:\/\/azurefilm.com\/wp-content\/uploads\/2024\/08\/EN_PLA-Matte_spider-chart-300x245.png 300w, https:\/\/azurefilm.com\/wp-content\/uploads\/2024\/08\/EN_PLA-Matte_spider-chart-768x628.png 768w, https:\/\/azurefilm.com\/wp-content\/uploads\/2024\/08\/EN_PLA-Matte_spider-chart.png 1397w\" sizes=\"auto, (max-width: 1020px) 100vw, 1020px\" title=\"\">\t\t\t\t\t\t\n\t\t\t\t\t<\/div>\n\t\t\t\t\t\t\t\t\n<style>\n#image_1253707124 {\n  width: 100%;\n}\n<\/style>\n\t<\/div>\n\t\n\t\t<\/div>\n\t\t\t\t\t<\/div>\n\n\t\n<\/div>\n<table>\n<tbody>\n<tr>\n<th><\/th>\n<th><span style=\"font-weight: 400;\">Standard<\/span><\/th>\n<th><span style=\"font-weight: 400;\">Wert<\/span><\/th>\n<th><span style=\"font-weight: 400;\">Einheit<\/span><\/th>\n<\/tr>\n<tr>\n<td><span style=\"font-weight: 400;\"> Drucktemperatur<\/span><\/td>\n<td><span style=\"font-weight: 400;\">AF<\/span><\/td>\n<td><span style=\"font-weight: 400;\">205-225<\/span><\/td>\n<td><span style=\"font-weight: 400;\">\u00b0C<\/span><\/td>\n<\/tr>\n<tr>\n<td><span style=\"font-weight: 400;\"> Betttemperatur<\/span><\/td>\n<td><span style=\"font-weight: 400;\">AF<\/span><\/td>\n<td><span style=\"font-weight: 400;\">60<\/span><\/td>\n<td><span style=\"font-weight: 400;\">\u00b0C<\/span><\/td>\n<\/tr>\n<tr>\n<td><span style=\"font-weight: 400;\"> Druckgeschwindigkeit<\/span><\/td>\n<td><span style=\"font-weight: 400;\">AF<\/span><\/td>\n<td><span style=\"font-weight: 400;\">300-500<\/span><\/td>\n<td><span style=\"font-weight: 400;\">mm\/s<\/span><\/td>\n<\/tr>\n<tr>\n<td><span style=\"font-weight: 400;\"> K\u00fchlung<\/span><\/td>\n<td><span style=\"font-weight: 400;\">AF<\/span><\/td>\n<td><span style=\"font-weight: 400;\">100<\/span><\/td>\n<td><span style=\"font-weight: 400;\">%<\/span><\/td>\n<\/tr>\n<tr>\n<td><span style=\"font-weight: 400;\"> Bettoberfl\u00e4che<\/span><\/td>\n<td><span style=\"font-weight: 400;\">\/<\/span><\/td>\n<td><span style=\"font-weight: 400;\">(Texturierte) PEI, GLAS, BUILDTAK<\/span><\/td>\n<td><span style=\"font-weight: 400;\">\/<\/span><\/td>\n<\/tr>\n<\/tbody>\n<\/table>\n<div class=\"is-divider divider clearfix\" style=\"max-width:100%;height:1px;background-color:rgb(17, 107, 168);\"><\/div>\n<p><span style=\"font-weight: 400;\">Unsere Refill PLA Matte HS Filamente sind perfekt kompatibel mit der <\/span><a href=\"https:\/\/azurefilm.com\/de\/produkt\/azurefilm-master-spool-11-gratis\/\" target=\"_blank\" rel=\"noopener\"><strong>AzureFilm Master Spool<\/strong><\/a><b> \u2013 die einzige Spule, die Sie jemals ben\u00f6tigen werden.<\/b><span style=\"font-weight: 400;\"> Durch die Verwendung dieser wiederverwendbaren Spule k\u00f6nnen Sie uns dabei helfen, Abfall zu reduzieren und die Umweltbelastung zu minimieren.<\/span><\/p>\n<p><span style=\"font-weight: 400;\">AzureFilm Master Spool ist unsere <\/span><b>wiederverwendbare Spule<\/b><span style=\"font-weight: 400;\">, die eine <\/span><b>nachhaltige und kosteng\u00fcnstige <\/b> <span style=\"font-weight: 400;\">L\u00f6sung f\u00fcr das 3D-Drucken.<br \/>\nDie Spule ist ein <\/span><b>Satz von zwei wiederverwendbaren, spritzgegossenen Scheiben.<\/b><span style=\"font-weight: 400;\"> Dies gew\u00e4hrleistet die hohe Haltbarkeit und Pr\u00e4zision der Spule.<\/span><\/p>\n<p><span style=\"font-weight: 400;\">Durch den Kauf und die Wiederverwendung unserer Master Spool tragen Sie zu einer saubereren Umwelt bei und genie\u00dfen gleichzeitig ein zuverl\u00e4ssiges und benutzerfreundliches Produkt, das mit den meisten 3D-Druckern kompatibel ist.<\/span><\/p>\n<div style=\"padding: 56.25% 0 0 0; position: relative;\"><iframe style=\"position: absolute; top: 0; left: 0; width: 100%; height: 100%;\" title=\"AzureFilm Master Spool\" src=\"https:\/\/player.vimeo.com\/video\/954356184?badge=0&amp;autopause=0&amp;player_id=0&amp;app_id=58479\" frameborder=\"0\"><\/iframe><\/div>\n<p><script src=\"https:\/\/player.vimeo.com\/api\/player.js\"><\/script><\/p>\n<div class=\"is-divider divider clearfix\" style=\"max-width:100%;height:1px;background-color:rgb(17, 107, 168);\"><\/div>\n<h2>Anwendungen<\/h2>\n<h3>Einfach zu drucken<\/h3>\n<p>Die PLA Matte HS Kollektion ist ideal f\u00fcr Anf\u00e4nger, da sie einfach zu drucken ist. Trotz ihrer Benutzerfreundlichkeit hat PLA Matte HS verbesserte \u00e4sthetische Eigenschaften im Vergleich zu normalem PLA, was es f\u00fcr verschiedene Anwendungen wie Dekorationen geeignet macht.<\/p>\n<div style=\"padding: 56.25% 0 0 0; position: relative;\"><iframe style=\"position: absolute; top: 0; left: 0; width: 100%; height: 100%;\" title=\"Einfach zu drucken\" src=\"https:\/\/player.vimeo.com\/video\/949435282?badge=0&amp;autopause=0&amp;player_id=0&amp;app_id=58479\" frameborder=\"0\"><\/iframe><\/div>\n<p><script src=\"https:\/\/player.vimeo.com\/api\/player.js\"><\/script><\/p>\n<h3>Konstante matte Oberfl\u00e4chenbeschaffenheit<\/h3>\n<p>Die Filamente der Matte Kollektion haben eine charakteristische matte Oberfl\u00e4che, die es erm\u00f6glicht, die Linien der Schichten zu verbergen. Probieren Sie PLA Matte HS und genie\u00dfen Sie das professionelle Aussehen Ihrer Drucke.<\/p>\n<div style=\"padding: 56.25% 0 0 0; position: relative;\"><iframe style=\"position: absolute; top: 0; left: 0; width: 100%; height: 100%;\" title=\"PLA MATTE_Konstante matte Oberfl\u00e4chenbeschaffenheit\" src=\"https:\/\/player.vimeo.com\/video\/949434817?badge=0&amp;autopause=0&amp;player_id=0&amp;app_id=58479\" frameborder=\"0\"><\/iframe><\/div>\n<p><script src=\"https:\/\/player.vimeo.com\/api\/player.js\"><\/script><\/p>\n<h3>Hochgeschwindigkeitsdruck<\/h3>\n<p>Die M\u00f6glichkeit, mit einer Geschwindigkeit von bis zu 500mm\/s zu drucken, erm\u00f6glicht es Ihnen, schnell und effizient zu arbeiten. Die Druckgeschwindigkeit beeinflusst nicht die mechanischen Eigenschaften des Filaments und ver\u00e4ndert nicht das matte Erscheinungsbild des Endobjekts.<\/p>\n<div style=\"padding: 56.25% 0 0 0; position: relative;\"><iframe style=\"position: absolute; top: 0; left: 0; width: 100%; height: 100%;\" title=\"Hochgeschwindigkeitsdruck\" src=\"https:\/\/player.vimeo.com\/video\/949435939?badge=0&amp;autopause=0&amp;player_id=0&amp;app_id=58479\" frameborder=\"0\"><\/iframe><\/div>\n<p><script src=\"https:\/\/player.vimeo.com\/api\/player.js\"><\/script><\/p>\n<h3>Weniger sichtbare Schichtlinien<\/h3>\n<p>Die PLA Matte HS Kollektion ist speziell darauf ausgelegt, die Sichtbarkeit der Schichtlinien zu verringern, eine h\u00e4ufige Herausforderung beim 3D-Druck. Diese Eigenschaft ist besonders n\u00fctzlich f\u00fcr Anwendungen, bei denen \u00c4sthetik im Vordergrund steht. Der reduzierte Bedarf an Nachbearbeitung erm\u00f6glicht die Erstellung sch\u00f6ner Architekturmodelle, Dekorationen und Prototypen.<\/p>\n<p><img loading=\"lazy\" decoding=\"async\" class=\"aligncenter wp-image-39687 size-full\" src=\"https:\/\/azurefilm.com\/wp-content\/uploads\/2024\/08\/PLA-Matte-Black.jpg\" alt=\"\" width=\"2560\" height=\"960\" title=\"\" srcset=\"https:\/\/azurefilm.com\/wp-content\/uploads\/2024\/08\/PLA-Matte-Black.jpg 2560w, https:\/\/azurefilm.com\/wp-content\/uploads\/2024\/08\/PLA-Matte-Black-510x191.jpg 510w, https:\/\/azurefilm.com\/wp-content\/uploads\/2024\/08\/PLA-Matte-Black-300x113.jpg 300w, https:\/\/azurefilm.com\/wp-content\/uploads\/2024\/08\/PLA-Matte-Black-1024x384.jpg 1024w, https:\/\/azurefilm.com\/wp-content\/uploads\/2024\/08\/PLA-Matte-Black-768x288.jpg 768w, https:\/\/azurefilm.com\/wp-content\/uploads\/2024\/08\/PLA-Matte-Black-1536x576.jpg 1536w, https:\/\/azurefilm.com\/wp-content\/uploads\/2024\/08\/PLA-Matte-Black-2048x768.jpg 2048w\" sizes=\"auto, (max-width: 2560px) 100vw, 2560px\" \/><\/p>\n<h3>Ausgezeichnete Haftung der ersten Schicht<\/h3>\n<p>Der Halt auf dem Druckbett ist entscheidend, da er die Stabilit\u00e4t und Qualit\u00e4t des Drucks beeinflusst. PLA Matte HS gl\u00e4nzt in diesem Bereich, da die Drucke gut auf der Bauplatte haften. Dies reduziert auch den Bedarf an zus\u00e4tzlicher Haftung, wie Klebstoffen, Klebeb\u00e4ndern oder Sprays, die den Installations- und Reinigungsprozess komplizieren k\u00f6nnen.<\/p>\n<div style=\"padding: 56.25% 0 0 0; position: relative;\"><iframe style=\"position: absolute; top: 0; left: 0; width: 100%; height: 100%;\" title=\"PLA MATTE_Erste Schicht Haftung\" src=\"https:\/\/player.vimeo.com\/video\/949438343?badge=0&amp;autopause=0&amp;player_id=0&amp;app_id=58479\" frameborder=\"0\"><\/iframe><\/div>\n<p><script src=\"https:\/\/player.vimeo.com\/api\/player.js\"><\/script><\/p>\n<h4>Produktlagerung<\/h4>\n<p>Wir empfehlen, das Filament in einem k\u00fchlen, trockenen, geschlossenen Raum mit einem Silica-Trockenmittelbeutel und fern von UV-Licht aufzubewahren.<\/p>\n<div class=\"is-divider divider clearfix\" style=\"max-width:100%;height:1px;background-color:rgb(17, 107, 168);\"><\/div>\n<h2>Eigenschaften &amp; Eigenschaften<\/h2>\n<table>\n<tbody>\n<tr>\n<th><\/th>\n<th><span style=\"font-weight: 400;\">Standard<\/span><\/th>\n<th><span style=\"font-weight: 400;\">XY Wert<\/span><\/th>\n<th><span style=\"font-weight: 400;\">XZ Wert<\/span><\/th>\n<th><span style=\"font-weight: 400;\">ZX Wert<\/span><\/th>\n<th><span style=\"font-weight: 400;\">Einheit<\/span><\/th>\n<\/tr>\n<tr>\n<td><span style=\"font-weight: 400;\"> Zugfestigkeit<\/span><\/td>\n<td><span style=\"font-weight: 400;\">ISO 527-2<\/span><\/td>\n<td><span style=\"font-weight: 400;\">42.8<\/span><\/td>\n<td><span style=\"font-weight: 400;\">44.2<\/span><\/td>\n<td><span style=\"font-weight: 400;\">21.7<\/span><\/td>\n<td><span style=\"font-weight: 400;\">MPa<\/span><\/td>\n<\/tr>\n<tr>\n<td><span style=\"font-weight: 400;\"> Streckgrenze<\/span><\/td>\n<td><span style=\"font-weight: 400;\">ISO 527-2<\/span><\/td>\n<td><span style=\"font-weight: 400;\">32.9<\/span><\/td>\n<td><span style=\"font-weight: 400;\">32.8<\/span><\/td>\n<td><span style=\"font-weight: 400;\">\/<\/span><\/td>\n<td><span style=\"font-weight: 400;\">MPa<\/span><\/td>\n<\/tr>\n<tr>\n<td><span style=\"font-weight: 400;\"> Zugmodul<\/span><\/td>\n<td><span style=\"font-weight: 400;\">ISO 527-2<\/span><\/td>\n<td><span style=\"font-weight: 400;\">3800<\/span><\/td>\n<td><span style=\"font-weight: 400;\">3800<\/span><\/td>\n<td><span style=\"font-weight: 400;\">3200<\/span><\/td>\n<td><span style=\"font-weight: 400;\">MPa<\/span><\/td>\n<\/tr>\n<tr>\n<td><span style=\"font-weight: 400;\"> Dehnung bei Streckgrenze<\/span><\/td>\n<td><span style=\"font-weight: 400;\">ISO 527-2<\/span><\/td>\n<td><span style=\"font-weight: 400;\">4.1<\/span><\/td>\n<td><span style=\"font-weight: 400;\">3.6<\/span><\/td>\n<td><span style=\"font-weight: 400;\">0.8<\/span><\/td>\n<td><span style=\"font-weight: 400;\">%<\/span><\/td>\n<\/tr>\n<tr>\n<td><span style=\"font-weight: 400;\"> Biegefestigkeit<\/span><\/td>\n<td><span style=\"font-weight: 400;\">ISO 178<\/span><\/td>\n<td><span style=\"font-weight: 400;\">81.8<\/span><\/td>\n<td><span style=\"font-weight: 400;\">83<\/span><\/td>\n<td><span style=\"font-weight: 400;\">52.7<\/span><\/td>\n<td><span style=\"font-weight: 400;\">MPa<\/span><\/td>\n<\/tr>\n<tr>\n<td><span style=\"font-weight: 400;\"> Biegemodul<\/span><\/td>\n<td><span style=\"font-weight: 400;\">ISO 178 <\/span><\/td>\n<td><span style=\"font-weight: 400;\">4500<\/span><\/td>\n<td><span style=\"font-weight: 400;\">4500<\/span><\/td>\n<td><span style=\"font-weight: 400;\">4000<\/span><\/td>\n<td><span style=\"font-weight: 400;\">MPa<\/span><\/td>\n<\/tr>\n<tr>\n<td><span style=\"font-weight: 400;\"> Schlagfestigkeit<\/span><\/td>\n<td><span style=\"font-weight: 400;\">ISO 179<\/span><\/td>\n<td><span style=\"font-weight: 400;\">6<\/span><\/td>\n<td><span style=\"font-weight: 400;\">\/<\/span><\/td>\n<td><span style=\"font-weight: 400;\">\/<\/span><\/td>\n<td><span style=\"font-weight: 400;\">kJ\/m\u00b2<\/span><\/td>\n<\/tr>\n<\/tbody>\n<\/table>\n<p>Sie k\u00f6nnen das technische Datenblatt <a href=\"https:\/\/azurefilm.com\/de\/technical-data-sheets\/\"><strong>hier<\/strong><\/a> abrufen.<\/p>\n","protected":false},"excerpt":{"rendered":"<p>Schnappen Sie sich unser exklusives SUPER PACK PLA MATTE BLACK 10-pack mit <b>2 KOSTENLOSEN Master-Spulen\u00a0<\/b>\u2013 begrenzte Mengen, der beste Preis und mit einer\u00a0<b>30-t\u00e4gigen risikofreien Garantie<\/b>!<\/p>\n","protected":false},"featured_media":93228,"comment_status":"closed","ping_status":"closed","template":"","meta":{"_acf_changed":false},"product_brand":[],"product_cat":[2780,1669,1672,1671,2143,1670,1837,2145,2035],"product_tag":[1675,1839],"brand":[],"class_list":{"0":"post-93203","1":"product","2":"type-product","3":"status-publish","4":"has-post-thumbnail","6":"product_cat-pla-super-packs-de","7":"product_cat-3d-filamente","8":"product_cat-alle-filamente","9":"product_cat-angebote","10":"product_cat-pla-matte-hs-de","11":"product_cat-pla-filamente","12":"product_cat-refill-filamente","13":"product_cat-refill-pla-matte-hs-de","14":"product_cat-vorteilspacks","15":"product_tag-high-speed","16":"product_tag-oko","17":"pa_colour-black","18":"pa_filament-diameter-1-75mm","19":"pa_filament-weight-1000g","21":"first","22":"instock","23":"sale","24":"taxable","25":"shipping-taxable","26":"purchasable","27":"product-type-simple"},"acf":[],"_links":{"self":[{"href":"https:\/\/azurefilm.com\/de\/wp-json\/wp\/v2\/product\/93203","targetHints":{"allow":["GET"]}}],"collection":[{"href":"https:\/\/azurefilm.com\/de\/wp-json\/wp\/v2\/product"}],"about":[{"href":"https:\/\/azurefilm.com\/de\/wp-json\/wp\/v2\/types\/product"}],"replies":[{"embeddable":true,"href":"https:\/\/azurefilm.com\/de\/wp-json\/wp\/v2\/comments?post=93203"}],"wp:featuredmedia":[{"embeddable":true,"href":"https:\/\/azurefilm.com\/de\/wp-json\/wp\/v2\/media\/93228"}],"wp:attachment":[{"href":"https:\/\/azurefilm.com\/de\/wp-json\/wp\/v2\/media?parent=93203"}],"wp:term":[{"taxonomy":"product_brand","embeddable":true,"href":"https:\/\/azurefilm.com\/de\/wp-json\/wp\/v2\/product_brand?post=93203"},{"taxonomy":"product_cat","embeddable":true,"href":"https:\/\/azurefilm.com\/de\/wp-json\/wp\/v2\/product_cat?post=93203"},{"taxonomy":"product_tag","embeddable":true,"href":"https:\/\/azurefilm.com\/de\/wp-json\/wp\/v2\/product_tag?post=93203"},{"taxonomy":"brand","embeddable":true,"href":"https:\/\/azurefilm.com\/de\/wp-json\/wp\/v2\/brand?post=93203"}],"curies":[{"name":"wp","href":"https:\/\/api.w.org\/{rel}","templated":true}]}}