
{"id":95235,"date":"2025-10-15T08:43:51","date_gmt":"2025-10-15T08:43:51","guid":{"rendered":"https:\/\/azurefilm.com\/?post_type=product&#038;p=95235"},"modified":"2025-11-20T00:01:53","modified_gmt":"2025-11-20T00:01:53","slug":"bambu-lab-p2s-combo","status":"publish","type":"product","link":"https:\/\/azurefilm.com\/de\/produkt\/bambu-lab-p2s-combo\/","title":{"rendered":"Bambu Lab P2S Combo"},"content":{"rendered":"<h2><strong>Bambu Lab P2S Combo \u2013 Intelligent, schnell und zuverl\u00e4ssig<\/strong><\/h2>\n<h3><strong>Kraft trifft Pr\u00e4zision<\/strong><\/h3>\n<p><span style=\"font-weight: 400;\">Der Bambu Lab P2S Combo definiert die Leistung eines professionellen Desktop-3D-Druckers neu. Entwickelt f\u00fcr Kreative, die Pr\u00e4zision, Geschwindigkeit und Automatisierung verlangen, bietet der P2S Leistung auf Industrieniveau in kompaktem Format. Von mehrfarbigen Designs bis hin zu hochwertigen Materialien \u2013 er ist Ihr All-in-One-Druck-Kraftpaket.<\/span><\/p>\n<h3><strong>Intelligenteres Druckerlebnis<\/strong><\/h3>\n<p><span style=\"font-weight: 400;\">Der 5-Zoll-Touchscreen der neuen Generation und die verbesserte Benutzeroberfl\u00e4che machen die Bedienung so reibungslos wie nie zuvor. Alle Funktionen sind auf einen Blick zug\u00e4nglich, w\u00e4hrend die integrierte KI-Unterst\u00fctzung Ihren Arbeitsablauf m\u00fchelos und intuitiv gestaltet.<\/span><\/p>\n<h3><strong>St\u00e4rker, schneller, besser<\/strong><\/h3>\n<p><b>PMSM-Servomotor <\/b><span style=\"font-weight: 400;\">der n\u00e4chsten Generation bietet der P2S <\/span><b>eine Extrusionskraft von <\/b><span style=\"font-weight: 400;\">bis zu 8,5 kg \u2013 70 % mehr als fr\u00fchere Modelle. Seine adaptiven Algorithmen optimieren den Extrusionsfluss in Echtzeit und sorgen so f\u00fcr gleichm\u00e4\u00dfige, makellose Schichten auch bei hohen Geschwindigkeiten.<\/span><\/p>\n<h3><strong>Kontrollierte Umgebung f\u00fcr jedes Material<\/strong><\/h3>\n<p><span style=\"font-weight: 400;\">Mit einer <\/span><b>auf bis zu 50 \u00b0C beheizten Kammer <\/b><span style=\"font-weight: 400;\">und <\/span><b>gefiltertem Luftstrom <\/b><span style=\"font-weight: 400;\">sorgt der P2S f\u00fcr stabile Druckbedingungen f\u00fcr fortschrittliche Materialien. Das adaptive Luftstromsystem f\u00fchrt k\u00fchle Luft zu, um die \u00dcberhangleistung zu verbessern \u2013 selbst bei vollst\u00e4ndig geschlossener Kammer.<\/span><\/p>\n<h3><strong>Intelligente \u00dcberwachung &amp; Fehlererkennung<\/strong><\/h3>\n<p><span style=\"font-weight: 400;\">Die KI-gest\u00fctzte Fehlererkennung \u00fcberwacht Ihren Druck kontinuierlich und erkennt Spaghetti-Fehler, Abl\u00f6sungen oder schlechte erste Schichten, bevor Material oder Zeit verschwendet werden. Mit dem P2S k\u00f6nnen Sie jedes Mal beruhigt drucken.<\/span><\/p>\n<h3><strong>Schneller D\u00fcsenwechsel und verst\u00e4rkte Haltbarkeit<\/strong><\/h3>\n<p><span style=\"font-weight: 400;\">Materialwechsel oder Wartung? Das <\/span><b>Quick-Swap-Hotend <\/b><span style=\"font-weight: 400;\">-Design erm\u00f6glicht einen schnellen D\u00fcsenwechsel \u2013 ganz ohne Kabel und Aufwand. Verst\u00e4rkte Stahlzahnr\u00e4der und verschlei\u00dffeste D\u00fcsen bew\u00e4ltigen zuverl\u00e4ssig abrasive Materialien.<\/span><\/p>\n<h3><strong>Mehrfarbige Magie mit AMS 2 Pro<\/strong><\/h3>\n<p><span style=\"font-weight: 400;\">Die P2S Combo enth\u00e4lt das <\/span><b>AMS 2 Pro <\/b><span style=\"font-weight: 400;\">\u2013 Bambus\u2018 fortschrittliches Multimaterialsystem. Es unterst\u00fctzt den automatischen Farb- und Materialwechsel und trocknet gleichzeitig die Filamente aktiv, um auch bei feuchtigkeitsempfindlichen Materialien stabile und konsistente Drucke zu gew\u00e4hrleisten.<\/span><\/p>\n<h3><strong>Entwickelt f\u00fcr moderne Macher<\/strong><\/h3>\n<p><span style=\"font-weight: 400;\">Von <\/span><b>der 1080p-Zeitrafferaufnahme <\/b><span style=\"font-weight: 400;\">bis hin zur <\/span><b>WLAN-Steuerung <\/b><span style=\"font-weight: 400;\">und <\/span><b>Cloud-\u00dcberwachung <\/b><span style=\"font-weight: 400;\">ist jede Funktion des P2S Combo darauf ausgelegt, 3D-Druck intelligenter, schneller und einfacher als je zuvor zu machen.<\/span><\/p>\n<h2><strong>Technische Spezifikationen<\/strong><\/h2>\n<ul>\n<li style=\"font-weight: 400;\" aria-level=\"1\"><b>Drucktechnologie: <\/b><span style=\"font-weight: 400;\">FFF\/FDM mit AMS-Integration<\/span><\/li>\n<li style=\"font-weight: 400;\" aria-level=\"1\"><b>Bauvolumen: <\/b><span style=\"font-weight: 400;\">(TBA \u2013 nicht in den offiziellen Spezifikationen aufgef\u00fchrt)<\/span><\/li>\n<li style=\"font-weight: 400;\" aria-level=\"1\"><b>Kammer: <\/b><span style=\"font-weight: 400;\">Auf 50 \u00b0C erhitzt mit gefiltertem Luftstrom<\/span><\/li>\n<li style=\"font-weight: 400;\" aria-level=\"1\"><b>Benutzeroberfl\u00e4che: <\/b><span style=\"font-weight: 400;\">5-Zoll-Touchscreen, verbesserte UI 2.0<\/span><\/li>\n<li style=\"font-weight: 400;\" aria-level=\"1\"><b>Extrudermotor: <\/b><span style=\"font-weight: 400;\">PMSM-Servomotor mit bis zu 8,5 kg Extrusionskraft<\/span><\/li>\n<li style=\"font-weight: 400;\" aria-level=\"1\"><b>Durchflussregelung: <\/b><span style=\"font-weight: 400;\">Wirbelstromsensor mit adaptiver Echtzeitkompensation<\/span><\/li>\n<li style=\"font-weight: 400;\" aria-level=\"1\"><b>K\u00fchlsystem: <\/b><span style=\"font-weight: 400;\">Adaptiver Luftstrom mit externer Kaltluftzufuhr<\/span><\/li>\n<li style=\"font-weight: 400;\" aria-level=\"1\"><b>Hotend: <\/b><span style=\"font-weight: 400;\">Schnellwechsel-Design, kabellos und werkzeuglos<\/span><\/li>\n<li style=\"font-weight: 400;\" aria-level=\"1\"><b>KI-\u00dcberwachung: <\/b><span style=\"font-weight: 400;\">Erkennt Spaghetti-Fehler, Abl\u00f6sungen und Probleme der ersten Ebene<\/span><\/li>\n<li style=\"font-weight: 400;\" aria-level=\"1\"><b>Verst\u00e4rkte Komponenten: <\/b><span style=\"font-weight: 400;\">Geh\u00e4rtete D\u00fcsen und Zahnr\u00e4der f\u00fcr abrasive Materialien<\/span><\/li>\n<li style=\"font-weight: 400;\" aria-level=\"1\"><b>AMS-System: <\/b><span style=\"font-weight: 400;\">AMS 2 Pro mit aktiver Filamenttrocknung und Multimaterial-Unterst\u00fctzung<\/span><\/li>\n<li aria-level=\"1\"><b>Konnektivit\u00e4t: <\/b><span style=\"font-weight: 400;\">WLAN, Cloud-\u00dcberwachung und 1080p-Zeitrafferkamera<\/span><\/li>\n<\/ul>\n","protected":false},"excerpt":{"rendered":"<p><span style=\"font-weight: 400;\">Das <\/span><b>Bambu Lab P2S Combo <\/b><span style=\"font-weight: 400;\">bringt den Desktop-3D-Druck mit seinem intelligenten PMSM-Servomotor, der eine <\/span><b>Extrusionskraft von bis zu 8,5 kg liefert<\/b><span style=\"font-weight: 400;\">, einer adaptiven Durchflussregelung und einer <\/span><b>beheizten 50 \u00b0C-Kammer <\/b><span style=\"font-weight: 400;\">f\u00fcr perfekte Stabilit\u00e4t auf ein neues Niveau.<\/span><\/p>\n<p><span style=\"font-weight: 400;\">Ausgestattet mit einem <\/span><b>schnell austauschbaren Hotend,<\/b><span style=\"font-weight: 400;\">\u00a0<\/span><b>einer KI-gest\u00fctzten Druck\u00fcberwachung <\/b><span style=\"font-weight: 400;\">und dem <\/span><b>AMS 2 Pro-System <\/b><span style=\"font-weight: 400;\">f\u00fcr nahtlosen Mehrfarben- und Mehrmaterialdruck sorgt der P2S daf\u00fcr, dass jeder Druck schnell, fehlerfrei und sorgenfrei ist.<\/span><\/p>\n","protected":false},"featured_media":95238,"comment_status":"closed","ping_status":"closed","template":"","meta":{"_acf_changed":false},"product_brand":[],"product_cat":[1693,1695,1671,1696,1694],"product_tag":[],"brand":[],"class_list":{"0":"post-95235","1":"product","2":"type-product","3":"status-publish","4":"has-post-thumbnail","6":"product_cat-3d-drucker","7":"product_cat-alle-3d-drucker","8":"product_cat-angebote","9":"product_cat-bambu-lab-de","10":"product_cat-fdm-drucker","12":"first","13":"onbackorder","14":"sale","15":"featured","16":"taxable","17":"shipping-taxable","18":"purchasable","19":"product-type-simple"},"acf":[],"_links":{"self":[{"href":"https:\/\/azurefilm.com\/de\/wp-json\/wp\/v2\/product\/95235","targetHints":{"allow":["GET"]}}],"collection":[{"href":"https:\/\/azurefilm.com\/de\/wp-json\/wp\/v2\/product"}],"about":[{"href":"https:\/\/azurefilm.com\/de\/wp-json\/wp\/v2\/types\/product"}],"replies":[{"embeddable":true,"href":"https:\/\/azurefilm.com\/de\/wp-json\/wp\/v2\/comments?post=95235"}],"wp:featuredmedia":[{"embeddable":true,"href":"https:\/\/azurefilm.com\/de\/wp-json\/wp\/v2\/media\/95238"}],"wp:attachment":[{"href":"https:\/\/azurefilm.com\/de\/wp-json\/wp\/v2\/media?parent=95235"}],"wp:term":[{"taxonomy":"product_brand","embeddable":true,"href":"https:\/\/azurefilm.com\/de\/wp-json\/wp\/v2\/product_brand?post=95235"},{"taxonomy":"product_cat","embeddable":true,"href":"https:\/\/azurefilm.com\/de\/wp-json\/wp\/v2\/product_cat?post=95235"},{"taxonomy":"product_tag","embeddable":true,"href":"https:\/\/azurefilm.com\/de\/wp-json\/wp\/v2\/product_tag?post=95235"},{"taxonomy":"brand","embeddable":true,"href":"https:\/\/azurefilm.com\/de\/wp-json\/wp\/v2\/brand?post=95235"}],"curies":[{"name":"wp","href":"https:\/\/api.w.org\/{rel}","templated":true}]}}