
{"id":16328,"date":"2023-10-30T03:16:53","date_gmt":"2023-10-30T03:16:53","guid":{"rendered":"https:\/\/azurefilm.com\/our-services\/"},"modified":"2025-05-28T11:23:14","modified_gmt":"2025-05-28T11:23:14","slug":"nase-usluge","status":"publish","type":"page","link":"https:\/\/azurefilm.com\/hr\/nase-usluge\/","title":{"rendered":"Na\u0161e usluge"},"content":{"rendered":"\n\t<section class=\"section pt-0\" id=\"section_1336441838\">\n\t\t<div class=\"section-bg fill\" >\n\t\t\t\t\t\t\t\t\t\n\t\t\t\n\n\t\t<\/div>\n\n\t\t\n\n\t\t<div class=\"section-content relative\">\n\t\t\t\n<div class=\"row align-middle\"  id=\"row-501722903\">\n\n\t<div id=\"col-1031803981\" class=\"col medium-7 small-12 large-6\"  >\n\t\t\t\t<div class=\"col-inner\"  >\n\t\t\t\n\t\t\t\n<h1 class=\"uppercase\">NA\u0160E USLUGE<\/h1>\n<p>Osim \u0161irokog asortimana razli\u010ditih vrsta 3D filamenata i boja, nudimo tako\u0111er i 3D pisa\u010de, rezervne dijelove, boje na zahtjev, opcije privatnog brendiranja i jo\u0161 mnogo toga \u2013 a sve navedeno \u010dini AzureFilm pravim mjestom za pretvaranje svojih snova u 3D stvarnost!<\/p>\n\t\t<\/div>\n\t\t\t\t\n<style>\n#col-1031803981 > .col-inner {\n  padding: 0px 0px 0px 0px;\n}\n@media (min-width:550px) {\n  #col-1031803981 > .col-inner {\n    padding: 0px 50px 0px 0px;\n  }\n}\n<\/style>\n\t<\/div>\n\n\t\n\n\t<div id=\"col-870871397\" class=\"col medium-5 small-12 large-6\"  >\n\t\t\t\t<div class=\"col-inner\"  >\n\t\t\t\n\t\t\t\n\t<div class=\"img has-hover x md-x lg-x y md-y lg-y\" id=\"image_230948628\">\n\t\t\t\t\t\t\t\t<div class=\"img-inner dark\" >\n\t\t\t<img loading=\"lazy\" decoding=\"async\" width=\"884\" height=\"453\" src=\"https:\/\/azurefilm.com\/wp-content\/uploads\/2023\/10\/Rectangle-227.png\" class=\"attachment-large size-large\" alt=\"\" srcset=\"https:\/\/azurefilm.com\/wp-content\/uploads\/2023\/10\/Rectangle-227.png 884w, https:\/\/azurefilm.com\/wp-content\/uploads\/2023\/10\/Rectangle-227-510x261.png 510w, https:\/\/azurefilm.com\/wp-content\/uploads\/2023\/10\/Rectangle-227-300x154.png 300w, https:\/\/azurefilm.com\/wp-content\/uploads\/2023\/10\/Rectangle-227-768x394.png 768w\" sizes=\"auto, (max-width: 884px) 100vw, 884px\" title=\"\">\t\t\t\t\t\t\n\t\t\t\t\t<\/div>\n\t\t\t\t\t\t\t\t\n<style>\n#image_230948628 {\n  width: 100%;\n}\n<\/style>\n\t<\/div>\n\t\n\t\t<\/div>\n\t\t\t\t\t<\/div>\n\n\t\n<\/div>\n\t\t<\/div>\n\n\t\t\n<style>\n#section_1336441838 {\n  padding-top: 30px;\n  padding-bottom: 30px;\n}\n<\/style>\n\t<\/section>\n\t\n\n\t<section class=\"section\" id=\"section_1365878041\">\n\t\t<div class=\"section-bg fill\" >\n\t\t\t\t\t\t\t\t\t\n\t\t\t\n\n\t\t<\/div>\n\n\t\t\n\n\t\t<div class=\"section-content relative\">\n\t\t\t\n<div class=\"row align-equal our-services-list-row\"  id=\"row-281042539\">\n\n\t<div id=\"col-1860738096\" class=\"col service-column medium-6 small-12 large-6\"  >\n\t\t\t\t<div class=\"col-inner box-shadow-2\"  >\n\t\t\t\n\t\t\t\n<div class=\"row align-middle\"  id=\"row-51980766\">\n\n\t<div id=\"col-1349861837\" class=\"col pb-0 medium-4 small-12 large-4\"  >\n\t\t\t\t<div class=\"col-inner text-center\"  >\n\t\t\t\n\t\t\t\n\t<div class=\"img has-hover x md-x lg-x y md-y lg-y\" id=\"image_434091621\">\n\t\t\t\t\t\t\t\t<div class=\"img-inner dark\" >\n\t\t\t<img loading=\"lazy\" decoding=\"async\" width=\"1020\" height=\"1020\" src=\"https:\/\/azurefilm.com\/wp-content\/uploads\/2023\/10\/Manufacturing-1024x1024.jpeg\" class=\"attachment-large size-large\" alt=\"\" srcset=\"https:\/\/azurefilm.com\/wp-content\/uploads\/2023\/10\/Manufacturing-1024x1024.jpeg 1024w, https:\/\/azurefilm.com\/wp-content\/uploads\/2023\/10\/Manufacturing-274x274.jpeg 274w, https:\/\/azurefilm.com\/wp-content\/uploads\/2023\/10\/Manufacturing-100x100.jpeg 100w, https:\/\/azurefilm.com\/wp-content\/uploads\/2023\/10\/Manufacturing-510x510.jpeg 510w, https:\/\/azurefilm.com\/wp-content\/uploads\/2023\/10\/Manufacturing-300x300.jpeg 300w, https:\/\/azurefilm.com\/wp-content\/uploads\/2023\/10\/Manufacturing-150x150.jpeg 150w, https:\/\/azurefilm.com\/wp-content\/uploads\/2023\/10\/Manufacturing-768x768.jpeg 768w, https:\/\/azurefilm.com\/wp-content\/uploads\/2023\/10\/Manufacturing.jpeg 1200w\" sizes=\"auto, (max-width: 1020px) 100vw, 1020px\" title=\"\">\t\t\t\t\t\t\n\t\t\t\t\t<\/div>\n\t\t\t\t\t\t\t\t\n<style>\n#image_434091621 {\n  width: 60%;\n}\n@media (min-width:550px) {\n  #image_434091621 {\n    width: 100%;\n  }\n}\n<\/style>\n\t<\/div>\n\t\n\t\t<\/div>\n\t\t\t\t\t<\/div>\n\n\t\n\n\t<div id=\"col-1625442137\" class=\"col pb-0 medium-8 small-12 large-8\"  >\n\t\t\t\t<div class=\"col-inner\"  >\n\t\t\t\n\t\t\t\n<h2>Proizvodnja filamenta<\/h2>\n<p>Kao vode\u0107i proizvo\u0111a\u010d filamenata za 3D printanje, nudimo visokokvalitetne filamente raznih materijala i boja \u010dime osiguravamo iznimne performanse i zapanjuju\u0107e rezultate za va\u0161e projekte 3D printanja.<\/p>\n\t\t<\/div>\n\t\t\t\t\t<\/div>\n\n\t\n<\/div>\n\t\t<\/div>\n\t\t\t\t\n<style>\n#col-1860738096 > .col-inner {\n  padding: 20px 20px 0px 20px;\n}\n<\/style>\n\t<\/div>\n\n\t\n\n\t<div id=\"col-988234356\" class=\"col service-column medium-6 small-12 large-6\"  >\n\t\t\t\t<div class=\"col-inner box-shadow-2\"  >\n\t\t\t\n\t\t\t\n<div class=\"row align-middle\"  id=\"row-1736784792\">\n\n\t<div id=\"col-1102948659\" class=\"col pb-0 medium-4 small-12 large-4\"  >\n\t\t\t\t<div class=\"col-inner text-center\"  >\n\t\t\t\n\t\t\t\n\t<div class=\"img has-hover x md-x lg-x y md-y lg-y\" id=\"image_540117397\">\n\t\t\t\t\t\t\t\t<div class=\"img-inner dark\" >\n\t\t\t<img loading=\"lazy\" decoding=\"async\" width=\"1020\" height=\"1020\" src=\"https:\/\/azurefilm.com\/wp-content\/uploads\/2023\/10\/everything-1024x1024.jpeg\" class=\"attachment-large size-large\" alt=\"\" srcset=\"https:\/\/azurefilm.com\/wp-content\/uploads\/2023\/10\/everything-1024x1024.jpeg 1024w, https:\/\/azurefilm.com\/wp-content\/uploads\/2023\/10\/everything-274x274.jpeg 274w, https:\/\/azurefilm.com\/wp-content\/uploads\/2023\/10\/everything-100x100.jpeg 100w, https:\/\/azurefilm.com\/wp-content\/uploads\/2023\/10\/everything-510x510.jpeg 510w, https:\/\/azurefilm.com\/wp-content\/uploads\/2023\/10\/everything-300x300.jpeg 300w, https:\/\/azurefilm.com\/wp-content\/uploads\/2023\/10\/everything-150x150.jpeg 150w, https:\/\/azurefilm.com\/wp-content\/uploads\/2023\/10\/everything-768x768.jpeg 768w, https:\/\/azurefilm.com\/wp-content\/uploads\/2023\/10\/everything.jpeg 1200w\" sizes=\"auto, (max-width: 1020px) 100vw, 1020px\" title=\"\">\t\t\t\t\t\t\n\t\t\t\t\t<\/div>\n\t\t\t\t\t\t\t\t\n<style>\n#image_540117397 {\n  width: 60%;\n}\n@media (min-width:550px) {\n  #image_540117397 {\n    width: 100%;\n  }\n}\n<\/style>\n\t<\/div>\n\t\n\t\t<\/div>\n\t\t\t\t\t<\/div>\n\n\t\n\n\t<div id=\"col-1479437592\" class=\"col pb-0 medium-8 small-12 large-8\"  >\n\t\t\t\t<div class=\"col-inner\"  >\n\t\t\t\n\t\t\t\n<h2>Sve za 3D printanje na jednom mjestu<\/h2>\n<p>Nudimo opse\u017ean izbor proizvoda za 3D printanje, uklju\u010duju\u0107i filamente, pisa\u010de, skenere, rezervne dijelove i pribor, \u0161to nas \u010dini savr\u0161enim mjestom za zadovoljavanje svih va\u0161ih potreba 3D printanja.<\/p>\n\t\t<\/div>\n\t\t\t\t\t<\/div>\n\n\t\n<\/div>\n\t\t<\/div>\n\t\t\t\t\n<style>\n#col-988234356 > .col-inner {\n  padding: 20px 20px 0px 20px;\n}\n<\/style>\n\t<\/div>\n\n\t\n\n\t<div id=\"col-1869634737\" class=\"col service-column medium-6 small-12 large-6\"  >\n\t\t\t\t<div class=\"col-inner box-shadow-2\"  >\n\t\t\t\n\t\t\t\n<div class=\"row align-middle\"  id=\"row-1223895322\">\n\n\t<div id=\"col-1519018266\" class=\"col pb-0 medium-4 small-12 large-4\"  >\n\t\t\t\t<div class=\"col-inner text-center\"  >\n\t\t\t\n\t\t\t\n\t<div class=\"img has-hover x md-x lg-x y md-y lg-y\" id=\"image_543219552\">\n\t\t\t\t\t\t\t\t<div class=\"img-inner dark\" >\n\t\t\t<img loading=\"lazy\" decoding=\"async\" width=\"1020\" height=\"1020\" src=\"https:\/\/azurefilm.com\/wp-content\/uploads\/2023\/10\/innovations-1024x1024.jpeg\" class=\"attachment-large size-large\" alt=\"\" srcset=\"https:\/\/azurefilm.com\/wp-content\/uploads\/2023\/10\/innovations-1024x1024.jpeg 1024w, https:\/\/azurefilm.com\/wp-content\/uploads\/2023\/10\/innovations-274x274.jpeg 274w, https:\/\/azurefilm.com\/wp-content\/uploads\/2023\/10\/innovations-100x100.jpeg 100w, https:\/\/azurefilm.com\/wp-content\/uploads\/2023\/10\/innovations-510x510.jpeg 510w, https:\/\/azurefilm.com\/wp-content\/uploads\/2023\/10\/innovations-300x300.jpeg 300w, https:\/\/azurefilm.com\/wp-content\/uploads\/2023\/10\/innovations-150x150.jpeg 150w, https:\/\/azurefilm.com\/wp-content\/uploads\/2023\/10\/innovations-768x768.jpeg 768w, https:\/\/azurefilm.com\/wp-content\/uploads\/2023\/10\/innovations.jpeg 1200w\" sizes=\"auto, (max-width: 1020px) 100vw, 1020px\" title=\"\">\t\t\t\t\t\t\n\t\t\t\t\t<\/div>\n\t\t\t\t\t\t\t\t\n<style>\n#image_543219552 {\n  width: 60%;\n}\n@media (min-width:550px) {\n  #image_543219552 {\n    width: 100%;\n  }\n}\n<\/style>\n\t<\/div>\n\t\n\t\t<\/div>\n\t\t\t\t\t<\/div>\n\n\t\n\n\t<div id=\"col-1793902205\" class=\"col pb-0 medium-8 small-12 large-8\"  >\n\t\t\t\t<div class=\"col-inner\"  >\n\t\t\t\n\t\t\t\n<h2>Inovacije<\/h2>\n<p>Kontinuirano istra\u017eujemo nove tehnologije, materijale i tehnike, donose\u0107i vam najnovija dostignu\u0107a u 3D printanju kako bismo vam osigurali najbolju mogu\u0107u ponudu i kvalitetu na\u0161ih proizvoda.<\/p>\n\t\t<\/div>\n\t\t\t\t\t<\/div>\n\n\t\n<\/div>\n\t\t<\/div>\n\t\t\t\t\n<style>\n#col-1869634737 > .col-inner {\n  padding: 20px 20px 0px 20px;\n}\n<\/style>\n\t<\/div>\n\n\t\n\n\t<div id=\"col-2047027230\" class=\"col service-column medium-6 small-12 large-6\"  >\n\t\t\t\t<div class=\"col-inner box-shadow-2\"  >\n\t\t\t\n\t\t\t\n<div class=\"row align-middle\"  id=\"row-187807845\">\n\n\t<div id=\"col-1972394112\" class=\"col pb-0 medium-4 small-12 large-4\"  >\n\t\t\t\t<div class=\"col-inner text-center\"  >\n\t\t\t\n\t\t\t\n\t<div class=\"img has-hover x md-x lg-x y md-y lg-y\" id=\"image_2008565937\">\n\t\t\t\t\t\t\t\t<div class=\"img-inner dark\" >\n\t\t\t<img loading=\"lazy\" decoding=\"async\" width=\"1020\" height=\"1020\" src=\"https:\/\/azurefilm.com\/wp-content\/uploads\/2023\/10\/Private-Label-win-1024x1024.jpeg\" class=\"attachment-large size-large\" alt=\"\" srcset=\"https:\/\/azurefilm.com\/wp-content\/uploads\/2023\/10\/Private-Label-win-1024x1024.jpeg 1024w, https:\/\/azurefilm.com\/wp-content\/uploads\/2023\/10\/Private-Label-win-274x274.jpeg 274w, https:\/\/azurefilm.com\/wp-content\/uploads\/2023\/10\/Private-Label-win-100x100.jpeg 100w, https:\/\/azurefilm.com\/wp-content\/uploads\/2023\/10\/Private-Label-win-510x510.jpeg 510w, https:\/\/azurefilm.com\/wp-content\/uploads\/2023\/10\/Private-Label-win-300x300.jpeg 300w, https:\/\/azurefilm.com\/wp-content\/uploads\/2023\/10\/Private-Label-win-150x150.jpeg 150w, https:\/\/azurefilm.com\/wp-content\/uploads\/2023\/10\/Private-Label-win-768x768.jpeg 768w, https:\/\/azurefilm.com\/wp-content\/uploads\/2023\/10\/Private-Label-win.jpeg 1200w\" sizes=\"auto, (max-width: 1020px) 100vw, 1020px\" title=\"\">\t\t\t\t\t\t\n\t\t\t\t\t<\/div>\n\t\t\t\t\t\t\t\t\n<style>\n#image_2008565937 {\n  width: 60%;\n}\n@media (min-width:550px) {\n  #image_2008565937 {\n    width: 100%;\n  }\n}\n<\/style>\n\t<\/div>\n\t\n\t\t<\/div>\n\t\t\t\t\t<\/div>\n\n\t\n\n\t<div id=\"col-1920991563\" class=\"col pb-0 medium-8 small-12 large-8\"  >\n\t\t\t\t<div class=\"col-inner\"  >\n\t\t\t\n\t\t\t\n<h2>Privatno brendiranje<\/h2>\n<p>Nudimo usluge prilago\u0111avanja, omogu\u0107uju\u0107i vam da imate vlastite brendirane filamente, prilago\u0111ene va\u0161im specifikacijama.<\/p>\n\t\t<\/div>\n\t\t\t\t\t<\/div>\n\n\t\n<\/div>\n\t\t<\/div>\n\t\t\t\t\n<style>\n#col-2047027230 > .col-inner {\n  padding: 20px 20px 0px 20px;\n}\n<\/style>\n\t<\/div>\n\n\t\n\n\t<div id=\"col-1689775812\" class=\"col service-column medium-6 small-12 large-6\"  >\n\t\t\t\t<div class=\"col-inner box-shadow-2\"  >\n\t\t\t\n\t\t\t\n<div class=\"row align-middle\"  id=\"row-349886412\">\n\n\t<div id=\"col-202832945\" class=\"col pb-0 medium-4 small-12 large-4\"  >\n\t\t\t\t<div class=\"col-inner text-center\"  >\n\t\t\t\n\t\t\t\n\t<div class=\"img has-hover x md-x lg-x y md-y lg-y\" id=\"image_1613936583\">\n\t\t\t\t\t\t\t\t<div class=\"img-inner dark\" >\n\t\t\t<img loading=\"lazy\" decoding=\"async\" width=\"1020\" height=\"1020\" src=\"https:\/\/azurefilm.com\/wp-content\/uploads\/2023\/10\/Color-win-1024x1024.jpeg\" class=\"attachment-large size-large\" alt=\"\" srcset=\"https:\/\/azurefilm.com\/wp-content\/uploads\/2023\/10\/Color-win-1024x1024.jpeg 1024w, https:\/\/azurefilm.com\/wp-content\/uploads\/2023\/10\/Color-win-274x274.jpeg 274w, https:\/\/azurefilm.com\/wp-content\/uploads\/2023\/10\/Color-win-100x100.jpeg 100w, https:\/\/azurefilm.com\/wp-content\/uploads\/2023\/10\/Color-win-510x510.jpeg 510w, https:\/\/azurefilm.com\/wp-content\/uploads\/2023\/10\/Color-win-300x300.jpeg 300w, https:\/\/azurefilm.com\/wp-content\/uploads\/2023\/10\/Color-win-150x150.jpeg 150w, https:\/\/azurefilm.com\/wp-content\/uploads\/2023\/10\/Color-win-768x768.jpeg 768w, https:\/\/azurefilm.com\/wp-content\/uploads\/2023\/10\/Color-win.jpeg 1200w\" sizes=\"auto, (max-width: 1020px) 100vw, 1020px\" title=\"\">\t\t\t\t\t\t\n\t\t\t\t\t<\/div>\n\t\t\t\t\t\t\t\t\n<style>\n#image_1613936583 {\n  width: 60%;\n}\n@media (min-width:550px) {\n  #image_1613936583 {\n    width: 100%;\n  }\n}\n<\/style>\n\t<\/div>\n\t\n\t\t<\/div>\n\t\t\t\t\t<\/div>\n\n\t\n\n\t<div id=\"col-2086529638\" class=\"col pb-0 medium-8 small-12 large-8\"  >\n\t\t\t\t<div class=\"col-inner\"  >\n\t\t\t\n\t\t\t\n<h2>Boja na zahtjev<\/h2>\n<p>Oslobodite svoju kreativnost i prilagodite svoje filamente kako bi to\u010dno odgovarali va\u0161im preferencijama boja.<\/p>\n\t\t<\/div>\n\t\t\t\t\t<\/div>\n\n\t\n<\/div>\n\t\t<\/div>\n\t\t\t\t\n<style>\n#col-1689775812 > .col-inner {\n  padding: 20px 20px 0px 20px;\n}\n<\/style>\n\t<\/div>\n\n\t\n\n\t<div id=\"col-320046378\" class=\"col service-column medium-6 small-12 large-6\"  >\n\t\t\t\t<div class=\"col-inner box-shadow-2\"  >\n\t\t\t\n\t\t\t\n<div class=\"row align-middle\"  id=\"row-850604846\">\n\n\t<div id=\"col-1412326507\" class=\"col pb-0 medium-4 small-12 large-4\"  >\n\t\t\t\t<div class=\"col-inner text-center\"  >\n\t\t\t\n\t\t\t\n\t<div class=\"img has-hover x md-x lg-x y md-y lg-y\" id=\"image_1592461794\">\n\t\t\t\t\t\t\t\t<div class=\"img-inner dark\" >\n\t\t\t<img loading=\"lazy\" decoding=\"async\" width=\"1020\" height=\"1020\" src=\"https:\/\/azurefilm.com\/wp-content\/uploads\/2023\/10\/b2b-v2-win-1024x1024.jpeg\" class=\"attachment-large size-large\" alt=\"\" srcset=\"https:\/\/azurefilm.com\/wp-content\/uploads\/2023\/10\/b2b-v2-win-1024x1024.jpeg 1024w, https:\/\/azurefilm.com\/wp-content\/uploads\/2023\/10\/b2b-v2-win-274x274.jpeg 274w, https:\/\/azurefilm.com\/wp-content\/uploads\/2023\/10\/b2b-v2-win-100x100.jpeg 100w, https:\/\/azurefilm.com\/wp-content\/uploads\/2023\/10\/b2b-v2-win-510x510.jpeg 510w, https:\/\/azurefilm.com\/wp-content\/uploads\/2023\/10\/b2b-v2-win-300x300.jpeg 300w, https:\/\/azurefilm.com\/wp-content\/uploads\/2023\/10\/b2b-v2-win-150x150.jpeg 150w, https:\/\/azurefilm.com\/wp-content\/uploads\/2023\/10\/b2b-v2-win-768x768.jpeg 768w, https:\/\/azurefilm.com\/wp-content\/uploads\/2023\/10\/b2b-v2-win.jpeg 1200w\" sizes=\"auto, (max-width: 1020px) 100vw, 1020px\" title=\"\">\t\t\t\t\t\t\n\t\t\t\t\t<\/div>\n\t\t\t\t\t\t\t\t\n<style>\n#image_1592461794 {\n  width: 60%;\n}\n@media (min-width:550px) {\n  #image_1592461794 {\n    width: 100%;\n  }\n}\n<\/style>\n\t<\/div>\n\t\n\t\t<\/div>\n\t\t\t\t\t<\/div>\n\n\t\n\n\t<div id=\"col-912240064\" class=\"col pb-0 medium-8 small-12 large-8\"  >\n\t\t\t\t<div class=\"col-inner\"  >\n\t\t\t\n\t\t\t\n<h2>Kompletna B2B podr\u0161ka<\/h2>\n<p>Razumijemo jedinstvene potrebe tvrtki u industriji 3D printanja i nudimo namjenske usluge, kao \u0161to su skupno naru\u010divanje, prilago\u0111ena rje\u0161enja, inovativni proizvodi, pouzdana tehni\u010dka podr\u0161ka i marketin\u0161ki sadr\u017eaj kako bismo osigurali va\u0161 uspjeh na tr\u017ei\u0161tu.<\/p>\n\t\t<\/div>\n\t\t\t\t\t<\/div>\n\n\t\n<\/div>\n\t\t<\/div>\n\t\t\t\t\n<style>\n#col-320046378 > .col-inner {\n  padding: 20px 20px 0px 20px;\n}\n<\/style>\n\t<\/div>\n\n\t\n\n<style>\n#row-281042539 > .col > .col-inner {\n  padding: 2em 1em 2em 1em;\n}\n<\/style>\n<\/div>\n\t\t<\/div>\n\n\t\t\n<style>\n#section_1365878041 {\n  padding-top: 30px;\n  padding-bottom: 30px;\n}\n<\/style>\n\t<\/section>\n\t\n\n\t<section class=\"section\" id=\"section_788439767\">\n\t\t<div class=\"section-bg fill\" >\n\t\t\t\t\t\t\t\t\t\n\t\t\t\n\n\t\t<\/div>\n\n\t\t\n\n\t\t<div class=\"section-content relative\">\n\t\t\t\n<div class=\"row\"  id=\"row-1022917647\">\n\n\t<div id=\"col-2111531275\" class=\"col small-12 large-12\"  >\n\t\t\t\t<div class=\"col-inner\"  >\n\t\t\t\n\t\t\t\n<h3>Contact us<\/h3>\n\t\t<\/div>\n\t\t\t\t\t<\/div>\n\n\t\n\n\t<div id=\"col-1316040256\" class=\"col small-12 large-12\"  >\n\t\t\t\t<div class=\"col-inner\"  >\n\t\t\t\n\t\t\t\n\n<div class=\"wpcf7 no-js\" id=\"wpcf7-f1220-o1\" lang=\"hr\" dir=\"ltr\" data-wpcf7-id=\"1220\">\n<div class=\"screen-reader-response\"><p role=\"status\" aria-live=\"polite\" aria-atomic=\"true\"><\/p> <ul><\/ul><\/div>\n<form action=\"\/hr\/wp-json\/wp\/v2\/pages\/16328#wpcf7-f1220-o1\" method=\"post\" class=\"wpcf7-form init\" aria-label=\"Kontakt obrazac\" enctype=\"multipart\/form-data\" novalidate=\"novalidate\" data-status=\"init\">\n<fieldset class=\"hidden-fields-container\"><input type=\"hidden\" name=\"_wpcf7\" value=\"1220\" \/><input type=\"hidden\" name=\"_wpcf7_version\" value=\"6.1.5\" \/><input type=\"hidden\" name=\"_wpcf7_locale\" value=\"hr\" \/><input type=\"hidden\" name=\"_wpcf7_unit_tag\" value=\"wpcf7-f1220-o1\" \/><input type=\"hidden\" name=\"_wpcf7_container_post\" value=\"0\" \/><input type=\"hidden\" name=\"_wpcf7_posted_data_hash\" value=\"\" \/>\n<\/fieldset>\n<div class=\"wpcf7-turnstile cf-turnstile\" data-sitekey=\"0x4AAAAAAB5R05neHM8iS1aG\" data-response-field-name=\"_wpcf7_turnstile_response\"><\/div>\n\n<div class=\"contact-us-form\">\n\t<div class=\"contact-content\">\n\t\t<p><label><br \/>\n<span class=\"wpcf7-form-control-wrap\" data-name=\"your-name\"><input size=\"40\" maxlength=\"400\" class=\"wpcf7-form-control wpcf7-text wpcf7-validates-as-required\" aria-required=\"true\" aria-invalid=\"false\" placeholder=\"Ime*\" value=\"\" type=\"text\" name=\"your-name\" \/><\/span> <\/label>\n\t\t<\/p>\n\t\t<p><label><br \/>\n<span class=\"wpcf7-form-control-wrap\" data-name=\"your-email\"><input size=\"40\" maxlength=\"400\" class=\"wpcf7-form-control wpcf7-email wpcf7-validates-as-required wpcf7-text wpcf7-validates-as-email\" aria-required=\"true\" aria-invalid=\"false\" placeholder=\"E-mail*\" value=\"\" type=\"email\" name=\"your-email\" \/><\/span> <\/label>\n\t\t<\/p>\n\t\t<p><label><br \/>\n<span class=\"wpcf7-form-control-wrap\" data-name=\"text-223\"><input size=\"40\" maxlength=\"400\" class=\"wpcf7-form-control wpcf7-text wpcf7-validates-as-required\" aria-required=\"true\" aria-invalid=\"false\" placeholder=\"Tema*\" value=\"\" type=\"text\" name=\"text-223\" \/><\/span><\/label>\n\t\t<\/p>\n\t<\/div>\n\t<div class=\"contact-text\">\n\t\t<p><label><br \/>\n<span class=\"wpcf7-form-control-wrap\" data-name=\"your-message\"><textarea cols=\"40\" rows=\"10\" maxlength=\"2000\" class=\"wpcf7-form-control wpcf7-textarea wpcf7-validates-as-required\" aria-required=\"true\" aria-invalid=\"false\" placeholder=\"Moje pitanje*\" name=\"your-message\"><\/textarea><\/span> <\/label>\n\t\t<\/p>\n\t<\/div>\n\t<div class=\"file-upload-container\">\n\t\t<p><span class=\"wpcf7-form-control-wrap\" data-name=\"file-464\"><input size=\"40\" class=\"wpcf7-form-control wpcf7-file hidden\" id=\"upload-button\" accept=\"audio\/*,video\/*,image\/*\" aria-invalid=\"false\" type=\"file\" name=\"file-464\" \/><\/span><br \/>\n<label class=\"upload-button-label button secondary is-outline\" for=\"upload-button\">Odaberite datoteku<\/label><br \/>\n<span id=\"file-chosen\"><\/span>\n\t\t<\/p>\n\t<\/div>\n\t<p class=\"contact-form-notice\">Podaci koje navedete u ovom obrascu za kontakt koristit \u0107e se isklju\u010divo za rje\u0161avanje i odgovor na va\u0161e pitanje. Po\u0161tujemo va\u0161u privatnost i ne\u0107emo koristiti va\u0161e podatke u druge svrhe niti ih dijeliti s tre\u0107im stranama.\n\t<\/p>\n<\/div>\n<div class=\"contact-us-button-container\">\n\t<p><input class=\"wpcf7-form-control wpcf7-submit has-spinner\" type=\"submit\" value=\"Po\u0161alji moje pitanje\" \/>\n\t<\/p>\n<\/div><div class=\"wpcf7-response-output\" aria-hidden=\"true\"><\/div>\n<\/form>\n<\/div>\n\n\t\t<\/div>\n\t\t\t\t\t<\/div>\n\n\t\n<\/div>\n\t\t<\/div>\n\n\t\t\n<style>\n#section_788439767 {\n  padding-top: 30px;\n  padding-bottom: 30px;\n}\n<\/style>\n\t<\/section>\n\t\n","protected":false},"excerpt":{"rendered":"","protected":false},"author":1,"featured_media":0,"parent":0,"menu_order":0,"comment_status":"closed","ping_status":"closed","template":"","meta":{"_acf_changed":false,"footnotes":""},"class_list":["post-16328","page","type-page","status-publish","hentry"],"acf":[],"_links":{"self":[{"href":"https:\/\/azurefilm.com\/hr\/wp-json\/wp\/v2\/pages\/16328","targetHints":{"allow":["GET"]}}],"collection":[{"href":"https:\/\/azurefilm.com\/hr\/wp-json\/wp\/v2\/pages"}],"about":[{"href":"https:\/\/azurefilm.com\/hr\/wp-json\/wp\/v2\/types\/page"}],"author":[{"embeddable":true,"href":"https:\/\/azurefilm.com\/hr\/wp-json\/wp\/v2\/users\/1"}],"replies":[{"embeddable":true,"href":"https:\/\/azurefilm.com\/hr\/wp-json\/wp\/v2\/comments?post=16328"}],"version-history":[{"count":0,"href":"https:\/\/azurefilm.com\/hr\/wp-json\/wp\/v2\/pages\/16328\/revisions"}],"wp:attachment":[{"href":"https:\/\/azurefilm.com\/hr\/wp-json\/wp\/v2\/media?parent=16328"}],"curies":[{"name":"wp","href":"https:\/\/api.w.org\/{rel}","templated":true}]}}