
{"id":16341,"date":"2023-10-27T21:10:18","date_gmt":"2023-10-27T21:10:18","guid":{"rendered":"https:\/\/azurefilm.com\/privacy-policy\/"},"modified":"2023-11-07T12:18:40","modified_gmt":"2023-11-07T12:18:40","slug":"politika-privatnosti","status":"publish","type":"page","link":"https:\/\/azurefilm.com\/hr\/politika-privatnosti\/","title":{"rendered":"Politika privatnosti"},"content":{"rendered":"<h1>Politika privatnosti<\/h1>\n<p>Posljednje a\u017eurirano: 1.9.2023<\/p>\n<p><strong>1. Uvod<\/strong><\/p>\n<p>AzureFilm predano radi na za\u0161titi Va\u0161e privatnosti i osiguravanju sigurnosti Va\u0161ih osobnih podataka. Ova Pravila privatnosti obja\u0161njavaju na koji na\u010din prikupljamo, koristimo, otkrivamo i \u010duvamo Va\u0161e osobne podatke tijekom kori\u0161tenja na\u0161e Internet stranice, komunikacije s nama ili kada kupujete od nas.<\/p>\n<p><b>2. Podaci koje prikupljamo<\/b><\/p>\n<p>Prikupljamo sljede\u0107e vrste osobnih podataka:<\/p>\n<p><b>Kontakt podatke<\/b>: ovo uklju\u010duje Va\u0161e ime i prezime, adresu e-po\u0161te, po\u0161tansku adresu i broj telefona.<\/p>\n<p><b>Podatke o pla\u0107anju<\/b>: kada kupite ne\u0161to, mo\u017eemo prikupiti podatke o Va\u0161oj kartici s kojom pla\u0107ate ili druge podatke o pla\u0107anju.<\/p>\n<p><b>Podatke o ra\u010dunu\u00a0<\/b>: ako kreirate ra\u010dun na na\u0161oj Internet stranici, prikupljamo podatke kao \u0161to su Va\u0161e korisni\u010dko ime, lozinka i postavke ra\u010duna.<\/p>\n<p><b>Transakcijske podatke\u00a0<\/b>: ovo uklju\u010duje podatke o Va\u0161im kupovinama, povijest narud\u017ebi i druge interakcije s na\u0161om Internet stranicom.<\/p>\n<p><b>Podatke o kori\u0161tenju<\/b>: prikupljamo podatke o Va\u0161em kori\u0161tenju na\u0161e Internet stranice, uklju\u010duju\u0107i Va\u0161u IP adresu, vrstu preglednika i podatke o ure\u0111aju.<\/p>\n<p><b>Podatke o komunikaciji<\/b>: u slu\u010daju da nas kontaktirate mo\u017eemo prikupiti podatke o Va\u0161oj komunikaciji i sve podatke koje pru\u017eite tijekom tih interakcija.<\/p>\n<p><b>Podatke o postavkama marketinga i komunikacije<\/b>: Va\u0161e postavke za primanje marketin\u0161kih komunikacija od nas.<\/p>\n<p><strong>3.<\/strong>\u00a0<b>Kako koristimo Va\u0161e podatke<\/b><\/p>\n<p>Va\u0161e osobne podatke koristimo u sljede\u0107e svrhe:<\/p>\n<ul>\n<li aria-level=\"1\">Za omogu\u0107avanje i upravljanje Va\u0161im pristupom va\u0161oj Internet stranici i uslugama.<\/li>\n<li aria-level=\"1\">Za obradu Va\u0161ih narud\u017ebi i pla\u0107anja te za isporuku proizvoda ili usluga.<\/li>\n<li aria-level=\"1\">Za komunikaciju s vama, odgovaranje na Va\u0161e upite i pru\u017eanje korisni\u010dke podr\u0161ke.<\/li>\n<li aria-level=\"1\">Za slanje marketin\u0161kih i promotivnih materijala, ovisno o Va\u0161em danom pristanku i preferencijama.<\/li>\n<li aria-level=\"1\">Za pobolj\u0161anje na\u0161e Internet stranice, proizvoda i usluga, uklju\u010duju\u0107i analizu obrazaca kori\u0161tenja i trendova.<\/li>\n<li aria-level=\"1\">Za po\u0161tivanje zakonskih obveza i za\u0161titu na\u0161ih prava i interesa.<\/li>\n<\/ul>\n<p><strong>4<\/strong><b>. Dijeljenje i otkrivanje podataka<\/b><\/p>\n<p>Va\u0161e osobne podatke mo\u017eemo podijeliti sa sljede\u0107im stranama:<\/p>\n<p><b>Pru\u017eatelji usluga<\/b>: Mo\u017eemo anga\u017eirati pru\u017eatelje usluga tre\u0107ih strana kako bi nam pomogli u razli\u010ditim aspektima na\u0161eg poslovanja kao \u0161to su obrada pla\u0107anja, otprema i marketing.<\/p>\n<p><b>Pravna uskla\u0111enost:<\/b>\u00a0Mo\u017eemo otkriti podatke kada to zahtijevaju zakon, regulatorna tijela ili kao odgovor na pravni postupak.<\/p>\n<p><b>Poslovni transferi:\u00a0<\/b>Ako smo uklju\u010deni u integraciju, akviziciju ili prodaju imovine, Va\u0161i se podaci mogu prenijeti kao dio tog transfera.<\/p>\n<p><b>Va\u0161 pristanak:\u00a0Dobit \u0107emo Va\u0161 pristanak prije nego \u0161to va\u0161e podatke podijelimo s tre\u0107im stranama u marketin\u0161ke svrhe.<\/b><\/p>\n<p><b>5. Va\u0161a prava<\/b><\/p>\n<p>Imate odre\u0111ena prava u vezi s Va\u0161im osobnim podacima, uklju\u010duju\u0107i:<\/p>\n<ul>\n<li>Pravo na pristupanje, ispravljanje ili brisanje Va\u0161ih osobnih podataka.<\/li>\n<li>Pravo na povla\u010denje privole za marketin\u0161ke komunikacije.<\/li>\n<li>Pravo na prigovor na odre\u0111ene aktivnosti obrade podataka.<\/li>\n<li>Pravo na prenosivost podataka, ako je primjenjivo.<\/li>\n<li>Pravo na podno\u0161enje pritu\u017ebe nadle\u017enom tijelu za za\u0161titu podataka.<\/li>\n<\/ul>\n<p><strong>6. Sigurnost podataka<\/strong><\/p>\n<p>Namjeravamo poduzeti sve odgovaraju\u0107e mjere kako bismo Vas za\u0161titili od mogu\u0107ih kr\u0161enja i zlouporabe. Zbog njihove osjetljive prirode, osobnim podacima korisnika posve\u0107ujemo posebnu pa\u017enju i brigu.<\/p>\n<p><strong>7. Kontaktirajte nas<\/strong><\/p>\n<p>Ako imate bilo kakvih pitanja, nedoumica ili zahtjeva u vezi s ovom Politikom privatnosti ili u vezi s Va\u0161im osobnim podacima, obratite nam se na\u00a0<a href=\"mailto:info@azurefilm.com\">info@azurefilm.com<\/a>.<\/p>\n<p><strong>8. Promjene u ovoj Politici privatnosti<\/strong><\/p>\n<p>Povremeno a\u017euriramo ovu Politiku privatnosti kako bismo reflektirali promjene u na\u0161im praksama ili pravnim zahtjevima. Datum \u201ePosljednje a\u017eurirano\u201c na vrhu ove Politike indicirat \u0107e kada je politika zadnju put bila revidirana.<\/p>\n","protected":false},"excerpt":{"rendered":"<p>Politika privatnosti Posljednje a\u017eurirano: 1.9.2023 1. Uvod AzureFilm predano radi na za\u0161titi Va\u0161e privatnosti i osiguravanju sigurnosti Va\u0161ih osobnih podataka. Ova Pravila privatnosti obja\u0161njavaju na koji na\u010din prikupljamo, koristimo, otkrivamo i \u010duvamo Va\u0161e osobne podatke tijekom kori\u0161tenja na\u0161e Internet stranice, komunikacije s nama ili kada kupujete od nas. 2. Podaci koje prikupljamo Prikupljamo sljede\u0107e vrste [&#8230;]\n","protected":false},"author":1,"featured_media":0,"parent":0,"menu_order":0,"comment_status":"closed","ping_status":"closed","template":"","meta":{"_acf_changed":false,"footnotes":""},"class_list":["post-16341","page","type-page","status-publish","hentry"],"acf":[],"_links":{"self":[{"href":"https:\/\/azurefilm.com\/hr\/wp-json\/wp\/v2\/pages\/16341","targetHints":{"allow":["GET"]}}],"collection":[{"href":"https:\/\/azurefilm.com\/hr\/wp-json\/wp\/v2\/pages"}],"about":[{"href":"https:\/\/azurefilm.com\/hr\/wp-json\/wp\/v2\/types\/page"}],"author":[{"embeddable":true,"href":"https:\/\/azurefilm.com\/hr\/wp-json\/wp\/v2\/users\/1"}],"replies":[{"embeddable":true,"href":"https:\/\/azurefilm.com\/hr\/wp-json\/wp\/v2\/comments?post=16341"}],"version-history":[{"count":0,"href":"https:\/\/azurefilm.com\/hr\/wp-json\/wp\/v2\/pages\/16341\/revisions"}],"wp:attachment":[{"href":"https:\/\/azurefilm.com\/hr\/wp-json\/wp\/v2\/media?parent=16341"}],"curies":[{"name":"wp","href":"https:\/\/api.w.org\/{rel}","templated":true}]}}