
{"id":16362,"date":"2023-10-30T03:44:57","date_gmt":"2023-10-30T03:44:57","guid":{"rendered":"https:\/\/azurefilm.com\/shipping-and-returns\/"},"modified":"2026-01-08T05:48:15","modified_gmt":"2026-01-08T05:48:15","slug":"dostava-i-povrati","status":"publish","type":"page","link":"https:\/\/azurefilm.com\/hr\/dostava-i-povrati\/","title":{"rendered":"Dostava i povrati"},"content":{"rendered":"\n\t<section class=\"section pt-0\" id=\"section_1966676477\">\n\t\t<div class=\"section-bg fill\" >\n\t\t\t\t\t\t\t\t\t\n\t\t\t\n\n\t\t<\/div>\n\n\t\t\n\n\t\t<div class=\"section-content relative\">\n\t\t\t\n<div class=\"row\"  id=\"row-1208257802\">\n\n\t<div id=\"col-543541209\" class=\"col small-12 large-12\"  >\n\t\t\t\t<div class=\"col-inner\"  >\n\t\t\t\n\t\t\t\n<h1>DOSTAVA I POVRATI<\/h1>\n<p>U AzureFilmu, cilj nam je pru\u017eiti besprijekorno iskustvo kupnje od po\u010detka do kraja. S na\u0161im \u0161irokim asortimanom visokokvalitetnih proizvoda za 3D printanje, brzom korisni\u010dkom slu\u017ebom i u\u010dinkovitom obradom narud\u017ebi, \u010dinimo sve kako bismo osigurali va\u0161e zadovoljstvo.<\/p>\n<p>Kako bi proces bio 100% jasan, mo\u017eete pregledavati ovu stranicu i istra\u017eiti na\u0161e opcije dostave i postupak povrata.<\/p>\n<p>Sada mo\u017eete samo sjesti i opustiti se dok mi upravljamo logistikom! \ud83d\ude42<\/p>\n<div class=\"row row-large align-equal off-bg-image-row\"  id=\"row-256262449\">\n\n\t<div id=\"col-627932709\" class=\"col pb-0 off-bg-image-col shipping-link-anchor medium-5 small-12 large-5\"  >\n\t\t\t\t<div class=\"col-inner\" style=\"background-color:rgb(26, 28, 28);\" >\n\t\t\t\n\t\t\t\n<div class=\"row row-small align-middle align-center\"  id=\"row-1070957413\">\n\n\t<div id=\"col-326055868\" class=\"col pb-0 medium-4 small-12 large-4\"  >\n\t\t\t\t<div class=\"col-inner text-center\"  >\n\t\t\t\n\t\t\t\n\t<div class=\"img has-hover shipping-link-anchor x md-x lg-x y md-y lg-y\" id=\"image_2121106479\">\n\t\t\t\t\t\t\t\t<div class=\"img-inner dark\" >\n\t\t\t<img loading=\"lazy\" decoding=\"async\" width=\"1\" height=\"1\" src=\"https:\/\/azurefilm.com\/wp-content\/uploads\/2023\/10\/delivery-1.svg\" class=\"attachment-large size-large\" alt=\"\" title=\"\">\t\t\t\t\t\t\n\t\t\t\t\t<\/div>\n\t\t\t\t\t\t\t\t\n<style>\n#image_2121106479 {\n  width: 60%;\n}\n@media (min-width:550px) {\n  #image_2121106479 {\n    width: 100%;\n  }\n}\n<\/style>\n\t<\/div>\n\t\n\t\t<\/div>\n\t\t\t\t\n<style>\n#col-326055868 > .col-inner {\n  margin: 0px 0px 0px 0px;\n}\n<\/style>\n\t<\/div>\n\n\t\n\n\t<div id=\"col-659503684\" class=\"col pb-0 medium-8 small-12 large-8\"  >\n\t\t\t\t<div class=\"col-inner dark\"  >\n\t\t\t\n\t\t\t\n\t\t<div class=\"off-bg-image-text\">\n\t\t\t\t\n<h3>DOSTAVA<\/h3>\n<p>Nudimo brzu i pouzdanu dostavu diljem cijele Europe. Cijene dostave i vrijeme isporuke razlikuju se od zemlje do zemlje. Na\u0161 predani tim pobrinut \u0107e se da va\u0161e narud\u017ebe budu pa\u017eljivo zapakirane i otpremljene \u0161to je br\u017ee mogu\u0107e. Ovdje mo\u017eete pratiti svoju po\u0161iljku kako biste ostali u tijeku.<br \/>\n\t\t<\/div>\n\t\n\t\t<\/div>\n\t\t\t\t\n<style>\n#col-659503684 > .col-inner {\n  padding: 1em 1em 1em 1em;\n}\n<\/style>\n\t<\/div>\n\n\t\n<\/div>\n\t\t<\/div>\n\t\t\t\t\n<style>\n#col-627932709 > .col-inner {\n  padding: 1em 0px 1em 0px;\n}\n@media (min-width:550px) {\n  #col-627932709 > .col-inner {\n    padding: 2em 0px 2em 0px;\n  }\n}\n<\/style>\n\t<\/div>\n\n\t\n\n\t<div id=\"col-587782910\" class=\"col pb-0 off-bg-image-col returns-link-anchor medium-5 small-12 large-5\"  >\n\t\t\t\t<div class=\"col-inner\" style=\"background-color:rgb(12, 40, 75);\" >\n\t\t\t\n\t\t\t\n<div class=\"row row-small align-middle align-center\"  id=\"row-968871908\">\n\n\t<div id=\"col-382607555\" class=\"col pb-0 medium-4 small-12 large-4\"  >\n\t\t\t\t<div class=\"col-inner text-center\"  >\n\t\t\t\n\t\t\t\n\t<div class=\"img has-hover returns-link-anchor x md-x lg-x y md-y lg-y\" id=\"image_1601460412\">\n\t\t\t\t\t\t\t\t<div class=\"img-inner dark\" >\n\t\t\t<img loading=\"lazy\" decoding=\"async\" width=\"1\" height=\"1\" src=\"https:\/\/azurefilm.com\/wp-content\/uploads\/2023\/10\/returns-1.svg\" class=\"attachment-large size-large\" alt=\"\" title=\"\">\t\t\t\t\t\t\n\t\t\t\t\t<\/div>\n\t\t\t\t\t\t\t\t\n<style>\n#image_1601460412 {\n  width: 60%;\n}\n@media (min-width:550px) {\n  #image_1601460412 {\n    width: 100%;\n  }\n}\n<\/style>\n\t<\/div>\n\t\n\t\t<\/div>\n\t\t\t\t\n<style>\n#col-382607555 > .col-inner {\n  margin: 0px 0px 0px 0px;\n}\n<\/style>\n\t<\/div>\n\n\t\n\n\t<div id=\"col-1053056343\" class=\"col pb-0 medium-8 small-12 large-8\"  >\n\t\t\t\t<div class=\"col-inner dark\"  >\n\t\t\t\n\t\t\t\n\t\t<div class=\"off-bg-image-text\">\n\t\t\t\t\n<h3>POVRATI<\/h3>\n<p>\u017delimo da budete potpuno zadovoljni svojom kupnjom. Ako iz bilo kojeg razloga niste zadovoljni svojom narud\u017ebom, nema problema! Naru\u010dene proizvode mo\u017eete vratiti u roku od 14 dana od dana isporuke.\t\t<\/div>\n\t\n\t\t<\/div>\n\t\t\t\t\n<style>\n#col-1053056343 > .col-inner {\n  padding: 1em 1em 1em 1em;\n}\n<\/style>\n\t<\/div>\n\n\t\n<\/div>\n\t\t<\/div>\n\t\t\t\t\n<style>\n#col-587782910 > .col-inner {\n  padding: 1em 0px 1em 0px;\n}\n@media (min-width:550px) {\n  #col-587782910 > .col-inner {\n    padding: 2em 0px 2em 0px;\n  }\n}\n<\/style>\n\t<\/div>\n\n\t\n<\/div>\n\t\t<\/div>\n\t\t\t\t\t<\/div>\n\n\t\n<\/div>\n\t\t<\/div>\n\n\t\t\n<style>\n#section_1966676477 {\n  padding-top: 0px;\n  padding-bottom: 0px;\n}\n<\/style>\n\t<\/section>\n\t\n\n\t<section class=\"section\" id=\"section_497016705\">\n\t\t<div class=\"section-bg fill\" >\n\t\t\t\t\t\t\t\t\t\n\t\t\t\n\n\t\t<\/div>\n\n\t\t\n\n\t\t<div class=\"section-content relative\">\n\t\t\t\n<div class=\"row\"  id=\"row-328839413\">\n\n\t<div id=\"col-1027433103\" class=\"col small-12 large-12 small-col-first\"  >\n\t\t\t\t<div class=\"col-inner\"  >\n\t\t\t\n\t\t\t\n\n<div id=\"shipping\">\n<h2 class=\"uppercase\">Cijene dostave<\/h2>\n<div class=\"shipping-rates-table\">\n<div class=\"shipping-rates-row hide-for-small row row-collapse hide-for-small\">\n<div class=\"shipping-rates-header-country col medium-8 small-12 large-8\">\n<div class=\"col-inner\">\n<h3>Zemlja<\/h3>\n<\/div>\n<\/div>\n<div class=\"shipping-rates-header-shipping-rates col medium-2 small-12 large-2\">\n<div class=\"col-inner\">\n<h3>Cijene dostave<\/h3>\n<\/div>\n<\/div>\n<div class=\"shipping-rates-header-free-over col medium-2 small-12 large-2\">\n<div class=\"col-inner\">\n<h3>Besplatno preko<\/h3>\n<\/div>\n<\/div>\n<\/div>\n<div class=\"shipping-rates-row row row-collapse\">\n<div class=\"shipping-rates-country col medium-8 small-12 large-8\">\n<div class=\"col-inner\">Croatia &#8211; GLS delivery (2-3 days)<\/div>\n<\/div>\n<div class=\"shipping-rates-shipping-rates col medium-2 small-12 large-2\">\n<div class=\"col-inner\"><span data-attribute=\"Shipping rates:\">5,90 EUR<\/span><\/div>\n<\/div>\n<div class=\"shipping-rates-free-over col medium-2 small-12 large-2\">\n<div class=\"col-inner\"><span data-attribute=\"Free over:\">50,00 EUR<\/span><\/div>\n<\/div>\n<\/div>\n<div class=\"shipping-rates-row row row-collapse\">\n<div class=\"shipping-rates-country col medium-8 small-12 large-8\">\n<div class=\"col-inner\">Slovenia &#8211; DPD dostava (2-3 delovne dni)<\/div>\n<\/div>\n<div class=\"shipping-rates-shipping-rates col medium-2 small-12 large-2\">\n<div class=\"col-inner\"><span data-attribute=\"Shipping rates:\">3,90 EUR<\/span><\/div>\n<\/div>\n<div class=\"shipping-rates-free-over col medium-2 small-12 large-2\">\n<div class=\"col-inner\"><span data-attribute=\"Free over:\">50,00 EUR<\/span><\/div>\n<\/div>\n<\/div>\n<div class=\"shipping-rates-row row row-collapse\">\n<div class=\"shipping-rates-country col medium-8 small-12 large-8\">\n<div class=\"col-inner\">Italy &#8211; GLS delivery (2-3 days)<\/div>\n<\/div>\n<div class=\"shipping-rates-shipping-rates col medium-2 small-12 large-2\">\n<div class=\"col-inner\"><span data-attribute=\"Shipping rates:\">5,90 EUR<\/span><\/div>\n<\/div>\n<div class=\"shipping-rates-free-over col medium-2 small-12 large-2\">\n<div class=\"col-inner\"><span data-attribute=\"Free over:\">50,00 EUR<\/span><\/div>\n<\/div>\n<\/div>\n<div class=\"shipping-rates-row row row-collapse\">\n<div class=\"shipping-rates-country col medium-8 small-12 large-8\">\n<div class=\"col-inner\">Austria &#8211; DPD AT shipping (3-5 working days)<\/div>\n<\/div>\n<div class=\"shipping-rates-shipping-rates col medium-2 small-12 large-2\">\n<div class=\"col-inner\"><span data-attribute=\"Shipping rates:\">6,90 EUR<\/span><\/div>\n<\/div>\n<div class=\"shipping-rates-free-over col medium-2 small-12 large-2\">\n<div class=\"col-inner\"><span data-attribute=\"Free over:\">80,00 EUR<\/span><\/div>\n<\/div>\n<\/div>\n<div class=\"shipping-rates-row row row-collapse\">\n<div class=\"shipping-rates-country col medium-8 small-12 large-8\">\n<div class=\"col-inner\">Germany &#8211; DPD DE shipping (3-5 working days)<\/div>\n<\/div>\n<div class=\"shipping-rates-shipping-rates col medium-2 small-12 large-2\">\n<div class=\"col-inner\"><span data-attribute=\"Shipping rates:\">6,90 EUR<\/span><\/div>\n<\/div>\n<div class=\"shipping-rates-free-over col medium-2 small-12 large-2\">\n<div class=\"col-inner\"><span data-attribute=\"Free over:\">80,00 EUR<\/span><\/div>\n<\/div>\n<\/div>\n<div class=\"shipping-rates-row row row-collapse\">\n<div class=\"shipping-rates-country col medium-8 small-12 large-8\">\n<div class=\"col-inner\">Belgium &#8211; DPD BG NL shipping (3-5 working days)<\/div>\n<\/div>\n<div class=\"shipping-rates-shipping-rates col medium-2 small-12 large-2\">\n<div class=\"col-inner\"><span data-attribute=\"Shipping rates:\">7,90 EUR<\/span><\/div>\n<\/div>\n<div class=\"shipping-rates-free-over col medium-2 small-12 large-2\">\n<div class=\"col-inner\"><span data-attribute=\"Free over:\">80,00 EUR<\/span><\/div>\n<\/div>\n<\/div>\n<div class=\"shipping-rates-row row row-collapse\">\n<div class=\"shipping-rates-country col medium-8 small-12 large-8\">\n<div class=\"col-inner\">Netherlands &#8211; DPD NL shipping (3-5 working days)<\/div>\n<\/div>\n<div class=\"shipping-rates-shipping-rates col medium-2 small-12 large-2\">\n<div class=\"col-inner\"><span data-attribute=\"Shipping rates:\">7,90 EUR<\/span><\/div>\n<\/div>\n<div class=\"shipping-rates-free-over col medium-2 small-12 large-2\">\n<div class=\"col-inner\"><span data-attribute=\"Free over:\">80,00 EUR<\/span><\/div>\n<\/div>\n<\/div>\n<div class=\"shipping-rates-row row row-collapse\">\n<div class=\"shipping-rates-country col medium-8 small-12 large-8\">\n<div class=\"col-inner\">Luxembourg &#8211; DPD LU shipping (3-5 working days)<\/div>\n<\/div>\n<div class=\"shipping-rates-shipping-rates col medium-2 small-12 large-2\">\n<div class=\"col-inner\"><span data-attribute=\"Shipping rates:\">7,90 EUR<\/span><\/div>\n<\/div>\n<div class=\"shipping-rates-free-over col medium-2 small-12 large-2\">\n<div class=\"col-inner\"><span data-attribute=\"Free over:\">80,00 EUR<\/span><\/div>\n<\/div>\n<\/div>\n<div class=\"shipping-rates-row row row-collapse\">\n<div class=\"shipping-rates-country col medium-8 small-12 large-8\">\n<div class=\"col-inner\">Bulgaria &#8211; Sameday BG shipping (4-7 working days)<\/div>\n<\/div>\n<div class=\"shipping-rates-shipping-rates col medium-2 small-12 large-2\">\n<div class=\"col-inner\"><span data-attribute=\"Shipping rates:\">7,90 EUR<\/span><\/div>\n<\/div>\n<div class=\"shipping-rates-free-over col medium-2 small-12 large-2\">\n<div class=\"col-inner\"><span data-attribute=\"Free over:\">80,00 EUR<\/span><\/div>\n<\/div>\n<\/div>\n<div class=\"shipping-rates-row row row-collapse\">\n<div class=\"shipping-rates-country col medium-8 small-12 large-8\">\n<div class=\"col-inner\">Czech Republic &#8211; WEDO CZ shipping (3-5 working days)<\/div>\n<\/div>\n<div class=\"shipping-rates-shipping-rates col medium-2 small-12 large-2\">\n<div class=\"col-inner\"><span data-attribute=\"Shipping rates:\">5,90 EUR<\/span><\/div>\n<\/div>\n<div class=\"shipping-rates-free-over col medium-2 small-12 large-2\">\n<div class=\"col-inner\"><span data-attribute=\"Free over:\">80,00 EUR<\/span><\/div>\n<\/div>\n<\/div>\n<div class=\"shipping-rates-row row row-collapse\">\n<div class=\"shipping-rates-country col medium-8 small-12 large-8\">\n<div class=\"col-inner\">Denmark &#8211; DPD DNK shipping (4-7 working days)<\/div>\n<\/div>\n<div class=\"shipping-rates-shipping-rates col medium-2 small-12 large-2\">\n<div class=\"col-inner\"><span data-attribute=\"Shipping rates:\">9,90 EUR<\/span><\/div>\n<\/div>\n<div class=\"shipping-rates-free-over col medium-2 small-12 large-2\">\n<div class=\"col-inner\"><span data-attribute=\"Free over:\">80,00 EUR<\/span><\/div>\n<\/div>\n<\/div>\n<div class=\"shipping-rates-row row row-collapse\">\n<div class=\"shipping-rates-country col medium-8 small-12 large-8\">\n<div class=\"col-inner\">Estonia &#8211; DPD EST shipping (4-7 working days)<\/div>\n<\/div>\n<div class=\"shipping-rates-shipping-rates col medium-2 small-12 large-2\">\n<div class=\"col-inner\"><span data-attribute=\"Shipping rates:\">11,90 EUR<\/span><\/div>\n<\/div>\n<div class=\"shipping-rates-free-over col medium-2 small-12 large-2\">\n<div class=\"col-inner\"><span data-attribute=\"Free over:\">80,00 EUR<\/span><\/div>\n<\/div>\n<\/div>\n<div class=\"shipping-rates-row row row-collapse\">\n<div class=\"shipping-rates-country col medium-8 small-12 large-8\">\n<div class=\"col-inner\">France &#8211; DPD FRA shipping (4-7 working days)<\/div>\n<\/div>\n<div class=\"shipping-rates-shipping-rates col medium-2 small-12 large-2\">\n<div class=\"col-inner\"><span data-attribute=\"Shipping rates:\">9,90 EUR<\/span><\/div>\n<\/div>\n<div class=\"shipping-rates-free-over col medium-2 small-12 large-2\">\n<div class=\"col-inner\"><span data-attribute=\"Free over:\">80,00 EUR<\/span><\/div>\n<\/div>\n<\/div>\n<div class=\"shipping-rates-row row row-collapse\">\n<div class=\"shipping-rates-country col medium-8 small-12 large-8\">\n<div class=\"col-inner\">Greece &#8211; DPD GR shipping (4-7 working days)<\/div>\n<\/div>\n<div class=\"shipping-rates-shipping-rates col medium-2 small-12 large-2\">\n<div class=\"col-inner\"><span data-attribute=\"Shipping rates:\">9,90 EUR<\/span><\/div>\n<\/div>\n<div class=\"shipping-rates-free-over col medium-2 small-12 large-2\">\n<div class=\"col-inner\"><span data-attribute=\"Free over:\">80,00 EUR<\/span><\/div>\n<\/div>\n<\/div>\n<div class=\"shipping-rates-row row row-collapse\">\n<div class=\"shipping-rates-country col medium-8 small-12 large-8\">\n<div class=\"col-inner\">Hungary &#8211; GLS HU shipping (4-7 working days)<\/div>\n<\/div>\n<div class=\"shipping-rates-shipping-rates col medium-2 small-12 large-2\">\n<div class=\"col-inner\"><span data-attribute=\"Shipping rates:\">5,90 EUR<\/span><\/div>\n<\/div>\n<div class=\"shipping-rates-free-over col medium-2 small-12 large-2\">\n<div class=\"col-inner\"><span data-attribute=\"Free over:\">80,00 EUR<\/span><\/div>\n<\/div>\n<\/div>\n<div class=\"shipping-rates-row row row-collapse\">\n<div class=\"shipping-rates-country col medium-8 small-12 large-8\">\n<div class=\"col-inner\">Ireland &#8211; DPD IRL shipping (4-7 working days)<\/div>\n<\/div>\n<div class=\"shipping-rates-shipping-rates col medium-2 small-12 large-2\">\n<div class=\"col-inner\"><span data-attribute=\"Shipping rates:\">11,90 EUR<\/span><\/div>\n<\/div>\n<div class=\"shipping-rates-free-over col medium-2 small-12 large-2\">\n<div class=\"col-inner\"><span data-attribute=\"Free over:\">80,00 EUR<\/span><\/div>\n<\/div>\n<\/div>\n<div class=\"shipping-rates-row row row-collapse\">\n<div class=\"shipping-rates-country col medium-8 small-12 large-8\">\n<div class=\"col-inner\">Lithuania &#8211; DPD LT shipping (4-7 working days)<\/div>\n<\/div>\n<div class=\"shipping-rates-shipping-rates col medium-2 small-12 large-2\">\n<div class=\"col-inner\"><span data-attribute=\"Shipping rates:\">9,90 EUR<\/span><\/div>\n<\/div>\n<div class=\"shipping-rates-free-over col medium-2 small-12 large-2\">\n<div class=\"col-inner\"><span data-attribute=\"Free over:\">80,00 EUR<\/span><\/div>\n<\/div>\n<\/div>\n<div class=\"shipping-rates-row row row-collapse\">\n<div class=\"shipping-rates-country col medium-8 small-12 large-8\">\n<div class=\"col-inner\">Latvia &#8211; DPD LT shipping (4-7 working days)<\/div>\n<\/div>\n<div class=\"shipping-rates-shipping-rates col medium-2 small-12 large-2\">\n<div class=\"col-inner\"><span data-attribute=\"Shipping rates:\">9,90 EUR<\/span><\/div>\n<\/div>\n<div class=\"shipping-rates-free-over col medium-2 small-12 large-2\">\n<div class=\"col-inner\"><span data-attribute=\"Free over:\">80,00 EUR<\/span><\/div>\n<\/div>\n<\/div>\n<div class=\"shipping-rates-row row row-collapse\">\n<div class=\"shipping-rates-country col medium-8 small-12 large-8\">\n<div class=\"col-inner\">Poland &#8211; InPost POL shipping (3-5 working days)<\/div>\n<\/div>\n<div class=\"shipping-rates-shipping-rates col medium-2 small-12 large-2\">\n<div class=\"col-inner\"><span data-attribute=\"Shipping rates:\">5,90 EUR<\/span><\/div>\n<\/div>\n<div class=\"shipping-rates-free-over col medium-2 small-12 large-2\">\n<div class=\"col-inner\"><span data-attribute=\"Free over:\">80,00 EUR<\/span><\/div>\n<\/div>\n<\/div>\n<div class=\"shipping-rates-row row row-collapse\">\n<div class=\"shipping-rates-country col medium-8 small-12 large-8\">\n<div class=\"col-inner\">Portugal &#8211; DPD PT shipping (4-7 working days)<\/div>\n<\/div>\n<div class=\"shipping-rates-shipping-rates col medium-2 small-12 large-2\">\n<div class=\"col-inner\"><span data-attribute=\"Shipping rates:\">9,90 EUR<\/span><\/div>\n<\/div>\n<div class=\"shipping-rates-free-over col medium-2 small-12 large-2\">\n<div class=\"col-inner\"><span data-attribute=\"Free over:\">80,00 EUR<\/span><\/div>\n<\/div>\n<\/div>\n<div class=\"shipping-rates-row row row-collapse\">\n<div class=\"shipping-rates-country col medium-8 small-12 large-8\">\n<div class=\"col-inner\">Slovakia &#8211; GLS SK shipping (3-5 working days)<\/div>\n<\/div>\n<div class=\"shipping-rates-shipping-rates col medium-2 small-12 large-2\">\n<div class=\"col-inner\"><span data-attribute=\"Shipping rates:\">5,90 EUR<\/span><\/div>\n<\/div>\n<div class=\"shipping-rates-free-over col medium-2 small-12 large-2\">\n<div class=\"col-inner\"><span data-attribute=\"Free over:\">80,00 EUR<\/span><\/div>\n<\/div>\n<\/div>\n<div class=\"shipping-rates-row row row-collapse\">\n<div class=\"shipping-rates-country col medium-8 small-12 large-8\">\n<div class=\"col-inner\">Spain &#8211; DPD ESP shipping (4-7 working days)<\/div>\n<\/div>\n<div class=\"shipping-rates-shipping-rates col medium-2 small-12 large-2\">\n<div class=\"col-inner\"><span data-attribute=\"Shipping rates:\">11,90 EUR<\/span><\/div>\n<\/div>\n<div class=\"shipping-rates-free-over col medium-2 small-12 large-2\">\n<div class=\"col-inner\"><span data-attribute=\"Free over:\">80,00 EUR<\/span><\/div>\n<\/div>\n<\/div>\n<div class=\"shipping-rates-row row row-collapse\">\n<div class=\"shipping-rates-country col medium-8 small-12 large-8\">\n<div class=\"col-inner\">Sweden &#8211; DPD SWE shipping (4-7 working days)<\/div>\n<\/div>\n<div class=\"shipping-rates-shipping-rates col medium-2 small-12 large-2\">\n<div class=\"col-inner\"><span data-attribute=\"Shipping rates:\">14,90 EUR<\/span><\/div>\n<\/div>\n<div class=\"shipping-rates-free-over col medium-2 small-12 large-2\">\n<div class=\"col-inner\"><span data-attribute=\"Free over:\">80,00 EUR<\/span><\/div>\n<\/div>\n<\/div>\n<div class=\"shipping-rates-row row row-collapse\">\n<div class=\"shipping-rates-country col medium-8 small-12 large-8\">\n<div class=\"col-inner\">Romania &#8211; DPD RO shipping (4-7 working days)<\/div>\n<\/div>\n<div class=\"shipping-rates-shipping-rates col medium-2 small-12 large-2\">\n<div class=\"col-inner\"><span data-attribute=\"Shipping rates:\">7,90 EUR<\/span><\/div>\n<\/div>\n<div class=\"shipping-rates-free-over col medium-2 small-12 large-2\">\n<div class=\"col-inner\"><span data-attribute=\"Free over:\">80,00 EUR<\/span><\/div>\n<\/div>\n<\/div>\n<\/div>\n<\/div>\n\n\t\t<\/div>\n\t\t\t\t\t<\/div>\n\n\t\n<\/div>\n\t\t<\/div>\n\n\t\t\n<style>\n#section_497016705 {\n  padding-top: 0px;\n  padding-bottom: 0px;\n}\n<\/style>\n\t<\/section>\n\t\n\n\t<section class=\"section\" id=\"section_1137899070\">\n\t\t<div class=\"section-bg fill\" >\n\t\t\t\t\t\t\t\t\t\n\t\t\t\n\n\t\t<\/div>\n\n\t\t\n\n\t\t<div class=\"section-content relative\">\n\t\t\t\n<div class=\"row\"  id=\"row-2011228765\">\n\n\t<div id=\"col-1058646636\" class=\"col small-12 large-12 small-col-first\"  >\n\t\t\t\t<div class=\"col-inner\"  >\n\t\t\t\n\t\t\t\n<h2 id=\"returns\">POVRATI<\/h2>\n<p>Ponekad se mo\u017ee dogoditi da odabrani proizvodi ne ispune u potpunosti na\u0161a o\u010dekivanja ili se predomislimo o njima. Nema problema, uvijek mo\u017eete vratiti naru\u010deni proizvod unutar 14 dana od dana isporuke.<\/p>\n<p>Ovdje su 3 jednostavna koraka kako izvr\u0161iti povrat proizvoda.<\/p>\n<ol>\n<li><strong>Obavijestite nas o povratu<br \/>\n<\/strong>Nakon \u0161to je va\u0161 paket isporu\u010den, ali niste potpuno zadovoljni svojom narud\u017ebom i \u017eelite izvr\u0161iti povrat, kontaktirajte nas u roku od 14 dana od dana isporuke. Mo\u017eete nas obavijestiti putem adrese e-po\u0161te <a href=\"mailto:info@azurefilm.com\">info@azurefilm.com<\/a><\/li>\n<li><strong> Ispunite obrazac i pripremite paket<br \/>\n<\/strong>Ispunite sva polja <a href=\"\/wp-content\/uploads\/2023\/11\/return-form-fillable-hr.pdf\">obrasca za povrat<\/a> (poveznica) i dobro zapakirajte svoju po\u0161iljku. Proizvode je potrebno vratiti u <b>originalnoj ambala\u017ei, neo\u0161te\u0107ene i nekori\u0161tene. <\/b>. Uz <strong>Obrazac za povrat<\/strong>i proizvod, potrebno je prilo\u017eiti i <strong>originalni ra\u010dun.<\/strong>Proizvode je potrebno staviti u <b>dodatnu za\u0161titnu ambala\u017eu<\/b> kako bi se za\u0161titila originalna ambala\u017ea proizvoda (npr. kartonska kutija). Po\u0161aljite nam ili donesite paket na <a href=\"https:\/\/www.google.com\/maps?sca_esv=580046813&amp;output=search&amp;q=AzureFilm+d.o.o.,+Orle%C5%A1ka+16,+6210+Se%C5%BEana,+Slovenia&amp;source=lnms&amp;entry=mc&amp;sa=X&amp;ved=2ahUKEwiiybibpLGCAxW8_rsIHUF1BpwQ0pQJegQIDBAB\" target=\"_blank\" rel=\"noopener\">AzureFilm d.o.o., Orle\u0161ka 16, 6210 Se\u017eana, Slovenija<\/a>. Vra\u0107ene proizvode morate nam dostaviti u roku od 30 dana od dana primitka paketa.<\/li>\n<li><strong>Povrat novca<br \/>\n<\/strong>Kada paket bude isporu\u010den AzureFilmu, proizvod \u0107e biti ispitan radi mogu\u0107ih o\u0161te\u0107enja i nedostataka. Ako je sve u redu s vra\u0107enim proizvodima, povrat novca \u0107e vam biti vra\u0107en u roku od najvi\u0161e 14 dana od dana zaprimanja svih potrebnih dokumenata i proizvoda.<a href=\"\/wp-content\/uploads\/2023\/11\/return-form-fillable-hr.pdf\">OVDJE<\/a> mo\u017eete prona\u0107i Obrazac za povrat.<\/li>\n<\/ol>\n\t\t<\/div>\n\t\t\t\t\t<\/div>\n\n\t\n<\/div>\n\t\t<\/div>\n\n\t\t\n<style>\n#section_1137899070 {\n  padding-top: 0px;\n  padding-bottom: 0px;\n}\n<\/style>\n\t<\/section>\n\t\n","protected":false},"excerpt":{"rendered":"","protected":false},"author":1,"featured_media":0,"parent":0,"menu_order":0,"comment_status":"closed","ping_status":"closed","template":"page-blank.php","meta":{"_acf_changed":false,"footnotes":""},"class_list":["post-16362","page","type-page","status-publish","hentry"],"acf":[],"_links":{"self":[{"href":"https:\/\/azurefilm.com\/hr\/wp-json\/wp\/v2\/pages\/16362","targetHints":{"allow":["GET"]}}],"collection":[{"href":"https:\/\/azurefilm.com\/hr\/wp-json\/wp\/v2\/pages"}],"about":[{"href":"https:\/\/azurefilm.com\/hr\/wp-json\/wp\/v2\/types\/page"}],"author":[{"embeddable":true,"href":"https:\/\/azurefilm.com\/hr\/wp-json\/wp\/v2\/users\/1"}],"replies":[{"embeddable":true,"href":"https:\/\/azurefilm.com\/hr\/wp-json\/wp\/v2\/comments?post=16362"}],"version-history":[{"count":1,"href":"https:\/\/azurefilm.com\/hr\/wp-json\/wp\/v2\/pages\/16362\/revisions"}],"predecessor-version":[{"id":104648,"href":"https:\/\/azurefilm.com\/hr\/wp-json\/wp\/v2\/pages\/16362\/revisions\/104648"}],"wp:attachment":[{"href":"https:\/\/azurefilm.com\/hr\/wp-json\/wp\/v2\/media?parent=16362"}],"curies":[{"name":"wp","href":"https:\/\/api.w.org\/{rel}","templated":true}]}}