
{"id":23432,"date":"2023-12-06T07:27:23","date_gmt":"2023-12-06T07:27:23","guid":{"rendered":"https:\/\/azurefilm.com\/print-happiness\/"},"modified":"2023-12-06T12:46:22","modified_gmt":"2023-12-06T12:46:22","slug":"print-happiness","status":"publish","type":"page","link":"https:\/\/azurefilm.com\/hr\/print-happiness\/","title":{"rendered":"Print Happiness"},"content":{"rendered":"\n\t<section class=\"section\" id=\"section_1603473760\">\n\t\t<div class=\"section-bg fill\" >\n\t\t\t\t\t\t\t\t\t\n\t\t\t\n\n\t\t<\/div>\n\n\t\t\n\n\t\t<div class=\"section-content relative\">\n\t\t\t\n<div class=\"row row-collapse row-full-width\"  id=\"row-1377901149\">\n\n\t<div id=\"col-283395165\" class=\"col small-12 large-12\"  >\n\t\t\t\t<div class=\"col-inner\"  >\n\t\t\t\n\t\t\t\n\n  <div class=\"banner has-hover\" id=\"banner-986878180\">\n          <div class=\"banner-inner fill\">\n        <div class=\"banner-bg fill\" >\n            <img loading=\"lazy\" decoding=\"async\" width=\"2000\" height=\"780\" src=\"https:\/\/azurefilm.com\/wp-content\/uploads\/2023\/12\/hr_XMAS-video-banner-desktop-2060-x-780px-1.jpg\" class=\"bg attachment-original size-original\" alt=\"\" title=\"\">                                    \n                    <\/div>\n\t\t\n        <div class=\"banner-layers container\">\n            <div class=\"fill banner-link\"><\/div>            \n   <div id=\"text-box-1266176637\" class=\"text-box banner-layer x50 md-x50 lg-x50 y50 md-y50 lg-y50 res-text\">\n                                <div class=\"text-box-content text dark\">\n              \n              <div class=\"text-inner text-center\">\n                  \n              <\/div>\n           <\/div>\n                            \n<style>\n#text-box-1266176637 {\n  width: 60%;\n}\n#text-box-1266176637 .text-box-content {\n  font-size: 100%;\n}\n@media (min-width:550px) {\n  #text-box-1266176637 {\n    width: 60%;\n  }\n}\n<\/style>\n    <\/div>\n \n        <\/div>\n      <\/div>\n\n            \n<style>\n#banner-986878180 {\n  padding-top: 200px;\n}\n#banner-986878180 .banner-bg img {\n  object-position: 50% 23%;\n}\n@media (min-width:550px) {\n  #banner-986878180 {\n    padding-top: 500px;\n  }\n}\n<\/style>\n  <\/div>\n\n\n\t\t<\/div>\n\t\t\t\t\t<\/div>\n\n\t\n<\/div>\n\t\t<\/div>\n\n\t\t\n<style>\n#section_1603473760 {\n  padding-top: 0px;\n  padding-bottom: 0px;\n}\n<\/style>\n\t<\/section>\n\t\n\n\t<section class=\"section pb-0\" id=\"section_595205460\">\n\t\t<div class=\"section-bg fill\" >\n\t\t\t\t\t\t\t\t\t\n\t\t\t\n\n\t\t<\/div>\n\n\t\t\n\n\t\t<div class=\"section-content relative\">\n\t\t\t\n<div class=\"row\"  id=\"row-779890513\">\n\n\t<div id=\"col-1153397239\" class=\"col small-12 large-12\"  >\n\t\t\t\t<div class=\"col-inner\"  >\n\t\t\t\n\t\t\t\n<h1>Stigao je prosinac i blagdanska \u010darolija ispunjava zrak uzbu\u0111enjem, rado\u0161\u0107u i da\u0161kom kreativnosti. Kako bismo proslavili ovo predivno doba godine, napravili smo dvije inicijative za \u0161irenje sre\u0107e i pozitive.<\/h1>\n\t<div id=\"gap-738505606\" class=\"gap-element clearfix\" style=\"display:block; height:auto;\">\n\t\t\n<style>\n#gap-738505606 {\n  padding-top: 50px;\n}\n<\/style>\n\t<\/div>\n\t\n<h2>Pro\u0161iri radost uz pokret Printanja sre\u0107e!<\/h2>\n<p>Ovih blagdana odbacimo generi\u010dke darove i kreirajmo ne\u0161to posebno uz snagu 3D printanja. Isprintajmo darove koji \u0107e izmamiti osmijeh na lica tvojih najmilijih, prijatelja, pa \u010dak i nepoznatih ljudi.<\/p>\n<p>Kako sudjelovati:<\/p>\n<ul>\n<li>Snimi darivanje, objavi ga na svojoj Instagram pri\u010di, ozna\u010di @azurefilm3d i iskoristi hashtag #PrintHappiness.<\/li>\n<li>Nakon \u0161to nas ozna\u010dite, odgovorit \u0107emo s kodom za popust.<\/li>\n<li>Za sudjelovanje ima\u0161 vremena do 20. prosinca.<\/li>\n<\/ul>\n<p><strong>Nagrada:<\/strong> svi sudionici dobivaju poseban kod za 20% popusta na filamente koji se mo\u017ee iskoristiti na sljede\u0107oj narud\u017ebi u sije\u010dnju.<\/p>\n\t\t<\/div>\n\t\t\t\t\n<style>\n#col-1153397239 > .col-inner {\n  padding: 1.5rem 0px 0px 0px;\n}\n<\/style>\n\t<\/div>\n\n\t\n<\/div>\n\t\t<\/div>\n\n\t\t\n<style>\n#section_595205460 {\n  padding-top: 30px;\n  padding-bottom: 30px;\n}\n<\/style>\n\t<\/section>\n\t\n\n\t<section class=\"section pt-0\" id=\"section_1850798523\">\n\t\t<div class=\"section-bg fill\" >\n\t\t\t\t\t\t\t\t\t\n\t\t\t\n\n\t\t<\/div>\n\n\t\t\n\n\t\t<div class=\"section-content relative\">\n\t\t\t\n<div class=\"row\"  id=\"row-1171602129\">\n\n\t<div id=\"col-522436325\" class=\"col small-12 large-12\"  >\n\t\t\t\t<div class=\"col-inner\"  >\n\t\t\t\n\t\t\t\n<h2>Oslobodi kreativnost uz natjecanje Bo\u017ei\u0107nog printanja!<\/h2>\n<p>Izazivamo te da dizajnira\u0161 svoj jedinstveni blagdanski ukras koriste\u0107i na\u0161 PLA Wood filament. Pusti ma\u0161ti na volju i kreiraj ne\u0161to \u0161to odra\u017eava tvoj blagdanski duh.<\/p>\n<p><strong>Kako sudjelovati:<\/strong><\/p>\n<ul>\n<li>Uputi se na na\u0161u internet stranicu i ispuni obrazac za prijavu.<\/li>\n<li>Nakon prijave poslat \u0107emo ti tri uzorka PLA Wood filamenta (3x50g).<\/li>\n<li>Dizajniraj bo\u017ei\u0107ni ukras i isprintaj ga. Snimi video cijelog procesa.<\/li>\n<li>Podijeli svoj video na Instagramu, ozna\u010di @azurefilm3d i koristi hashtag #PrintXmas.<\/li>\n<\/ul>\n<p><strong>Nagrada:<\/strong> Od svih sudionika izvu\u0107i \u0107emo jednog sretnog dobitnika koji \u0107e osvojiti nagradu od 3x750g PLA Wood filamenta po svom izboru.<\/p>\n\t\t<\/div>\n\t\t\t\t\t<\/div>\n\n\t\n\n\t<div id=\"col-1185628913\" class=\"col small-12 large-12\"  >\n\t\t\t\t<div class=\"col-inner\"  >\n\t\t\t\n\t\t\t\n\n<div class=\"wpcf7 no-js\" id=\"wpcf7-f23445-o1\" lang=\"hr\" dir=\"ltr\" data-wpcf7-id=\"23445\">\n<div class=\"screen-reader-response\"><p role=\"status\" aria-live=\"polite\" aria-atomic=\"true\"><\/p> <ul><\/ul><\/div>\n<form action=\"\/hr\/wp-json\/wp\/v2\/pages\/23432#wpcf7-f23445-o1\" method=\"post\" class=\"wpcf7-form init\" aria-label=\"Kontakt obrazac\" novalidate=\"novalidate\" data-status=\"init\">\n<fieldset class=\"hidden-fields-container\"><input type=\"hidden\" name=\"_wpcf7\" value=\"23445\" \/><input type=\"hidden\" name=\"_wpcf7_version\" value=\"6.1.5\" \/><input type=\"hidden\" name=\"_wpcf7_locale\" value=\"hr\" \/><input type=\"hidden\" name=\"_wpcf7_unit_tag\" value=\"wpcf7-f23445-o1\" \/><input type=\"hidden\" name=\"_wpcf7_container_post\" value=\"0\" \/><input type=\"hidden\" name=\"_wpcf7_posted_data_hash\" value=\"\" \/>\n<\/fieldset>\n<div class=\"wpcf7-turnstile cf-turnstile\" data-sitekey=\"0x4AAAAAAB5R05neHM8iS1aG\" data-response-field-name=\"_wpcf7_turnstile_response\"><\/div>\n\n<div class=\"contact-us-form\">\n\t<h2>Obrazac za prijavu na Print Xmas natje\u010daj\n\t<\/h2>\n\t<div class=\"contact-content\">\n\t\t<p><label><br \/>\n<span class=\"wpcf7-form-control-wrap\" data-name=\"text-300\"><input size=\"40\" maxlength=\"400\" class=\"wpcf7-form-control wpcf7-text wpcf7-validates-as-required\" aria-required=\"true\" aria-invalid=\"false\" placeholder=\"Ime\" value=\"\" type=\"text\" name=\"text-300\" \/><\/span> <\/label>\n\t\t<\/p>\n\t\t<p><label><br \/>\n<span class=\"wpcf7-form-control-wrap\" data-name=\"text-301\"><input size=\"40\" maxlength=\"400\" class=\"wpcf7-form-control wpcf7-text wpcf7-validates-as-required\" aria-required=\"true\" aria-invalid=\"false\" placeholder=\"Prezime\" value=\"\" type=\"text\" name=\"text-301\" \/><\/span> <\/label>\n\t\t<\/p>\n\t\t<p><label><br \/>\n<span class=\"wpcf7-form-control-wrap\" data-name=\"text-302\"><input size=\"40\" maxlength=\"400\" class=\"wpcf7-form-control wpcf7-text wpcf7-validates-as-required\" aria-required=\"true\" aria-invalid=\"false\" placeholder=\"Adresa\" value=\"\" type=\"text\" name=\"text-302\" \/><\/span> <\/label>\n\t\t<\/p>\n\t\t<p><label><br \/>\n<span class=\"wpcf7-form-control-wrap\" data-name=\"text-303\"><input size=\"40\" maxlength=\"400\" class=\"wpcf7-form-control wpcf7-text wpcf7-validates-as-required\" aria-required=\"true\" aria-invalid=\"false\" placeholder=\"Ku\u0107ni broj\" value=\"\" type=\"text\" name=\"text-303\" \/><\/span> <\/label>\n\t\t<\/p>\n\t\t<p><label><br \/>\n<span class=\"wpcf7-form-control-wrap\" data-name=\"text-304\"><input size=\"40\" maxlength=\"400\" class=\"wpcf7-form-control wpcf7-text wpcf7-validates-as-required\" aria-required=\"true\" aria-invalid=\"false\" placeholder=\"Po\u0161tanski broj\" value=\"\" type=\"text\" name=\"text-304\" \/><\/span> <\/label>\n\t\t<\/p>\n\t\t<p><label><br \/>\n<span class=\"wpcf7-form-control-wrap\" data-name=\"text-305\"><input size=\"40\" maxlength=\"400\" class=\"wpcf7-form-control wpcf7-text wpcf7-validates-as-required\" aria-required=\"true\" aria-invalid=\"false\" placeholder=\"Grad\" value=\"\" type=\"text\" name=\"text-305\" \/><\/span> <\/label>\n\t\t<\/p>\n\t\t<p><label><br \/>\n<span class=\"wpcf7-form-control-wrap\" data-name=\"text-306\"><input size=\"40\" maxlength=\"400\" class=\"wpcf7-form-control wpcf7-text wpcf7-validates-as-required\" aria-required=\"true\" aria-invalid=\"false\" placeholder=\"Dr\u017eava\" value=\"\" type=\"text\" name=\"text-306\" \/><\/span> <\/label>\n\t\t<\/p>\n\t\t<p><label><br \/>\n<span class=\"wpcf7-form-control-wrap\" data-name=\"email-224\"><input size=\"40\" maxlength=\"400\" class=\"wpcf7-form-control wpcf7-email wpcf7-validates-as-required wpcf7-text wpcf7-validates-as-email\" aria-required=\"true\" aria-invalid=\"false\" placeholder=\"E-mail\" value=\"\" type=\"email\" name=\"email-224\" \/><\/span> <\/label>\n\t\t<\/p>\n\t\t<p><label><br \/>\n<span class=\"wpcf7-form-control-wrap\" data-name=\"tel-15\"><input size=\"40\" maxlength=\"400\" class=\"wpcf7-form-control wpcf7-tel wpcf7-validates-as-required wpcf7-text wpcf7-validates-as-tel\" aria-required=\"true\" aria-invalid=\"false\" placeholder=\"Mobitel\" value=\"\" type=\"tel\" name=\"tel-15\" \/><\/span> <\/label>\n\t\t<\/p>\n\t<\/div>\n\t<p class=\"contact-form-notice\"><span class=\"wpcf7-form-control-wrap\" data-name=\"accept-this-1\"><span class=\"wpcf7-form-control wpcf7-acceptance\"><span class=\"wpcf7-list-item\"><label><input type=\"checkbox\" name=\"accept-this-1\" value=\"1\" aria-invalid=\"false\" \/><span class=\"wpcf7-list-item-label\">Sudjelovanjem u Print Xmas natje\u010daju potvr\u0111ujete da ste pro\u010ditali i suglasni s ovim Uvjetima i odredbama.<\/span><\/label><\/span><\/span><\/span>\n\t<\/p>\n<\/div>\n<div class=\"contact-us-button-container\">\n\t<p><input class=\"wpcf7-form-control wpcf7-submit has-spinner\" type=\"submit\" value=\"PO\u0160ALJI\" \/>\n\t<\/p>\n<\/div><div class=\"wpcf7-response-output\" aria-hidden=\"true\"><\/div>\n<\/form>\n<\/div>\n\n\t\t<\/div>\n\t\t\t\t\t<\/div>\n\n\t\n\n\t<div id=\"col-1059456299\" class=\"col small-12 large-12\"  >\n\t\t\t\t<div class=\"col-inner\"  >\n\t\t\t\n\t\t\t\n<h2>Uvjeti i odredbe za Print Xmas natje\u010daj<\/h2>\n<p>Sudionici moraju ispuniti prijavni obrazac u cijelosti kako bi se prijavili. Nepotpuni ili neto\u010dni obrasci mogu rezultirati diskvalifikacijom.<\/p>\n<p>Nakon uspje\u0161ne prijave, sudionici \u0107e primiti tri uzorka PLA Wood filma (3x50g). Uzorci filma bit \u0107e poslani na adresu navedenu u prijavnom obrascu.<\/p>\n<p>Sudionici su obavezni dizajnirati bo\u017ei\u0107ni ukras koriste\u0107i prilo\u017eeni PLA Wood filament. Samo dizajni stvoreni s prilo\u017eenim filamentom imaju pravo sudjelovati u natje\u010daju.<\/p>\n<p>Sudionici moraju snimiti cijeli postupak dizajniranja i tiskanja svog bo\u017ei\u0107nog ukrasa. Videozapise treba podijeliti na Instagramu, ozna\u010diti @azurefilm3d i koristiti oznaku #PrintXmas.<\/p>\n<p>Rok za dostavu videa je do kraja 19. prosinca. Kasne prijave ne\u0107e biti uzete u obzir.<\/p>\n<p>Pobjednika \u0107e se slu\u010dajnim odabirom izvu\u0107i izme\u0111u svih sudionika 20.<\/p>\n\t\t<\/div>\n\t\t\t\t\t<\/div>\n\n\t\n<\/div>\n\t\t<\/div>\n\n\t\t\n<style>\n#section_1850798523 {\n  padding-top: 30px;\n  padding-bottom: 30px;\n}\n<\/style>\n\t<\/section>\n\t\n","protected":false},"excerpt":{"rendered":"","protected":false},"author":1,"featured_media":0,"parent":0,"menu_order":0,"comment_status":"closed","ping_status":"closed","template":"page-blank.php","meta":{"_acf_changed":false,"footnotes":""},"class_list":["post-23432","page","type-page","status-publish","hentry"],"acf":[],"_links":{"self":[{"href":"https:\/\/azurefilm.com\/hr\/wp-json\/wp\/v2\/pages\/23432","targetHints":{"allow":["GET"]}}],"collection":[{"href":"https:\/\/azurefilm.com\/hr\/wp-json\/wp\/v2\/pages"}],"about":[{"href":"https:\/\/azurefilm.com\/hr\/wp-json\/wp\/v2\/types\/page"}],"author":[{"embeddable":true,"href":"https:\/\/azurefilm.com\/hr\/wp-json\/wp\/v2\/users\/1"}],"replies":[{"embeddable":true,"href":"https:\/\/azurefilm.com\/hr\/wp-json\/wp\/v2\/comments?post=23432"}],"version-history":[{"count":0,"href":"https:\/\/azurefilm.com\/hr\/wp-json\/wp\/v2\/pages\/23432\/revisions"}],"wp:attachment":[{"href":"https:\/\/azurefilm.com\/hr\/wp-json\/wp\/v2\/media?parent=23432"}],"curies":[{"name":"wp","href":"https:\/\/api.w.org\/{rel}","templated":true}]}}