
{"id":32144,"date":"2024-04-12T12:21:21","date_gmt":"2024-04-12T12:21:21","guid":{"rendered":"https:\/\/azurefilm.com\/frequently-asked-questions\/"},"modified":"2024-04-12T12:26:12","modified_gmt":"2024-04-12T12:26:12","slug":"cesto-postavljana-pitanja","status":"publish","type":"page","link":"https:\/\/azurefilm.com\/hr\/cesto-postavljana-pitanja\/","title":{"rendered":"\u010cesto postavljana pitanja"},"content":{"rendered":"\n\t<section class=\"section\" id=\"section_825663003\">\n\t\t<div class=\"section-bg fill\" >\n\t\t\t\t\t\t\t\t\t\n\t\t\t\n\n\t\t<\/div>\n\n\t\t\n\n\t\t<div class=\"section-content relative\">\n\t\t\t\n\n<div class=\"row\"  id=\"row-1109351873\">\n\n\n\t<div id=\"col-33534503\" class=\"col small-12 large-12\"  >\n\t\t\t\t<div class=\"col-inner\"  >\n\t\t\t\n\t\t\t\n\n\t<div id=\"text-3404177887\" class=\"text\">\n\t\t\n\n<h2 class=\"uppercase\">\u010cesto Postavljena Pitanja<\/h2>\n\n\t\t\n<style>\n#text-3404177887 {\n  text-align: center;\n}\n<\/style>\n\t<\/div>\n\t\n\n\t\t<\/div>\n\t\t\t\t\t<\/div>\n\n\t\n\n<\/div>\n<div class=\"row\"  id=\"row-951578359\">\n\n\n\t<div id=\"col-964076165\" class=\"col small-12 large-12\"  >\n\t\t\t\t<div class=\"col-inner\"  >\n\t\t\t\n\t\t\t\n\n<div class=\"accordion\">\n\n\t<div id=\"accordion-501314107\" class=\"accordion-item\">\n\t\t<a id=\"accordion-501314107-label\" class=\"accordion-title plain\" href=\"#accordion-item-\u0160to-je-3d-printanje?\" aria-expanded=\"false\" aria-controls=\"accordion-501314107-content\">\n\t\t\t<button class=\"toggle\" aria-label=\"Toggle\"><i class=\"icon-angle-down\" aria-hidden=\"true\"><\/i><\/button>\n\t\t\t<span>\u0160to je 3D printanje?<\/span>\n\t\t<\/a>\n\t\t<div id=\"accordion-501314107-content\" class=\"accordion-inner\" aria-labelledby=\"accordion-501314107-label\">\n\t\t\t\n\n<p>3D printanje ili aditivna proizvodnja <b>izra\u0111uje trodimenzionalne objekte iz digitalnih modela dodavanjem materijala sloj po sloj. <\/b>Omogu\u0107uje stvaranje slo\u017eenih oblika uz u\u010dinkovitu upotrebu materijala. Preciznost i raspon materijala su pobolj\u0161ani, \u0161to ga \u010dini klju\u010dnim za industrijsku tehnologiju.<\/p>\n<p>Postoje mnoge vrste razli\u010ditih tehnologija 3D printanja, ali najpopularnije su Fused Deposition Modeling (FDM) i stereolitografija (SLA).<\/p>\n<p><b>FDM tehnologija <\/b>je najpopularnija i najpristupa\u010dnija. <b>Ta tehnologija koristi 3D pisa\u010de za stvaranje objekata s 3D filamentima. <\/b>Filament se dovodi u cijev koja ga gura u vru\u0107i ekstruder. Filament zatim izlazi kroz mlaznicu i printa sloj po sloj na izradnoj platformi. <a style=\"font-size: 14.4px;\" href=\"https:\/\/azurefilm.com\/hr\/3d-pisaci\/fdm-3d-pisaci\/\">FDM pisa\u010di<\/a><span style=\"font-size: 14.4px;\"> su savr\u0161eni za po\u010detnike, ali i dovoljno sposobni za napredne projekte.<\/span><\/p>\n<p>Saznajte vi\u0161e o FDM printanju <a href=\"https:\/\/azurefilm.com\/hr\/2023\/10\/28\/fdm-printanje-sto-je-to-fdm\/\" target=\"_blank\" rel=\"noopener\">ovdje<\/a>.<\/p>\n<p><b>SLA pisa\u010di koriste smolaste materijale koji se stvrdnu pod UV svjetlom. <\/b>U usporedbi s drugim pisa\u010dima, SLA tehnologija omogu\u0107uje ve\u0107u detaljnost objekata. Printanje dulje traje i obujam printa je mnogo manji. Ti se pisa\u010di naj\u010de\u0161\u0107e koriste u industriji nakita i u medicini.<\/p>\n\n\t\t<\/div>\n\t<\/div>\n\t\n\t<div id=\"accordion-3121466344\" class=\"accordion-item\">\n\t\t<a id=\"accordion-3121466344-label\" class=\"accordion-title plain\" href=\"#accordion-item-koje-vrste-3d-pisa\u010da-su-dostupne?\" aria-expanded=\"false\" aria-controls=\"accordion-3121466344-content\">\n\t\t\t<button class=\"toggle\" aria-label=\"Toggle\"><i class=\"icon-angle-down\" aria-hidden=\"true\"><\/i><\/button>\n\t\t\t<span>Koje vrste 3D pisa\u010da su dostupne?<\/span>\n\t\t<\/a>\n\t\t<div id=\"accordion-3121466344-content\" class=\"accordion-inner\" aria-labelledby=\"accordion-3121466344-label\">\n\t\t\t\n\n<p>Istra\u017eite opse\u017enu kolekciju 3D pisa\u010da u na\u0161oj Internet trgovini. Bez obzira preferirate li FDM ili resin 3D pisa\u010de, otkrijte koji savr\u0161eno odgovaraju va\u0161im potrebama. Na\u0161 asortiman uklju\u010duje:<\/p>\n<ul>\n<li style=\"list-style-type: none;\">\n<ul>\n<li><a href=\"https:\/\/azurefilm.com\/hr\/3d-pisaci\/fdm-3d-pisaci\/\"><b>FDM 3D pisa\u010de<\/b><\/a><b>:<\/b> Fused Deposition Modeling (FDM) tehnologija prikladna je za po\u010detnike i napredne korisnike. Ovi pisa\u010di koriste 3D filamente otopljene u ekstruderu za izradu objekata sloj po sloj.<\/li>\n<li><a href=\"https:\/\/azurefilm.com\/hr\/3d-pisaci\/resin-3d-pisaci\/\"><b>SLA ili resin 3D pisa\u010de<\/b><\/a><span style=\"font-weight: 400;\">: Ovi pisa\u010di rade sa stereolitografijom koriste\u0107i smolaste materijale o\u010dvrsnute UV svjetlom. Ova je tehnologija idealna za detaljne predmete i uglavnom se koristi u industrijama poput nakita i medicine.<\/span><\/li>\n<li><a href=\"https:\/\/azurefilm.com\/hr\/3d-pisaci\/3d-olovka\/\"><b>3D olovke<\/b><\/a><b>: <\/b><span style=\"font-weight: 400;\">Stvorite trodimenzionalne crte\u017ee u zraku koriste\u0107i PLA filamente, pogodne za djecu, tinejd\u017eere i kreativne entuzijaste<\/span><\/li>\n<\/ul>\n<\/li>\n<\/ul>\n\n\t\t<\/div>\n\t<\/div>\n\t\n\t<div id=\"accordion-302491395\" class=\"accordion-item\">\n\t\t<a id=\"accordion-302491395-label\" class=\"accordion-title plain\" href=\"#accordion-item-koji-se-materijali-mogu-koristiti-u-3d-printanju?\" aria-expanded=\"false\" aria-controls=\"accordion-302491395-content\">\n\t\t\t<button class=\"toggle\" aria-label=\"Toggle\"><i class=\"icon-angle-down\" aria-hidden=\"true\"><\/i><\/button>\n\t\t\t<span>Koji se materijali mogu koristiti u 3D printanju?<\/span>\n\t\t<\/a>\n\t\t<div id=\"accordion-302491395-content\" class=\"accordion-inner\" aria-labelledby=\"accordion-302491395-label\">\n\t\t\t\n\n<p><a href=\"https:\/\/azurefilm.com\/hr\/3d-filamenti-hr\/pla-filamenti-hr\/\"><b>PLA<\/b><\/a><span style=\"font-weight: 400;\">: biorazgradiv i jednostavan za printanje, idealan za po\u010detnike. Dolazi u raznim izdanjima, uklju\u010duju\u0107i Silk, Wood, Neon itd. Kako biste saznali vi\u0161e o PLA filamentima, <\/span><a href=\"https:\/\/azurefilm.com\/hr\/2023\/07\/04\/pla-filamenti-sve-sto-trebas-znati\/\" target=\"_blank\" rel=\"noopener\">pro\u010ditajte na\u0161 blog<\/a>.<\/p>\n<p><a href=\"https:\/\/azurefilm.com\/hr\/3d-filamenti-hr\/petg-filamenti-hr\/\"><b>PETG<\/b><\/a>: Kombinira svojstva ABS-a i PLA, nude\u0107i \u010dvrste, otporne na toplinu i dugotrajne rezultate. Odobren za hranu. Kako biste saznali vi\u0161e o PETG filamentima, <a href=\"https:\/\/azurefilm.com\/hr\/2023\/07\/10\/petg-filamenti-sve-sto-morate-znati\/\" target=\"_blank\" rel=\"noopener\">pro\u010ditajte na\u0161 blog<\/a>.<\/p>\n<p><a href=\"https:\/\/azurefilm.com\/hr\/3d-filamenti-hr\/asa-filamenti-hr\/\"><b>ASA<\/b><\/a>: Nudi vrhunsku otpornost na UV, vodu i kemijsku otpornost, pogodan za vanjske ure\u0111aje i zahtjevna okru\u017eenja. Kako biste saznali vi\u0161e o ASA filamentima, <a href=\"https:\/\/azurefilm.com\/hr\/3d-filamenti-hr\/asa-filamenti-hr\/\" target=\"_blank\" rel=\"noopener\">pro\u010ditajte na\u0161 blog<\/a>.<\/p>\n<p><a href=\"https:\/\/azurefilm.com\/hr\/3d-filamenti-hr\/abs-filamenti-hr\/abs-plus-filamenti-hr\/\"><b>ABS PLUS<\/b><\/a>: Poznat po visokoj otpornosti na udarce, toplinskoj otpornosti i pristupa\u010dnosti. Dobar za primjene koje zahtijevaju trajnost. Kako biste saznali vi\u0161e o ABS filamentima, <a href=\"https:\/\/azurefilm.com\/hr\/2023\/07\/11\/abs-filamenti-sve-sto-morate-znati\/\" target=\"_blank\" rel=\"noopener\">pro\u010ditajte na\u0161 blog<\/a>.<\/p>\n<p><a href=\"https:\/\/azurefilm.com\/hr\/3d-filamenti-hr\/abs-filamenti-hr\/pc-abs-filamenti-hr\/\"><b>PC ABS<\/b><\/a>: Kombinacija polikarbonata i ABS-a, pru\u017ea iznimnu mehani\u010dku izvedbu, otpornost na temperaturu i kemijsku otpornost. Kako biste saznali vi\u0161e o ABS filamentima, <a href=\"https:\/\/azurefilm.com\/hr\/2023\/07\/11\/abs-filamenti-sve-sto-morate-znati\/\" target=\"_blank\" rel=\"noopener\">pro\u010ditajte na\u0161 blog<\/a>.<\/p>\n<p><a href=\"https:\/\/azurefilm.com\/hr\/3d-filamenti-hr\/carbon-fiber-filamenti-hr\/\"><strong>Carbon Fiber<\/strong><\/a>: Oja\u010dani karbonskim vlaknima, nude iznimnu \u010dvrsto\u0107u i lagana svojstva. Prikladni za industrijske primjene. Kako biste saznali vi\u0161e o filamentima od karbonskih vlakana, <a href=\"https:\/\/azurefilm.com\/hr\/2023\/07\/26\/carbon-fiber-filamenti-sve-sto-trebas-znati\/\" target=\"_blank\" rel=\"noopener\">pro\u010ditajte na\u0161 blog<\/a>.<\/p>\n<p><b>Nylon<\/b>: poznat po svojim mehani\u010dkim, kemijskim i fleksibilnim svojstvima, \u0161to ga \u010dini svestranim za razli\u010dite in\u017eenjerske zahtjeve.<\/p>\n<p><a href=\"https:\/\/azurefilm.com\/hr\/3d-filamenti-hr\/flexible-filamenti-hr\/\"><b>Flexible<\/b><\/a>: nudi kvalitete poput gume, koristi se u industriji obu\u0107e, zrakoplovnoj i automobilskoj industriji. Kako biste saznali vi\u0161e o fleksibilnim filamentima, <a href=\"https:\/\/azurefilm.com\/hr\/2023\/08\/09\/flexible-filamenti\/\" target=\"_blank\" rel=\"noopener\"><span style=\"font-weight: 400;\">pro\u010ditajte na\u0161 blog<\/span><\/a>.<\/p>\n<p><b>PEEK<\/b>: Materijal visokih performansi s izvrsnom kemijskom otporno\u0161\u0107u i laganim svojstvima, \u010desto se koristi u medicinskoj tehnologiji.<\/p>\n<p><a href=\"https:\/\/azurefilm.com\/hr\/3d-filamenti-hr\/support-filamenti-hr\/\"><b>Support (PVA)<\/b><\/a>: Topivi potporni materijal koji sprje\u010dava prevjese, otapa se u vodi kako bi isprintani objekt ostao netaknut. Kako biste saznali vi\u0161e o potpornim filamentima, <a href=\"https:\/\/azurefilm.com\/hr\/2023\/10\/28\/potporni-filamenti-sve-sto-morate-znati\/\" target=\"_blank\" rel=\"noopener\">pro\u010ditajte na\u0161 blog<\/a>.<\/p>\n<p>Ovdje mo\u017eete prona\u0107i na\u0161u usporednu tablicu filamenata kako biste lako prona\u0161li ono \u0161to odgovara va\u0161im potrebama.<\/p>\n<p><a href=\"https:\/\/azurefilm.com\/hr\/3d-filamenti-hr\/smola-hr\/\"><b>Smola<\/b><\/a>: Koristi se za postizanje iznimnih detalja i glatke zavr\u0161ne obrade, posebno u stomatolo\u0161koj industriji i industriji nakita.<\/p>\n<p>Ovi materijali zadovoljavaju \u0161irok raspon primjena, nude\u0107i razli\u010dita svojstva kako bi se zadovoljile specifi\u010dne potrebe 3D ispisa.<\/p>\n\n\t\t<\/div>\n\t<\/div>\n\t\n\t<div id=\"accordion-612130045\" class=\"accordion-item\">\n\t\t<a id=\"accordion-612130045-label\" class=\"accordion-title plain\" href=\"#accordion-item-kako-se-dizajniraju-i-stvaraju-3d-printani-objekti?\" aria-expanded=\"false\" aria-controls=\"accordion-612130045-content\">\n\t\t\t<button class=\"toggle\" aria-label=\"Toggle\"><i class=\"icon-angle-down\" aria-hidden=\"true\"><\/i><\/button>\n\t\t\t<span>Kako se dizajniraju i stvaraju 3D printani objekti?<\/span>\n\t\t<\/a>\n\t\t<div id=\"accordion-612130045-content\" class=\"accordion-inner\" aria-labelledby=\"accordion-612130045-label\">\n\t\t\t\n\n<p><span>Svako 3D printanje po\u010dinje 3D modelom izra\u0111enim pomo\u0107u programa za modeliranje. Dostupno je nekoliko korisnicima naklonjenih programa za modeliranje, od kojih su neki besplatni. Evo nekoliko popularnih opcija:<\/span><\/p>\n<ul>\n<li><b>Tinkercad:<\/b><span> Nudi ogromnu biblioteku datoteka, te korisnicima omogu\u0107uje otkrivanje prikladnih oblika i njihovo prilago\u0111avanje. Slu\u017ei kao izvrsna platforma za u\u010denje 3D modeliranja.<\/span><\/li>\n<li><b>SketchUp:<\/b><span> poznat po ravnote\u017ei izme\u0111u upotrebljivosti i funkcionalnosti, SketchUp odgovara \u0161irokom rasponu razina vje\u0161tina, \u0161to ga \u010dini idealnim izborom za mnoge.<\/span><\/li>\n<li><b>Blender:<\/b><span> Iako ima strmu krivulju u\u010denja, Blender je, kao program otvorenog koda, savr\u0161en za korisnike koji su spremni uhvatiti se u ko\u0161tac sa slo\u017eenim 3D modelima.<\/span><\/li>\n<\/ul>\n<p><span>Alternativno, mo\u017eete <\/span><b>se odlu\u010diti za lak\u0161i put i preuzeti unaprijed izra\u0111ene 3D modele<\/b><span style=\"font-weight: 400;\"> za svoje projekte. Nekoliko internet stranica i 3D arhiva nudi besplatne 3D modele, uklju\u010duju\u0107i:<\/span><\/p>\n<ul>\n<li><b>Thingiverse: <\/b><span>zajednica i platforma za dijeljenje dizajna gdje mo\u017eete istra\u017eivati i distribuirati dizajne za 3D model.<\/span><\/li>\n<li><b>Turbosquid:<\/b><span> idealno mjesto za 3D modele, koje nudi zna\u010dajan izbor. Mo\u017eete prona\u0107i mnoge izvrsne besplatne modele jednostavnim pretra\u017eivanjem rije\u010di \"besplatno\".<\/span><\/li>\n<li><b>Free3d:<\/b><span> platforma na kojoj mo\u017eete besplatno dijeliti svoje 3D materijale i u trenu preuzeti druge.<\/span><\/li>\n<\/ul>\n<p><span>Nakon \u0161to imate svoj 3D model (stvoren u programu za modeliranje ili preuzet iz arhive), sljede\u0107i korak je taj da ga unesete u svoj program za rezanje.\u00a0<\/span><\/p>\n<p><b>\u0160to je \u201creza\u010d\u201d u 3D printanju?<\/b><\/p>\n<p><span>Reza\u010di pojednostavljuju prijelaz s 3D modela na isprintani objekt dijele\u0107i CAD model na slojeve i pretvaraju\u0107i ga u G-kod.<\/span><\/p>\n<p><span>Program za rezanje tako\u0111er obuhva\u0107a klju\u010dne postavke 3D pisa\u010da kao \u0161to su temperatura, visina sloja i brzina printanja, koje su ugra\u0111ene u G-kod. Kada se model transformira u G-kod, mo\u017eete ga prenijeti na svoju Micro SD karticu (8GB radi dobro). Pobrinite se da naziv datoteke ne sadr\u017ei vi\u0161e od sedam znakova.<\/span><\/p>\n<p><span>3D pisa\u010d tuma\u010di G-kod i proizvodi model sloj po sloj, slijede\u0107i upute unutar G-koda.<\/span><\/p>\n<p><span>Preporu\u010deni programi za rezanje za po\u010detnike uklju\u010duju:<\/span><\/p>\n<ul>\n<li><b>Cura:<\/b><span> Reza\u010d otvorenog izvornog koda kompatibilan s gotovo svim 3D pisa\u010dima, poznat po svojoj jednostavnosti, brzini i svestranosti.<\/span><\/li>\n<li><b>Simplify3D: <\/b><span>Osim rezanja, Simplify3D ispravlja probleme s modelom, nudi pregled kona\u010dnog rezultata i poma\u017ee u prepoznavanju potencijalnih problema.<\/span><\/li>\n<li><b>Slic3r:<\/b><span> program otvorenog koda koji sadr\u017ei inkrementalno rezanje u stvarnom vremenu, mogu\u0107nosti 3D pregleda i \u0161iroku upotrebu unutar zajednice 3D printanja.<\/span><\/li>\n<\/ul>\n<\/ul>\n<\/li>\n<\/ul>\n<\/li>\n<\/ul>\n\n\t\t<\/div>\n\t<\/div>\n\t\n\t<div id=\"accordion-1987759531\" class=\"accordion-item\">\n\t\t<a id=\"accordion-1987759531-label\" class=\"accordion-title plain\" href=\"#accordion-item-koji-su-neki-uobi\u010dajeni-problemi-i-savjeti-za-rje\u0161avanje-problema-u-3d-printanju?\" aria-expanded=\"false\" aria-controls=\"accordion-1987759531-content\">\n\t\t\t<button class=\"toggle\" aria-label=\"Toggle\"><i class=\"icon-angle-down\" aria-hidden=\"true\"><\/i><\/button>\n\t\t\t<span>Koji su neki uobi\u010dajeni problemi i savjeti za rje\u0161avanje problema u 3D printanju?<\/span>\n\t\t<\/a>\n\t\t<div id=\"accordion-1987759531-content\" class=\"accordion-inner\" aria-labelledby=\"accordion-1987759531-label\">\n\t\t\t\n\n<p><b>Lo\u0161i prevjesi<\/b>: Lo\u0161i prevjesi nastaju kada kutne ili vodoravne povr\u0161ine popu\u0161taju ili padaju. Da biste to popravili, upotrijebite potporne strukture koje pru\u017ea program za rezanje, smanjite brzinu printanja kako biste omogu\u0107ili da se slojevi stvrdnu, pobolj\u0161ajte hla\u0111enje i razmislite o upotrebi rubova ili splavi za bolje prianjanje i potporu.<\/p>\n<p><b>Za\u010depljena mlaznica: <\/b>Za\u010depljenja mlaznice rezultat su zaostalih filamenata, neto\u010dnih postavki uvla\u010denja, temperature, krhotina ili pra\u0161ine. Da biste o\u010distili za\u010depljenu mlaznicu, zagrijte je na preporu\u010denu temperaturu filamenta, ekstrudirajte filament, provjerite ima li ostataka pomo\u0107u svjetiljke i upotrijebite tehniku hladnog povla\u010denja s filamentom druge boje dok ne bude \u010dist.<\/p>\n<p><b>Prianjanje prvog sloja:<\/b> Ispravno prianjanje prvog sloja sprje\u010dava neispravno printanje, pucanje i savijanje. To mo\u017eete posti\u0107i preciznim niveliranjem postolja za printanje, \u010di\u0161\u0107enjem, kori\u0161tenjem ljepila poput laka za kosu ili ljepila u \u0161tapi\u0107u, pode\u0161avanjem visine mlaznice i pove\u0107anjem temperature printanja za bolje prianjanje.<\/p>\n<p><b>Nitanje: <\/b>Niti su uzrokovane malom brzinom uvla\u010denja, nepravilnim hla\u0111enjem, prevelikom udaljenosti uvla\u010denja, postavkama promjera filamenta ili pogre\u0161kama u rezanju. Smanjite vezivanje prilagodbom postavki uvla\u010denja i temperature mlaznice, upotrijebite vi\u0161e ventilatora, kalibrirajte rezanje i promjer filamenta i omogu\u0107ite zna\u010dajke rezanja za smanjenje nitanja.<\/p>\n<p><b>Savijanje:<\/b> savijanje uklju\u010duje podignute ili deformirane kutove printa zbog lo\u0161eg prianjanja na podlogu, nedostatka potpore, toplinskih naprezanja ili neadekvatnog hla\u0111enja. Sprije\u010dite savijanje upotrebom ljepljivih pomagala, ku\u0107i\u0161ta ili grijanog postolja za printanje s pravilnim niveliranjem, upotrebom rubova ili greda za stabilnost, odabirom filamenata s malim savijanjem i pode\u0161avanjem brzine i temperature ispisa.<\/p>\n<p>Ako \u017eelite saznati vi\u0161e o tome kako rije\u0161iti probleme s 3D printanjem, pro\u010ditajte na\u0161 blog o\u00a0<a style=\"font-size: 14.4px;\" href=\"https:\/\/azurefilm.com\/hr\/2023\/10\/28\/problemi-3d-printanja-5-uobicajenih-problema-i-njihova-rjesenja\/\" target=\"_blank\" rel=\"noopener\">5 naj\u010de\u0161\u0107ih problema i rje\u0161enja za 3D printanje.<\/a><\/p>\n\n\t\t<\/div>\n\t<\/div>\n\t\n\t<div id=\"accordion-3715862003\" class=\"accordion-item\">\n\t\t<a id=\"accordion-3715862003-label\" class=\"accordion-title plain\" href=\"#accordion-item-koji-su-promjeri-na\u0161ih-\u0161pula?\" aria-expanded=\"false\" aria-controls=\"accordion-3715862003-content\">\n\t\t\t<button class=\"toggle\" aria-label=\"Toggle\"><i class=\"icon-angle-down\" aria-hidden=\"true\"><\/i><\/button>\n\t\t\t<span>Koji su promjeri na\u0161ih \u0161pula?<\/span>\n\t\t<\/a>\n\t\t<div id=\"accordion-3715862003-content\" class=\"accordion-inner\" aria-labelledby=\"accordion-3715862003-label\">\n\t\t\t\n\n<p><span style=\"font-weight: 400;\">Nudimo filamente na \u0161pulama razli\u010ditih veli\u010dina sljede\u0107ih promjera:<\/span><b><\/b><\/p>\n<ul>\n<li aria-level=\"1\"><b>\u0161pula od 300g<\/b><\/li>\n<\/ul>\n<p><span style=\"font-weight: 400;\">49mm (\u0160) x 130mm (V) x 53mm (unutarnji promjer rupe)<\/span><b><\/b><\/p>\n<ul>\n<li aria-level=\"1\"><b>\u0161pula od 1kg<\/b><\/li>\n<\/ul>\n<p><span style=\"font-weight: 400;\">63,40mm x 200mm x 60mm<\/span><b><\/b><\/p>\n<ul>\n<li aria-level=\"1\"><b>\u0161pula od 2,1kg<\/b><\/li>\n<\/ul>\n<p><span style=\"font-weight: 400;\">110mm x 208mm x 55mm<\/span><b><\/b><\/p>\n<ul>\n<li aria-level=\"1\"><b>\u0161pula od 5kg<\/b><\/li>\n<\/ul>\n<p><span style=\"font-weight: 400;\">150mm x 305mm x 50mm<\/span><b><\/b><\/p>\n<ul>\n<li aria-level=\"1\"><b>\u0161pula od 10kg<\/b><\/li>\n<\/ul>\n<p><span style=\"font-weight: 400;\">230mm x 305mm x 50mm<\/span><\/p>\n\n\t\t<\/div>\n\t<\/div>\n\t\n\t<div id=\"accordion-4009973358\" class=\"accordion-item\">\n\t\t<a id=\"accordion-4009973358-label\" class=\"accordion-title plain\" href=\"#accordion-item-\u0160to-je-master-spool?\" aria-expanded=\"false\" aria-controls=\"accordion-4009973358-content\">\n\t\t\t<button class=\"toggle\" aria-label=\"Toggle\"><i class=\"icon-angle-down\" aria-hidden=\"true\"><\/i><\/button>\n\t\t\t<span>\u0160to je Master Spool?<\/span>\n\t\t<\/a>\n\t\t<div id=\"accordion-4009973358-content\" class=\"accordion-inner\" aria-labelledby=\"accordion-4009973358-label\">\n\t\t\t\n\n<p><span style=\"font-weight: 400;\">Master Spool je <\/span><b>\u0161pula za vi\u0161ekratnu upotrebu<\/b><span style=\"font-weight: 400;\"> dizajnirana za dr\u017eanje punjenja filamenta. Umjesto kupnje filamenta na plasti\u010dnoj \u0161puli za jednokratnu upotrebu, korisnici mogu kupiti ponovo punjive filamente koji se mogu umetnuti u Master \u0161pulu. To smanjuje plasti\u010dni otpad i mo\u017ee biti isplativije.<\/span><\/p>\n<p><span style=\"font-weight: 400;\">Vjerujemo da su Refill filamenti budu\u0107nost industrije 3D printanja i sna\u017eno promoviramo njihovu upotrebu. Poti\u010demo vas da si nabavite<\/span><a href=\"https:\/\/azurefilm.com\/hr\/proizvod\/master_spool_1gratis\/\" target=\"_blank\" rel=\"noopener\"><b> AzureFilm Master \u0161pule<\/b><\/a><span style=\"font-weight: 400;\"> ovisno o svojim potrebama i prebacite se s obi\u010dnih \u0161pula na Refill opcije. Na\u0161 Master Spool savr\u0161eno je kompatibilan s na\u0161im<\/span><a href=\"https:\/\/azurefilm.com\/hr\/3d-filamenti-hr\/refill-filamenti-hr\/\" target=\"_blank\" rel=\"noopener\"><b> Refill filamentima<\/b><\/a><span style=\"font-weight: 400;\">.<\/span><\/p>\n<p><span style=\"font-weight: 400;\">Promjer AzureFilm Master Spoola: 65mm x 200mm x 55mm<\/span><\/p>\n\n\t\t<\/div>\n\t<\/div>\n\t\n\n<\/div>\n\n\t\t<\/div>\n\t\t\t\t\t<\/div>\n\n\t\n\n<\/div>\n\n\t\t<\/div>\n\n\t\t\n<style>\n#section_825663003 {\n  padding-top: 30px;\n  padding-bottom: 30px;\n}\n<\/style>\n\t<\/section>\n\t\n","protected":false},"excerpt":{"rendered":"","protected":false},"author":1,"featured_media":0,"parent":0,"menu_order":0,"comment_status":"closed","ping_status":"closed","template":"","meta":{"_acf_changed":false,"footnotes":""},"class_list":["post-32144","page","type-page","status-publish","hentry"],"acf":[],"_links":{"self":[{"href":"https:\/\/azurefilm.com\/hr\/wp-json\/wp\/v2\/pages\/32144","targetHints":{"allow":["GET"]}}],"collection":[{"href":"https:\/\/azurefilm.com\/hr\/wp-json\/wp\/v2\/pages"}],"about":[{"href":"https:\/\/azurefilm.com\/hr\/wp-json\/wp\/v2\/types\/page"}],"author":[{"embeddable":true,"href":"https:\/\/azurefilm.com\/hr\/wp-json\/wp\/v2\/users\/1"}],"replies":[{"embeddable":true,"href":"https:\/\/azurefilm.com\/hr\/wp-json\/wp\/v2\/comments?post=32144"}],"version-history":[{"count":0,"href":"https:\/\/azurefilm.com\/hr\/wp-json\/wp\/v2\/pages\/32144\/revisions"}],"wp:attachment":[{"href":"https:\/\/azurefilm.com\/hr\/wp-json\/wp\/v2\/media?parent=32144"}],"curies":[{"name":"wp","href":"https:\/\/api.w.org\/{rel}","templated":true}]}}