
{"id":36928,"date":"2024-06-11T12:04:55","date_gmt":"2024-06-11T12:04:55","guid":{"rendered":"https:\/\/azurefilm.com\/?page_id=36928"},"modified":"2024-06-11T15:23:14","modified_gmt":"2024-06-11T15:23:14","slug":"nagradna-natjecanja","status":"publish","type":"page","link":"https:\/\/azurefilm.com\/hr\/nagradna-natjecanja\/","title":{"rendered":"Nagradna natjecanja"},"content":{"rendered":"\n\t<section class=\"section\" id=\"section_1154971656\">\n\t\t<div class=\"section-bg fill\" >\n\t\t\t\t\t\t\t\t\t\n\t\t\t\n\n\t\t<\/div>\n\n\t\t\n\n\t\t<div class=\"section-content relative\">\n\t\t\t\n<div class=\"row\"  id=\"row-1894362616\">\n\n\t<div id=\"col-664455359\" class=\"col small-12 large-12\"  >\n\t\t\t\t<div class=\"col-inner\"  >\n\t\t\t\n\t\t\t\n<h1>Nagradna natjecanja<\/h1>\n\t<div id=\"gap-147295126\" class=\"gap-element clearfix\" style=\"display:block; height:auto;\">\n\t\t\n<style>\n#gap-147295126 {\n  padding-top: 50px;\n}\n<\/style>\n\t<\/div>\n\t\n<h2>Metode unosa<\/h2>\n<p>Na\u010dini prijave navedeni su u svakoj objavi darivanja na na\u0161im slu\u017ebenim Facebook i Instagram stranicama. Prijave se prihva\u0107aju samo putem navedene platforme dru\u0161tvenih medija kao \u0161to je navedeno u objavi o nagradnoj igri.<\/p>\n<h2>Nagrade<\/h2>\n<p>Nagrade nisu prenosive niti zamjenjive za druge predmete. Nagrade se ne mogu zamijeniti za gotovinu ili bilo koji nov\u010dani ekvivalent. Zadr\u017eavamo pravo zamjene bilo koje nagrade drugom iste vrijednosti bez prethodne obavijesti.<\/p>\n<h2>Odabir pobjednika<\/h2>\n<p>Dobitnici \u0107e biti odabrani nasumi\u010dnim postupkom izvla\u010denja me\u0111u svim prihvatljivim unosima.<\/p>\n<h2>Obavijest<\/h2>\n<p>Dobitnici \u0107e biti obavije\u0161teni tako da ih ozna\u010dite u na\u0161oj pri\u010di ili u odjeljku komentara u objavi o nagradnoj igri na odgovaraju\u0107oj platformi dru\u0161tvenih medija. Dobitnici moraju odgovoriti u roku od 7 dana od obavijesti kako bi preuzeli svoju nagradu. Ako u tom roku ne stigne odgovor, mo\u017ee se odabrati novi pobjednik.<\/p>\n<h2>Podobnost<\/h2>\n<p>Nagradna igra je otvorena samo za stanovnike Europske unije. Sudionici moraju imati 18 ili vi\u0161e godina u trenutku prijave. Za preuzimanje nagrade mo\u017ee biti potreban dokaz o prebivali\u0161tu i dobi.<\/p>\n<h2>Prikupljanje podataka<\/h2>\n<p>Op\u0107e podatke (ime, prezime, adresa, po\u0161tanski broj, dr\u017eava, email i broj telefona) prikupljamo isklju\u010divo u svrhu dostave nagrade dobitnicima. S osobnim podacima postupat \u0107emo u skladu s na\u0161om politikom privatnosti i ne\u0107e se koristiti u druge svrhe bez pristanka sudionika.<\/p>\n<h2>Promjene uvjeta<\/h2>\n<p>AzureFilm zadr\u017eava pravo promjene uvjeta nagradne igre u bilo kojem trenutku bez prethodne najave. Sudjelovanjem u nagradnoj igri sudionici su suglasni da \u0107e se pridr\u017eavati ovih uvjeta i svih njihovih izmjena.<\/p>\n<h2>Podaci za kontakt<\/h2>\n<p>Za vi\u0161e informacija ili pitanja o nagradnoj igri, sudionici nas mogu kontaktirati na <a href=\"mailto:info@azurefilm.com\">info@azurefilm.com<\/a>.<\/p>\n\t\t<\/div>\n\t\t\t\t\t<\/div>\n\n\t\n<\/div>\n\t\t<\/div>\n\n\t\t\n<style>\n#section_1154971656 {\n  padding-top: 30px;\n  padding-bottom: 30px;\n}\n<\/style>\n\t<\/section>\n\t\n","protected":false},"excerpt":{"rendered":"","protected":false},"author":1,"featured_media":0,"parent":0,"menu_order":0,"comment_status":"closed","ping_status":"closed","template":"","meta":{"_acf_changed":false,"footnotes":""},"class_list":["post-36928","page","type-page","status-publish","hentry"],"acf":[],"_links":{"self":[{"href":"https:\/\/azurefilm.com\/hr\/wp-json\/wp\/v2\/pages\/36928","targetHints":{"allow":["GET"]}}],"collection":[{"href":"https:\/\/azurefilm.com\/hr\/wp-json\/wp\/v2\/pages"}],"about":[{"href":"https:\/\/azurefilm.com\/hr\/wp-json\/wp\/v2\/types\/page"}],"author":[{"embeddable":true,"href":"https:\/\/azurefilm.com\/hr\/wp-json\/wp\/v2\/users\/1"}],"replies":[{"embeddable":true,"href":"https:\/\/azurefilm.com\/hr\/wp-json\/wp\/v2\/comments?post=36928"}],"version-history":[{"count":0,"href":"https:\/\/azurefilm.com\/hr\/wp-json\/wp\/v2\/pages\/36928\/revisions"}],"wp:attachment":[{"href":"https:\/\/azurefilm.com\/hr\/wp-json\/wp\/v2\/media?parent=36928"}],"curies":[{"name":"wp","href":"https:\/\/api.w.org\/{rel}","templated":true}]}}