
{"id":47822,"date":"2024-10-16T10:40:20","date_gmt":"2024-10-16T10:40:20","guid":{"rendered":"https:\/\/azurefilm.com\/win-a-new-printer\/"},"modified":"2024-10-16T11:11:23","modified_gmt":"2024-10-16T11:11:23","slug":"osvoji-3d-printer","status":"publish","type":"page","link":"https:\/\/azurefilm.com\/hr\/osvoji-3d-printer\/","title":{"rendered":"Osvoji 3D printer"},"content":{"rendered":"<h1><strong>Pravila za izvla\u010denje nagrade za &#8220;Ispuni anketu i osvoji novi printer&#8221;<\/strong><\/h1>\n<h4><strong>Organizator<\/strong><\/h4>\n<p>Izvla\u010denje nagrade organizira AzureFilm.<\/p>\n<h4><strong>Pravo sudjelovanja<\/strong><\/h4>\n<p>Izvla\u010denje nagrade otvoreno je za pojedince koji su stanovnici Europske unije (EU). Nagrada se mo\u017ee poslati samo na adrese unutar EU.<\/p>\n<h4><strong>Razdoblje sudjelovanja<\/strong><\/h4>\n<p>Izvla\u010denje nagrade po\u010dinje 16. listopada 2024. i zavr\u0161ava 15. studenoga 2024. u 12:00 (podne). Odgovori primljeni nakon ovog vremena ne\u0107e biti uzeti u obzir.<\/p>\n<h4><strong>Kako sudjelovati<\/strong><\/h4>\n<p>Za sudjelovanje<strong> <a href=\"https:\/\/docs.google.com\/forms\/d\/e\/1FAIpQLSe10B19LSlyzm-ilBvzL0v98m9C6BVPdkAuHc8cchCB1TZ3ZA\/viewform?usp=sf_link\" target=\"_blank\" rel=\"noopener\">ispunite anketu<\/a> <\/strong>i navedite va\u0161u valjanu e-mail adresu. Svaki sudionik automatski se uklju\u010duje u izvla\u010denje nagrade nakon slanja.<\/p>\n<h4><strong>Nagrada<\/strong><\/h4>\n<p>Jedan sretnik \u0107e osvojiti Creality Ender 3 V3 SE i PETG 3-pack Basic.<\/p>\n<h4><strong>Odabir dobitnika<\/strong><\/h4>\n<p>Dobitnik \u0107e biti nasumi\u010dno odabran iz svih prihvatljivih prijava. Izvla\u010denje \u0107e se odr\u017eati 15. studenoga 2024. u 12:00.<\/p>\n<h4><strong>Obavijest o dobitniku<\/strong><\/h4>\n<p>Dobitnik \u0107e biti obavije\u0161ten putem e-maila unutar 3 radna dana nakon izvla\u010denja. Ako se dobitnik ne odazove unutar 2 radna dana, bit \u0107e odabran novi dobitnik.<\/p>\n<h4><strong>Dostava nagrade<\/strong><\/h4>\n<p>Nagrada \u0107e biti poslana dobitniku besplatno, ali samo na adresu unutar Europske unije. Detalji o dostavi bit \u0107e uskla\u0111eni putem e-maila nakon \u0161to dobitnik bude potvr\u0111en.<\/p>\n<h4><strong>Privatnost<\/strong><\/h4>\n<p>Sudionici moraju navesti valjanu e-mail adresu kako bi sudjelovali u izvla\u010denju nagrade. Svi prikupljeni osobni podaci, uklju\u010duju\u0107i e-mail adrese, koristit \u0107e se isklju\u010divo u svrhu upravljanja izvla\u010denjem nagrade i ne\u0107e se dijeliti s tre\u0107im stranama. Slanjem svog e-maila tako\u0111er pristajete primati promotivne sadr\u017eaje od AzureFilm. Mo\u017eete se odjaviti u bilo kojem trenutku.<\/p>\n<h4><strong>Op\u0107i uvjeti<\/strong><\/h4>\n<p>AzureFilm zadr\u017eava pravo otkazati ili izmijeniti izvla\u010denje nagrade u bilo kojem trenutku bez prethodne obavijesti. Odluka organizatora je kona\u010dna i obvezuju\u0107a.<\/p>\n<p><strong><a href=\"https:\/\/docs.google.com\/forms\/d\/e\/1FAIpQLSe10B19LSlyzm-ilBvzL0v98m9C6BVPdkAuHc8cchCB1TZ3ZA\/viewform?usp=sf_link\" target=\"_blank\" rel=\"noopener\">Ispunite anketu &gt;&gt;\u00a0<\/a><\/strong><\/p>\n","protected":false},"excerpt":{"rendered":"<p>Pravila za izvla\u010denje nagrade za &#8220;Ispuni anketu i osvoji novi printer&#8221; Organizator Izvla\u010denje nagrade organizira AzureFilm. Pravo sudjelovanja Izvla\u010denje nagrade otvoreno je za pojedince koji su stanovnici Europske unije (EU). Nagrada se mo\u017ee poslati samo na adrese unutar EU. Razdoblje sudjelovanja Izvla\u010denje nagrade po\u010dinje 16. listopada 2024. i zavr\u0161ava 15. studenoga 2024. u 12:00 (podne). [&#8230;]\n","protected":false},"author":11,"featured_media":0,"parent":0,"menu_order":0,"comment_status":"closed","ping_status":"closed","template":"","meta":{"_acf_changed":false,"footnotes":""},"class_list":["post-47822","page","type-page","status-publish","hentry"],"acf":[],"_links":{"self":[{"href":"https:\/\/azurefilm.com\/hr\/wp-json\/wp\/v2\/pages\/47822","targetHints":{"allow":["GET"]}}],"collection":[{"href":"https:\/\/azurefilm.com\/hr\/wp-json\/wp\/v2\/pages"}],"about":[{"href":"https:\/\/azurefilm.com\/hr\/wp-json\/wp\/v2\/types\/page"}],"author":[{"embeddable":true,"href":"https:\/\/azurefilm.com\/hr\/wp-json\/wp\/v2\/users\/11"}],"replies":[{"embeddable":true,"href":"https:\/\/azurefilm.com\/hr\/wp-json\/wp\/v2\/comments?post=47822"}],"version-history":[{"count":0,"href":"https:\/\/azurefilm.com\/hr\/wp-json\/wp\/v2\/pages\/47822\/revisions"}],"wp:attachment":[{"href":"https:\/\/azurefilm.com\/hr\/wp-json\/wp\/v2\/media?parent=47822"}],"curies":[{"name":"wp","href":"https:\/\/api.w.org\/{rel}","templated":true}]}}