
{"id":68211,"date":"2024-12-24T10:34:17","date_gmt":"2024-12-24T10:34:17","guid":{"rendered":"https:\/\/azurefilm.com\/3d-printing-profiles\/"},"modified":"2025-01-07T14:31:20","modified_gmt":"2025-01-07T14:31:20","slug":"3d-profili","status":"publish","type":"page","link":"https:\/\/azurefilm.com\/hr\/3d-profili\/","title":{"rendered":"Profili za 3D ispis s AzureFilm filamentima"},"content":{"rendered":"<p>Shva\u0107amo va\u017enost postizanja pouzdanih i visokokvalitetnih rezultata s va\u0161im projektima 3D ispisa. Kako bismo va\u0161e iskustvo u\u010dinili \u0161to lak\u0161im, stvorili smo optimizirane profile za 3D ispis prilago\u0111ene filamentima koje proizvodimo. Odaberite kombinaciju filamenta i pisa\u010da s donjeg popisa, preuzmite profil i u\u017eivajte u ispisivanju bez napora s postavkama prilago\u0111enim na\u0161im materijalima.<\/p>\n","protected":false},"excerpt":{"rendered":"<p>Shva\u0107amo va\u017enost postizanja pouzdanih i visokokvalitetnih rezultata s va\u0161im projektima 3D ispisa. Kako bismo va\u0161e iskustvo u\u010dinili \u0161to lak\u0161im, stvorili smo optimizirane profile za 3D ispis prilago\u0111ene filamentima koje proizvodimo. Odaberite kombinaciju filamenta i pisa\u010da s donjeg popisa, preuzmite profil i u\u017eivajte u ispisivanju bez napora s postavkama prilago\u0111enim na\u0161im materijalima.<\/p>\n","protected":false},"author":1,"featured_media":0,"parent":0,"menu_order":0,"comment_status":"closed","ping_status":"closed","template":"page-3d-profiles.php","meta":{"_acf_changed":false,"footnotes":""},"class_list":["post-68211","page","type-page","status-publish","hentry"],"acf":[],"_links":{"self":[{"href":"https:\/\/azurefilm.com\/hr\/wp-json\/wp\/v2\/pages\/68211","targetHints":{"allow":["GET"]}}],"collection":[{"href":"https:\/\/azurefilm.com\/hr\/wp-json\/wp\/v2\/pages"}],"about":[{"href":"https:\/\/azurefilm.com\/hr\/wp-json\/wp\/v2\/types\/page"}],"author":[{"embeddable":true,"href":"https:\/\/azurefilm.com\/hr\/wp-json\/wp\/v2\/users\/1"}],"replies":[{"embeddable":true,"href":"https:\/\/azurefilm.com\/hr\/wp-json\/wp\/v2\/comments?post=68211"}],"version-history":[{"count":0,"href":"https:\/\/azurefilm.com\/hr\/wp-json\/wp\/v2\/pages\/68211\/revisions"}],"wp:attachment":[{"href":"https:\/\/azurefilm.com\/hr\/wp-json\/wp\/v2\/media?parent=68211"}],"curies":[{"name":"wp","href":"https:\/\/api.w.org\/{rel}","templated":true}]}}