
{"id":81320,"date":"2025-06-16T07:08:01","date_gmt":"2025-06-16T07:08:01","guid":{"rendered":"https:\/\/azurefilm.com\/azurefilm-discord-group\/"},"modified":"2025-07-01T08:11:22","modified_gmt":"2025-07-01T08:11:22","slug":"azurefilm-discord-grupa","status":"publish","type":"page","link":"https:\/\/azurefilm.com\/hr\/azurefilm-discord-grupa\/","title":{"rendered":"AzureFilm Discord grupa"},"content":{"rendered":"\n  <div class=\"banner has-hover hide-for-medium\" id=\"banner-1308237729\">\n          <div class=\"banner-inner fill\">\n        <div class=\"banner-bg fill\" >\n            <img loading=\"lazy\" decoding=\"async\" width=\"2560\" height=\"921\" src=\"https:\/\/azurefilm.com\/wp-content\/uploads\/HR-DISCORD-LANDING-HERO-DESKTOP-3-scaled.png\" class=\"bg attachment-original size-original\" alt=\"\" title=\"\">                                    \n                    <\/div>\n\t\t\n        <div class=\"banner-layers container\">\n            <div class=\"fill banner-link\"><\/div>            \n   <div id=\"text-box-642200030\" class=\"text-box banner-layer x50 md-x50 lg-x50 y50 md-y50 lg-y50 res-text\">\n                                <div class=\"text-box-content text dark\">\n              \n              <div class=\"text-inner text-center\">\n                  \n              <\/div>\n           <\/div>\n                            \n<style>\n#text-box-642200030 {\n  width: 60%;\n}\n#text-box-642200030 .text-box-content {\n  font-size: 100%;\n}\n@media (min-width:550px) {\n  #text-box-642200030 {\n    width: 60%;\n  }\n}\n<\/style>\n    <\/div>\n \n        <\/div>\n      <\/div>\n\n            \n<style>\n#banner-1308237729 {\n  padding-top: 500px;\n}\n<\/style>\n  <\/div>\n\n\n\n  <div class=\"banner has-hover show-for-small\" id=\"banner-1190945507\">\n          <div class=\"banner-inner fill\">\n        <div class=\"banner-bg fill\" >\n            <img loading=\"lazy\" decoding=\"async\" width=\"800\" height=\"1000\" src=\"https:\/\/azurefilm.com\/wp-content\/uploads\/HR-DISCORD-LANDING-HERO-MOBILE-1.png\" class=\"bg attachment-original size-original\" alt=\"\" title=\"\">                                    \n                    <\/div>\n\t\t\n        <div class=\"banner-layers container\">\n            <div class=\"fill banner-link\"><\/div>            \n   <div id=\"text-box-1046871836\" class=\"text-box banner-layer x50 md-x50 lg-x50 y50 md-y50 lg-y50 res-text\">\n                                <div class=\"text-box-content text dark\">\n              \n              <div class=\"text-inner text-center\">\n                  \n              <\/div>\n           <\/div>\n                            \n<style>\n#text-box-1046871836 {\n  width: 60%;\n}\n#text-box-1046871836 .text-box-content {\n  font-size: 100%;\n}\n@media (min-width:550px) {\n  #text-box-1046871836 {\n    width: 60%;\n  }\n}\n<\/style>\n    <\/div>\n \n        <\/div>\n      <\/div>\n\n            \n<style>\n#banner-1190945507 {\n  padding-top: 500px;\n}\n<\/style>\n  <\/div>\n\n\n\t<div id=\"gap-1963107524\" class=\"gap-element clearfix\" style=\"display:block; height:auto;\">\n\t\t\n<style>\n#gap-1963107524 {\n  padding-top: 15px;\n}\n<\/style>\n\t<\/div>\n\t\n<h2>Makeri, vrijeme je da se okupimo!<\/h2>\n<p><span style=\"font-weight: 400;\">Upravo smo pokrenuli <\/span><b>AzureFilm Discord grupu<\/b><span style=\"font-weight: 400;\"> \u2013 i pozvan(a) si da nam se pridru\u017ei\u0161!<\/span><\/p>\n<ul>\n<li><span style=\"font-weight: 400;\">Poka\u017ei svoje printeve<\/span><span style=\"font-weight: 400;\"><br \/>\n<\/span><\/li>\n<li><span style=\"font-weight: 400;\">Podijeli ideje i savjete<\/span><span style=\"font-weight: 400;\"><br \/>\n<\/span><\/li>\n<li><span style=\"font-weight: 400;\">Pove\u017ei se s drugim talentiranim makerima<\/span><span style=\"font-weight: 400;\"><br \/>\n<\/span><\/li>\n<li><span style=\"font-weight: 400;\">Nikada ne propusti dobru ponudu<\/span><span style=\"font-weight: 400;\"><br \/>\n<\/span><\/li>\n<li><span style=\"font-weight: 400;\">Prvi(a) saznaj za nagradne igre i filament novosti<\/span><\/li>\n<\/ul>\n<p><span style=\"font-weight: 400;\">Bilo da si hobi entuzijast ili profesionalac \u2013 ovo je tvoj novi kreativni kutak.<\/span><span style=\"font-weight: 400;\"><br \/>\n<\/span><strong>Stvarajmo ne\u0161to sjajno \u2013 zajedno.\u00a0<\/strong><\/p>\n<p><span style=\"font-weight: 400;\">Vidimo se na Discordu!\u00a0<\/span><\/p>\n<a href=\"https:\/\/discord.gg\/qbrCyVXCSD\" target=\"_blank\" class=\"button primary\" rel=\"noopener\">\n\t\t<span>PRIDRU\u017dI SE OVDJE<\/span>\n\t<\/a>\n\n\n  \n    <div class=\"row large-columns-4 medium-columns-3 small-columns-2\" >\n  <div class=\"gallery-col col\" >\n          <div class=\"col-inner\">\n            <a class=\"image-lightbox lightbox-gallery\" href=\"https:\/\/azurefilm.com\/wp-content\/uploads\/1-1-1024x1024.png\" title=\"\">            <div class=\"box has-hover gallery-box box-overlay dark\">\n              <div class=\"box-image\" >\n                <img loading=\"lazy\" decoding=\"async\" width=\"300\" height=\"300\" src=\"https:\/\/azurefilm.com\/wp-content\/uploads\/1-1-300x300.png\" class=\"attachment-medium size-medium\" alt=\"\" ids=\"81468,81486,81474,81492,81480,81498,81510,81504\" srcset=\"https:\/\/azurefilm.com\/wp-content\/uploads\/1-1-300x300.png 300w, https:\/\/azurefilm.com\/wp-content\/uploads\/1-1-274x274.png 274w, https:\/\/azurefilm.com\/wp-content\/uploads\/1-1-100x100.png 100w, https:\/\/azurefilm.com\/wp-content\/uploads\/1-1-510x510.png 510w, https:\/\/azurefilm.com\/wp-content\/uploads\/1-1-1024x1024.png 1024w, https:\/\/azurefilm.com\/wp-content\/uploads\/1-1-150x150.png 150w, https:\/\/azurefilm.com\/wp-content\/uploads\/1-1-768x768.png 768w, https:\/\/azurefilm.com\/wp-content\/uploads\/1-1.png 1200w\" sizes=\"auto, (max-width: 300px) 100vw, 300px\" title=\"\">                                  <div class=\"overlay fill\"\n                      style=\"background-color: rgba(0,0,0,.15)\">\n                  <\/div>\n                                                              <\/div>\n              <div class=\"box-text text-left\" >\n                 <p><\/p>\n              <\/div>\n            <\/div>\n            <\/a>          <\/div>\n         <\/div><div class=\"gallery-col col\" >\n          <div class=\"col-inner\">\n            <a class=\"image-lightbox lightbox-gallery\" href=\"https:\/\/azurefilm.com\/wp-content\/uploads\/4-1024x1024.png\" title=\"\">            <div class=\"box has-hover gallery-box box-overlay dark\">\n              <div class=\"box-image\" >\n                <img loading=\"lazy\" decoding=\"async\" width=\"300\" height=\"300\" src=\"https:\/\/azurefilm.com\/wp-content\/uploads\/4-300x300.png\" class=\"attachment-medium size-medium\" alt=\"\" ids=\"81468,81486,81474,81492,81480,81498,81510,81504\" srcset=\"https:\/\/azurefilm.com\/wp-content\/uploads\/4-300x300.png 300w, https:\/\/azurefilm.com\/wp-content\/uploads\/4-274x274.png 274w, https:\/\/azurefilm.com\/wp-content\/uploads\/4-100x100.png 100w, https:\/\/azurefilm.com\/wp-content\/uploads\/4-510x510.png 510w, https:\/\/azurefilm.com\/wp-content\/uploads\/4-1024x1024.png 1024w, https:\/\/azurefilm.com\/wp-content\/uploads\/4-150x150.png 150w, https:\/\/azurefilm.com\/wp-content\/uploads\/4-768x768.png 768w, https:\/\/azurefilm.com\/wp-content\/uploads\/4.png 1200w\" sizes=\"auto, (max-width: 300px) 100vw, 300px\" title=\"\">                                  <div class=\"overlay fill\"\n                      style=\"background-color: rgba(0,0,0,.15)\">\n                  <\/div>\n                                                              <\/div>\n              <div class=\"box-text text-left\" >\n                 <p><\/p>\n              <\/div>\n            <\/div>\n            <\/a>          <\/div>\n         <\/div><div class=\"gallery-col col\" >\n          <div class=\"col-inner\">\n            <a class=\"image-lightbox lightbox-gallery\" href=\"https:\/\/azurefilm.com\/wp-content\/uploads\/2-1-1024x1024.png\" title=\"\">            <div class=\"box has-hover gallery-box box-overlay dark\">\n              <div class=\"box-image\" >\n                <img loading=\"lazy\" decoding=\"async\" width=\"300\" height=\"300\" src=\"https:\/\/azurefilm.com\/wp-content\/uploads\/2-1-300x300.png\" class=\"attachment-medium size-medium\" alt=\"\" ids=\"81468,81486,81474,81492,81480,81498,81510,81504\" srcset=\"https:\/\/azurefilm.com\/wp-content\/uploads\/2-1-300x300.png 300w, https:\/\/azurefilm.com\/wp-content\/uploads\/2-1-274x274.png 274w, https:\/\/azurefilm.com\/wp-content\/uploads\/2-1-100x100.png 100w, https:\/\/azurefilm.com\/wp-content\/uploads\/2-1-510x510.png 510w, https:\/\/azurefilm.com\/wp-content\/uploads\/2-1-1024x1024.png 1024w, https:\/\/azurefilm.com\/wp-content\/uploads\/2-1-150x150.png 150w, https:\/\/azurefilm.com\/wp-content\/uploads\/2-1-768x768.png 768w, https:\/\/azurefilm.com\/wp-content\/uploads\/2-1.png 1200w\" sizes=\"auto, (max-width: 300px) 100vw, 300px\" title=\"\">                                  <div class=\"overlay fill\"\n                      style=\"background-color: rgba(0,0,0,.15)\">\n                  <\/div>\n                                                              <\/div>\n              <div class=\"box-text text-left\" >\n                 <p><\/p>\n              <\/div>\n            <\/div>\n            <\/a>          <\/div>\n         <\/div><div class=\"gallery-col col\" >\n          <div class=\"col-inner\">\n            <a class=\"image-lightbox lightbox-gallery\" href=\"https:\/\/azurefilm.com\/wp-content\/uploads\/5-1024x1024.png\" title=\"\">            <div class=\"box has-hover gallery-box box-overlay dark\">\n              <div class=\"box-image\" >\n                <img loading=\"lazy\" decoding=\"async\" width=\"300\" height=\"300\" src=\"https:\/\/azurefilm.com\/wp-content\/uploads\/5-300x300.png\" class=\"attachment-medium size-medium\" alt=\"\" ids=\"81468,81486,81474,81492,81480,81498,81510,81504\" srcset=\"https:\/\/azurefilm.com\/wp-content\/uploads\/5-300x300.png 300w, https:\/\/azurefilm.com\/wp-content\/uploads\/5-274x274.png 274w, https:\/\/azurefilm.com\/wp-content\/uploads\/5-100x100.png 100w, https:\/\/azurefilm.com\/wp-content\/uploads\/5-510x510.png 510w, https:\/\/azurefilm.com\/wp-content\/uploads\/5-1024x1024.png 1024w, https:\/\/azurefilm.com\/wp-content\/uploads\/5-150x150.png 150w, https:\/\/azurefilm.com\/wp-content\/uploads\/5-768x768.png 768w, https:\/\/azurefilm.com\/wp-content\/uploads\/5.png 1200w\" sizes=\"auto, (max-width: 300px) 100vw, 300px\" title=\"\">                                  <div class=\"overlay fill\"\n                      style=\"background-color: rgba(0,0,0,.15)\">\n                  <\/div>\n                                                              <\/div>\n              <div class=\"box-text text-left\" >\n                 <p><\/p>\n              <\/div>\n            <\/div>\n            <\/a>          <\/div>\n         <\/div><div class=\"gallery-col col\" >\n          <div class=\"col-inner\">\n            <a class=\"image-lightbox lightbox-gallery\" href=\"https:\/\/azurefilm.com\/wp-content\/uploads\/3-1024x1024.png\" title=\"\">            <div class=\"box has-hover gallery-box box-overlay dark\">\n              <div class=\"box-image\" >\n                <img loading=\"lazy\" decoding=\"async\" width=\"300\" height=\"300\" src=\"https:\/\/azurefilm.com\/wp-content\/uploads\/3-300x300.png\" class=\"attachment-medium size-medium\" alt=\"\" ids=\"81468,81486,81474,81492,81480,81498,81510,81504\" srcset=\"https:\/\/azurefilm.com\/wp-content\/uploads\/3-300x300.png 300w, https:\/\/azurefilm.com\/wp-content\/uploads\/3-274x274.png 274w, https:\/\/azurefilm.com\/wp-content\/uploads\/3-100x100.png 100w, https:\/\/azurefilm.com\/wp-content\/uploads\/3-510x510.png 510w, https:\/\/azurefilm.com\/wp-content\/uploads\/3-1024x1024.png 1024w, https:\/\/azurefilm.com\/wp-content\/uploads\/3-150x150.png 150w, https:\/\/azurefilm.com\/wp-content\/uploads\/3-768x768.png 768w, https:\/\/azurefilm.com\/wp-content\/uploads\/3.png 1200w\" sizes=\"auto, (max-width: 300px) 100vw, 300px\" title=\"\">                                  <div class=\"overlay fill\"\n                      style=\"background-color: rgba(0,0,0,.15)\">\n                  <\/div>\n                                                              <\/div>\n              <div class=\"box-text text-left\" >\n                 <p><\/p>\n              <\/div>\n            <\/div>\n            <\/a>          <\/div>\n         <\/div><div class=\"gallery-col col\" >\n          <div class=\"col-inner\">\n            <a class=\"image-lightbox lightbox-gallery\" href=\"https:\/\/azurefilm.com\/wp-content\/uploads\/6-1024x1024.png\" title=\"\">            <div class=\"box has-hover gallery-box box-overlay dark\">\n              <div class=\"box-image\" >\n                <img loading=\"lazy\" decoding=\"async\" width=\"300\" height=\"300\" src=\"https:\/\/azurefilm.com\/wp-content\/uploads\/6-300x300.png\" class=\"attachment-medium size-medium\" alt=\"\" ids=\"81468,81486,81474,81492,81480,81498,81510,81504\" srcset=\"https:\/\/azurefilm.com\/wp-content\/uploads\/6-300x300.png 300w, https:\/\/azurefilm.com\/wp-content\/uploads\/6-274x274.png 274w, https:\/\/azurefilm.com\/wp-content\/uploads\/6-100x100.png 100w, https:\/\/azurefilm.com\/wp-content\/uploads\/6-510x510.png 510w, https:\/\/azurefilm.com\/wp-content\/uploads\/6-1024x1024.png 1024w, https:\/\/azurefilm.com\/wp-content\/uploads\/6-150x150.png 150w, https:\/\/azurefilm.com\/wp-content\/uploads\/6-768x768.png 768w, https:\/\/azurefilm.com\/wp-content\/uploads\/6.png 1200w\" sizes=\"auto, (max-width: 300px) 100vw, 300px\" title=\"\">                                  <div class=\"overlay fill\"\n                      style=\"background-color: rgba(0,0,0,.15)\">\n                  <\/div>\n                                                              <\/div>\n              <div class=\"box-text text-left\" >\n                 <p><\/p>\n              <\/div>\n            <\/div>\n            <\/a>          <\/div>\n         <\/div><div class=\"gallery-col col\" >\n          <div class=\"col-inner\">\n            <a class=\"image-lightbox lightbox-gallery\" href=\"https:\/\/azurefilm.com\/wp-content\/uploads\/8-1024x1024.png\" title=\"\">            <div class=\"box has-hover gallery-box box-overlay dark\">\n              <div class=\"box-image\" >\n                <img loading=\"lazy\" decoding=\"async\" width=\"300\" height=\"300\" src=\"https:\/\/azurefilm.com\/wp-content\/uploads\/8-300x300.png\" class=\"attachment-medium size-medium\" alt=\"\" ids=\"81468,81486,81474,81492,81480,81498,81510,81504\" srcset=\"https:\/\/azurefilm.com\/wp-content\/uploads\/8-300x300.png 300w, https:\/\/azurefilm.com\/wp-content\/uploads\/8-274x274.png 274w, https:\/\/azurefilm.com\/wp-content\/uploads\/8-100x100.png 100w, https:\/\/azurefilm.com\/wp-content\/uploads\/8-510x510.png 510w, https:\/\/azurefilm.com\/wp-content\/uploads\/8-1024x1024.png 1024w, https:\/\/azurefilm.com\/wp-content\/uploads\/8-150x150.png 150w, https:\/\/azurefilm.com\/wp-content\/uploads\/8-768x768.png 768w, https:\/\/azurefilm.com\/wp-content\/uploads\/8.png 1200w\" sizes=\"auto, (max-width: 300px) 100vw, 300px\" title=\"\">                                  <div class=\"overlay fill\"\n                      style=\"background-color: rgba(0,0,0,.15)\">\n                  <\/div>\n                                                              <\/div>\n              <div class=\"box-text text-left\" >\n                 <p><\/p>\n              <\/div>\n            <\/div>\n            <\/a>          <\/div>\n         <\/div><div class=\"gallery-col col\" >\n          <div class=\"col-inner\">\n            <a class=\"image-lightbox lightbox-gallery\" href=\"https:\/\/azurefilm.com\/wp-content\/uploads\/7-1024x1024.png\" title=\"\">            <div class=\"box has-hover gallery-box box-overlay dark\">\n              <div class=\"box-image\" >\n                <img loading=\"lazy\" decoding=\"async\" width=\"300\" height=\"300\" src=\"https:\/\/azurefilm.com\/wp-content\/uploads\/7-300x300.png\" class=\"attachment-medium size-medium\" alt=\"\" ids=\"81468,81486,81474,81492,81480,81498,81510,81504\" srcset=\"https:\/\/azurefilm.com\/wp-content\/uploads\/7-300x300.png 300w, https:\/\/azurefilm.com\/wp-content\/uploads\/7-274x274.png 274w, https:\/\/azurefilm.com\/wp-content\/uploads\/7-100x100.png 100w, https:\/\/azurefilm.com\/wp-content\/uploads\/7-510x510.png 510w, https:\/\/azurefilm.com\/wp-content\/uploads\/7-1024x1024.png 1024w, https:\/\/azurefilm.com\/wp-content\/uploads\/7-150x150.png 150w, https:\/\/azurefilm.com\/wp-content\/uploads\/7-768x768.png 768w, https:\/\/azurefilm.com\/wp-content\/uploads\/7.png 1200w\" sizes=\"auto, (max-width: 300px) 100vw, 300px\" title=\"\">                                  <div class=\"overlay fill\"\n                      style=\"background-color: rgba(0,0,0,.15)\">\n                  <\/div>\n                                                              <\/div>\n              <div class=\"box-text text-left\" >\n                 <p><\/p>\n              <\/div>\n            <\/div>\n            <\/a>          <\/div>\n         <\/div><\/div>\n","protected":false},"excerpt":{"rendered":"<p>Makeri, vrijeme je da se okupimo! Upravo smo pokrenuli AzureFilm Discord grupu \u2013 i pozvan(a) si da nam se pridru\u017ei\u0161! Poka\u017ei svoje printeve Podijeli ideje i savjete Pove\u017ei se s drugim talentiranim makerima Nikada ne propusti dobru ponudu Prvi(a) saznaj za nagradne igre i filament novosti Bilo da si hobi entuzijast ili profesionalac \u2013 ovo [&#8230;]\n","protected":false},"author":11,"featured_media":0,"parent":0,"menu_order":0,"comment_status":"closed","ping_status":"closed","template":"","meta":{"_acf_changed":false,"footnotes":""},"class_list":["post-81320","page","type-page","status-publish","hentry"],"acf":[],"_links":{"self":[{"href":"https:\/\/azurefilm.com\/hr\/wp-json\/wp\/v2\/pages\/81320","targetHints":{"allow":["GET"]}}],"collection":[{"href":"https:\/\/azurefilm.com\/hr\/wp-json\/wp\/v2\/pages"}],"about":[{"href":"https:\/\/azurefilm.com\/hr\/wp-json\/wp\/v2\/types\/page"}],"author":[{"embeddable":true,"href":"https:\/\/azurefilm.com\/hr\/wp-json\/wp\/v2\/users\/11"}],"replies":[{"embeddable":true,"href":"https:\/\/azurefilm.com\/hr\/wp-json\/wp\/v2\/comments?post=81320"}],"version-history":[{"count":0,"href":"https:\/\/azurefilm.com\/hr\/wp-json\/wp\/v2\/pages\/81320\/revisions"}],"wp:attachment":[{"href":"https:\/\/azurefilm.com\/hr\/wp-json\/wp\/v2\/media?parent=81320"}],"curies":[{"name":"wp","href":"https:\/\/api.w.org\/{rel}","templated":true}]}}