
{"id":94290,"date":"2025-10-09T15:00:50","date_gmt":"2025-10-09T15:00:50","guid":{"rendered":"https:\/\/azurefilm.com\/bambu-lab-h2s-giveaway\/"},"modified":"2025-11-10T06:35:22","modified_gmt":"2025-11-10T06:35:22","slug":"bambu-lab-h2s-nagradna-igra","status":"publish","type":"page","link":"https:\/\/azurefilm.com\/hr\/bambu-lab-h2s-nagradna-igra\/","title":{"rendered":"Bambu Lab H2S nagradna igra"},"content":{"rendered":"\n  <div class=\"banner has-hover hide-for-medium\" id=\"banner-1111406083\">\n          <div class=\"banner-inner fill\">\n        <div class=\"banner-bg fill\" >\n            <img loading=\"lazy\" decoding=\"async\" width=\"2560\" height=\"921\" src=\"https:\/\/azurefilm.com\/wp-content\/uploads\/2025\/11\/HR-GIVEAWAY-LANDING-DESKTOP-scaled.png\" class=\"bg attachment-original size-original\" alt=\"\" title=\"\">                                    \n                    <\/div>\n\t\t\n        <div class=\"banner-layers container\">\n            <div class=\"fill banner-link\"><\/div>            \n   <div id=\"text-box-1464981999\" class=\"text-box banner-layer x50 md-x50 lg-x50 y50 md-y50 lg-y50 res-text\">\n                                <div class=\"text-box-content text dark\">\n              \n              <div class=\"text-inner text-center\">\n                  \n              <\/div>\n           <\/div>\n                            \n<style>\n#text-box-1464981999 {\n  width: 60%;\n}\n#text-box-1464981999 .text-box-content {\n  font-size: 100%;\n}\n<\/style>\n    <\/div>\n \n        <\/div>\n      <\/div>\n\n            \n<style>\n#banner-1111406083 {\n  padding-top: 500px;\n}\n<\/style>\n  <\/div>\n\n\n\n  <div class=\"banner has-hover show-for-small\" id=\"banner-707449965\">\n          <div class=\"banner-inner fill\">\n        <div class=\"banner-bg fill\" >\n            <img loading=\"lazy\" decoding=\"async\" width=\"800\" height=\"1000\" src=\"https:\/\/azurefilm.com\/wp-content\/uploads\/2025\/11\/HR-GIVEAWAY-LANDING-MOBILE.png\" class=\"bg attachment-original size-original\" alt=\"\" title=\"\">                                    \n                    <\/div>\n\t\t\n        <div class=\"banner-layers container\">\n            <div class=\"fill banner-link\"><\/div>            \n   <div id=\"text-box-1014475534\" class=\"text-box banner-layer x50 md-x50 lg-x50 y50 md-y50 lg-y50 res-text\">\n                                <div class=\"text-box-content text dark\">\n              \n              <div class=\"text-inner text-center\">\n                  \n              <\/div>\n           <\/div>\n                            \n<style>\n#text-box-1014475534 {\n  width: 60%;\n}\n#text-box-1014475534 .text-box-content {\n  font-size: 100%;\n}\n<\/style>\n    <\/div>\n \n        <\/div>\n      <\/div>\n\n            \n<style>\n#banner-707449965 {\n  padding-top: 500px;\n}\n<\/style>\n  <\/div>\n\n\n\t<div id=\"gap-669195649\" class=\"gap-element clearfix\" style=\"display:block; height:auto;\">\n\t\t\n<style>\n#gap-669195649 {\n  padding-top: 15px;\n}\n<\/style>\n\t<\/div>\n\t\n\n\t<section class=\"section pb-0\" id=\"section_1990432880\">\n\t\t<div class=\"section-bg fill\" >\n\t\t\t\t\t\t\t\t\t<div class=\"section-bg-overlay absolute fill\"><\/div>\n\t\t\t\n\n\t\t<\/div>\n\n\t\t\n\n\t\t<div class=\"section-content relative\">\n\t\t\t\n<div class=\"row row-large align-middle\"  id=\"row-1656916010\">\n\n\t<div id=\"col-1698991375\" class=\"col medium-8 small-12 large-8\"  >\n\t\t\t\t<div class=\"col-inner text-left\"  >\n\t\t\t\n\t\t\t\n<p><span style=\"font-weight: 400;\">Black Friday nije samo za lude popuste\u2026\u00a0<\/span><\/p>\n<p><span style=\"font-weight: 400;\">Ove godine za Black Friday poklanjamo potpuno novi <\/span><b>Bambu Lab H2S Combo<\/b><span style=\"font-weight: 400;\"> \u2013 br\u017ei, pametniji i prepun zna\u010dajki za tiskanje na sljede\u0107oj razini!\u00a0<\/span><\/p>\n<p><span style=\"font-weight: 400;\">Pogledaj ga u akciji u ovom <a href=\"https:\/\/www.youtube.com\/watch?v=LElFzd4495M\" target=\"_blank\" rel=\"noopener\"><strong>YouTube pregledu<\/strong><\/a>!\u00a0<\/span><span style=\"font-weight: 400;\"><br \/>\n<\/span> <i><span style=\"font-weight: 400;\">desno fotkica printera<\/span><\/i><\/p>\n<h2>Ovako se mo\u017ee\u0161 prijaviti na nagradnu igru:<span style=\"font-weight: 400;\"><br \/>\n<\/span><\/h2>\n<p><span style=\"font-weight: 400;\">1\ufe0f\u20e3 Napravi narud\u017ebu filamenta<\/span><b> iznad 150\u202f\u20ac<\/b><span style=\"font-weight: 400;\"><br \/>\n<\/span><span style=\"font-weight: 400;\"> 2\ufe0f\u20e3 Dovr\u0161i kupnju do nedjelje, 14. prosinca<\/span><span style=\"font-weight: 400;\"><br \/>\n<\/span><span style=\"font-weight: 400;\"> 3\ufe0f\u20e3 Dr\u017ei fige \u2013 sretnog dobitnika biramo u ponedjeljak, <\/span><b>15. prosinca<\/b><\/p>\n<p><span style=\"font-weight: 400;\">Zamisli se kako otvara\u0161 svoj novi 3D printer ba\u0161 na vrijeme za blagdane\u2026 i sve \u0161to si morao u\u010diniti je odabrati svoje omiljene filamente!\u00a0<\/span><\/p>\n<a href=\"https:\/\/azurefilm.com\/hr\/3d-filamenti-hr\/\" class=\"button primary\">\n\t\t<span>ODABERI SVOJE FILAMENTE SADA<\/span>\n\t<\/a>\n\n\t\t<\/div>\n\t\t\t\t\t<\/div>\n\n\t\n\n\t<div id=\"col-1537849348\" class=\"col medium-4 small-12 large-4\"  >\n\t\t\t\t<div class=\"col-inner\"  >\n\t\t\t\n\t\t\t\n\t<div class=\"img has-hover x md-x lg-x y md-y lg-y\" id=\"image_397040846\">\n\t\t\t\t\t\t\t\t<div class=\"img-inner dark\" >\n\t\t\t<img loading=\"lazy\" decoding=\"async\" width=\"2400\" height=\"2400\" src=\"https:\/\/azurefilm.com\/wp-content\/uploads\/2025\/10\/h2s-giveaway-NL-16.10.png\" class=\"attachment-original size-original\" alt=\"\" srcset=\"https:\/\/azurefilm.com\/wp-content\/uploads\/2025\/10\/h2s-giveaway-NL-16.10.png 2400w, https:\/\/azurefilm.com\/wp-content\/uploads\/2025\/10\/h2s-giveaway-NL-16.10-274x274.png 274w, https:\/\/azurefilm.com\/wp-content\/uploads\/2025\/10\/h2s-giveaway-NL-16.10-100x100.png 100w, https:\/\/azurefilm.com\/wp-content\/uploads\/2025\/10\/h2s-giveaway-NL-16.10-510x510.png 510w, https:\/\/azurefilm.com\/wp-content\/uploads\/2025\/10\/h2s-giveaway-NL-16.10-300x300.png 300w, https:\/\/azurefilm.com\/wp-content\/uploads\/2025\/10\/h2s-giveaway-NL-16.10-1024x1024.png 1024w, https:\/\/azurefilm.com\/wp-content\/uploads\/2025\/10\/h2s-giveaway-NL-16.10-150x150.png 150w, https:\/\/azurefilm.com\/wp-content\/uploads\/2025\/10\/h2s-giveaway-NL-16.10-768x768.png 768w, https:\/\/azurefilm.com\/wp-content\/uploads\/2025\/10\/h2s-giveaway-NL-16.10-1536x1536.png 1536w, https:\/\/azurefilm.com\/wp-content\/uploads\/2025\/10\/h2s-giveaway-NL-16.10-2048x2048.png 2048w\" sizes=\"auto, (max-width: 2400px) 100vw, 2400px\" title=\"\">\t\t\t\t\t\t\n\t\t\t\t\t<\/div>\n\t\t\t\t\t\t\t\t\n<style>\n#image_397040846 {\n  width: 100%;\n}\n<\/style>\n\t<\/div>\n\t\n\t\t<\/div>\n\t\t\t\t\t<\/div>\n\n\t\n<\/div>\n\t\t<\/div>\n\n\t\t\n<style>\n#section_1990432880 {\n  padding-top: 60px;\n  padding-bottom: 60px;\n}\n#section_1990432880 .section-bg-overlay {\n  background-color: rgba(255, 255, 255, 0.85);\n}\n<\/style>\n\t<\/section>\n\t\n","protected":false},"excerpt":{"rendered":"","protected":false},"author":11,"featured_media":0,"parent":0,"menu_order":0,"comment_status":"closed","ping_status":"closed","template":"","meta":{"_acf_changed":false,"footnotes":""},"class_list":["post-94290","page","type-page","status-publish","hentry"],"acf":[],"_links":{"self":[{"href":"https:\/\/azurefilm.com\/hr\/wp-json\/wp\/v2\/pages\/94290","targetHints":{"allow":["GET"]}}],"collection":[{"href":"https:\/\/azurefilm.com\/hr\/wp-json\/wp\/v2\/pages"}],"about":[{"href":"https:\/\/azurefilm.com\/hr\/wp-json\/wp\/v2\/types\/page"}],"author":[{"embeddable":true,"href":"https:\/\/azurefilm.com\/hr\/wp-json\/wp\/v2\/users\/11"}],"replies":[{"embeddable":true,"href":"https:\/\/azurefilm.com\/hr\/wp-json\/wp\/v2\/comments?post=94290"}],"version-history":[{"count":1,"href":"https:\/\/azurefilm.com\/hr\/wp-json\/wp\/v2\/pages\/94290\/revisions"}],"predecessor-version":[{"id":98522,"href":"https:\/\/azurefilm.com\/hr\/wp-json\/wp\/v2\/pages\/94290\/revisions\/98522"}],"wp:attachment":[{"href":"https:\/\/azurefilm.com\/hr\/wp-json\/wp\/v2\/media?parent=94290"}],"curies":[{"name":"wp","href":"https:\/\/api.w.org\/{rel}","templated":true}]}}