
{"id":100777,"date":"2025-11-26T08:48:55","date_gmt":"2025-11-26T08:48:55","guid":{"rendered":"https:\/\/azurefilm.com\/?post_type=product&#038;p=100777"},"modified":"2026-01-18T19:47:33","modified_gmt":"2026-01-18T19:47:33","slug":"tpu-flexible-95a-black","status":"publish","type":"product","link":"https:\/\/azurefilm.com\/hr\/proizvod\/tpu-flexible-95a-black\/","title":{"rendered":"TPU Flexible 95A Black"},"content":{"rendered":"<h2><b>Flexible 95A<\/b><b><br \/>\n<\/b><\/h2>\n<p><span style=\"font-weight: 400;\">Flexible 95A filament izra\u0111en je od <\/span><b>TPU<\/b><span style=\"font-weight: 400;\">-a (termoplasti\u010dni poliuretan) i ima izra\u017eena fleksibilna svojstva. U usporedbi s tvr\u0111im TPU materijalima, 95A je <\/span><b>mek\u0161i, elasti\u010dniji i pru\u017ea odli\u010dnu fleksibilnost<\/b><span style=\"font-weight: 400;\">. Idealan je za dijelove koji se moraju savijati, rastezati, sti\u0161\u0107ati ili apsorbirati udarce, a pritom ostati izdr\u017eljivi. \u010ceste primjene uklju\u010duju maskice za mobitele, brtve, branike, gripove, za\u0161titne pokrove, igra\u010dke te razne ku\u0107anske ili automobilske komponente.<\/span><\/p>\n<p><span style=\"font-weight: 400;\">Fleksibilni filamenti klasificiraju se prema <\/span><b>Shore ljestvici tvrdo\u0107e<\/b><span style=\"font-weight: 400;\">, koja se kre\u0107e od 0 do 100 i dijeli se na kategorije kao \u0161to su Shore A i Shore D. Ni\u017ei broj ozna\u010dava mek\u0161i i fleksibilniji materijal. TPU s tvrdo\u0107om 95A podsje\u0107a na \u010dvrstu gumu \u2014 fleksibilan je i savitljiv, ali dovoljno sna\u017ean da zadr\u017ei oblik pod optere\u0107enjem.<\/span><\/p>\n<p><b>Napomena:<\/b><span style=\"font-weight: 400;\"> Ako tijekom printanja \u010dujete pucketanje ili krckanje, filament je upio vlagu. Osu\u0161ite ga prije upotrebe za najbolje rezultate. Preporu\u010duje se kori\u0161tenje kutije za su\u0161enje filamenata.<\/span><\/p>\n<p>&nbsp;<\/p>\n<h2 style=\"font-size: 23.04px;\"><b><img decoding=\"async\" class=\"size-medium wp-image-17898 alignnone\" src=\"https:\/\/azurefilm.com\/wp-content\/uploads\/2023\/10\/Flexible-filament-table.jpg\" alt=\" width=\" height=\"400\" title=\"\"><\/b><\/h2>\n<h3><b>Preporuke za printanje:<\/b><\/h3>\n<ul>\n<li style=\"font-weight: 400;\" aria-level=\"1\"><span style=\"font-weight: 400;\">Za najbolje rezultate printajte na 220\u2013240 \u00b0C.<\/span><span style=\"font-weight: 400;\"><br \/>\n<\/span><\/li>\n<li style=\"font-weight: 400;\" aria-level=\"1\"><span style=\"font-weight: 400;\">Preporu\u010dena temperatura podloge je 40\u201360 \u00b0C.<\/span><span style=\"font-weight: 400;\"><br \/>\n<\/span><\/li>\n<li style=\"font-weight: 400;\" aria-level=\"1\"><span style=\"font-weight: 400;\">Printajte sporije, brzinom 10\u201330 mm\/s.<\/span><span style=\"font-weight: 400;\"><br \/>\n<\/span><\/li>\n<li style=\"font-weight: 400;\" aria-level=\"1\"><span style=\"font-weight: 400;\">Koristite staklenu podlogu, PEI plo\u010du, Kapton ili plavu traku uz 3Dlac sprej.<\/span><\/li>\n<\/ul>\n<p><i><span style=\"font-weight: 400;\">Idealna temperatura mo\u017ee varirati ovisno o printeru.<\/span><\/i><\/p>\n<p><span style=\"font-weight: 400;\">Ovdje mo\u017eete pristupiti <a href=\"https:\/\/azurefilm.com\/hr\/technical-data-sheets\/\" target=\"_blank\" rel=\"noopener\"><strong> tehni\u010dkim informacijama<\/strong><\/a>.<\/span><\/p>\n<p>&nbsp;<\/p>\n","protected":false},"excerpt":{"rendered":"<p><span style=\"font-weight: 400;\">TPU Flexible 95A Black: savr\u0161en omjer meko\u0107e i \u010dvrsto\u0107e, uz gumastu fleksibilnost za dijelove koji se moraju savijati, sti\u0161\u0107ati i dugo trajati.<\/span><\/p>\n","protected":false},"featured_media":101972,"comment_status":"closed","ping_status":"closed","template":"","meta":{"_acf_changed":false},"product_brand":[],"product_cat":[2824,375,383,377],"product_tag":[],"brand":[821],"class_list":{"0":"post-100777","1":"product","2":"type-product","3":"status-publish","4":"has-post-thumbnail","6":"product_cat-tpu-95a","7":"product_cat-3d-filamenti-hr","8":"product_cat-flexible-filamenti-hr","9":"product_cat-svi-filamenti","10":"pa_colour-crno","11":"pa_filament-diameter-1-75mm-hr","12":"pa_filament-weight-1000g-hr","13":"brand-azurefilm-hr","15":"first","16":"outofstock","17":"taxable","18":"shipping-taxable","19":"purchasable","20":"product-type-variable","21":"has-default-attributes"},"acf":[],"_links":{"self":[{"href":"https:\/\/azurefilm.com\/hr\/wp-json\/wp\/v2\/product\/100777","targetHints":{"allow":["GET"]}}],"collection":[{"href":"https:\/\/azurefilm.com\/hr\/wp-json\/wp\/v2\/product"}],"about":[{"href":"https:\/\/azurefilm.com\/hr\/wp-json\/wp\/v2\/types\/product"}],"replies":[{"embeddable":true,"href":"https:\/\/azurefilm.com\/hr\/wp-json\/wp\/v2\/comments?post=100777"}],"wp:featuredmedia":[{"embeddable":true,"href":"https:\/\/azurefilm.com\/hr\/wp-json\/wp\/v2\/media\/101972"}],"wp:attachment":[{"href":"https:\/\/azurefilm.com\/hr\/wp-json\/wp\/v2\/media?parent=100777"}],"wp:term":[{"taxonomy":"product_brand","embeddable":true,"href":"https:\/\/azurefilm.com\/hr\/wp-json\/wp\/v2\/product_brand?post=100777"},{"taxonomy":"product_cat","embeddable":true,"href":"https:\/\/azurefilm.com\/hr\/wp-json\/wp\/v2\/product_cat?post=100777"},{"taxonomy":"product_tag","embeddable":true,"href":"https:\/\/azurefilm.com\/hr\/wp-json\/wp\/v2\/product_tag?post=100777"},{"taxonomy":"brand","embeddable":true,"href":"https:\/\/azurefilm.com\/hr\/wp-json\/wp\/v2\/brand?post=100777"}],"curies":[{"name":"wp","href":"https:\/\/api.w.org\/{rel}","templated":true}]}}