
{"id":104673,"date":"2026-01-08T10:07:09","date_gmt":"2026-01-08T10:07:09","guid":{"rendered":"https:\/\/azurefilm.com\/?post_type=product&#038;p=104673"},"modified":"2026-03-14T20:58:13","modified_gmt":"2026-03-14T20:58:13","slug":"bambu-lab-h2c-combo","status":"publish","type":"product","link":"https:\/\/azurefilm.com\/hr\/proizvod\/bambu-lab-h2c-combo\/","title":{"rendered":"Bambu Lab H2C Combo"},"content":{"rendered":"<h2><b>Bambu Lab H2C Combo \u2013 3D printanje s vi\u0161e materijala na novoj razini<\/b><\/h2>\n<p><span style=\"font-weight: 400;\">Bambu Lab H2C Combo nadogra\u0111uje ono \u0161to kreatori vole kod H-serije \u2014 <\/span><b>napredno printanje s vi\u0161e materijala i boja, preciznost i pametna automatizacija<\/b><span style=\"font-weight: 400;\"> za profesionalni 3D print. S pomo\u0107u <\/span><b>inovativnog Vortek Hotend Change System<\/b><span style=\"font-weight: 400;\">, H2C omogu\u0107uje \u010di\u0161\u0107e i u\u010dinkovitije printove s minimalnim otpadom filamenta i izuzetnom fleksibilno\u0161\u0107u procesa.<\/span><\/p>\n<h3><b>Vortek\u2122 Hotend Change System \u2013 Novi standard za printanje s vi\u0161e materijala<\/b><\/h3>\n<p><span style=\"font-weight: 400;\">Srce <\/span><b>Bambu Lab H2C Combo<\/b><span style=\"font-weight: 400;\"> je <\/span><b>Vortek\u2122 Hotend Change System<\/b><span style=\"font-weight: 400;\">, potpuno novi pristup printanju s vi\u0161e materijala i boja. Umjesto klasi\u010dnog ispuhivanja filamenta kroz jednu mlaznicu, H2C <\/span><b>fizi\u010dki zamjenjuje cijeli hotend<\/b><span style=\"font-weight: 400;\"> \u2014 br\u017ee, \u010di\u0161\u0107e i znatno u\u010dinkovitije.<\/span><\/p>\n<ul>\n<li style=\"font-weight: 400;\" aria-level=\"1\"><span style=\"font-weight: 400;\">Do <\/span><b>7 hotendova<\/b><span style=\"font-weight: 400;\"> (1 fiksni + do 6 zamjenjivih) omogu\u0107uje istinsko printanje s vi\u0161e materijala bez kompromisa.<\/span><\/li>\n<li style=\"font-weight: 400;\" aria-level=\"1\"><b>Indukcijski grijani hotendovi<\/b><span style=\"font-weight: 400;\"> osiguravaju ultra brzo zagrijavanje, preciznu kontrolu temperature i be\u017ei\u010dni prijenos energije.<\/span><\/li>\n<li style=\"font-weight: 400;\" aria-level=\"1\"><b>Gotovo nikakav otpad filamenta<\/b><span style=\"font-weight: 400;\"> u usporedbi s tradicionalnim sustavima.<\/span><\/li>\n<li style=\"font-weight: 400;\" aria-level=\"1\"><b>Trenutna zamjena hotendova<\/b><span style=\"font-weight: 400;\"> odr\u017eava kvalitetu printa i smanjuje vrijeme izme\u0111u materijala.<\/span><\/li>\n<\/ul>\n<p><span style=\"font-weight: 400;\">Svaki hotend je <\/span><b>samostalno kalibriran i automatski poravnan<\/b><span style=\"font-weight: 400;\">, \u0161to omogu\u0107uje promjenu materijala bez utjecaja na preciznost, zavr\u0161nu obradu ili dimenzijsku to\u010dnost. H2C je idealan za slo\u017eene printove koji kombiniraju <\/span><b>rigidne i fleksibilne materijale, podr\u0161ku ili in\u017eenjerske plastike<\/b><span style=\"font-weight: 400;\">.<\/span><\/p>\n<p><span style=\"font-weight: 400;\">Vortek nije samo nadogradnja \u2013 to je temeljna promjena na\u010dina printanja s vi\u0161e materijala.<\/span><\/p>\n<h3><b>Brzo, precizno i spremno za sve materijale<\/b><\/h3>\n<p><span style=\"font-weight: 400;\">Visoko rigidna <\/span><b>CoreXY konstrukcija<\/b><span style=\"font-weight: 400;\"> i <\/span><b>servo upravljani ekstruder<\/b><span style=\"font-weight: 400;\"> pru\u017eaju brzinu bez kompromisa kod preciznosti.<\/span><\/p>\n<ul>\n<li style=\"font-weight: 400;\" aria-level=\"1\"><span style=\"font-weight: 400;\">Visoke brzine printanja do ~<\/span><b>1.000\u202fmm\/s<\/b><span style=\"font-weight: 400;\"> i ubrzanje do <\/span><b>20.000\u202fmm\/s\u00b2<\/b><\/li>\n<li style=\"font-weight: 400;\" aria-level=\"1\"><span style=\"font-weight: 400;\">Aktivno grijana komora <\/span><b>(~65\u202f\u00b0C)<\/b><span style=\"font-weight: 400;\"> i <\/span><b>maks. temperatura hotenda 350\u202f\u00b0C<\/b><span style=\"font-weight: 400;\"> omogu\u0107uju printanje tehni\u010dkih materijala<\/span><\/li>\n<li style=\"font-weight: 400;\" aria-level=\"1\"><span style=\"font-weight: 400;\">Napredna kompatibilnost materijala \u2014 od PLA\/PETG do kompozita i tehni\u010dkih polimera<\/span><\/li>\n<\/ul>\n<h3><b>Besprijekoran proces i pro\u0161irivost<\/b><\/h3>\n<p><span style=\"font-weight: 400;\">U \u201cCombo\u201d paketu je uklju\u010den <\/span><b>AMS 2 Pro<\/b><span style=\"font-weight: 400;\"> za automatizirano upravljanje filamentima, \u0161to omogu\u0107uje duga printanja s vi\u0161e materijala uz podr\u0161ku su\u0161enja. Sustav se mo\u017ee pro\u0161iriti do <\/span><b>24 filamenta<\/b><span style=\"font-weight: 400;\">, uz dodatne AMS jedinice*.<\/span><\/p>\n<p><span style=\"font-weight: 400;\">*Laser modul i dodaci za rezanje su opcionalni i nisu uklju\u010deni u ovaj paket.<\/span><\/p>\n<h2><b>Tehni\u010dke specifikacije<\/b><\/h2>\n<ul>\n<li style=\"font-weight: 400;\" aria-level=\"1\"><span style=\"font-weight: 400;\">Tehnologija printanja: FDM (Fused Deposition Modeling)<\/span><\/li>\n<li style=\"font-weight: 400;\" aria-level=\"1\"><span style=\"font-weight: 400;\">Hotend sustav: Vortek\u2122 Hotend Change System (do 7 hotendova: 1 fiksni + do 6 zamjenjivih)<\/span><\/li>\n<li style=\"font-weight: 400;\" aria-level=\"1\"><span style=\"font-weight: 400;\">Volumen izrade:<\/span><span style=\"font-weight: 400;\"><br \/>\n<\/span><span style=\"font-weight: 400;\"> \u2013 Jedan hotend: 325\u00d7320\u00d7325 mm<\/span><span style=\"font-weight: 400;\"><br \/>\n<\/span><span style=\"font-weight: 400;\"> \u2013 Dva hotenda: 300\u00d7320\u00d7325 mm<\/span><span style=\"font-weight: 400;\"><br \/>\n<\/span><span style=\"font-weight: 400;\"> \u2013 Kombinirani na\u010din: 330\u00d7320\u00d7325 mm<\/span><\/li>\n<li style=\"font-weight: 400;\" aria-level=\"1\"><span style=\"font-weight: 400;\">Promjer mlaznice: 0,2 \/ 0,4 \/ 0,6 \/ 0,8 mm<\/span><\/li>\n<li style=\"font-weight: 400;\" aria-level=\"1\"><span style=\"font-weight: 400;\">Maks. temperatura mlaznice: 350\u202f\u00b0C<\/span><\/li>\n<li style=\"font-weight: 400;\" aria-level=\"1\"><span style=\"font-weight: 400;\">Maks. temperatura platforme: 120\u202f\u00b0C<\/span><\/li>\n<li style=\"font-weight: 400;\" aria-level=\"1\"><span style=\"font-weight: 400;\">Komora: potpuno zatvorena, aktivno grijana (do ~65\u202f\u00b0C)<\/span><\/li>\n<li style=\"font-weight: 400;\" aria-level=\"1\"><span style=\"font-weight: 400;\">Promjer filamenta: 1,75 mm<\/span><\/li>\n<li style=\"font-weight: 400;\" aria-level=\"1\"><span style=\"font-weight: 400;\">Maksimalna brzina printanja: do 1.000 mm\/s<\/span><\/li>\n<li style=\"font-weight: 400;\" aria-level=\"1\"><span style=\"font-weight: 400;\">Maksimalno ubrzanje: do 20.000 mm\/s\u00b2<\/span><\/li>\n<li style=\"font-weight: 400;\" aria-level=\"1\"><span style=\"font-weight: 400;\">Kompatibilnost materijala: PLA, PETG, ABS, ASA, TPU, PA, PC, kompoziti i in\u017eenjerski filament<\/span><\/li>\n<li style=\"font-weight: 400;\" aria-level=\"1\"><span style=\"font-weight: 400;\">Ekstrudirni sustav: Direct drive, servo upravljan<\/span><\/li>\n<li style=\"font-weight: 400;\" aria-level=\"1\"><span style=\"font-weight: 400;\">Upravljanje materijalima: AMS 2 Pro uklju\u010deno (su\u0161enje filamenta i automatska zamjena)<\/span><\/li>\n<li style=\"font-weight: 400;\" aria-level=\"1\"><span style=\"font-weight: 400;\">Pro\u0161irivost AMS: do 24 filamenta (s dodatnim AMS jedinicama)<\/span><\/li>\n<li style=\"font-weight: 400;\" aria-level=\"1\"><span style=\"font-weight: 400;\">Povezivost: Wi-Fi, LAN, USB<\/span><\/li>\n<li style=\"font-weight: 400;\" aria-level=\"1\"><span style=\"font-weight: 400;\">Zaslon: touchscreen<\/span><\/li>\n<li style=\"font-weight: 400;\" aria-level=\"1\"><span style=\"font-weight: 400;\">Okvir: visoko rigidna CoreXY konstrukcija<\/span><\/li>\n<li style=\"font-weight: 400;\" aria-level=\"1\"><span style=\"font-weight: 400;\">Dimenzije ure\u0111aja: cca. 492 \u00d7 514 \u00d7 626 mm<\/span><\/li>\n<li style=\"font-weight: 400;\" aria-level=\"1\"><span style=\"font-weight: 400;\">Te\u017eina: cca. 32,5 kg<\/span><\/li>\n<li style=\"font-weight: 400;\" aria-level=\"1\"><span style=\"font-weight: 400;\">Laser modul: nije uklju\u010den<\/span><\/li>\n<\/ul>\n","protected":false},"excerpt":{"rendered":"<p><span style=\"font-weight: 400;\">Bambu Lab H2C Combo revolucionira 3D printanje s vi\u0161e materijala uz <\/span><b>Vortek\u2122 Hotend Change System<\/b><span style=\"font-weight: 400;\">, koji omogu\u0107uje do <\/span><b>7 automatski zamjenjivih hotendova<\/b><span style=\"font-weight: 400;\"> za gotovo nikakav otpad filamenta i besprijekorne prijelaze boja i materijala.<\/span><\/p>\n<p><span style=\"font-weight: 400;\">Opremljen sa <\/span><b>350\u00b0C hotendom, 120\u00b0C grijanom platformom i 65\u00b0C aktivno grijanom komorom<\/b><span style=\"font-weight: 400;\">, omogu\u0107uje tiskanje <\/span><b>in\u017eenjerskih i tehni\u010dkih materijala, kompozita i fleksibilnih filamenta<\/b><span style=\"font-weight: 400;\"> s industrijskom precizno\u0161\u0107u.<\/span><\/p>\n<p><span style=\"font-weight: 400;\">Uz CoreXY visokobrzinsko kretanje, brzinu printanja do<\/span><b> 1.000\u202fmm\/s<\/b><span style=\"font-weight: 400;\">, ubrzanje<\/span><b> 20.000\u202fmm\/s\u00b2 <\/b><span style=\"font-weight: 400;\">i preciznost ispod 50\u202f\u03bcm, svaki print je brz, to\u010dan i ponovljiv.<\/span><\/p>\n<p><span style=\"font-weight: 400;\">Dodajte <\/span><b>AMS 2 Pro<\/b><span style=\"font-weight: 400;\"> za automatizirano printanje s vi\u0161e materijala i su\u0161enje filamenta, \u0161to omogu\u0107uje besprijekoran radni proces i kod slo\u017eenih ili dugotrajnih projekata.<\/span><\/p>\n<p><span style=\"font-weight: 400;\">H2C nije samo printer \u2013 to je <\/span><b>pametna, svestrana multi-material platforma<\/b><span style=\"font-weight: 400;\"> za kreatore koji zahtijevaju u\u010dinkovitost, preciznost i profesionalne rezultate.<\/span><\/p>\n<p><span style=\"color: #ed1c24;\"><b>Va\u017eno: Laser i Cutting Modul su opcionalni. H2C u ovoj ponudi ne uklju\u010duje laser.<\/b><\/span><\/p>\n","protected":false},"featured_media":104756,"comment_status":"closed","ping_status":"closed","template":"","meta":{"_acf_changed":false},"product_brand":[],"product_cat":[453,481,516,457,456],"product_tag":[],"brand":[],"class_list":{"0":"post-104673","1":"product","2":"type-product","3":"status-publish","4":"has-post-thumbnail","6":"product_cat-3d-printer","7":"product_cat-akcija","8":"product_cat-bambu-lab-hr","9":"product_cat-fdm-printer","10":"product_cat-svi-3d-pisaci","12":"first","13":"outofstock","14":"sale","15":"featured","16":"taxable","17":"shipping-taxable","18":"purchasable","19":"product-type-simple"},"acf":[],"_links":{"self":[{"href":"https:\/\/azurefilm.com\/hr\/wp-json\/wp\/v2\/product\/104673","targetHints":{"allow":["GET"]}}],"collection":[{"href":"https:\/\/azurefilm.com\/hr\/wp-json\/wp\/v2\/product"}],"about":[{"href":"https:\/\/azurefilm.com\/hr\/wp-json\/wp\/v2\/types\/product"}],"replies":[{"embeddable":true,"href":"https:\/\/azurefilm.com\/hr\/wp-json\/wp\/v2\/comments?post=104673"}],"wp:featuredmedia":[{"embeddable":true,"href":"https:\/\/azurefilm.com\/hr\/wp-json\/wp\/v2\/media\/104756"}],"wp:attachment":[{"href":"https:\/\/azurefilm.com\/hr\/wp-json\/wp\/v2\/media?parent=104673"}],"wp:term":[{"taxonomy":"product_brand","embeddable":true,"href":"https:\/\/azurefilm.com\/hr\/wp-json\/wp\/v2\/product_brand?post=104673"},{"taxonomy":"product_cat","embeddable":true,"href":"https:\/\/azurefilm.com\/hr\/wp-json\/wp\/v2\/product_cat?post=104673"},{"taxonomy":"product_tag","embeddable":true,"href":"https:\/\/azurefilm.com\/hr\/wp-json\/wp\/v2\/product_tag?post=104673"},{"taxonomy":"brand","embeddable":true,"href":"https:\/\/azurefilm.com\/hr\/wp-json\/wp\/v2\/brand?post=104673"}],"curies":[{"name":"wp","href":"https:\/\/api.w.org\/{rel}","templated":true}]}}