
{"id":108778,"date":"2026-03-09T08:28:12","date_gmt":"2026-03-09T08:28:12","guid":{"rendered":"https:\/\/azurefilm.com\/?post_type=product&#038;p=108778"},"modified":"2026-04-14T12:06:40","modified_gmt":"2026-04-14T12:06:40","slug":"snapmaker-u1","status":"publish","type":"product","link":"https:\/\/azurefilm.com\/hr\/proizvod\/snapmaker-u1\/","title":{"rendered":"Snapmaker U1"},"content":{"rendered":"<h2>Snapmaker U1 \u2013 brzo, vi\u0161ebojno i vi\u0161ematerijalno 3D printanje<\/h2>\n<p><span style=\"font-weight: 400;\">Snapmaker U1 redefinira stolno 3D printanje zahvaljuju\u0107i pravom sustavu s vi\u0161e glava koji omogu\u0107uje brzo, precizno i u\u010dinkovito vi\u0161ebojno i vi\u0161ematerijalno printanje odmah po va\u0111enju iz kutije. Temeljen na CoreXY mehanizmu kretanja i inovativnoj SnapSwap\u2122 tehnologiji, U1 eliminira klasi\u010dan gubitak filamenta i vrijeme \u010dekanja te omogu\u0107uje do 5\u00d7 ve\u0107u brzinu i do 80 % manje otpada u usporedbi s klasi\u010dnim AMS sustavima.<\/span><\/p>\n<h3>Napredne vi\u0161ebojne i vi\u0161ematerijalne mogu\u0107nosti<\/h3>\n<p><span style=\"font-weight: 400;\">S \u010detiri neovisne glave, Snapmaker U1 omogu\u0107uje jednostavno kombiniranje razli\u010ditih boja i materijala u jednom modelu. Umjesto istiskivanja starog filamenta kroz jednu mlaznicu, glave se mijenjaju trenutno \u2013 manje \u010di\u0161\u0107enja, vi\u0161e printanja.<\/span><\/p>\n<ul>\n<li style=\"font-weight: 400;\" aria-level=\"1\"><span style=\"font-weight: 400;\">SnapSwap\u2122 sustav s 4 unaprijed instalirana ekstrudera za brzu izmjenu (~5 s)<\/span><\/li>\n<li style=\"font-weight: 400;\" aria-level=\"1\"><span style=\"font-weight: 400;\">Do 4 boje ili materijala u jednom modelu za potpunu kreativnu slobodu<\/span><\/li>\n<li style=\"font-weight: 400;\" aria-level=\"1\"><span style=\"font-weight: 400;\">Minimalan purge otpad \u2013 \u0161tedi filament i novac<\/span><\/li>\n<li style=\"font-weight: 400;\" aria-level=\"1\"><span style=\"font-weight: 400;\">Jednostavno kombiniranje krutih i fleksibilnih materijala poput PETG + TPU ili potporni materijal PVA<\/span><\/li>\n<\/ul>\n<h3>Brzina, preciznost i pametna kalibracija<\/h3>\n<p><span style=\"font-weight: 400;\">CoreXY konstrukcija s laganim karbonskim vodilicama osi X omogu\u0107uje brzine do 500 mm\/s i radni volumen 270 \u00d7 270 \u00d7 270 mm za ve\u0107e i kompleksnije modele. Napredni algoritmi kompenzacije i kalibracije osiguravaju glatke i precizne rezultate \u010dak i pri velikim brzinama.<\/span><\/p>\n<ul>\n<li style=\"font-weight: 400;\" aria-level=\"1\"><span style=\"font-weight: 400;\">Brzi CoreXY sustav za stabilnost i visoku preciznost<\/span><\/li>\n<li style=\"font-weight: 400;\" aria-level=\"1\"><span style=\"font-weight: 400;\">Dinami\u010dka kalibracija protoka i kompenzacija vibracija za \u010diste povr\u0161ine<\/span><\/li>\n<li style=\"font-weight: 400;\" aria-level=\"1\"><span style=\"font-weight: 400;\">Automatsko mre\u017eno niveliranje podloge i precizno poravnanje glava (&lt; 0,04 mm)<\/span><\/li>\n<li style=\"font-weight: 400;\" aria-level=\"1\"><span style=\"font-weight: 400;\">Pressure Advance i optimizirana ekstruzija za o\u0161tre detalje<\/span><\/li>\n<\/ul>\n<h3>Jednostavno kori\u0161tenje i pametno upravljanje<\/h3>\n<p><span style=\"font-weight: 400;\">U1 je dizajniran za jednostavan i u\u010dinkovit radni proces \u2013 od umetanja filamenta do daljinskog nadzora.<\/span><\/p>\n<ul>\n<li style=\"font-weight: 400;\" aria-level=\"1\"><span style=\"font-weight: 400;\">Automatski sustav filamenta s auto-u\u010ditavanjem, backup na\u010dinom rada i RFID prepoznavanjem<\/span><\/li>\n<li style=\"font-weight: 400;\" aria-level=\"1\"><span style=\"font-weight: 400;\">3,5\u2033 zaslon osjetljiv na dodir za intuitivno upravljanje<\/span><\/li>\n<li style=\"font-weight: 400;\" aria-level=\"1\"><span style=\"font-weight: 400;\">Snapmaker Orca softver + mobilna aplikacija za daljinsko upravljanje i nadzor ispisa<\/span><\/li>\n<li style=\"font-weight: 400;\" aria-level=\"1\"><span style=\"font-weight: 400;\">Ugra\u0111ena komorna kamera s planiranom AI detekcijom gre\u0161aka putem OTA nadogradnje (prosinac 2025.)<\/span><\/li>\n<\/ul>\n<h3>Materijali, povezivost i radni tijek<\/h3>\n<p><span style=\"font-weight: 400;\">U1 podr\u017eava \u0161irok raspon materijala i opcija povezivanja, pru\u017eaju\u0107i fleksibilnost za kreativne projekte i funkcionalne dijelove.<\/span><\/p>\n<ul>\n<li style=\"font-weight: 400;\" aria-level=\"1\"><span style=\"font-weight: 400;\">Podr\u0161ka za vi\u0161e materijala: PLA, PETG, TPU, PVA i drugi (uz opcionalni poklopac)<\/span><\/li>\n<li style=\"font-weight: 400;\" aria-level=\"1\"><span style=\"font-weight: 400;\">Wi-Fi i USB povezivanje za prijenos i upravljanje ispisom<\/span><\/li>\n<li style=\"font-weight: 400;\" aria-level=\"1\"><span style=\"font-weight: 400;\">Snapmaker Orca &amp; OrcaSlicer ekosustav za organizirane profile i optimiziran workflow<\/span><\/li>\n<\/ul>\n<h2>Sadr\u017eaj pakiranja<\/h2>\n<ul>\n<li style=\"font-weight: 400;\" aria-level=\"1\"><span style=\"font-weight: 400;\">Snapmaker U1 3D pisa\u010d<\/span><\/li>\n<li style=\"font-weight: 400;\" aria-level=\"1\"><span style=\"font-weight: 400;\">4 glave u SnapSwap\u2122 sustavu<\/span><\/li>\n<li style=\"font-weight: 400;\" aria-level=\"1\"><span style=\"font-weight: 400;\">Automatski sustav za filament (do 4 role)<\/span><\/li>\n<li style=\"font-weight: 400;\" aria-level=\"1\"><span style=\"font-weight: 400;\">3,5\u2033 zaslon osjetljiv na dodir<\/span><\/li>\n<li style=\"font-weight: 400;\" aria-level=\"1\"><span style=\"font-weight: 400;\">Dodatna oprema i vodi\u010d za brzi po\u010detak<\/span><\/li>\n<\/ul>\n<h2>Tehni\u010dke specifikacije<\/h2>\n<p><span style=\"font-weight: 400;\">Tehnologija ispisa: Fused Deposition Modeling (FDM)<\/span><span style=\"font-weight: 400;\"><br \/>\n<\/span><span style=\"font-weight: 400;\">Radni volumen: 270 \u00d7 270 \u00d7 270 mm<\/span><span style=\"font-weight: 400;\"><br \/>\n<\/span><span style=\"font-weight: 400;\">Maks. brzina glave: do 500 mm\/s<\/span><span style=\"font-weight: 400;\"><br \/>\n<\/span><span style=\"font-weight: 400;\">Maks. ubrzanje: do 20.000 mm\/s\u00b2<\/span><span style=\"font-weight: 400;\"><br \/>\n<\/span><span style=\"font-weight: 400;\">Uklju\u010dene glave: 4 (SnapSwap\u2122 sustav)<\/span><span style=\"font-weight: 400;\"><br \/>\n<\/span><span style=\"font-weight: 400;\">Promjer mlaznice: 0,4 mm (nehr\u0111aju\u0107i \u010delik)<\/span><span style=\"font-weight: 400;\"><br \/>\n<\/span><span style=\"font-weight: 400;\">Maks. temperatura mlaznice: 300 \u00b0C<\/span><span style=\"font-weight: 400;\"><br \/>\n<\/span><span style=\"font-weight: 400;\">Promjer filamenta: 1,75 mm<\/span><span style=\"font-weight: 400;\"><br \/>\n<\/span><span style=\"font-weight: 400;\">Grijana podloga: fleksibilna \u010deli\u010dna plo\u010da s PEI povr\u0161inom (do 100 \u00b0C)<\/span><span style=\"font-weight: 400;\"><br \/>\n<\/span><span style=\"font-weight: 400;\">Podr\u017eani filamenti: PLA, PETG, TPU, PVA, PCTG; pro\u0161ireno s gornjim poklopcem<\/span><span style=\"font-weight: 400;\"><br \/>\n<\/span><span style=\"font-weight: 400;\">Zaslon: 3,5\u2033 kapacitivni (320 \u00d7 480)<\/span><span style=\"font-weight: 400;\"><br \/>\n<\/span><span style=\"font-weight: 400;\">Povezivost: Wi-Fi, USB memorija<\/span><span style=\"font-weight: 400;\"><br \/>\n<\/span><span style=\"font-weight: 400;\">Kamera: ugra\u0111ena komorna kamera<\/span><span style=\"font-weight: 400;\"><br \/>\n<\/span><span style=\"font-weight: 400;\">Softver: Snapmaker Orca \/ OrcaSlicer<\/span><span style=\"font-weight: 400;\"><br \/>\n<\/span><span style=\"font-weight: 400;\">Dimenzije ure\u0111aja: 584 \u00d7 499 \u00d7 730 mm<\/span><span style=\"font-weight: 400;\"><br \/>\n<\/span><span style=\"font-weight: 400;\">Te\u017eina: ~18,2 kg<\/span><\/p>\n","protected":false},"excerpt":{"rendered":"<p><span style=\"font-weight: 400;\">Snapmaker U1 je visokou\u010dinkovit CoreXY 3D pisa\u010d dizajniran za brzinu, preciznost i potpunu svestranost. Uz brzinu ispisa do 500 mm\/s i ubrzanje do 20.000 mm\/s\u00b2 omogu\u0107uje brzo, stabilno i iznimno detaljno printanje na \u0161irokom rasponu materijala.<\/span><\/p>\n<p><b>Inovativni SnapSwap\u2122 sustav brze izmjene glava <\/b><span style=\"font-weight: 400;\">omogu\u0107uje trenuta\u010dno prebacivanje izme\u0111u alata, dok automatsko niveliranje podloge, fleksibilna PEI radna plo\u010da i napredne kalibracijske funkcije osiguravaju pouzdan prvi sloj i dosljedne rezultate.<\/span><\/p>\n<p><span style=\"font-weight: 400;\">Uz Wi-Fi povezivost, responzivni zaslon osjetljiv na dodir i ugra\u0111enu kameru za nadzor ispisa, Snapmaker U1 pru\u017ea profesionalan i u\u010dinkovit tijek rada \u2013 idealan za kreatore koji od svakog ispisa tra\u017ee brzinu, fleksibilnost i preciznost.<\/span><\/p>\n","protected":false},"featured_media":115593,"comment_status":"closed","ping_status":"closed","template":"","meta":{"_acf_changed":false},"product_brand":[],"product_cat":[453,481,457,467,456],"product_tag":[],"brand":[],"class_list":{"0":"post-108778","1":"product","2":"type-product","3":"status-publish","4":"has-post-thumbnail","6":"product_cat-3d-printer","7":"product_cat-akcija","8":"product_cat-fdm-printer","9":"product_cat-snapmaker-hr","10":"product_cat-svi-3d-pisaci","12":"first","13":"instock","14":"sale","15":"featured","16":"taxable","17":"shipping-taxable","18":"purchasable","19":"product-type-simple"},"acf":[],"_links":{"self":[{"href":"https:\/\/azurefilm.com\/hr\/wp-json\/wp\/v2\/product\/108778","targetHints":{"allow":["GET"]}}],"collection":[{"href":"https:\/\/azurefilm.com\/hr\/wp-json\/wp\/v2\/product"}],"about":[{"href":"https:\/\/azurefilm.com\/hr\/wp-json\/wp\/v2\/types\/product"}],"replies":[{"embeddable":true,"href":"https:\/\/azurefilm.com\/hr\/wp-json\/wp\/v2\/comments?post=108778"}],"wp:featuredmedia":[{"embeddable":true,"href":"https:\/\/azurefilm.com\/hr\/wp-json\/wp\/v2\/media\/115593"}],"wp:attachment":[{"href":"https:\/\/azurefilm.com\/hr\/wp-json\/wp\/v2\/media?parent=108778"}],"wp:term":[{"taxonomy":"product_brand","embeddable":true,"href":"https:\/\/azurefilm.com\/hr\/wp-json\/wp\/v2\/product_brand?post=108778"},{"taxonomy":"product_cat","embeddable":true,"href":"https:\/\/azurefilm.com\/hr\/wp-json\/wp\/v2\/product_cat?post=108778"},{"taxonomy":"product_tag","embeddable":true,"href":"https:\/\/azurefilm.com\/hr\/wp-json\/wp\/v2\/product_tag?post=108778"},{"taxonomy":"brand","embeddable":true,"href":"https:\/\/azurefilm.com\/hr\/wp-json\/wp\/v2\/brand?post=108778"}],"curies":[{"name":"wp","href":"https:\/\/api.w.org\/{rel}","templated":true}]}}