
{"id":112789,"date":"2026-03-30T09:23:45","date_gmt":"2026-03-30T09:23:45","guid":{"rendered":"https:\/\/azurefilm.com\/?post_type=product&#038;p=112789"},"modified":"2026-04-14T12:30:16","modified_gmt":"2026-04-14T12:30:16","slug":"pla-black","status":"publish","type":"product","link":"https:\/\/azurefilm.com\/hr\/proizvod\/pla-black\/","title":{"rendered":"PLA+ Black"},"content":{"rendered":"<h2><strong>PLA+ \u2013 \u010dvr\u0161\u0107i, pametniji, pouzdaniji<\/strong><\/h2>\n<p><b>PLA+<\/b><span style=\"font-weight: 400;\"> je pobolj\u0161ani filament na bazi PLA-a, razvijen za <\/span><b>\u010dvr\u0161\u0107e, izdr\u017eljivije i kvalitetnije ispise<\/b><span style=\"font-weight: 400;\">, bez kompromisa kada je rije\u010d o jednostavnosti i pouzdanosti koje o\u010dekujete od standardnog PLA-a. Zahvaljuju\u0107i optimiziranoj formulaciji, PLA+ pobolj\u0161ava me\u0111uslojno prianjanje, smanjuje lomljivost i stvara glatku, blago mat povr\u0161inu koja Va\u0161im 3D modelima daje profinjen i profesionalan izgled.<\/span><\/p>\n<p><span style=\"font-weight: 400;\">Ako tra\u017eite ispise koji <\/span><b>traju dulje, bolje podnose optere\u0107enje i izgledaju profesionalno<\/b><span style=\"font-weight: 400;\">, PLA+ je izvrstan izbor za funkcionalne prototipove, mehani\u010dke dijelove, figurice i svakodnevne uporabne predmete.<\/span><\/p>\n\n\t<section class=\"section pb-0\" id=\"section_142712336\">\n\t\t<div class=\"section-bg fill\" >\n\t\t\t\t\t\t\t\t\t<div class=\"section-bg-overlay absolute fill\"><\/div>\n\t\t\t\n\n\t\t<\/div>\n\n\t\t\n\n\t\t<div class=\"section-content relative\">\n\t\t\t\n<div class=\"row row-large align-middle\"  id=\"row-1691279502\">\n\n\t<div id=\"col-1857189547\" class=\"col medium-6 small-12 large-6\"  >\n\t\t\t\t<div class=\"col-inner text-left\"  >\n\t\t\t\n\t\t\t\n<h3><strong>Klju\u010dne zna\u010dajke<\/strong><\/h3>\n<ul>\n<li style=\"font-weight: 400;\" aria-level=\"1\"><b>High-speed printanje <\/b><span style=\"font-weight: 400;\">\u2013 do 450 mm\/s<\/span><\/li>\n<li style=\"font-weight: 400;\" aria-level=\"1\"><b>Pove\u0107ana \u010dvrsto\u0107a i izdr\u017eljivost<\/b><span style=\"font-weight: 400;\"> \u2013 bolje podnosi savijanje i optere\u0107enje od standardnog PLA-a.<\/span><\/li>\n<li style=\"font-weight: 400;\" aria-level=\"1\"><b>Glatka, mat zavr\u0161na obrada<\/b><span style=\"font-weight: 400;\"> \u2013 omogu\u0107uje \u010diste slojeve i profesionalan zavr\u0161ni izgled.<\/span><\/li>\n<li style=\"font-weight: 400;\" aria-level=\"1\"><b>Pouzdana ekstruzija<\/b><span style=\"font-weight: 400;\"> \u2013 osigurava dosljedan ispis uz minimalno stringanje i uvijanje.<\/span><\/li>\n<li style=\"font-weight: 400;\" aria-level=\"1\"><b>Funkcionalan i svestran<\/b><span style=\"font-weight: 400;\"> \u2013 prikladan za mehani\u010dke dijelove, prototipove, alate i kreativne projekte.<\/span><\/li>\n<li style=\"font-weight: 400;\" aria-level=\"1\"><b>Ekolo\u0161ki prihvatljiva PLA baza<\/b><span style=\"font-weight: 400;\"> \u2013 biorazgradiv materijal dobiven iz obnovljivih izvora.<\/span><\/li>\n<\/ul>\n\t\t<\/div>\n\t\t\t\t\t<\/div>\n\n\t\n\n\t<div id=\"col-1783549870\" class=\"col medium-6 small-12 large-6\"  >\n\t\t\t\t<div class=\"col-inner\"  >\n\t\t\t\n\t\t\t\n\t<div class=\"img has-hover x md-x lg-x y md-y lg-y\" id=\"image_1510246047\">\n\t\t\t\t\t\t\t\t<div class=\"img-inner dark\" >\n\t\t\t<img loading=\"lazy\" decoding=\"async\" width=\"1920\" height=\"1080\" src=\"https:\/\/azurefilm.com\/wp-content\/uploads\/2026\/03\/Perfect-Accuracy-Stable-Printing-Print-Performance.jpg\" class=\"attachment-original size-original\" alt=\"\" srcset=\"https:\/\/azurefilm.com\/wp-content\/uploads\/2026\/03\/Perfect-Accuracy-Stable-Printing-Print-Performance.jpg 1920w, https:\/\/azurefilm.com\/wp-content\/uploads\/2026\/03\/Perfect-Accuracy-Stable-Printing-Print-Performance-300x169.jpg 300w, https:\/\/azurefilm.com\/wp-content\/uploads\/2026\/03\/Perfect-Accuracy-Stable-Printing-Print-Performance-1024x576.jpg 1024w, https:\/\/azurefilm.com\/wp-content\/uploads\/2026\/03\/Perfect-Accuracy-Stable-Printing-Print-Performance-768x432.jpg 768w, https:\/\/azurefilm.com\/wp-content\/uploads\/2026\/03\/Perfect-Accuracy-Stable-Printing-Print-Performance-1536x864.jpg 1536w, https:\/\/azurefilm.com\/wp-content\/uploads\/2026\/03\/Perfect-Accuracy-Stable-Printing-Print-Performance-510x287.jpg 510w\" sizes=\"auto, (max-width: 1920px) 100vw, 1920px\" title=\"\">\t\t\t\t\t\t\n\t\t\t\t\t<\/div>\n\t\t\t\t\t\t\t\t\n<style>\n#image_1510246047 {\n  width: 100%;\n}\n<\/style>\n\t<\/div>\n\t\n\t\t<\/div>\n\t\t\t\t\t<\/div>\n\n\t\n<\/div>\n\t\t<\/div>\n\n\t\t\n<style>\n#section_142712336 {\n  padding-top: 60px;\n  padding-bottom: 60px;\n  background-color: rgb(193, 193, 193);\n}\n#section_142712336 .section-bg-overlay {\n  background-color: rgba(255, 255, 255, 0.85);\n}\n<\/style>\n\t<\/section>\n\t\n\n\t<section class=\"section pb-0\" id=\"section_1972335506\">\n\t\t<div class=\"section-bg fill\" >\n\t\t\t\t\t\t\t\t\t<div class=\"section-bg-overlay absolute fill\"><\/div>\n\t\t\t\n\n\t\t<\/div>\n\n\t\t\n\n\t\t<div class=\"section-content relative\">\n\t\t\t\n<div class=\"row row-large align-middle\"  id=\"row-1787047170\">\n\n\t<div id=\"col-1338253814\" class=\"col medium-6 small-12 large-6\"  >\n\t\t\t\t<div class=\"col-inner text-left\"  >\n\t\t\t\n\t\t\t\n<h3><strong>Preporuke za ispis<\/strong><\/h3>\n<ul>\n<li style=\"font-weight: 400;\" aria-level=\"1\"><span style=\"font-weight: 400;\">Temperatura mlaznice: 200\u2013230 \u00b0C<\/span><\/li>\n<li style=\"font-weight: 400;\" aria-level=\"1\"><span style=\"font-weight: 400;\">Temperatura podloge: 50\u201370 \u00b0C (preporu\u010duje se grijana podloga)<\/span><\/li>\n<li style=\"font-weight: 400;\" aria-level=\"1\"><span style=\"font-weight: 400;\">Brzina ispisa: 45\u2013120 mm\/s, ovisno o slo\u017eenosti modela<\/span><\/li>\n<li style=\"font-weight: 400;\" aria-level=\"1\"><span style=\"font-weight: 400;\">Protok materijala: standardne postavke za PLA<\/span><\/li>\n<\/ul>\n<p><b>Napomena:<\/b><span style=\"font-weight: 400;\"> Iako PLA+ omogu\u0107uje jednostavan ispis, sli\u010dno kao standardni PLA, za preciznu dimenzijsku to\u010dnost ili vrlo detaljne modele mo\u017eda \u0107e biti potrebne manje prilagodbe postavki.<\/span><\/p>\n\t\t<\/div>\n\t\t\t\t\t<\/div>\n\n\t\n\n\t<div id=\"col-1502726204\" class=\"col medium-6 small-12 large-6\"  >\n\t\t\t\t<div class=\"col-inner\"  >\n\t\t\t\n\t\t\t\n\t<div class=\"img has-hover x md-x lg-x y md-y lg-y\" id=\"image_203853405\">\n\t\t\t\t\t\t\t\t<div class=\"img-inner dark\" >\n\t\t\t<img loading=\"lazy\" decoding=\"async\" width=\"1920\" height=\"1080\" src=\"https:\/\/azurefilm.com\/wp-content\/uploads\/2026\/03\/Flexi-strength-aesthetic-reliable.jpg\" class=\"attachment-original size-original\" alt=\"\" srcset=\"https:\/\/azurefilm.com\/wp-content\/uploads\/2026\/03\/Flexi-strength-aesthetic-reliable.jpg 1920w, https:\/\/azurefilm.com\/wp-content\/uploads\/2026\/03\/Flexi-strength-aesthetic-reliable-300x169.jpg 300w, https:\/\/azurefilm.com\/wp-content\/uploads\/2026\/03\/Flexi-strength-aesthetic-reliable-1024x576.jpg 1024w, https:\/\/azurefilm.com\/wp-content\/uploads\/2026\/03\/Flexi-strength-aesthetic-reliable-768x432.jpg 768w, https:\/\/azurefilm.com\/wp-content\/uploads\/2026\/03\/Flexi-strength-aesthetic-reliable-1536x864.jpg 1536w, https:\/\/azurefilm.com\/wp-content\/uploads\/2026\/03\/Flexi-strength-aesthetic-reliable-510x287.jpg 510w\" sizes=\"auto, (max-width: 1920px) 100vw, 1920px\" title=\"\">\t\t\t\t\t\t\n\t\t\t\t\t<\/div>\n\t\t\t\t\t\t\t\t\n<style>\n#image_203853405 {\n  width: 100%;\n}\n<\/style>\n\t<\/div>\n\t\n\t\t<\/div>\n\t\t\t\t\t<\/div>\n\n\t\n<\/div>\n\t\t<\/div>\n\n\t\t\n<style>\n#section_1972335506 {\n  padding-top: 60px;\n  padding-bottom: 60px;\n  background-color: rgb(193, 193, 193);\n}\n#section_1972335506 .section-bg-overlay {\n  background-color: rgba(255, 255, 255, 0.85);\n}\n<\/style>\n\t<\/section>\n\t\n\n\t<section class=\"section pb-0\" id=\"section_1131155377\">\n\t\t<div class=\"section-bg fill\" >\n\t\t\t\t\t\t\t\t\t<div class=\"section-bg-overlay absolute fill\"><\/div>\n\t\t\t\n\n\t\t<\/div>\n\n\t\t\n\n\t\t<div class=\"section-content relative\">\n\t\t\t\n<div class=\"row row-large align-middle\"  id=\"row-224208163\">\n\n\t<div id=\"col-524149945\" class=\"col medium-6 small-12 large-6\"  >\n\t\t\t\t<div class=\"col-inner text-left\"  >\n\t\t\t\n\t\t\t\n<h3><strong>Primjena<\/strong><\/h3>\n<p><span style=\"font-weight: 400;\">PLA+ je izvrstan izbor za projekte kod kojih su va\u017eni <\/span><b>\u010dvrsto\u0107a, pouzdanost i dotjeran izgled<\/b><span style=\"font-weight: 400;\">. Njegova pobolj\u0161ana izdr\u017eljivost \u010dini ga idealnim za funkcionalne prototipove, mehani\u010dke dijelove i svakodnevne alate, dok je njegova glatka povr\u0161ina savr\u0161ena i za dekorativne ispise, minijature i kolekcionarske modele.<\/span><\/p>\n<p><span style=\"font-weight: 400;\">Tipi\u010dne primjene uklju\u010duju:<\/span><\/p>\n<ul>\n<li style=\"font-weight: 400;\" aria-level=\"1\"><span style=\"font-weight: 400;\">funkcionalne prototipove, mehani\u010dke dijelove i prilago\u0111ene alate<\/span><\/li>\n<li style=\"font-weight: 400;\" aria-level=\"1\"><span style=\"font-weight: 400;\">figurice, minijature i kolekcionarske modele s finim detaljima<\/span><\/li>\n<li style=\"font-weight: 400;\" aria-level=\"1\"><span style=\"font-weight: 400;\">gumbe, ku\u0107i\u0161ta i druge prakti\u010dne predmete<\/span><\/li>\n<li style=\"font-weight: 400;\" aria-level=\"1\"><span style=\"font-weight: 400;\">cosplay rekvizite i dekorativne elemente<\/span><\/li>\n<li style=\"font-weight: 400;\" aria-level=\"1\"><span style=\"font-weight: 400;\">dodatke za dom i kreativne DIY projekte<\/span><\/li>\n<\/ul>\n\t\t<\/div>\n\t\t\t\t\t<\/div>\n\n\t\n\n\t<div id=\"col-753743002\" class=\"col medium-6 small-12 large-6\"  >\n\t\t\t\t<div class=\"col-inner\"  >\n\t\t\t\n\t\t\t\n\t<div class=\"img has-hover x md-x lg-x y md-y lg-y\" id=\"image_2047400113\">\n\t\t\t\t\t\t\t\t<div class=\"img-inner dark\" >\n\t\t\t<img loading=\"lazy\" decoding=\"async\" width=\"1920\" height=\"1080\" src=\"https:\/\/azurefilm.com\/wp-content\/uploads\/2026\/03\/Strength-PLA.jpg\" class=\"attachment-original size-original\" alt=\"\" srcset=\"https:\/\/azurefilm.com\/wp-content\/uploads\/2026\/03\/Strength-PLA.jpg 1920w, https:\/\/azurefilm.com\/wp-content\/uploads\/2026\/03\/Strength-PLA-300x169.jpg 300w, https:\/\/azurefilm.com\/wp-content\/uploads\/2026\/03\/Strength-PLA-1024x576.jpg 1024w, https:\/\/azurefilm.com\/wp-content\/uploads\/2026\/03\/Strength-PLA-768x432.jpg 768w, https:\/\/azurefilm.com\/wp-content\/uploads\/2026\/03\/Strength-PLA-1536x864.jpg 1536w, https:\/\/azurefilm.com\/wp-content\/uploads\/2026\/03\/Strength-PLA-510x287.jpg 510w\" sizes=\"auto, (max-width: 1920px) 100vw, 1920px\" title=\"\">\t\t\t\t\t\t\n\t\t\t\t\t<\/div>\n\t\t\t\t\t\t\t\t\n<style>\n#image_2047400113 {\n  width: 100%;\n}\n<\/style>\n\t<\/div>\n\t\n\t\t<\/div>\n\t\t\t\t\t<\/div>\n\n\t\n<\/div>\n\t\t<\/div>\n\n\t\t\n<style>\n#section_1131155377 {\n  padding-top: 60px;\n  padding-bottom: 60px;\n  background-color: rgb(193, 193, 193);\n}\n#section_1131155377 .section-bg-overlay {\n  background-color: rgba(255, 255, 255, 0.85);\n}\n<\/style>\n\t<\/section>\n\t\n","protected":false},"excerpt":{"rendered":"<p><span style=\"font-weight: 400;\">Kupite AzureFilm PLA+ Black za \u010dvr\u0161\u0107e i izdr\u017eljivije ispise s glatkom, blago mat povr\u0161inom. Savr\u0161en izbor za funkcionalne dijelove i dekorativne predmete.<\/span><\/p>\n","protected":false},"featured_media":112790,"comment_status":"closed","ping_status":"closed","template":"","meta":{"_acf_changed":false},"product_brand":[],"product_cat":[2846,375,402,377],"product_tag":[],"brand":[],"class_list":{"0":"post-112789","1":"product","2":"type-product","3":"status-publish","4":"has-post-thumbnail","6":"product_cat-pla-plus","7":"product_cat-3d-filamenti-hr","8":"product_cat-pla-filamenti-hr","9":"product_cat-svi-filamenti","10":"pa_colour-black","11":"pa_filament-diameter-1-75mm","12":"pa_filament-weight-1000g","14":"first","15":"instock","16":"taxable","17":"shipping-taxable","18":"purchasable","19":"product-type-simple"},"acf":[],"_links":{"self":[{"href":"https:\/\/azurefilm.com\/hr\/wp-json\/wp\/v2\/product\/112789","targetHints":{"allow":["GET"]}}],"collection":[{"href":"https:\/\/azurefilm.com\/hr\/wp-json\/wp\/v2\/product"}],"about":[{"href":"https:\/\/azurefilm.com\/hr\/wp-json\/wp\/v2\/types\/product"}],"replies":[{"embeddable":true,"href":"https:\/\/azurefilm.com\/hr\/wp-json\/wp\/v2\/comments?post=112789"}],"wp:featuredmedia":[{"embeddable":true,"href":"https:\/\/azurefilm.com\/hr\/wp-json\/wp\/v2\/media\/112790"}],"wp:attachment":[{"href":"https:\/\/azurefilm.com\/hr\/wp-json\/wp\/v2\/media?parent=112789"}],"wp:term":[{"taxonomy":"product_brand","embeddable":true,"href":"https:\/\/azurefilm.com\/hr\/wp-json\/wp\/v2\/product_brand?post=112789"},{"taxonomy":"product_cat","embeddable":true,"href":"https:\/\/azurefilm.com\/hr\/wp-json\/wp\/v2\/product_cat?post=112789"},{"taxonomy":"product_tag","embeddable":true,"href":"https:\/\/azurefilm.com\/hr\/wp-json\/wp\/v2\/product_tag?post=112789"},{"taxonomy":"brand","embeddable":true,"href":"https:\/\/azurefilm.com\/hr\/wp-json\/wp\/v2\/brand?post=112789"}],"curies":[{"name":"wp","href":"https:\/\/api.w.org\/{rel}","templated":true}]}}