
{"id":115780,"date":"2026-04-17T08:58:17","date_gmt":"2026-04-17T08:58:17","guid":{"rendered":"https:\/\/azurefilm.com\/?post_type=product&#038;p=115780"},"modified":"2026-04-17T08:57:50","modified_gmt":"2026-04-17T08:57:50","slug":"creality-sparkx-i7-color-combo","status":"publish","type":"product","link":"https:\/\/azurefilm.com\/hr\/proizvod\/creality-sparkx-i7-color-combo\/","title":{"rendered":"Creality SPARKX i7 Color Combo"},"content":{"rendered":"<h2><strong>Pametan, brz i stvoren za napredno vi\u0161ebojno printanje<\/strong><\/h2>\n<p><b>SPARKX i7 Color Combo<\/b><span style=\"font-weight: 400;\"> kombinira brzinu, inteligentnu automatizaciju i vi\u0161ebojno printanje u kompaktan, ali sna\u017ean sustav. S volumenom ispisa <\/span><b>260\u00d7260\u00d7255 mm<\/b><span style=\"font-weight: 400;\"> pru\u017ea savr\u0161enu ravnote\u017eu izme\u0111u u\u010dinkovitosti radnog prostora i proizvodnog kapaciteta \u2013 idealno za funkcionalne dijelove, prototipove ili istovremeno printanje vi\u0161e modela.<\/span><\/p>\n<h2><strong>\u0160to SPARKX i7 \u010dini posebnim<\/strong><\/h2>\n<h3><strong>Visokobrzinsko printanje uz stabilnost<\/strong><\/h3>\n<p><span style=\"font-weight: 400;\">S <\/span><b>brzinom do 500 mm\/s<\/b><span style=\"font-weight: 400;\"> i <\/span><b>ubrzanjem do 10.000 mm\/s\u00b2<\/b><span style=\"font-weight: 400;\">, SPARKX i7 dizajniran je za brze radne procese bez gubitka preciznosti. U kombinaciji s <\/span><b>input shaping<\/b><span style=\"font-weight: 400;\"> tehnologijom smanjuje vibracije i odr\u017eava glatke povr\u0161ine \u010dak i pri ve\u0107im brzinama.<\/span><\/p>\n<h3><strong>Napredni vi\u0161ebojni sustav<\/strong><\/h3>\n<p><b>Color Combo sustav<\/b><span style=\"font-weight: 400;\"> omogu\u0107uje automatsku izmjenu filamenta te je kompatibilan s <\/span><b>CFS Lite<\/b><span style=\"font-weight: 400;\"> i <\/span><b>CFS Mini<\/b><span style=\"font-weight: 400;\">, \u0161to omogu\u0107uje jednostavno pro\u0161irenje i prilagodbu vi\u0161ebojnog printanja prema tvojim potrebama.<\/span><\/p>\n<h3><strong>AI nadzor i sigurnost printanja<\/strong><\/h3>\n<p><span style=\"font-weight: 400;\">Ugra\u0111ena <\/span><b>AI kamera (720p s osvjetljenjem)<\/b><span style=\"font-weight: 400;\"> omogu\u0107uje:<\/span><\/p>\n<ul>\n<li style=\"font-weight: 400;\" aria-level=\"1\"><span style=\"font-weight: 400;\">detekciju \u201cspaghetti\u201d gre\u0161aka<\/span><\/li>\n<li style=\"font-weight: 400;\" aria-level=\"1\"><span style=\"font-weight: 400;\">detekciju printanja u zraku<\/span><\/li>\n<li style=\"font-weight: 400;\" aria-level=\"1\"><span style=\"font-weight: 400;\">pra\u0107enje printanja u stvarnom vremenu<\/span><\/li>\n<\/ul>\n<p><span style=\"font-weight: 400;\">Time se zna\u010dajno smanjuje broj neuspjelih ispisa i gubitak materijala.<\/span><\/p>\n<h3><strong>Pouzdano printanje s pametnim za\u0161titnim funkcijama<\/strong><\/h3>\n<p><span style=\"font-weight: 400;\">Printer uklju\u010duje:<\/span><\/p>\n<ul>\n<li style=\"font-weight: 400;\" aria-level=\"1\"><span style=\"font-weight: 400;\">nastavak printanja nakon nestanka struje<\/span><\/li>\n<li style=\"font-weight: 400;\" aria-level=\"1\"><span style=\"font-weight: 400;\">detekciju kraja filamenta s nastavkom printanja<\/span><\/li>\n<li style=\"font-weight: 400;\" aria-level=\"1\"><span style=\"font-weight: 400;\">detekciju zapetljavanja filamenta<\/span><\/li>\n<li style=\"font-weight: 400;\" aria-level=\"1\"><span style=\"font-weight: 400;\">pra\u0107enje tro\u0161enja reza\u010da filamenta<\/span><\/li>\n<\/ul>\n<p><span style=\"font-weight: 400;\">Sve funkcije su dizajnirane za kontinuiran i pouzdan rad.<\/span><\/p>\n<h3><strong>Visoke temperature i \u0161irok raspon materijala<\/strong><\/h3>\n<p><span style=\"font-weight: 400;\">S maksimalnom <\/span><b>temperaturom mlaznice do 300\u00b0C<\/b><span style=\"font-weight: 400;\"> i <\/span><b>grijanom podlogom do 100\u00b0C<\/b><span style=\"font-weight: 400;\">, SPARKX i7 podr\u017eava \u0161irok raspon materijala:<\/span><\/p>\n<ul>\n<li style=\"font-weight: 400;\" aria-level=\"1\"><span style=\"font-weight: 400;\">PLA \/ PLA-Silk<\/span><\/li>\n<li style=\"font-weight: 400;\" aria-level=\"1\"><span style=\"font-weight: 400;\">PETG<\/span><\/li>\n<li style=\"font-weight: 400;\" aria-level=\"1\"><span style=\"font-weight: 400;\">TPU<\/span><\/li>\n<li style=\"font-weight: 400;\" aria-level=\"1\"><span style=\"font-weight: 400;\">PLA-CF<\/span><\/li>\n<\/ul>\n<p><span style=\"font-weight: 400;\">Dvostrana teksturirana PEI podloga osigurava odli\u010dno prianjanje i jednostavno uklanjanje modela.<\/span><\/p>\n<h3><strong>Brzo odr\u017eavanje uz quick-swap hotend<\/strong><\/h3>\n<p><span style=\"font-weight: 400;\">Hotend se mo\u017ee <\/span><b>mijenjati bez alata<\/b><span style=\"font-weight: 400;\">, \u0161to omogu\u0107uje brzu zamjenu mlaznica i smanjuje vrijeme zastoja.<\/span><\/p>\n<h3><strong>Precizna ekstruzija i konzistentna kvaliteta<\/strong><\/h3>\n<p><b>Direct drive ekstruder<\/b><span style=\"font-weight: 400;\"> u kombinaciji s <\/span><b>pressure advance<\/b><span style=\"font-weight: 400;\"> funkcijom omogu\u0107uje preciznu kontrolu ekstruzije, posebno kod fleksibilnih i kompozitnih materijala.<\/span><\/p>\n<h3><strong>Moderna povezivost i integracija u workflow<\/strong><\/h3>\n<ul>\n<li style=\"font-weight: 400;\" aria-level=\"1\"><span style=\"font-weight: 400;\">Wi-Fi (2.4 GHz) i prijenos putem USB-a<\/span><\/li>\n<li style=\"font-weight: 400;\" aria-level=\"1\"><span style=\"font-weight: 400;\">podr\u0161ka za G-code \/ 3MF formate<\/span><\/li>\n<li style=\"font-weight: 400;\" aria-level=\"1\"><span style=\"font-weight: 400;\">kompatibilnost s Creality Print 6.3+<\/span><\/li>\n<li style=\"font-weight: 400;\" aria-level=\"1\"><span style=\"font-weight: 400;\">ugra\u0111ena 8GB eMMC memorija<\/span><\/li>\n<\/ul>\n<p><span style=\"font-weight: 400;\">To omogu\u0107uje moderan, brz i u\u010dinkovit radni proces.<\/span><\/p>\n<h3><strong>Kompaktan i jednostavan za kori\u0161tenje<\/strong><\/h3>\n<p><span style=\"font-weight: 400;\">Unato\u010d performansama, printer ostaje kompaktan (<\/span><b>470\u00d7423\u00d7456 mm, 9.12 kg<\/b><span style=\"font-weight: 400;\">) i jednostavan za kori\u0161tenje, uz 2.85-in\u010dni kolor zaslon osjetljiv na dodir i Creality OS su\u010delje s podr\u0161kom za vi\u0161e jezika.<\/span><\/p>\n<h2><strong>Tehni\u010dke specifikacije<\/strong><\/h2>\n<ul>\n<li><b>Volumen ispisa:<\/b><span style=\"font-weight: 400;\"> 260\u00d7260\u00d7255 mm<\/span><span style=\"font-weight: 400;\"><br \/>\n<\/span><b><\/b><\/li>\n<li><b>Dimenzije printera:<\/b><span style=\"font-weight: 400;\"> 470\u00d7423\u00d7456 mm<\/span><span style=\"font-weight: 400;\"><br \/>\n<\/span><b><\/b><\/li>\n<li><b>Neto te\u017eina:<\/b><span style=\"font-weight: 400;\"> 9.12 kg<\/span><\/li>\n<li><b>Brzina printanja:<\/b><span style=\"font-weight: 400;\"> \u2264 500 mm\/s<\/span><span style=\"font-weight: 400;\"><br \/>\n<\/span><b><\/b><\/li>\n<li><b>Ubrzanje:<\/b><span style=\"font-weight: 400;\"> \u2264 10.000 mm\/s\u00b2<\/span><span style=\"font-weight: 400;\"><br \/>\n<\/span><b><\/b><\/li>\n<li><b>Preciznost printanja:<\/b><span style=\"font-weight: 400;\"> \u00b10.1 mm<\/span><span style=\"font-weight: 400;\"><br \/>\n<\/span><b><\/b><\/li>\n<li><b>Visina sloja:<\/b><span style=\"font-weight: 400;\"> 0.05\u20130.3 mm<\/span><\/li>\n<li><b>Temperatura mlaznice:<\/b><span style=\"font-weight: 400;\"> \u2264 300\u00b0C<\/span><span style=\"font-weight: 400;\"><br \/>\n<\/span><b><\/b><\/li>\n<li><b>Temperatura grijane podloge:<\/b><span style=\"font-weight: 400;\"> \u2264 100\u00b0C<\/span><span style=\"font-weight: 400;\"><br \/>\n<\/span><b><\/b><\/li>\n<li><b>Podloga za printanje:<\/b><span style=\"font-weight: 400;\"> dvostrana teksturirana PEI podloga<\/span><\/li>\n<li><b>Ekstruder:<\/b><span style=\"font-weight: 400;\"> direct drive<\/span><span style=\"font-weight: 400;\"><br \/>\n<\/span><b><\/b><\/li>\n<li><b>Promjer filamenta:<\/b><span style=\"font-weight: 400;\"> 1.75 mm<\/span><span style=\"font-weight: 400;\"><br \/>\n<\/span><b><\/b><\/li>\n<li><b>Kompatibilnost filamenta:<\/b><span style=\"font-weight: 400;\"> PLA, PLA-Silk, PETG, TPU, PLA-CF<\/span><\/li>\n<li><b>Vi\u0161ebojni sustav:<\/b><span style=\"font-weight: 400;\"> Color Combo (podr\u017eava CFS Lite i CFS Mini)<\/span><\/li>\n<li><b>AI kamera:<\/b><span style=\"font-weight: 400;\"> 720p s osvjetljenjem<\/span><span style=\"font-weight: 400;\"><br \/>\n<\/span><b><\/b><\/li>\n<li><b>Spaghetti detekcija:<\/b><span style=\"font-weight: 400;\"> da<\/span><span style=\"font-weight: 400;\"><br \/>\n<\/span><b><\/b><\/li>\n<li><b>Detekcija printanja u zraku:<\/b><span style=\"font-weight: 400;\"> da<\/span><\/li>\n<li><b>Auto niveliranje:<\/b><span style=\"font-weight: 400;\"> potpuno automatsko<\/span><span style=\"font-weight: 400;\"><br \/>\n<\/span><b><\/b><\/li>\n<li><b>Input Shaping:<\/b><span style=\"font-weight: 400;\"> da<\/span><span style=\"font-weight: 400;\"><br \/>\n<\/span><b><\/b><\/li>\n<li><b>Pressure Advance:<\/b><span style=\"font-weight: 400;\"> da<\/span><\/li>\n<li><b>Nastavak nakon nestanka struje:<\/b><span style=\"font-weight: 400;\"> da<\/span><span style=\"font-weight: 400;\"><br \/>\n<\/span><b><\/b><\/li>\n<li><b>Detekcija kraja \/ zapetljavanja filamenta:<\/b><span style=\"font-weight: 400;\"> da<\/span><span style=\"font-weight: 400;\"><br \/>\n<\/span><b><\/b><\/li>\n<li><b>Pra\u0107enje tro\u0161enja reza\u010da:<\/b><span style=\"font-weight: 400;\"> da<\/span><\/li>\n<li><b>Zaslon:<\/b><span style=\"font-weight: 400;\"> 2.85&#8243; kolor zaslon na dodir<\/span><span style=\"font-weight: 400;\"><br \/>\n<\/span><b><\/b><\/li>\n<li><b>Memorija:<\/b><span style=\"font-weight: 400;\"> 8GB eMMC<\/span><span style=\"font-weight: 400;\"><br \/>\n<\/span><b><\/b><\/li>\n<li><b>Povezivost:<\/b><span style=\"font-weight: 400;\"> Wi-Fi (2.4 GHz), USB<\/span><\/li>\n<li><b>Formati datoteka:<\/b><span style=\"font-weight: 400;\"> G-code \/ 3MF<\/span><span style=\"font-weight: 400;\"><br \/>\n<\/span><b><\/b><\/li>\n<li><b>Slicer:<\/b><span style=\"font-weight: 400;\"> Creality Print 6.3+<\/span><span style=\"font-weight: 400;\"><br \/>\n<\/span><b><\/b><\/li>\n<li><b>Firmware:<\/b><span style=\"font-weight: 400;\"> Creality OS<\/span><\/li>\n<li><b>Nazivna snaga:<\/b><span style=\"font-weight: 400;\"> 700W (220V) \/ 400W (110V)<\/span><span style=\"font-weight: 400;\"><br \/>\n<\/span><b><\/b><\/li>\n<li><b>Ulazno napajanje:<\/b><span style=\"font-weight: 400;\"> 100\u2013240V AC, 50\/60 Hz<\/span><\/li>\n<\/ul>\n","protected":false},"excerpt":{"rendered":"<p><span style=\"font-weight: 400;\">Upoznaj<\/span><b> Creality SPARKX i7 Color Combo<\/b><span style=\"font-weight: 400;\">: brzi vi\u0161ebojni 3D printer s volumenom ispisa 260\u00d7260\u00d7255mm, <\/span><b>brzinom do 500 mm\/s<\/b><span style=\"font-weight: 400;\">, <\/span><b>AI nadzorom<\/b><span style=\"font-weight: 400;\"> i automatskom izmjenom filamenta za precizne, pouzdane i profesionalne rezultate.<\/span><\/p>\n","protected":false},"featured_media":115791,"comment_status":"closed","ping_status":"closed","template":"","meta":{"_acf_changed":false},"product_brand":[],"product_cat":[453,481,460,457,456],"product_tag":[],"brand":[],"class_list":{"0":"post-115780","1":"product","2":"type-product","3":"status-publish","4":"has-post-thumbnail","6":"product_cat-3d-printer","7":"product_cat-akcija","8":"product_cat-creality-hr","9":"product_cat-fdm-printer","10":"product_cat-svi-3d-pisaci","12":"first","13":"instock","14":"sale","15":"taxable","16":"shipping-taxable","17":"purchasable","18":"product-type-simple"},"acf":[],"_links":{"self":[{"href":"https:\/\/azurefilm.com\/hr\/wp-json\/wp\/v2\/product\/115780","targetHints":{"allow":["GET"]}}],"collection":[{"href":"https:\/\/azurefilm.com\/hr\/wp-json\/wp\/v2\/product"}],"about":[{"href":"https:\/\/azurefilm.com\/hr\/wp-json\/wp\/v2\/types\/product"}],"replies":[{"embeddable":true,"href":"https:\/\/azurefilm.com\/hr\/wp-json\/wp\/v2\/comments?post=115780"}],"wp:featuredmedia":[{"embeddable":true,"href":"https:\/\/azurefilm.com\/hr\/wp-json\/wp\/v2\/media\/115791"}],"wp:attachment":[{"href":"https:\/\/azurefilm.com\/hr\/wp-json\/wp\/v2\/media?parent=115780"}],"wp:term":[{"taxonomy":"product_brand","embeddable":true,"href":"https:\/\/azurefilm.com\/hr\/wp-json\/wp\/v2\/product_brand?post=115780"},{"taxonomy":"product_cat","embeddable":true,"href":"https:\/\/azurefilm.com\/hr\/wp-json\/wp\/v2\/product_cat?post=115780"},{"taxonomy":"product_tag","embeddable":true,"href":"https:\/\/azurefilm.com\/hr\/wp-json\/wp\/v2\/product_tag?post=115780"},{"taxonomy":"brand","embeddable":true,"href":"https:\/\/azurefilm.com\/hr\/wp-json\/wp\/v2\/brand?post=115780"}],"curies":[{"name":"wp","href":"https:\/\/api.w.org\/{rel}","templated":true}]}}