
{"id":11864,"date":"2023-10-29T14:41:10","date_gmt":"2023-10-29T14:41:10","guid":{"rendered":"https:\/\/azurefilm.com\/product\/elegoo-neptune-3-max\/"},"modified":"2025-03-12T09:23:46","modified_gmt":"2025-03-12T09:23:46","slug":"elegoo-neptune-3-max","status":"publish","type":"product","link":"https:\/\/azurefilm.com\/hr\/proizvod\/elegoo-neptune-3-max\/","title":{"rendered":"Elegoo Neptune 4 Max"},"content":{"rendered":"<p><span style=\"font-weight: 400;\">Upoznajte ELEGOO Neptune 4 Max \u2013 precizan i inovativan FDM 3D pisa\u010d. S izravnim ekstruderom s dva zup\u010danika, podesivom silom ekstruzije i omjerom redukcije 3:1, osigurava besprijekorno uvla\u010denje filamenta i vrhunsku to\u010dnost.<\/span><\/p>\n<p><span style=\"font-weight: 400;\">U nastavku pro\u010ditajte vi\u0161e o klju\u010dnim mogu\u0107nostima ovog pisa\u010da.<\/span><\/p>\n<h2><strong>Izravni ekstruder s dva zup\u010danika<\/strong><\/h2>\n<p><span style=\"font-weight: 400;\">Pisa\u010d koristi <\/span><b>izravni ekstruder s dva zup\u010danika<\/b><span style=\"font-weight: 400;\"> dizajniran sa zup\u010danicima od nehr\u0111aju\u0107eg \u010delika SUS303. Ima <\/span><b>podesivu silu ekstruzije <\/b><span style=\"font-weight: 400;\">i radi s omjerom redukcije 3:1. Ova konfiguracija jam\u010di <\/span><b>glatko uvla\u010denje filamenta, <\/b><span style=\"font-weight: 400;\">\u0161to rezultira to\u010dnim printanjem. Idealan je za materijale kao \u0161to su PLA, PETG, ABS i fleksibilne filament kao \u0161to je TPU.<\/span><\/p>\n<p><span style=\"font-weight: 400;\">Neptune 3 Max osigurava <\/span><b>sna\u017enu ekstruziju i u\u010dinkovito odvo\u0111enje topline. <\/b><span style=\"font-weight: 400;\">Izravni ekstruder s dva zup\u010danika daje sna\u017enu i podesivu silu ekstruzije. Kako bi se sprije\u010dilo za\u010depljenje mlaznice, ima pro\u0161iren hladnjak i koristi ventilator za hla\u0111enje. Dodatno, ventilatori su strate\u0161ki postavljeni kako bi osigurali <\/span><b>rapidno hla\u0111enje <\/b><span style=\"font-weight: 400;\">isprintanih slojeva.<\/span><\/p>\n<h2><strong>Ogroman volumen printanja<\/strong><\/h2>\n<p><span style=\"font-weight: 400;\">Ovaj vam pisa\u010d daje velikodu\u0161an prostor za printanje zbog svog <\/span><b>volumena od<\/b> <b>420x420x500mm<\/b><span style=\"font-weight: 400;\">. U\u017eivajte u jednostavnijem printanju ve\u0107ih modela ili serija.<\/span><\/p>\n<h2><strong>Automatsko niveliranje postolja + pomo\u0107no niveliranje<\/strong><\/h2>\n<p><span style=\"font-weight: 400;\">Beskontaktni senzor visoke preciznosti <\/span><b>automatski <\/b><span style=\"font-weight: 400;\">skenira 63 \u017eari\u0161ne to\u010dke kako bi kompenzirao sve neravnine i nedosljednosti platforme za printanje. Tako\u0111er mo\u017eete koristiti <\/span><b>ru\u010dne okretne gumbe <\/b><span style=\"font-weight: 400;\">ispod gra\u0111evne platforme za pomo\u0107no niveliranje kako biste postigli lijep prvi sloj.<\/span><\/p>\n<h2><strong>Stabilno i tiho printanje\u00a0<\/strong><\/h2>\n<p><span style=\"font-weight: 400;\">Z-os uklju\u010duje dvostruke vode\u0107e vijke i <\/span><b>pogonski sustav s dva motora, <\/b><span style=\"font-weight: 400;\">\u010dime osigurava <\/span><b>veliku stabilnost<\/b><span style=\"font-weight: 400;\"> tijekom rada. S integracijom <\/span><b>STM 32-bitne tihe mati\u010dne plo\u010de <\/b><span style=\"font-weight: 400;\">\u00a0i visokopreciznih kora\u010dnih motora, buka tijekom rada je u\u010dinkovito smanjena na <\/span><b>ispod 50 dB<\/b><span style=\"font-weight: 400;\">.<\/span><\/p>\n<p><span style=\"font-weight: 400;\">Kretanje pisa\u010da dodatno je pojednostavljeno <\/span><b>POM kota\u010dima s V-utorima, <\/b><span style=\"font-weight: 400;\">\u0161to osigurava glatko\u0107u, otpornost na habanje i <\/span><b>precizno kretanje. <\/b><span style=\"font-weight: 400;\">Kako bi se pove\u0107ala sigurnost, besprijekorno je integrirano <\/span><b>napajanje \u0161irokog napona od 500W.<\/b><\/p>\n<p><span style=\"font-weight: 400;\">Z-os se mo\u017ee pohvaliti <\/span><b>dizajnom s dva vode\u0107a vijka<\/b><span style=\"font-weight: 400;\"> za pobolj\u0161anu to\u010dnost printanja. Nadalje, struktura dvostruke spone pove\u0107ava ukupnu stabilnost. Za optimalnu izvedbu, zateza\u010d remena XY-osi je podesiv, a profili Y-osi pokre\u0107u se 6V kota\u010dima.<\/span><\/p>\n<h2><strong>PEI magnetna platforma<\/strong><\/h2>\n<p><span style=\"font-weight: 400;\">Platforma ima <\/span><b>poseban premaz<\/b><span style=\"font-weight: 400;\"> i <\/span><b>lim od opru\u017enog \u010delika <\/b><span style=\"font-weight: 400;\">koji daju sna\u017enu adheziju i svojstva protiv savijanja. Objekti se vrlo lako uklanjaju laganim savijanjem PEI plo\u010de. Grijana podloga velike snage od 420W mo\u017ee se <\/span><b>brzo zagrijati na do 100\u00b0C<\/b><span style=\"font-weight: 400;\">.<\/span><\/p>\n<h2><b>Pametan nastavak printanja<\/b><\/h2>\n<p><span style=\"font-weight: 400;\">Nastavak printanja nakon nestanka struje. Senzor za detekciju filamenta sprje\u010dava stvaranje otpada i uni\u0161tavanje modela.<\/span><\/p>\n<h2><b>Uklonjivi kapacitivni zaslon osjetljiv na dodir<\/b><\/h2>\n<p><span style=\"font-weight: 400;\">4.3-in\u010dni <\/span><b>uklonjivi magnetski zaslon osjetljiv na dodir <\/b><span style=\"font-weight: 400;\">kojim se mo\u017ee ru\u010dno upravljati ili se mo\u017ee fiksirati na bazu, s funkcijom pregleda modela za printanje kako biste mogli vidjeti sliku modela tijekom printanja te pratiti napredak printanja.<\/span><\/p>\n<h2><b>Dodatne prakti\u010dne zna\u010dajke\u00a0<\/b><\/h2>\n<ul>\n<li style=\"font-weight: 400;\" aria-level=\"1\"><b>LED svjetlosnom trakom <\/b><span style=\"font-weight: 400;\">mo\u017ee se upravljati pomo\u0107i gumba na ekranu za prakti\u010dno promatranje modela u slabo osvjetljenom okru\u017eenju.<\/span><\/li>\n<li style=\"font-weight: 400;\" aria-level=\"1\"><b>Automatsko zaustavljanje ventilatora <\/b><span style=\"font-weight: 400;\">nakon printanja radi u\u0161tede energije, smanjenja buke i produljenja vijeka trajanja ventilatora.<\/span><\/li>\n<li style=\"font-weight: 400;\" aria-level=\"1\"><b>Ladica s alatom <\/b><span style=\"font-weight: 400;\">na baznom djelu stroja savr\u0161eno je mjesto za spremanje alata potrebnog za odr\u017eavanje pisa\u010da.<\/span><\/li>\n<\/ul>\n","protected":false},"excerpt":{"rendered":"<p><span style=\"font-weight: 400;\"><strong>Elegoo Neptune 3 Max<\/strong>\u00a0 &#8211; a 3D printer with a significant build volume for unlimited creativity.<\/span><\/p>\n","protected":false},"featured_media":11048,"comment_status":"closed","ping_status":"closed","template":"","meta":{"_acf_changed":false},"product_brand":[],"product_cat":[453,481,462,457,456],"product_tag":[],"brand":[],"class_list":{"0":"post-11864","1":"product","2":"type-product","3":"status-publish","4":"has-post-thumbnail","6":"product_cat-3d-printer","7":"product_cat-akcija","8":"product_cat-elegoo-hr","9":"product_cat-fdm-printer","10":"product_cat-svi-3d-pisaci","12":"first","13":"instock","14":"sale","15":"taxable","16":"shipping-taxable","17":"purchasable","18":"product-type-simple"},"acf":[],"_links":{"self":[{"href":"https:\/\/azurefilm.com\/hr\/wp-json\/wp\/v2\/product\/11864","targetHints":{"allow":["GET"]}}],"collection":[{"href":"https:\/\/azurefilm.com\/hr\/wp-json\/wp\/v2\/product"}],"about":[{"href":"https:\/\/azurefilm.com\/hr\/wp-json\/wp\/v2\/types\/product"}],"replies":[{"embeddable":true,"href":"https:\/\/azurefilm.com\/hr\/wp-json\/wp\/v2\/comments?post=11864"}],"wp:featuredmedia":[{"embeddable":true,"href":"https:\/\/azurefilm.com\/hr\/wp-json\/wp\/v2\/media\/11048"}],"wp:attachment":[{"href":"https:\/\/azurefilm.com\/hr\/wp-json\/wp\/v2\/media?parent=11864"}],"wp:term":[{"taxonomy":"product_brand","embeddable":true,"href":"https:\/\/azurefilm.com\/hr\/wp-json\/wp\/v2\/product_brand?post=11864"},{"taxonomy":"product_cat","embeddable":true,"href":"https:\/\/azurefilm.com\/hr\/wp-json\/wp\/v2\/product_cat?post=11864"},{"taxonomy":"product_tag","embeddable":true,"href":"https:\/\/azurefilm.com\/hr\/wp-json\/wp\/v2\/product_tag?post=11864"},{"taxonomy":"brand","embeddable":true,"href":"https:\/\/azurefilm.com\/hr\/wp-json\/wp\/v2\/brand?post=11864"}],"curies":[{"name":"wp","href":"https:\/\/api.w.org\/{rel}","templated":true}]}}