
{"id":11866,"date":"2023-10-29T14:41:10","date_gmt":"2023-10-29T14:41:10","guid":{"rendered":"https:\/\/azurefilm.com\/product\/liqcreate-wax-castable-blue-smola\/"},"modified":"2025-08-22T10:46:29","modified_gmt":"2025-08-22T10:46:29","slug":"liqcreate-wax-castable-blue-smola","status":"publish","type":"product","link":"https:\/\/azurefilm.com\/hr\/proizvod\/liqcreate-wax-castable-blue-smola\/","title":{"rendered":"Liqcreate Wax Castable Blue smola"},"content":{"rendered":"<h2><b>Liqcreate Wax Castable Blue smola<\/b><\/h2>\n<p><span style=\"font-weight: 400;\">Liqcreate Wax Castable Blue smola je <\/span><b>fotopolimerna smola na bazi voska, <\/b><span style=\"font-weight: 400;\">savr\u0161ena za proizvodnju nakita te dentalnih i industrijskih dijelova.<\/span><\/p>\n<p><span style=\"font-weight: 400;\">To je materijal <\/span><b>jednostavan za upotrebu <\/b><span style=\"font-weight: 400;\">dizajniran za LCD\/MSLA, DLP i laserske 3D pisa\u010de (raspon 385 \u2013 420nm). Osigurava precizne 3D printeve sa <\/span><b>zamr\u0161enim zna\u010dajkama i o\u0161trim detaljima. <\/b><span style=\"font-weight: 400;\">Nadalje, donosi <\/span><b>glatke povr\u0161ine i \u010disto izgaranje, <\/b><span style=\"font-weight: 400;\">\u0161to osigurava <\/span><b>pouzdano lijevanje. <\/b><span style=\"font-weight: 400;\">S povjerenjem izradite elegantne organske geometrije po narud\u017ebi, upotpunjene pozitivnim i negativnim gravurama.<\/span><\/p>\n<h3><strong>Svojstva:<\/strong><\/h3>\n<ul>\n<li style=\"font-weight: 400;\" aria-level=\"1\"><span style=\"font-weight: 400;\">\u010cisto sagorijevanje bez pepela<\/span><\/li>\n<li style=\"font-weight: 400;\" aria-level=\"1\"><span style=\"font-weight: 400;\">Na bazi voska<\/span><\/li>\n<li style=\"font-weight: 400;\" aria-level=\"1\"><span style=\"font-weight: 400;\">Visoka preciznost<\/span><\/li>\n<\/ul>\n<p><img decoding=\"async\" class=\"alignnone size-medium wp-image-18441\" src=\"https:\/\/azurefilm.com\/wp-content\/uploads\/2023\/10\/Liqcreate_Wax_Castable_properties-Enhanced-SR.jpg\" alt=\" width=\" height=\"204\" title=\"\"><\/p>\n","protected":false},"excerpt":{"rendered":"<p><span style=\"font-weight: 400;\">Isprobajte ovu Liqcreate Wax Castable Blue smolu (1000g) savr\u0161enu za proizvodnju nakita te dentalnih i industrijskih dijelova.<\/span><\/p>\n","protected":false},"featured_media":11106,"comment_status":"closed","ping_status":"closed","template":"","meta":{"_acf_changed":false},"product_brand":[],"product_cat":[375,417,416,377],"product_tag":[],"brand":[],"class_list":{"0":"post-11866","1":"product","2":"type-product","3":"status-publish","4":"has-post-thumbnail","6":"product_cat-3d-filamenti-hr","7":"product_cat-castable-resin-hr","8":"product_cat-smola-hr","9":"product_cat-svi-filamenti","10":"pa_colour-blue","11":"pa_resin-technology-dlp","12":"pa_resin-technology-laser-based","13":"pa_resin-technology-lcd-msla","14":"pa_resin-type-castable","15":"pa_resin-weight-1000g","17":"first","18":"outofstock","19":"taxable","20":"shipping-taxable","21":"purchasable","22":"product-type-simple"},"acf":[],"_links":{"self":[{"href":"https:\/\/azurefilm.com\/hr\/wp-json\/wp\/v2\/product\/11866","targetHints":{"allow":["GET"]}}],"collection":[{"href":"https:\/\/azurefilm.com\/hr\/wp-json\/wp\/v2\/product"}],"about":[{"href":"https:\/\/azurefilm.com\/hr\/wp-json\/wp\/v2\/types\/product"}],"replies":[{"embeddable":true,"href":"https:\/\/azurefilm.com\/hr\/wp-json\/wp\/v2\/comments?post=11866"}],"wp:featuredmedia":[{"embeddable":true,"href":"https:\/\/azurefilm.com\/hr\/wp-json\/wp\/v2\/media\/11106"}],"wp:attachment":[{"href":"https:\/\/azurefilm.com\/hr\/wp-json\/wp\/v2\/media?parent=11866"}],"wp:term":[{"taxonomy":"product_brand","embeddable":true,"href":"https:\/\/azurefilm.com\/hr\/wp-json\/wp\/v2\/product_brand?post=11866"},{"taxonomy":"product_cat","embeddable":true,"href":"https:\/\/azurefilm.com\/hr\/wp-json\/wp\/v2\/product_cat?post=11866"},{"taxonomy":"product_tag","embeddable":true,"href":"https:\/\/azurefilm.com\/hr\/wp-json\/wp\/v2\/product_tag?post=11866"},{"taxonomy":"brand","embeddable":true,"href":"https:\/\/azurefilm.com\/hr\/wp-json\/wp\/v2\/brand?post=11866"}],"curies":[{"name":"wp","href":"https:\/\/api.w.org\/{rel}","templated":true}]}}