
{"id":11867,"date":"2023-10-29T14:41:10","date_gmt":"2023-10-29T14:41:10","guid":{"rendered":"https:\/\/azurefilm.com\/product\/liqcreate-premium-model-skin-tone-smola\/"},"modified":"2025-08-22T10:46:33","modified_gmt":"2025-08-22T10:46:33","slug":"liqcreate-premium-model-skin-tone-smola","status":"publish","type":"product","link":"https:\/\/azurefilm.com\/hr\/proizvod\/liqcreate-premium-model-skin-tone-smola\/","title":{"rendered":"Liqcreate Premium Model Skin tone smola"},"content":{"rendered":"<h2><b>Liqcreate Premium Model Skin tone smola<\/b><\/h2>\n<p><span style=\"font-weight: 400;\">Liqcreate Premium Model Skin tone smola izvrstan je izbor za izradu <\/span><b>dentalnih modela.<\/b><span style=\"font-weight: 400;\"> Ima mat, neprozirnu nijansu ko\u017ee koja <\/span><b>nagla\u0161ava dubinu i detalje<\/b><span style=\"font-weight: 400;\"> u va\u0161im modelima, pru\u017eaju\u0107i jasan pogled na podrezane dijelove. Njegova jaka temperaturna otpornost podr\u017eava vakuumsko oblikovanje za proizvodnju poravnava\u010da.<\/span><\/p>\n<p><span style=\"font-weight: 400;\">Ova smola ima <\/span><b>odli\u010dnu dimenzijsku stabilnost i minimalno skupljanje <\/b><span style=\"font-weight: 400;\">tijekom printanja \u0161to osigurava preciznost materijala. Iako Premium model <\/span><b>nije prikladan za unutarnje primjene u tijelu, <\/b><span style=\"font-weight: 400;\">nudi <\/span><b>brzo printanje i jednostavno rukovanje <\/b><span style=\"font-weight: 400;\">na otvorenim MSLA\/LCD i DLP 3D pisa\u010dima (raspon 385 \u2013 420nm).<\/span><\/p>\n<h3><strong>Svojstva:<\/strong><\/h3>\n<ul>\n<li style=\"font-weight: 400;\" aria-level=\"1\"><span style=\"font-weight: 400;\">Slab miris<\/span><\/li>\n<li style=\"font-weight: 400;\" aria-level=\"1\"><span style=\"font-weight: 400;\">Brzo LCD printanje<\/span><\/li>\n<li style=\"font-weight: 400;\" aria-level=\"1\"><span style=\"font-weight: 400;\">Visoka to\u010dnost i dimenzionalna stabilnost<\/span><\/li>\n<li style=\"font-weight: 400;\" aria-level=\"1\"><span style=\"font-weight: 400;\">Nisko skupljanje<\/span><\/li>\n<li style=\"font-weight: 400;\" aria-level=\"1\"><span style=\"font-weight: 400;\">Nije za unutarnju primjenu u tijelu<\/span><\/li>\n<\/ul>\n<h2><img decoding=\"async\" class=\"alignnone size-medium wp-image-18468\" style=\"color: #555555; font-size: 14.4px;\" src=\"https:\/\/azurefilm.com\/wp-content\/uploads\/2023\/10\/Liqcreate_Premium_Model_Properties-Enhanced-SR.jpg\" alt=\" width=\" height=\"400\" title=\"\"><\/h2>\n","protected":false},"excerpt":{"rendered":"<p><span style=\"font-weight: 400;\">Imitirajte mat, neprozirnu nijansu ko\u017ee savr\u0161enu za dentalne modele s Liqcreate Premium Model Skin tone smolom (1000g).<\/span><\/p>\n","protected":false},"featured_media":11119,"comment_status":"closed","ping_status":"closed","template":"","meta":{"_acf_changed":false},"product_brand":[],"product_cat":[375,418,416,377],"product_tag":[],"brand":[],"class_list":{"0":"post-11867","1":"product","2":"type-product","3":"status-publish","4":"has-post-thumbnail","6":"product_cat-3d-filamenti-hr","7":"product_cat-dental-resin-hr","8":"product_cat-smola-hr","9":"product_cat-svi-filamenti","10":"pa_colour-brown","11":"pa_resin-technology-dlp","12":"pa_resin-technology-lcd-msla","13":"pa_resin-type-dental","14":"pa_resin-weight-1000g","16":"first","17":"instock","18":"taxable","19":"shipping-taxable","20":"purchasable","21":"product-type-simple"},"acf":[],"_links":{"self":[{"href":"https:\/\/azurefilm.com\/hr\/wp-json\/wp\/v2\/product\/11867","targetHints":{"allow":["GET"]}}],"collection":[{"href":"https:\/\/azurefilm.com\/hr\/wp-json\/wp\/v2\/product"}],"about":[{"href":"https:\/\/azurefilm.com\/hr\/wp-json\/wp\/v2\/types\/product"}],"replies":[{"embeddable":true,"href":"https:\/\/azurefilm.com\/hr\/wp-json\/wp\/v2\/comments?post=11867"}],"wp:featuredmedia":[{"embeddable":true,"href":"https:\/\/azurefilm.com\/hr\/wp-json\/wp\/v2\/media\/11119"}],"wp:attachment":[{"href":"https:\/\/azurefilm.com\/hr\/wp-json\/wp\/v2\/media?parent=11867"}],"wp:term":[{"taxonomy":"product_brand","embeddable":true,"href":"https:\/\/azurefilm.com\/hr\/wp-json\/wp\/v2\/product_brand?post=11867"},{"taxonomy":"product_cat","embeddable":true,"href":"https:\/\/azurefilm.com\/hr\/wp-json\/wp\/v2\/product_cat?post=11867"},{"taxonomy":"product_tag","embeddable":true,"href":"https:\/\/azurefilm.com\/hr\/wp-json\/wp\/v2\/product_tag?post=11867"},{"taxonomy":"brand","embeddable":true,"href":"https:\/\/azurefilm.com\/hr\/wp-json\/wp\/v2\/brand?post=11867"}],"curies":[{"name":"wp","href":"https:\/\/api.w.org\/{rel}","templated":true}]}}