
{"id":11868,"date":"2023-10-29T14:41:10","date_gmt":"2023-10-29T14:41:10","guid":{"rendered":"https:\/\/azurefilm.com\/product\/liqcreate-premium-flex-turquoise-blue-smola\/"},"modified":"2026-02-25T09:06:06","modified_gmt":"2026-02-25T09:06:06","slug":"liqcreate-premium-flex-turquoise-blue-smola","status":"publish","type":"product","link":"https:\/\/azurefilm.com\/hr\/proizvod\/liqcreate-premium-flex-turquoise-blue-smola\/","title":{"rendered":"Liqcreate Premium Flex Turquoise Blue smola"},"content":{"rendered":"<h2><b>Liqcreate Premium Flex Turquoise Blue smola<\/b><b><br \/>\n<\/b><\/h2>\n<p><span style=\"font-weight: 400;\">Liqcreate Premium Flex Turquoise Blue smola je nevjerojatno <\/span><b>fleksibilna i meka<\/b><span style=\"font-weight: 400;\"> smola. Ovaj prozirni tirkizno plavi fotopolimer svestrano je rje\u0161enje za izradu mekih na dodir i elasti\u010dnih prototipova.<\/span><\/p>\n<p><span style=\"font-weight: 400;\">Proizvod ima izuzetnu fleksibilnost i <\/span><b>nisku povr\u0161insku tvrdo\u0107u od 63 Shore A, <\/b><span style=\"font-weight: 400;\">\u0161to ga \u010dini idealnim za mnoge primjene. Nudi iznimnu rastezljivost i jednostavnost printanja. Kompatibilna s DLP i LCD 3D pisa\u010dima otvorenog koda u rasponu od 385 \u2013 420nm, ova smola vam omogu\u0107uje izradu prototipova s razli\u010ditim stupnjevima meko\u0107e.<\/span><\/p>\n<h3><strong>Svojstva:<\/strong><\/h3>\n<ul>\n<li style=\"font-weight: 400;\" aria-level=\"1\"><span style=\"font-weight: 400;\">Visoka rastezljivost<\/span><\/li>\n<li style=\"font-weight: 400;\" aria-level=\"1\"><span style=\"font-weight: 400;\">Meka na dodir<\/span><\/li>\n<li style=\"font-weight: 400;\" aria-level=\"1\"><span style=\"font-weight: 400;\">Jednostavno printanje<\/span><\/li>\n<li style=\"font-weight: 400;\" aria-level=\"1\"><span style=\"font-weight: 400;\">Superiorna fleksibilnost<\/span><\/li>\n<\/ul>\n<p><img decoding=\"async\" class=\"alignnone size-medium wp-image-18488\" src=\"https:\/\/azurefilm.com\/wp-content\/uploads\/2023\/10\/Liqcreate_Premium_Flex_Properties-Enhanced-SR.jpg\" alt=\" width=\" height=\"258\" title=\"\"><\/p>\n","protected":false},"excerpt":{"rendered":"<p><span style=\"font-weight: 400;\">Izradite elasti\u010dne prototipove s Liqcreate Premium Flex Turquoise Blue smolom (1000g).<\/span><\/p>\n","protected":false},"featured_media":11136,"comment_status":"closed","ping_status":"closed","template":"","meta":{"_acf_changed":false},"product_brand":[],"product_cat":[375,481,419,416,377],"product_tag":[],"brand":[],"class_list":{"0":"post-11868","1":"product","2":"type-product","3":"status-publish","4":"has-post-thumbnail","6":"product_cat-3d-filamenti-hr","7":"product_cat-akcija","8":"product_cat-flexible-resin-hr","9":"product_cat-smola-hr","10":"product_cat-svi-filamenti","11":"pa_colour-blue","12":"pa_resin-technology-dlp","13":"pa_resin-technology-lcd-msla","14":"pa_resin-type-flexible","15":"pa_resin-weight-1000g","17":"first","18":"outofstock","19":"sale","20":"taxable","21":"shipping-taxable","22":"purchasable","23":"product-type-simple"},"acf":[],"_links":{"self":[{"href":"https:\/\/azurefilm.com\/hr\/wp-json\/wp\/v2\/product\/11868","targetHints":{"allow":["GET"]}}],"collection":[{"href":"https:\/\/azurefilm.com\/hr\/wp-json\/wp\/v2\/product"}],"about":[{"href":"https:\/\/azurefilm.com\/hr\/wp-json\/wp\/v2\/types\/product"}],"replies":[{"embeddable":true,"href":"https:\/\/azurefilm.com\/hr\/wp-json\/wp\/v2\/comments?post=11868"}],"wp:featuredmedia":[{"embeddable":true,"href":"https:\/\/azurefilm.com\/hr\/wp-json\/wp\/v2\/media\/11136"}],"wp:attachment":[{"href":"https:\/\/azurefilm.com\/hr\/wp-json\/wp\/v2\/media?parent=11868"}],"wp:term":[{"taxonomy":"product_brand","embeddable":true,"href":"https:\/\/azurefilm.com\/hr\/wp-json\/wp\/v2\/product_brand?post=11868"},{"taxonomy":"product_cat","embeddable":true,"href":"https:\/\/azurefilm.com\/hr\/wp-json\/wp\/v2\/product_cat?post=11868"},{"taxonomy":"product_tag","embeddable":true,"href":"https:\/\/azurefilm.com\/hr\/wp-json\/wp\/v2\/product_tag?post=11868"},{"taxonomy":"brand","embeddable":true,"href":"https:\/\/azurefilm.com\/hr\/wp-json\/wp\/v2\/brand?post=11868"}],"curies":[{"name":"wp","href":"https:\/\/api.w.org\/{rel}","templated":true}]}}