
{"id":11872,"date":"2023-10-29T14:42:00","date_gmt":"2023-10-29T14:42:00","guid":{"rendered":"https:\/\/azurefilm.com\/product\/liqcreate-composite-x-white-smola\/"},"modified":"2025-08-22T10:47:16","modified_gmt":"2025-08-22T10:47:16","slug":"liqcreate-composite-x-white-smola","status":"publish","type":"product","link":"https:\/\/azurefilm.com\/hr\/proizvod\/liqcreate-composite-x-white-smola\/","title":{"rendered":"Liqcreate Composite-X White smola"},"content":{"rendered":"<h2><b>Liqcreate Composite-X White smola<\/b><b><br \/>\n<\/b><\/h2>\n<p><span style=\"font-weight: 400;\">Liqcreate Composite-X White smola je <\/span><b>izuzetno \u010dvrsta i visokou\u010dinkovita oja\u010dana nano-mikro kompozitna smola<\/b><span style=\"font-weight: 400;\"> dizajnirana za SLA, DLP i LCD\/MSLA 3D pisa\u010de (385 \u2013 420nm). S <\/span><b>modulom savijanja ve\u0107im od 9000 MPa i \u010dvrsto\u0107om na savijanje u rasponu od 150 \u2013 170 MPa,<\/b><span style=\"font-weight: 400;\"> Composite-X se isti\u010de kao jedan od najtvr\u0111ih i najja\u010dih dostupnih materijala. Mo\u017ee se koristiti nakon UV naknadnog stvrdnjavanja ili poja\u010dan termi\u010dkim stvrdnjavanjem, nude\u0107i izvrsnu kemijsku otpornost, visoku \u010dvrsto\u0107u i krutost.\u00a0<\/span><\/p>\n<p><span style=\"font-weight: 400;\">Ova smola je svestrana, <\/span><b>kompatibilna s razli\u010ditim modelima 3D pisa\u010da<\/b><span style=\"font-weight: 400;\"> (385 \u2013 420nm) i prikladna za primjene kao \u0161to su testiranje u zra\u010dnom tunelu, komponente protoka teku\u0107ine, automobilsku i industrijsku upotrebu u te\u0161kim uvjetima.<\/span><\/p>\n<h3><strong>Svojstva:<\/strong><\/h3>\n<ul>\n<li style=\"font-weight: 400;\" aria-level=\"1\"><span style=\"font-weight: 400;\">Visoka \u010dvrsto\u0107a<\/span><\/li>\n<li style=\"font-weight: 400;\" aria-level=\"1\"><span style=\"font-weight: 400;\">Nano oja\u010dana<\/span><\/li>\n<li style=\"font-weight: 400;\" aria-level=\"1\"><span style=\"font-weight: 400;\">Nisko skupljanje<\/span><\/li>\n<\/ul>\n<p><img decoding=\"async\" class=\"alignnone size-medium wp-image-18560\" src=\"https:\/\/azurefilm.com\/wp-content\/uploads\/2023\/10\/Liqcreate_Composite_X_Properties_1-Enhanced-SR.jpg\" alt=\" width=\" height=\"400\" title=\"\"><\/p>\n","protected":false},"excerpt":{"rendered":"<p><span style=\"font-weight: 400;\">Do\u010depajte se Liqcreate Composite-X White smole (357g\u00f7250ml\/1500g\u00f71l), jednog od najtvr\u0111ih i najja\u010dih dostupnih materijala.<\/span><\/p>\n","protected":false},"featured_media":11176,"comment_status":"closed","ping_status":"closed","template":"","meta":{"_acf_changed":false},"product_brand":[],"product_cat":[375,419,420,416,377],"product_tag":[],"brand":[],"class_list":{"0":"post-11872","1":"product","2":"type-product","3":"status-publish","4":"has-post-thumbnail","6":"product_cat-3d-filamenti-hr","7":"product_cat-flexible-resin-hr","8":"product_cat-industrial-resin-hr","9":"product_cat-smola-hr","10":"product_cat-svi-filamenti","11":"pa_colour-white","12":"pa_resin-technology-dlp","13":"pa_resin-technology-lcd-msla","14":"pa_resin-technology-sla","15":"pa_resin-type-flexible","16":"pa_resin-type-industrial","17":"pa_resin-weight-1500g","18":"pa_resin-weight-375g","20":"first","21":"instock","22":"taxable","23":"shipping-taxable","24":"purchasable","25":"product-type-variable"},"acf":[],"_links":{"self":[{"href":"https:\/\/azurefilm.com\/hr\/wp-json\/wp\/v2\/product\/11872","targetHints":{"allow":["GET"]}}],"collection":[{"href":"https:\/\/azurefilm.com\/hr\/wp-json\/wp\/v2\/product"}],"about":[{"href":"https:\/\/azurefilm.com\/hr\/wp-json\/wp\/v2\/types\/product"}],"replies":[{"embeddable":true,"href":"https:\/\/azurefilm.com\/hr\/wp-json\/wp\/v2\/comments?post=11872"}],"wp:featuredmedia":[{"embeddable":true,"href":"https:\/\/azurefilm.com\/hr\/wp-json\/wp\/v2\/media\/11176"}],"wp:attachment":[{"href":"https:\/\/azurefilm.com\/hr\/wp-json\/wp\/v2\/media?parent=11872"}],"wp:term":[{"taxonomy":"product_brand","embeddable":true,"href":"https:\/\/azurefilm.com\/hr\/wp-json\/wp\/v2\/product_brand?post=11872"},{"taxonomy":"product_cat","embeddable":true,"href":"https:\/\/azurefilm.com\/hr\/wp-json\/wp\/v2\/product_cat?post=11872"},{"taxonomy":"product_tag","embeddable":true,"href":"https:\/\/azurefilm.com\/hr\/wp-json\/wp\/v2\/product_tag?post=11872"},{"taxonomy":"brand","embeddable":true,"href":"https:\/\/azurefilm.com\/hr\/wp-json\/wp\/v2\/brand?post=11872"}],"curies":[{"name":"wp","href":"https:\/\/api.w.org\/{rel}","templated":true}]}}