
{"id":11875,"date":"2023-10-29T14:42:00","date_gmt":"2023-10-29T14:42:00","guid":{"rendered":"https:\/\/azurefilm.com\/product\/liqcreate-flexible-x-black-smola\/"},"modified":"2025-08-22T10:46:45","modified_gmt":"2025-08-22T10:46:45","slug":"liqcreate-flexible-x-black-smola","status":"publish","type":"product","link":"https:\/\/azurefilm.com\/hr\/proizvod\/liqcreate-flexible-x-black-smola\/","title":{"rendered":"Liqcreate Flexible-X Black smola"},"content":{"rendered":"<h2><b>Liqcreate Flexible-X Black smola<\/b><b><br \/>\n<\/b><\/h2>\n<p><span style=\"font-weight: 400;\">Liqcreate Flexible-X Black smola neprozirna je crna fotopolimerna smola prilago\u0111ena za otvorene MSLA, DLP i laserske 3D pisa\u010de (385 \u2013 420 nm). <\/span><b>Nude\u0107i izvanrednu fleksibilnost i otpornost,<\/b><span style=\"font-weight: 400;\"> ovaj materijal je pogodan za izradu mekih na dodir i elasti\u010dnih industrijskih dijelova. Mo\u017ee se pohvaliti <\/span><b>niskom tvrdo\u0107om od 55 Shore A i istezanjem do 160%,<\/b><span style=\"font-weight: 400;\"> idealna za razne industrijske primjene.\u00a0<\/span><\/p>\n<p><span style=\"font-weight: 400;\">Uz <\/span><b>izvrsnu mogu\u0107nost obrade i brzinu ispisa<\/b><span style=\"font-weight: 400;\"> na MSLA, DLP i laserskim pisa\u010dima, osigurava izuzetnu fleksibilnost i povratna svojstva, lako se mo\u017ee koristiti na otvorenim DLP, LCD i SLA 3D pisa\u010dima (385 \u2013 420nm), te zadovoljava razli\u010dite industrijske potrebe.<\/span><\/p>\n<h3><strong>Svojstva:<\/strong><\/h3>\n<ul>\n<li style=\"font-weight: 400;\" aria-level=\"1\"><span style=\"font-weight: 400;\">Visoko rastezljiva<\/span><\/li>\n<li style=\"font-weight: 400;\" aria-level=\"1\"><span style=\"font-weight: 400;\">Izvrstan odskok<\/span><\/li>\n<li style=\"font-weight: 400;\" aria-level=\"1\"><span style=\"font-weight: 400;\">Izdr\u017eljiva i meka na dodir<\/span><\/li>\n<\/ul>\n<p><img decoding=\"async\" class=\"alignnone size-medium wp-image-18576\" src=\"https:\/\/azurefilm.com\/wp-content\/uploads\/2023\/10\/Liqcreate_Flexible_X_properties.jpg\" alt=\" width=\" height=\"275\" title=\"\"><\/p>\n","protected":false},"excerpt":{"rendered":"<p><span style=\"font-weight: 400;\">Isprobajte Liqcreate Flexible-X Black smolu (1000g) i izradite elasti\u010dne industrijske dijelove u neprozirnoj crnoj boji.<\/span><\/p>\n","protected":false},"featured_media":11195,"comment_status":"closed","ping_status":"closed","template":"","meta":{"_acf_changed":false},"product_brand":[],"product_cat":[375,481,419,416,377],"product_tag":[],"brand":[],"class_list":{"0":"post-11875","1":"product","2":"type-product","3":"status-publish","4":"has-post-thumbnail","6":"product_cat-3d-filamenti-hr","7":"product_cat-akcija","8":"product_cat-flexible-resin-hr","9":"product_cat-smola-hr","10":"product_cat-svi-filamenti","11":"pa_colour-black","12":"pa_resin-technology-dlp","13":"pa_resin-technology-lcd-msla","14":"pa_resin-technology-sla","15":"pa_resin-type-flexible","16":"pa_resin-weight-1000g","18":"first","19":"outofstock","20":"sale","21":"taxable","22":"shipping-taxable","23":"purchasable","24":"product-type-simple"},"acf":[],"_links":{"self":[{"href":"https:\/\/azurefilm.com\/hr\/wp-json\/wp\/v2\/product\/11875","targetHints":{"allow":["GET"]}}],"collection":[{"href":"https:\/\/azurefilm.com\/hr\/wp-json\/wp\/v2\/product"}],"about":[{"href":"https:\/\/azurefilm.com\/hr\/wp-json\/wp\/v2\/types\/product"}],"replies":[{"embeddable":true,"href":"https:\/\/azurefilm.com\/hr\/wp-json\/wp\/v2\/comments?post=11875"}],"wp:featuredmedia":[{"embeddable":true,"href":"https:\/\/azurefilm.com\/hr\/wp-json\/wp\/v2\/media\/11195"}],"wp:attachment":[{"href":"https:\/\/azurefilm.com\/hr\/wp-json\/wp\/v2\/media?parent=11875"}],"wp:term":[{"taxonomy":"product_brand","embeddable":true,"href":"https:\/\/azurefilm.com\/hr\/wp-json\/wp\/v2\/product_brand?post=11875"},{"taxonomy":"product_cat","embeddable":true,"href":"https:\/\/azurefilm.com\/hr\/wp-json\/wp\/v2\/product_cat?post=11875"},{"taxonomy":"product_tag","embeddable":true,"href":"https:\/\/azurefilm.com\/hr\/wp-json\/wp\/v2\/product_tag?post=11875"},{"taxonomy":"brand","embeddable":true,"href":"https:\/\/azurefilm.com\/hr\/wp-json\/wp\/v2\/brand?post=11875"}],"curies":[{"name":"wp","href":"https:\/\/api.w.org\/{rel}","templated":true}]}}