
{"id":11876,"date":"2023-10-29T14:42:00","date_gmt":"2023-10-29T14:42:00","guid":{"rendered":"https:\/\/azurefilm.com\/product\/liqcreate-strong-x-grey-smola\/"},"modified":"2025-08-22T10:46:47","modified_gmt":"2025-08-22T10:46:47","slug":"liqcreate-strong-x-grey-smola","status":"publish","type":"product","link":"https:\/\/azurefilm.com\/hr\/proizvod\/liqcreate-strong-x-grey-smola\/","title":{"rendered":"Liqcreate Strong-X Grey smola"},"content":{"rendered":"<h2><b>Liqcreate Strong-X Grey smola<\/b><b><br \/>\n<\/b><\/h2>\n<p><span style=\"font-weight: 400;\">Liqcreate Strong-X Gray smola je vrhunska fotopolimerna smola koja nudi iznimnu snagu usporedivu s vode\u0107ima u industriji. S <\/span><b>\u010dvrsto\u0107om na savijanje od 135 MPa,<\/b><span style=\"font-weight: 400;\"> isti\u010de se kao jedan od naj\u010dvr\u0161\u0107ih dostupnih materijala. Ova smola <\/span><b>mo\u017ee podnijeti visoke temperature,<\/b><span style=\"font-weight: 400;\"> \u0161to je \u010dini idealnom za primjene gdje je otpornost na toplinu klju\u010dna. Osim toga, \u0161titi radno podru\u010dje od jakih mirisa, pobolj\u0161avaju\u0107i cjelokupno iskustvo printanja.<\/span><\/p>\n<p><span style=\"font-weight: 400;\">Bilo da se bavite injekcijskim pre\u0161anjem ili te\u0161kim projektima, Liqcreate Strong-X pru\u017ea performanse koje su vam potrebne uz minimalno skupljanje, osiguravaju\u0107i preciznost i pouzdanost.<\/span><\/p>\n<h3><strong>Svojstva:<\/strong><\/h3>\n<ul>\n<li style=\"font-weight: 400;\" aria-level=\"1\"><span style=\"font-weight: 400;\">Visoka \u010dvrsto\u0107a<\/span><\/li>\n<li style=\"font-weight: 400;\" aria-level=\"1\"><span style=\"font-weight: 400;\">Otpornost na visoke temperature<\/span><\/li>\n<li style=\"font-weight: 400;\" aria-level=\"1\"><span style=\"font-weight: 400;\">Slab miris<\/span><\/li>\n<li style=\"font-weight: 400;\" aria-level=\"1\"><span style=\"font-weight: 400;\">Nisko skupljanje<\/span><\/li>\n<\/ul>\n<p><img decoding=\"async\" class=\"alignnone size-medium wp-image-18642\" src=\"https:\/\/azurefilm.com\/wp-content\/uploads\/2023\/10\/Liqcreate_Strong_X_properties.jpg\" alt=\" width=\" height=\"275\" title=\"\"><\/p>\n","protected":false},"excerpt":{"rendered":"<p><span style=\"font-weight: 400;\">Kreirajte s Liqcreate Strong-X Grey smolom (1000g) i iskusite visoku otpornost na toplinu jednog od naj\u010dvr\u0161\u0107ih dostupnih materijala.<\/span><\/p>\n","protected":false},"featured_media":11208,"comment_status":"closed","ping_status":"closed","template":"","meta":{"_acf_changed":false},"product_brand":[],"product_cat":[375,420,416,377],"product_tag":[],"brand":[],"class_list":{"0":"post-11876","1":"product","2":"type-product","3":"status-publish","4":"has-post-thumbnail","6":"product_cat-3d-filamenti-hr","7":"product_cat-industrial-resin-hr","8":"product_cat-smola-hr","9":"product_cat-svi-filamenti","10":"pa_colour-gray","11":"pa_resin-technology-dlp","12":"pa_resin-technology-lcd-msla","13":"pa_resin-technology-sla","14":"pa_resin-type-industrial","15":"pa_resin-weight-1000g","17":"first","18":"instock","19":"taxable","20":"shipping-taxable","21":"purchasable","22":"product-type-simple"},"acf":[],"_links":{"self":[{"href":"https:\/\/azurefilm.com\/hr\/wp-json\/wp\/v2\/product\/11876","targetHints":{"allow":["GET"]}}],"collection":[{"href":"https:\/\/azurefilm.com\/hr\/wp-json\/wp\/v2\/product"}],"about":[{"href":"https:\/\/azurefilm.com\/hr\/wp-json\/wp\/v2\/types\/product"}],"replies":[{"embeddable":true,"href":"https:\/\/azurefilm.com\/hr\/wp-json\/wp\/v2\/comments?post=11876"}],"wp:featuredmedia":[{"embeddable":true,"href":"https:\/\/azurefilm.com\/hr\/wp-json\/wp\/v2\/media\/11208"}],"wp:attachment":[{"href":"https:\/\/azurefilm.com\/hr\/wp-json\/wp\/v2\/media?parent=11876"}],"wp:term":[{"taxonomy":"product_brand","embeddable":true,"href":"https:\/\/azurefilm.com\/hr\/wp-json\/wp\/v2\/product_brand?post=11876"},{"taxonomy":"product_cat","embeddable":true,"href":"https:\/\/azurefilm.com\/hr\/wp-json\/wp\/v2\/product_cat?post=11876"},{"taxonomy":"product_tag","embeddable":true,"href":"https:\/\/azurefilm.com\/hr\/wp-json\/wp\/v2\/product_tag?post=11876"},{"taxonomy":"brand","embeddable":true,"href":"https:\/\/azurefilm.com\/hr\/wp-json\/wp\/v2\/brand?post=11876"}],"curies":[{"name":"wp","href":"https:\/\/api.w.org\/{rel}","templated":true}]}}