
{"id":11878,"date":"2023-10-29T14:42:00","date_gmt":"2023-10-29T14:42:00","guid":{"rendered":"https:\/\/azurefilm.com\/product\/liqcreate-dental-gingiva-mask-pink-smola\/"},"modified":"2025-08-22T10:46:58","modified_gmt":"2025-08-22T10:46:58","slug":"liqcreate-dental-gingiva-mask-pink-smola","status":"publish","type":"product","link":"https:\/\/azurefilm.com\/hr\/proizvod\/liqcreate-dental-gingiva-mask-pink-smola\/","title":{"rendered":"Liqcreate Dental Gingiva Mask Pink smola"},"content":{"rendered":"<h2><strong>Liqcreate Dental Gingiva Mask Pink smola<\/strong><\/h2>\n<p><span style=\"font-weight: 400;\">Liqcreate Gingiva Mask Pink smola je ru\u017ei\u010dasta fotopolimerna smola <\/span><b>dizajnirana za izradu mekih komponenti poput gume za modele dentalnih implantata.<\/b><span style=\"font-weight: 400;\"> Njena meka i fleksibilna priroda \u010dini ju idealnom za kori\u0161tenje uz Liqcreate Dental Model Pro Beige ili Grey materijale. Ova smola otvara mogu\u0107nosti za izradu <\/span><b>preciznih modela, mostova i suprastruktura implantata,<\/b><span style=\"font-weight: 400;\"> posebno za dijelove desni i meko tkivo u modelima dentalnih implantata i C&amp;B projektima.\u00a0<\/span><\/p>\n<p><span style=\"font-weight: 400;\">Kompatibilna je <\/span><b>s otvorenim MSLA\/LCD, DLP i SLA 3D pisa\u010dima u rasponu od 385 \u2013 420 nm,<\/b><span style=\"font-weight: 400;\"> osiguravaju\u0107i jednostavnu upotrebu. Klju\u010dne prednosti uklju\u010duju prirodan izgled desni, mekan dodir, lako\u0107u kori\u0161tenja i dobru fleksibilnost.<\/span><\/p>\n<h3><strong>Svojstva:<\/strong><\/h3>\n<ul>\n<li style=\"font-weight: 400;\" aria-level=\"1\"><span style=\"font-weight: 400;\">Izgled desni<\/span><\/li>\n<li style=\"font-weight: 400;\" aria-level=\"1\"><span style=\"font-weight: 400;\">Meka na dodir<\/span><\/li>\n<li style=\"font-weight: 400;\" aria-level=\"1\"><span style=\"font-weight: 400;\">Jednostavno se koristi<\/span><\/li>\n<li style=\"font-weight: 400;\" aria-level=\"1\"><span style=\"font-weight: 400;\">Dobra fleksibilnost<\/span><\/li>\n<\/ul>\n<p><img decoding=\"async\" class=\"alignnone size-medium wp-image-18655\" src=\"https:\/\/azurefilm.com\/wp-content\/uploads\/2023\/10\/Liqcreate_Gingiva_Mask_properties-Enhanced-SR.jpg\" alt=\" width=\" height=\"351\" title=\"\"><\/p>\n","protected":false},"excerpt":{"rendered":"<p><span style=\"font-weight: 400;\">Isprobajte Liqcreate Dental Gingiva Mask Pink smolu (1000g) i stvorite mekane komponente poput gume za modele dentalnih implantata u ru\u017ei\u010dastoj boji.<\/span><\/p>\n","protected":false},"featured_media":11255,"comment_status":"closed","ping_status":"closed","template":"","meta":{"_acf_changed":false},"product_brand":[],"product_cat":[375,418,416,377],"product_tag":[],"brand":[],"class_list":{"0":"post-11878","1":"product","2":"type-product","3":"status-publish","4":"has-post-thumbnail","6":"product_cat-3d-filamenti-hr","7":"product_cat-dental-resin-hr","8":"product_cat-smola-hr","9":"product_cat-svi-filamenti","10":"pa_colour-pink","11":"pa_resin-technology-dlp","12":"pa_resin-technology-lcd-msla","13":"pa_resin-technology-sla","14":"pa_resin-type-dental","15":"pa_resin-weight-1000g","17":"first","18":"instock","19":"taxable","20":"shipping-taxable","21":"purchasable","22":"product-type-simple"},"acf":[],"_links":{"self":[{"href":"https:\/\/azurefilm.com\/hr\/wp-json\/wp\/v2\/product\/11878","targetHints":{"allow":["GET"]}}],"collection":[{"href":"https:\/\/azurefilm.com\/hr\/wp-json\/wp\/v2\/product"}],"about":[{"href":"https:\/\/azurefilm.com\/hr\/wp-json\/wp\/v2\/types\/product"}],"replies":[{"embeddable":true,"href":"https:\/\/azurefilm.com\/hr\/wp-json\/wp\/v2\/comments?post=11878"}],"wp:featuredmedia":[{"embeddable":true,"href":"https:\/\/azurefilm.com\/hr\/wp-json\/wp\/v2\/media\/11255"}],"wp:attachment":[{"href":"https:\/\/azurefilm.com\/hr\/wp-json\/wp\/v2\/media?parent=11878"}],"wp:term":[{"taxonomy":"product_brand","embeddable":true,"href":"https:\/\/azurefilm.com\/hr\/wp-json\/wp\/v2\/product_brand?post=11878"},{"taxonomy":"product_cat","embeddable":true,"href":"https:\/\/azurefilm.com\/hr\/wp-json\/wp\/v2\/product_cat?post=11878"},{"taxonomy":"product_tag","embeddable":true,"href":"https:\/\/azurefilm.com\/hr\/wp-json\/wp\/v2\/product_tag?post=11878"},{"taxonomy":"brand","embeddable":true,"href":"https:\/\/azurefilm.com\/hr\/wp-json\/wp\/v2\/brand?post=11878"}],"curies":[{"name":"wp","href":"https:\/\/api.w.org\/{rel}","templated":true}]}}