
{"id":11879,"date":"2023-10-29T14:42:00","date_gmt":"2023-10-29T14:42:00","guid":{"rendered":"https:\/\/azurefilm.com\/product\/liqcreate-standard-clear-impact-smola\/"},"modified":"2026-02-25T09:06:06","modified_gmt":"2026-02-25T09:06:06","slug":"liqcreate-standard-clear-impact-smola","status":"publish","type":"product","link":"https:\/\/azurefilm.com\/hr\/proizvod\/liqcreate-standard-clear-impact-smola\/","title":{"rendered":"Liqcreate Standard Clear Impact smola"},"content":{"rendered":"<h2><b>Liqcreate Standard Clear Impact smola<\/b><\/h2>\n<p><span style=\"font-weight: 400;\">Liqcreate Clear Impact smola specijalizirana je fotopolimerna smola dizajnirana za SLA, DLP i MSLA 3D tehnologije ispisa u rasponu od 385 \u2013 405 nm. Predmeti izra\u0111eni od ove smole mogu se pohvaliti <\/span><b>savr\u0161enom prozirno\u0161\u0107u, blagom fleksibilno\u0161\u0107u i iznimnom otporno\u0161\u0107u na udarce.<\/b><\/p>\n<p><span style=\"font-weight: 400;\">Ova jedinstvena prozirna smola je <\/span><b>skrojena za stvaranje prozirnih funkcionalnih dijelova koji podnose opetovana optere\u0107enja, zahvaljuju\u0107i svojoj visokoj \u017eilavosti.<\/b><span style=\"font-weight: 400;\"> Osim toga, ima nisku apsorpciju vode, otpornost na vremenske uvjete i minimalno \u017eu\u0107enje, \u0161to ju \u010dini <\/span><b>izvrsnim izborom za vanjsku primjenu i za izlo\u017ebe.<\/b><span style=\"font-weight: 400;\"> Dobijte jasno\u0107u i snagu koja vam je potrebna uz Liqcreate Clear Impact.<\/span><\/p>\n<h3><strong>Svojstva:<\/strong><\/h3>\n<ul>\n<li><span style=\"font-weight: 400;\">Otpornost na udarce<\/span><\/li>\n<li><span style=\"font-weight: 400;\">Opti\u010dki prozirna<\/span><\/li>\n<li><span style=\"font-weight: 400;\">Otporna na vremenske uvjete<\/span><\/li>\n<\/ul>\n<p><img decoding=\"async\" class=\"alignnone size-medium wp-image-18675\" src=\"https:\/\/azurefilm.com\/wp-content\/uploads\/2023\/10\/Liqcreate_Clear_Impact_Properties-Enhanced-SR.jpg\" alt=\" width=\" height=\"357\" title=\"\"><\/p>\n","protected":false},"excerpt":{"rendered":"<p><span style=\"font-weight: 400;\">Iskusite savr\u0161enu prozirnost, laganu fleksibilnost i izuzetnu otpornost na udarce s Liqcreate Standard Clear Impact smolom.<\/span><\/p>\n","protected":false},"featured_media":11264,"comment_status":"closed","ping_status":"closed","template":"","meta":{"_acf_changed":false},"product_brand":[],"product_cat":[375,420,416,422,377],"product_tag":[],"brand":[],"class_list":{"0":"post-11879","1":"product","2":"type-product","3":"status-publish","4":"has-post-thumbnail","6":"product_cat-3d-filamenti-hr","7":"product_cat-industrial-resin-hr","8":"product_cat-smola-hr","9":"product_cat-standard-resin-hr","10":"product_cat-svi-filamenti","11":"pa_colour-transparent","12":"pa_resin-technology-dlp","13":"pa_resin-technology-lcd-msla","14":"pa_resin-technology-sla","15":"pa_resin-type-industrial","16":"pa_resin-type-standard","17":"pa_resin-weight-1000g","19":"first","20":"instock","21":"taxable","22":"shipping-taxable","23":"purchasable","24":"product-type-simple"},"acf":[],"_links":{"self":[{"href":"https:\/\/azurefilm.com\/hr\/wp-json\/wp\/v2\/product\/11879","targetHints":{"allow":["GET"]}}],"collection":[{"href":"https:\/\/azurefilm.com\/hr\/wp-json\/wp\/v2\/product"}],"about":[{"href":"https:\/\/azurefilm.com\/hr\/wp-json\/wp\/v2\/types\/product"}],"replies":[{"embeddable":true,"href":"https:\/\/azurefilm.com\/hr\/wp-json\/wp\/v2\/comments?post=11879"}],"wp:featuredmedia":[{"embeddable":true,"href":"https:\/\/azurefilm.com\/hr\/wp-json\/wp\/v2\/media\/11264"}],"wp:attachment":[{"href":"https:\/\/azurefilm.com\/hr\/wp-json\/wp\/v2\/media?parent=11879"}],"wp:term":[{"taxonomy":"product_brand","embeddable":true,"href":"https:\/\/azurefilm.com\/hr\/wp-json\/wp\/v2\/product_brand?post=11879"},{"taxonomy":"product_cat","embeddable":true,"href":"https:\/\/azurefilm.com\/hr\/wp-json\/wp\/v2\/product_cat?post=11879"},{"taxonomy":"product_tag","embeddable":true,"href":"https:\/\/azurefilm.com\/hr\/wp-json\/wp\/v2\/product_tag?post=11879"},{"taxonomy":"brand","embeddable":true,"href":"https:\/\/azurefilm.com\/hr\/wp-json\/wp\/v2\/brand?post=11879"}],"curies":[{"name":"wp","href":"https:\/\/api.w.org\/{rel}","templated":true}]}}