
{"id":11880,"date":"2023-10-29T14:42:00","date_gmt":"2023-10-29T14:42:00","guid":{"rendered":"https:\/\/azurefilm.com\/product\/creality-jewelry-transparent-green-smola\/"},"modified":"2025-08-22T10:47:01","modified_gmt":"2025-08-22T10:47:01","slug":"creality-jewelry-transparent-green-smola","status":"publish","type":"product","link":"https:\/\/azurefilm.com\/hr\/proizvod\/creality-jewelry-transparent-green-smola\/","title":{"rendered":"Creality Jewelry Transparent Green smola"},"content":{"rendered":"<h2><b>Creality Jewelry Transparent Green smola<\/b><\/h2>\n<p>Creality Castable Jewelry Transparent Green smola projektirana je za kompatibilnost sa \u0161irokim rasponom LCD\/DLP 3D pisa\u010da, pru\u017eaju\u0107i brzo i to\u010dno printanje zamr\u0161enih dizajna lijevanog nakita.<\/p>\n<p><span style=\"font-weight: 400;\">Postignite brzo lijevanje s <\/span><b>preciznim detaljima<\/b><span style=\"font-weight: 400;\"> za slo\u017eene komade nakita. Pobrinite se da va\u0161i komadi nakita imaju <\/span><b>besprijekornu povr\u0161insku<\/b><span style=\"font-weight: 400;\"> obradu koja zadovoljava najvi\u0161e standarde kvalitete. Radite s ekolo\u0161kom svije\u0161\u0107u jer je ova smola <\/span><b>ekolo\u0161ki prihvatljiva.<\/b><span style=\"font-weight: 400;\"> Kompatibilna s ve\u0107inom LCD\/DLP 3D pisa\u010da, \u0161to ju \u010dini svestranim izborom za proizvo\u0111a\u010de nakita.<\/span><\/p>\n<h3><strong>Svojstva:<\/strong><\/h3>\n<ul>\n<li style=\"font-weight: 400;\" aria-level=\"1\"><span style=\"font-weight: 400;\">Glatka zavr\u0161na obrada<\/span><\/li>\n<li style=\"font-weight: 400;\" aria-level=\"1\"><span style=\"font-weight: 400;\">Nisko skupljanje<\/span><\/li>\n<li style=\"font-weight: 400;\" aria-level=\"1\"><span style=\"font-weight: 400;\">Ekolo\u0161ki prihvatljiva<\/span><\/li>\n<\/ul>\n<p><img decoding=\"async\" class=\"alignnone size-medium wp-image-18695\" src=\"https:\/\/azurefilm.com\/wp-content\/uploads\/2023\/10\/Jewelry_Cast_Resin_10-0-1.jpg\" alt=\" width=\" height=\"400\" title=\"\"><\/p>\n","protected":false},"excerpt":{"rendered":"<p><span style=\"font-weight: 400;\">Osigurajte besprijekornu zavr\u0161nu obradu svojih komada nakita i budite ekolo\u0161ki osvije\u0161teni uz Creality Jewelry Transparent Green smolu (500g).<\/span><\/p>\n","protected":false},"featured_media":11277,"comment_status":"closed","ping_status":"closed","template":"","meta":{"_acf_changed":false},"product_brand":[],"product_cat":[375,421,416,377],"product_tag":[],"brand":[],"class_list":{"0":"post-11880","1":"product","2":"type-product","3":"status-publish","4":"has-post-thumbnail","6":"product_cat-3d-filamenti-hr","7":"product_cat-jewellery-resin-hr","8":"product_cat-smola-hr","9":"product_cat-svi-filamenti","10":"pa_colour-green","11":"pa_resin-technology-dlp","12":"pa_resin-technology-lcd-msla","13":"pa_resin-type-jewellery","14":"pa_resin-weight-500g","16":"first","17":"outofstock","18":"taxable","19":"shipping-taxable","20":"purchasable","21":"product-type-simple"},"acf":[],"_links":{"self":[{"href":"https:\/\/azurefilm.com\/hr\/wp-json\/wp\/v2\/product\/11880","targetHints":{"allow":["GET"]}}],"collection":[{"href":"https:\/\/azurefilm.com\/hr\/wp-json\/wp\/v2\/product"}],"about":[{"href":"https:\/\/azurefilm.com\/hr\/wp-json\/wp\/v2\/types\/product"}],"replies":[{"embeddable":true,"href":"https:\/\/azurefilm.com\/hr\/wp-json\/wp\/v2\/comments?post=11880"}],"wp:featuredmedia":[{"embeddable":true,"href":"https:\/\/azurefilm.com\/hr\/wp-json\/wp\/v2\/media\/11277"}],"wp:attachment":[{"href":"https:\/\/azurefilm.com\/hr\/wp-json\/wp\/v2\/media?parent=11880"}],"wp:term":[{"taxonomy":"product_brand","embeddable":true,"href":"https:\/\/azurefilm.com\/hr\/wp-json\/wp\/v2\/product_brand?post=11880"},{"taxonomy":"product_cat","embeddable":true,"href":"https:\/\/azurefilm.com\/hr\/wp-json\/wp\/v2\/product_cat?post=11880"},{"taxonomy":"product_tag","embeddable":true,"href":"https:\/\/azurefilm.com\/hr\/wp-json\/wp\/v2\/product_tag?post=11880"},{"taxonomy":"brand","embeddable":true,"href":"https:\/\/azurefilm.com\/hr\/wp-json\/wp\/v2\/brand?post=11880"}],"curies":[{"name":"wp","href":"https:\/\/api.w.org\/{rel}","templated":true}]}}