
{"id":11886,"date":"2023-10-29T14:42:00","date_gmt":"2023-10-29T14:42:00","guid":{"rendered":"https:\/\/azurefilm.com\/product\/creality-standard-green-smola\/"},"modified":"2025-08-22T10:47:03","modified_gmt":"2025-08-22T10:47:03","slug":"creality-standard-green-smola","status":"publish","type":"product","link":"https:\/\/azurefilm.com\/hr\/proizvod\/creality-standard-green-smola\/","title":{"rendered":"Creality Standard Green smola"},"content":{"rendered":"<h2><b>Creality Standard Green smola<\/b><\/h2>\n<p><span style=\"font-weight: 400;\">Creality Standard Green smola je UV-stvrdnjavaju\u0107a smola visoke preciznosti dizajnirana za LCD pisa\u010de koji rade na 405nm. Ova smola izvrsna je u pru\u017eanju <\/span><b>niskog skupljanja<\/b><span style=\"font-weight: 400;\"> tijekom procesa fotostvrdnjavanja, osiguravaju\u0107i da va\u0161i modeli za printanje <\/span><b>zadr\u017ee visoku preciznost s glatkom zavr\u0161nom obradom. <\/b><span style=\"font-weight: 400;\">Prednost daje va\u0161oj udobnosti sa svojim <\/span><b>slabim mirisom,<\/b><span style=\"font-weight: 400;\"> eliminiraju\u0107i sve jarke mirise tijekom procesa printanja. Osim toga, Creality smola mo\u017ee se <\/span><b>pohvaliti \u017eivim i \u010distim efektima boja,<\/b><span style=\"font-weight: 400;\"> zahvaljuju\u0107i visokokvalitetnim pigmentima.<\/span><\/p>\n<p><span style=\"font-weight: 400;\">Sigurno zapakirana, ova smola dolazi u zadebljanoj aluminijskoj bo\u010dici koja je \u0161titi od izlaganja svjetlosti. Njezin <\/span><b>dizajn otporan na curenje<\/b><span style=\"font-weight: 400;\"> dodatno ju \u0161titi plasti\u010dnom vre\u0107icom s mjehuri\u0107ima, osiguravaju\u0107i da va\u0161a smola ostane u savr\u0161enom stanju. <\/span><b>Kompatibilna sa \u0161irokim rasponom LCD pisa\u010da,<\/b><span style=\"font-weight: 400;\"> kao \u0161to su Elegoo Mars, Creality LD002R, Anycubic Photon, SainSmart KL9 i sli\u010dni modeli, Creality Standard smola jam\u010di vrhunske rezultate za va\u0161e potrebe 3D printanja.<\/span><\/p>\n<h3><strong>Svojstva:<\/strong><\/h3>\n<ul>\n<li style=\"font-weight: 400;\" aria-level=\"1\"><span style=\"font-weight: 400;\">Nisko skupljanje<\/span><\/li>\n<li style=\"font-weight: 400;\" aria-level=\"1\"><span style=\"font-weight: 400;\">Slab miris<\/span><\/li>\n<li style=\"font-weight: 400;\" aria-level=\"1\"><span style=\"font-weight: 400;\">Glatka zavr\u0161na obrada<\/span><\/li>\n<\/ul>\n","protected":false},"excerpt":{"rendered":"<p><span style=\"font-weight: 400;\">Kreirajte s Creality Standard Green smolom (500g) i odr\u017eavajte visoku preciznost s glatkom zavr\u0161nom obradom.<\/span><\/p>\n","protected":false},"featured_media":11307,"comment_status":"closed","ping_status":"closed","template":"","meta":{"_acf_changed":false},"product_brand":[],"product_cat":[375,416,422,377],"product_tag":[],"brand":[],"class_list":{"0":"post-11886","1":"product","2":"type-product","3":"status-publish","4":"has-post-thumbnail","6":"product_cat-3d-filamenti-hr","7":"product_cat-smola-hr","8":"product_cat-standard-resin-hr","9":"product_cat-svi-filamenti","10":"pa_colour-green","11":"pa_resin-technology-dlp","12":"pa_resin-technology-lcd-msla","13":"pa_resin-type-standard","14":"pa_resin-weight-500g","16":"first","17":"outofstock","18":"taxable","19":"shipping-taxable","20":"purchasable","21":"product-type-simple"},"acf":[],"_links":{"self":[{"href":"https:\/\/azurefilm.com\/hr\/wp-json\/wp\/v2\/product\/11886","targetHints":{"allow":["GET"]}}],"collection":[{"href":"https:\/\/azurefilm.com\/hr\/wp-json\/wp\/v2\/product"}],"about":[{"href":"https:\/\/azurefilm.com\/hr\/wp-json\/wp\/v2\/types\/product"}],"replies":[{"embeddable":true,"href":"https:\/\/azurefilm.com\/hr\/wp-json\/wp\/v2\/comments?post=11886"}],"wp:featuredmedia":[{"embeddable":true,"href":"https:\/\/azurefilm.com\/hr\/wp-json\/wp\/v2\/media\/11307"}],"wp:attachment":[{"href":"https:\/\/azurefilm.com\/hr\/wp-json\/wp\/v2\/media?parent=11886"}],"wp:term":[{"taxonomy":"product_brand","embeddable":true,"href":"https:\/\/azurefilm.com\/hr\/wp-json\/wp\/v2\/product_brand?post=11886"},{"taxonomy":"product_cat","embeddable":true,"href":"https:\/\/azurefilm.com\/hr\/wp-json\/wp\/v2\/product_cat?post=11886"},{"taxonomy":"product_tag","embeddable":true,"href":"https:\/\/azurefilm.com\/hr\/wp-json\/wp\/v2\/product_tag?post=11886"},{"taxonomy":"brand","embeddable":true,"href":"https:\/\/azurefilm.com\/hr\/wp-json\/wp\/v2\/brand?post=11886"}],"curies":[{"name":"wp","href":"https:\/\/api.w.org\/{rel}","templated":true}]}}