
{"id":11898,"date":"2023-10-29T14:06:08","date_gmt":"2023-10-29T14:06:08","guid":{"rendered":"https:\/\/azurefilm.com\/product\/pla-original-filament-blue\/"},"modified":"2026-03-31T09:11:53","modified_gmt":"2026-03-31T09:11:53","slug":"pla-original-filament-blue","status":"publish","type":"product","link":"https:\/\/azurefilm.com\/hr\/proizvod\/pla-original-filament-blue\/","title":{"rendered":"PLA Original filament Blue"},"content":{"rendered":"<h2><b>PLA Original\u00a0<\/b><\/h2>\n<p><span style=\"font-weight: 400;\">Predstavljamo PLA Original, na\u0161u <\/span> <span style=\"font-weight: 400;\">liniju filamenata koja nudi <\/span><b>pouzdane performanse<\/b><span style=\"font-weight: 400;\"> i <\/span><b>\u0161irok raspon opcija boja<\/b><span style=\"font-weight: 400;\">. Ovo izdanje ima sve tradicionalne PLA karakteristike, zbog \u010dega pru\u017ea <\/span><b>dosljedne i pouzdane rezultate<\/b><span style=\"font-weight: 400;\">. PLA Original je <\/span><b>jednostavan za printanje<\/b><span style=\"font-weight: 400;\"> i odli\u010dan je za po\u010detnike. Bilo da radite na ukrasima, prototipovima ili drugim modelima, PLA Original je va\u0161 izbor za uspje\u0161no i zadovoljavaju\u0107e iskustvo printanja.<\/span><\/p>\n<p><span style=\"font-weight: 400;\">Kako biste saznali vi\u0161e o PLA filamentima, pro\u010ditajte na\u0161 <a href=\"https:\/\/azurefilm.com\/hr\/2023\/07\/04\/pla-filamenti\/\" target=\"_blank\" rel=\"noopener\">blog<\/a>.\u00a0<\/span><\/p>\n<p><span style=\"font-weight: 400;\">Ovdje mo\u017eete pristupiti<a href=\"https:\/\/azurefilm.com\/hr\/technical-data-sheets\/\" target=\"_blank\" rel=\"noopener\"> tehni\u010dkim informacijama<\/a>.<\/span><\/p>\n<h3><strong>PLA Original filament Blue<\/strong><\/h3>\n<p>Opona\u0161ajte energiju vedrog neba i dopustite svojim projektima da postignu besprijekornu preciznost kori\u0161tenjem na\u0161eg PLA Original filamenta Blue.<\/p>\n<h3><strong>Preporuke za printanje:<\/strong><\/h3>\n<ul>\n<li style=\"font-weight: 400;\" aria-level=\"1\"><span style=\"font-weight: 400;\">Printajte na temperaturi od 200\u2013230\u00b0C za najbolje rezultate.*\u00a0<\/span><\/li>\n<li style=\"font-weight: 400;\" aria-level=\"1\"><span style=\"font-weight: 400;\">Nije potrebno imati grijano postolje, ali preporu\u010dujemo da prethodno zagrijete ispisni stol na 50\u201360\u00b0C.<\/span><\/li>\n<li style=\"font-weight: 400;\" aria-level=\"1\"><span style=\"font-weight: 400;\">Koristite stakleno postolje, PEI plo\u010du, kapton ili plavu traku za izradnu platformu s 3Dlac sprejem.<\/span><\/li>\n<\/ul>\n<p><i><span style=\"font-weight: 400;\">*Idealna temperatura mo\u017ee varirati ovisno o kori\u0161tenom pisa\u010du.<\/span><\/i><\/p>\n","protected":false},"excerpt":{"rendered":"<p>Opona\u0161ajte energiju vedrog neba i dopustite svojim projektima da postignu besprijekornu preciznost kori\u0161tenjem na\u0161eg PLA Original filamenta Blue.<\/p>\n","protected":false},"featured_media":114044,"comment_status":"closed","ping_status":"closed","template":"","meta":{"_acf_changed":false},"product_brand":[],"product_cat":[406,375,402,377],"product_tag":[],"brand":[],"class_list":{"0":"post-11898","1":"product","2":"type-product","3":"status-publish","4":"has-post-thumbnail","6":"product_cat-pla-original-hr","7":"product_cat-3d-filamenti-hr","8":"product_cat-pla-filamenti-hr","9":"product_cat-svi-filamenti","10":"pa_colour-blue","11":"pa_filament-diameter-1-75mm","12":"pa_filament-weight-1000g","14":"first","15":"instock","16":"taxable","17":"shipping-taxable","18":"purchasable","19":"product-type-variable","20":"has-default-attributes"},"acf":[],"_links":{"self":[{"href":"https:\/\/azurefilm.com\/hr\/wp-json\/wp\/v2\/product\/11898","targetHints":{"allow":["GET"]}}],"collection":[{"href":"https:\/\/azurefilm.com\/hr\/wp-json\/wp\/v2\/product"}],"about":[{"href":"https:\/\/azurefilm.com\/hr\/wp-json\/wp\/v2\/types\/product"}],"replies":[{"embeddable":true,"href":"https:\/\/azurefilm.com\/hr\/wp-json\/wp\/v2\/comments?post=11898"}],"wp:featuredmedia":[{"embeddable":true,"href":"https:\/\/azurefilm.com\/hr\/wp-json\/wp\/v2\/media\/114044"}],"wp:attachment":[{"href":"https:\/\/azurefilm.com\/hr\/wp-json\/wp\/v2\/media?parent=11898"}],"wp:term":[{"taxonomy":"product_brand","embeddable":true,"href":"https:\/\/azurefilm.com\/hr\/wp-json\/wp\/v2\/product_brand?post=11898"},{"taxonomy":"product_cat","embeddable":true,"href":"https:\/\/azurefilm.com\/hr\/wp-json\/wp\/v2\/product_cat?post=11898"},{"taxonomy":"product_tag","embeddable":true,"href":"https:\/\/azurefilm.com\/hr\/wp-json\/wp\/v2\/product_tag?post=11898"},{"taxonomy":"brand","embeddable":true,"href":"https:\/\/azurefilm.com\/hr\/wp-json\/wp\/v2\/brand?post=11898"}],"curies":[{"name":"wp","href":"https:\/\/api.w.org\/{rel}","templated":true}]}}