
{"id":11917,"date":"2023-10-29T14:07:45","date_gmt":"2023-10-29T14:07:45","guid":{"rendered":"https:\/\/azurefilm.com\/product\/pla-pastel-filament-ice-cream-pink\/"},"modified":"2026-03-31T09:11:54","modified_gmt":"2026-03-31T09:11:54","slug":"pla-pastel-filament-ice-cream-pink","status":"publish","type":"product","link":"https:\/\/azurefilm.com\/hr\/proizvod\/pla-pastel-filament-ice-cream-pink\/","title":{"rendered":"PLA Pastel filament Ice Cream Pink"},"content":{"rendered":"<h2><b>PLA Pastel<\/b><\/h2>\n<p><span style=\"font-weight: 400;\">Upoznajte PLA Pastel filament kolekciju koja kombinira <\/span><b>nje\u017ene i meke boje<\/b><span style=\"font-weight: 400;\">. Nudi prekrasnu pastelnu paletu, izvrsnu za stvaranje raznih proizvoda. Pastelne nijanse izgledaju sjajno za ukrase, gadgete, figurice i jo\u0161 mnogo toga. PLA Pastel je <\/span><b>biorazgradljiv <\/b><span style=\"font-weight: 400;\">materijal, vrlo <\/span><b>jednostavan za rad<\/b><span style=\"font-weight: 400;\"> i <\/span><b>odli\u010dan za po\u010detnike<\/b><span style=\"font-weight: 400;\">.\u00a0<\/span><\/p>\n<h2><strong>PLA Pastel filament Ice Cream Pink<\/strong><\/h2>\n<p>Isprobajte slatki i \u0161armantni PLA Pastel filament Ice Cream Pink dizajniran za isporuku preciznih i urednih 3D printeva.<\/p>\n<p><span style=\"font-weight: 400;\">Kako biste saznali vi\u0161e o PLA filamentima, pro\u010ditajte na\u0161 <a href=\"https:\/\/azurefilm.com\/hr\/2023\/07\/04\/pla-filamenti\/\" target=\"_blank\" rel=\"noopener\">blog<\/a>.\u00a0<\/span><\/p>\n<p><span style=\"font-weight: 400;\">Ovdje mo\u017eete pristupiti<a href=\"https:\/\/azurefilm.com\/hr\/technical-data-sheets\/\" target=\"_blank\" rel=\"noopener\"> tehni\u010dkim informacijama<\/a>.<\/span><\/p>\n<p><span style=\"font-weight: 400;\">Preporuke za printanje:<\/span><\/p>\n<ul>\n<li style=\"font-weight: 400;\" aria-level=\"1\"><span style=\"font-weight: 400;\">Za najbolje rezultate, printati na 200\u2013230\u00b0C.\u00a0<\/span><\/li>\n<li style=\"font-weight: 400;\" aria-level=\"1\"><span style=\"font-weight: 400;\">Preporu\u010dena temperatura postolja za printanje je 60\u00b0C.<\/span><\/li>\n<li style=\"font-weight: 400;\" aria-level=\"1\"><span style=\"font-weight: 400;\">Koristite stakleno postolje, PEI plo\u010du, kapton ili plavu traku za izradnu platformu s 3Dlac sprejem.<\/span><\/li>\n<\/ul>\n<p><i><span style=\"font-weight: 400;\">*Idealna temperatura mo\u017ee varirati ovisno o kori\u0161tenom pisa\u010du.<\/span><\/i><\/p>\n","protected":false},"excerpt":{"rendered":"<p>Isprobajte slatki i \u0161armantni PLA Pastel filament Ice Cream Pink dizajniran za isporuku preciznih i urednih 3D printeva.<\/p>\n","protected":false},"featured_media":113972,"comment_status":"closed","ping_status":"closed","template":"","meta":{"_acf_changed":false},"product_brand":[],"product_cat":[407,375,402,377],"product_tag":[],"brand":[],"class_list":{"0":"post-11917","1":"product","2":"type-product","3":"status-publish","4":"has-post-thumbnail","6":"product_cat-pla-pastel-hr","7":"product_cat-3d-filamenti-hr","8":"product_cat-pla-filamenti-hr","9":"product_cat-svi-filamenti","10":"pa_colour-pink","11":"pa_filament-diameter-1-75mm","12":"pa_filament-weight-1000g","14":"first","15":"instock","16":"taxable","17":"shipping-taxable","18":"purchasable","19":"product-type-variable","20":"has-default-attributes"},"acf":[],"_links":{"self":[{"href":"https:\/\/azurefilm.com\/hr\/wp-json\/wp\/v2\/product\/11917","targetHints":{"allow":["GET"]}}],"collection":[{"href":"https:\/\/azurefilm.com\/hr\/wp-json\/wp\/v2\/product"}],"about":[{"href":"https:\/\/azurefilm.com\/hr\/wp-json\/wp\/v2\/types\/product"}],"replies":[{"embeddable":true,"href":"https:\/\/azurefilm.com\/hr\/wp-json\/wp\/v2\/comments?post=11917"}],"wp:featuredmedia":[{"embeddable":true,"href":"https:\/\/azurefilm.com\/hr\/wp-json\/wp\/v2\/media\/113972"}],"wp:attachment":[{"href":"https:\/\/azurefilm.com\/hr\/wp-json\/wp\/v2\/media?parent=11917"}],"wp:term":[{"taxonomy":"product_brand","embeddable":true,"href":"https:\/\/azurefilm.com\/hr\/wp-json\/wp\/v2\/product_brand?post=11917"},{"taxonomy":"product_cat","embeddable":true,"href":"https:\/\/azurefilm.com\/hr\/wp-json\/wp\/v2\/product_cat?post=11917"},{"taxonomy":"product_tag","embeddable":true,"href":"https:\/\/azurefilm.com\/hr\/wp-json\/wp\/v2\/product_tag?post=11917"},{"taxonomy":"brand","embeddable":true,"href":"https:\/\/azurefilm.com\/hr\/wp-json\/wp\/v2\/brand?post=11917"}],"curies":[{"name":"wp","href":"https:\/\/api.w.org\/{rel}","templated":true}]}}