
{"id":11932,"date":"2023-10-29T14:08:48","date_gmt":"2023-10-29T14:08:48","guid":{"rendered":"https:\/\/azurefilm.com\/product\/pla-transparent-filament-blue\/"},"modified":"2026-01-14T22:30:53","modified_gmt":"2026-01-14T22:30:53","slug":"pla-transparent-filament-blue","status":"publish","type":"product","link":"https:\/\/azurefilm.com\/hr\/proizvod\/pla-transparent-filament-blue\/","title":{"rendered":"PLA Transparent filament Blue"},"content":{"rendered":"<h2><b>PLA Transparent<\/b><\/h2>\n<p><span style=\"font-weight: 400;\">PLA Transparent filamenti su poznati po svojoj <\/span><b>jasno\u0107i <\/b><span style=\"font-weight: 400;\">i <\/span><b>transparentnosti<\/b><span style=\"font-weight: 400;\">. Va\u0161im \u0107e printevima pru\u017eiti cool <\/span><b>efekt prozirnosti<\/b><span style=\"font-weight: 400;\">. Ovi filamenti izra\u0111eni su od PLA Original filamenta,<\/span><b>biorazgradljivi su <\/b><span style=\"font-weight: 400;\">i vrlo jednostavni za rad, \u0161to ih \u010dini <\/span><b>savr\u0161enim izborom za po\u010detnike<\/b><span style=\"font-weight: 400;\">. PLA Transparent filamenti su odli\u010dni za primjene koje zahtijevaju opti\u010dku jasno\u0107u ili difuziju svjetlosti. Mogu se koristiti za dekoracije, svjetiljke, umjetni\u010dke kreacije, ukrasne elemente i jo\u0161 mnogo toga.\u00a0<\/span><\/p>\n<h2><strong>PLA Transparent filament Blue<\/strong><\/h2>\n<p>Inspirirajte se na\u0161om prekrasnom prozirnom nijansom PLA Transparent filamenta Blue.<\/p>\n<p><span style=\"font-weight: 400;\">Kako biste saznali vi\u0161e o PLA filamentima, pro\u010ditajte na\u0161 <a href=\"https:\/\/azurefilm.com\/hr\/2023\/07\/04\/pla-filamenti\/\" target=\"_blank\" rel=\"noopener\">blog<\/a>.\u00a0<\/span><\/p>\n<p><span style=\"font-weight: 400;\">Ovdje mo\u017eete pristupiti<a href=\"https:\/\/azurefilm.com\/hr\/technical-data-sheets\/\" target=\"_blank\" rel=\"noopener\"> tehni\u010dkim informacijama<\/a>.<\/span><\/p>\n<p><span style=\"font-weight: 400;\">Preporuke za printanje:<\/span><\/p>\n<ul>\n<li style=\"font-weight: 400;\" aria-level=\"1\"><span style=\"font-weight: 400;\">Za najbolje rezultate, printati na 200\u2013230\u00b0C.\u00a0<\/span><\/li>\n<li style=\"font-weight: 400;\" aria-level=\"1\"><span style=\"font-weight: 400;\">Preporu\u010dena temperatura postolja za printanje je 60\u00b0C.<\/span><\/li>\n<li style=\"font-weight: 400;\" aria-level=\"1\"><span style=\"font-weight: 400;\">Koristite stakleno postolje, PEI plo\u010du, kapton ili plavu traku za izradnu platformu s 3Dlac sprejem.<\/span><\/li>\n<\/ul>\n<p><i><span style=\"font-weight: 400;\">*Idealna temperatura mo\u017ee varirati ovisno o kori\u0161tenom pisa\u010du.<\/span><\/i><\/p>\n","protected":false},"excerpt":{"rendered":"<p>Inspirirajte se na\u0161om prekrasnom prozirnom nijansom PLA Transparent filamenta Blue.<\/p>\n","protected":false},"featured_media":113727,"comment_status":"closed","ping_status":"closed","template":"","meta":{"_acf_changed":false},"product_brand":[],"product_cat":[412,375,402,377],"product_tag":[],"brand":[],"class_list":{"0":"post-11932","1":"product","2":"type-product","3":"status-publish","4":"has-post-thumbnail","6":"product_cat-pla-transparent-hr","7":"product_cat-3d-filamenti-hr","8":"product_cat-pla-filamenti-hr","9":"product_cat-svi-filamenti","10":"pa_colour-blue","11":"pa_colour-transparent","12":"pa_filament-diameter-1-75mm","13":"pa_filament-weight-1000g","15":"first","16":"instock","17":"taxable","18":"shipping-taxable","19":"purchasable","20":"product-type-variable","21":"has-default-attributes"},"acf":[],"_links":{"self":[{"href":"https:\/\/azurefilm.com\/hr\/wp-json\/wp\/v2\/product\/11932","targetHints":{"allow":["GET"]}}],"collection":[{"href":"https:\/\/azurefilm.com\/hr\/wp-json\/wp\/v2\/product"}],"about":[{"href":"https:\/\/azurefilm.com\/hr\/wp-json\/wp\/v2\/types\/product"}],"replies":[{"embeddable":true,"href":"https:\/\/azurefilm.com\/hr\/wp-json\/wp\/v2\/comments?post=11932"}],"wp:featuredmedia":[{"embeddable":true,"href":"https:\/\/azurefilm.com\/hr\/wp-json\/wp\/v2\/media\/113727"}],"wp:attachment":[{"href":"https:\/\/azurefilm.com\/hr\/wp-json\/wp\/v2\/media?parent=11932"}],"wp:term":[{"taxonomy":"product_brand","embeddable":true,"href":"https:\/\/azurefilm.com\/hr\/wp-json\/wp\/v2\/product_brand?post=11932"},{"taxonomy":"product_cat","embeddable":true,"href":"https:\/\/azurefilm.com\/hr\/wp-json\/wp\/v2\/product_cat?post=11932"},{"taxonomy":"product_tag","embeddable":true,"href":"https:\/\/azurefilm.com\/hr\/wp-json\/wp\/v2\/product_tag?post=11932"},{"taxonomy":"brand","embeddable":true,"href":"https:\/\/azurefilm.com\/hr\/wp-json\/wp\/v2\/brand?post=11932"}],"curies":[{"name":"wp","href":"https:\/\/api.w.org\/{rel}","templated":true}]}}