
{"id":11935,"date":"2023-10-29T14:09:17","date_gmt":"2023-10-29T14:09:17","guid":{"rendered":"https:\/\/azurefilm.com\/product\/pla-wood-filament-cork\/"},"modified":"2025-08-22T10:58:57","modified_gmt":"2025-08-22T10:58:57","slug":"lumberlay-filament-cork","status":"publish","type":"product","link":"https:\/\/azurefilm.com\/hr\/proizvod\/lumberlay-filament-cork\/","title":{"rendered":"LumberLay filament Cork"},"content":{"rendered":"<h2><b>LumberLay<\/b><\/h2>\n<p><span style=\"font-weight: 400;\">Upoznajte na\u0161e LumberLay filamente &#8211; jedinstveni materijal koji <\/span><b>izgleda poput drva i na dodir je poput drva. <\/b><span style=\"font-weight: 400;\">LumberLay kombinira <\/span><b>40 % recikliranog drva<\/b><span style=\"font-weight: 400;\"> i 60 % PLA filamenta. Zbog ove mje\u0161avine va\u0161i \u0107e modeli imati <\/span><b>izgled prirodnog drva, <\/b><span style=\"font-weight: 400;\">a i fizi\u010dka svojstva proizvoda \u0107e biti iznimno sli\u010dna prirodnom drvu.\u00a0<\/span><\/p>\n<p><b>Napomena: <\/b><span style=\"font-weight: 400;\">LumberLay filamenti moraju se osu\u0161iti prije upotrebe (8 sati na 55\u00b0C) i nisu kompatibilni s mlaznicom od 0,2 mm.<\/span><\/p>\n<h2><strong>LumberLay filament Cork<\/strong><\/h2>\n<p>Probudite kreativnost s tamnijom drvenom nijansom sme\u0111e i isprobajte na\u0161 LumberLay filament Cork napravljen od 40% recikliranog drva i 60% polimera.<\/p>\n<p><span style=\"font-weight: 400;\">Ako \u017eelite saznati vi\u0161e o Lumberlay filamentima, pro\u010ditajte na\u0161 <a href=\"https:\/\/azurefilm.com\/hr\/2024\/10\/24\/upoznajte-lumberlay-kolekciju\/\" target=\"_blank\" rel=\"noopener\"><strong>blog<\/strong><\/a>. <\/span><\/p>\n<p><span style=\"font-weight: 400;\">Ovdje mo\u017eete pristupiti <a href=\"https:\/\/azurefilm.com\/hr\/technical-data-sheets\/\" target=\"_blank\" rel=\"noopener\"> tehni\u010dkim informacijama<\/a>.<\/span><\/p>\n<h3><strong>Preporuke za printanje:<\/strong><\/h3>\n<ul>\n<li><strong>Filament se mora osu\u0161iti prije upotrebe (8 sati na 55\u00b0C).<\/strong><\/li>\n<li><strong>LumberLay filamenti nisu kompatibilni s mlaznicom od 0,2 mm.<\/strong><\/li>\n<li><span style=\"font-weight: 400;\">Za najbolje rezultate, printajte na 200\u2013230 \u00b0C.\u00a0<\/span><\/li>\n<li><span style=\"font-weight: 400;\">Preporu\u010dena temperatura postolja za printanje je 60 \u00b0C.<\/span><\/li>\n<li><span style=\"font-weight: 400;\">Koristite staklenu podlogu, PEI foliju, kapton ili plavu traku za izradnu platformu s 3Dlac sprejom.<\/span><\/li>\n<\/ul>\n<p><i><span style=\"font-weight: 400;\">*Idealna temperatura mo\u017ee se razlikovati ovisno o pisa\u010du.<\/span><\/i><\/p>\n","protected":false},"excerpt":{"rendered":"<p>Probudite kreativnost s tamnijom drvenom nijansom sme\u0111e i isprobajte na\u0161 LumberLay filament Cork napravljen od 40% recikliranog drva i 60% polimera.<\/p>\n<p><b>Napomena:<\/b><span style=\"font-weight: 400;\"> Zbog prirodnih varijacija u drvenim vlaknima mogu\u0107a su manja odstupanja u boji izme\u0111u serija LumberLay filamenata.<\/span><\/p>\n","protected":false},"featured_media":2170,"comment_status":"closed","ping_status":"closed","template":"","meta":{"_acf_changed":false},"product_brand":[],"product_cat":[413,375,377],"product_tag":[],"brand":[267],"class_list":{"0":"post-11935","1":"product","2":"type-product","3":"status-publish","4":"has-post-thumbnail","6":"product_cat-lumberlay-filamenti","7":"product_cat-3d-filamenti-hr","8":"product_cat-svi-filamenti","9":"pa_colour-brown","10":"pa_filament-diameter-1-75mm","11":"pa_filament-weight-750g","12":"brand-azurefilm","14":"first","15":"outofstock","16":"taxable","17":"shipping-taxable","18":"purchasable","19":"product-type-variable","20":"has-default-attributes"},"acf":[],"_links":{"self":[{"href":"https:\/\/azurefilm.com\/hr\/wp-json\/wp\/v2\/product\/11935","targetHints":{"allow":["GET"]}}],"collection":[{"href":"https:\/\/azurefilm.com\/hr\/wp-json\/wp\/v2\/product"}],"about":[{"href":"https:\/\/azurefilm.com\/hr\/wp-json\/wp\/v2\/types\/product"}],"replies":[{"embeddable":true,"href":"https:\/\/azurefilm.com\/hr\/wp-json\/wp\/v2\/comments?post=11935"}],"wp:featuredmedia":[{"embeddable":true,"href":"https:\/\/azurefilm.com\/hr\/wp-json\/wp\/v2\/media\/2170"}],"wp:attachment":[{"href":"https:\/\/azurefilm.com\/hr\/wp-json\/wp\/v2\/media?parent=11935"}],"wp:term":[{"taxonomy":"product_brand","embeddable":true,"href":"https:\/\/azurefilm.com\/hr\/wp-json\/wp\/v2\/product_brand?post=11935"},{"taxonomy":"product_cat","embeddable":true,"href":"https:\/\/azurefilm.com\/hr\/wp-json\/wp\/v2\/product_cat?post=11935"},{"taxonomy":"product_tag","embeddable":true,"href":"https:\/\/azurefilm.com\/hr\/wp-json\/wp\/v2\/product_tag?post=11935"},{"taxonomy":"brand","embeddable":true,"href":"https:\/\/azurefilm.com\/hr\/wp-json\/wp\/v2\/brand?post=11935"}],"curies":[{"name":"wp","href":"https:\/\/api.w.org\/{rel}","templated":true}]}}