
{"id":11938,"date":"2023-10-29T14:09:17","date_gmt":"2023-10-29T14:09:17","guid":{"rendered":"https:\/\/azurefilm.com\/product\/pla-glitter-filament-red\/"},"modified":"2026-03-19T09:58:35","modified_gmt":"2026-03-19T09:58:35","slug":"pla-glitter-filament-red","status":"publish","type":"product","link":"https:\/\/azurefilm.com\/hr\/proizvod\/pla-glitter-filament-red\/","title":{"rendered":"PLA Glitter filament Red"},"content":{"rendered":"<h2><b>PLA Glitter<\/b><\/h2>\n<p><span style=\"font-weight: 400;\">Predstavljamo na\u0161e PLA Glitter filamente. Ovaj je materijal napravljen od na\u0161eg PLA Original filamenta i sadr\u017ei <\/span><b>\u010destice \u0161ljokica<\/b><span style=\"font-weight: 400;\"> za blistaviji efekt na va\u0161im printevima. Budu\u0107i da je PLA Glitter ba\u0161 kao i normalan PLA, <\/span><b>biorazgradljiv<\/b><span style=\"font-weight: 400;\">i jako <\/span><b>jednostavan za rad<\/b><span style=\"font-weight: 400;\">, te daje <\/span><b>dosljedne rezultate<\/b><span style=\"font-weight: 400;\">.\u00a0 Me\u0111utim, postoji jedna stvar oko koje treba biti oprezan tijekom printanja s PLA Glitter filamentima. \u010cestice \u0161ljokica su blago abrazivne tako da <\/span><b>preporu\u010dujemo upotrebu 0,6mm mlaznice otporne na abraziju.<\/b><span style=\"font-weight: 400;\">.\u00a0<\/span><\/p>\n<h2><strong>PLA Glitter filament Red<\/strong><\/h2>\n<p>Stvorite blistav i privla\u010dan efekt s na\u0161im PLA Glitter filamentom Red.<\/p>\n<p><span style=\"font-weight: 400;\">Kako biste saznali vi\u0161e o PLA filamentima, pro\u010ditajte na\u0161 <a href=\"https:\/\/azurefilm.com\/hr\/2023\/07\/04\/pla-filamenti\/\" target=\"_blank\" rel=\"noopener\">blog<\/a>.\u00a0<\/span><\/p>\n<p><span style=\"font-weight: 400;\">Ovdje mo\u017eete pristupiti<a href=\"https:\/\/azurefilm.com\/hr\/technical-data-sheets\/\" target=\"_blank\" rel=\"noopener\"> tehni\u010dkim informacijama<\/a>.<\/span><\/p>\n<p><span style=\"font-weight: 400;\">Preporuke za printanje:<\/span><\/p>\n<ul>\n<li style=\"font-weight: 400;\" aria-level=\"1\"><span style=\"font-weight: 400;\">Printajte na temperaturi od 200\u2013230\u00b0C za najbolje rezultate.\u00a0<\/span><\/li>\n<li style=\"font-weight: 400;\" aria-level=\"1\"><span style=\"font-weight: 400;\">Nije potrebno grijano postolje, ali preporu\u010duje se prethodno zagrijavanje ispisnog stola na 50\u201360\u00b0C.\u00a0<\/span><\/li>\n<li style=\"font-weight: 400;\" aria-level=\"1\"><span style=\"font-weight: 400;\">Koristite stakleno postolje, PEI plo\u010du, kapton ili plavu traku za izradnu platformu s 3Dlac sprejem.<\/span><\/li>\n<li style=\"font-weight: 400;\" aria-level=\"1\"><span style=\"font-weight: 400;\">Preporu\u010dujemo kori\u0161tenje mlaznice od najmanje 0,6 mm kako bi se sprije\u010dilo za\u010depljenje.<\/span><i><span style=\"font-weight: 400;\">.<\/span><\/i><\/li>\n<\/ul>\n<p><i><span style=\"font-weight: 400;\">*Idealna temperatura mo\u017ee varirati ovisno o kori\u0161tenom pisa\u010du.<\/span><\/i><\/p>\n","protected":false},"excerpt":{"rendered":"<p>Stvorite blistav i privla\u010dan efekt s na\u0161im PLA Glitter filamentom Red.<\/p>\n","protected":false},"featured_media":113703,"comment_status":"closed","ping_status":"closed","template":"","meta":{"_acf_changed":false},"product_brand":[],"product_cat":[403,375,402,377],"product_tag":[],"brand":[],"class_list":{"0":"post-11938","1":"product","2":"type-product","3":"status-publish","4":"has-post-thumbnail","6":"product_cat-pla-glitter-hr","7":"product_cat-3d-filamenti-hr","8":"product_cat-pla-filamenti-hr","9":"product_cat-svi-filamenti","10":"pa_colour-red","11":"pa_filament-diameter-1-75mm","12":"pa_filament-weight-1000g","14":"first","15":"instock","16":"taxable","17":"shipping-taxable","18":"purchasable","19":"product-type-variable","20":"has-default-attributes"},"acf":[],"_links":{"self":[{"href":"https:\/\/azurefilm.com\/hr\/wp-json\/wp\/v2\/product\/11938","targetHints":{"allow":["GET"]}}],"collection":[{"href":"https:\/\/azurefilm.com\/hr\/wp-json\/wp\/v2\/product"}],"about":[{"href":"https:\/\/azurefilm.com\/hr\/wp-json\/wp\/v2\/types\/product"}],"replies":[{"embeddable":true,"href":"https:\/\/azurefilm.com\/hr\/wp-json\/wp\/v2\/comments?post=11938"}],"wp:featuredmedia":[{"embeddable":true,"href":"https:\/\/azurefilm.com\/hr\/wp-json\/wp\/v2\/media\/113703"}],"wp:attachment":[{"href":"https:\/\/azurefilm.com\/hr\/wp-json\/wp\/v2\/media?parent=11938"}],"wp:term":[{"taxonomy":"product_brand","embeddable":true,"href":"https:\/\/azurefilm.com\/hr\/wp-json\/wp\/v2\/product_brand?post=11938"},{"taxonomy":"product_cat","embeddable":true,"href":"https:\/\/azurefilm.com\/hr\/wp-json\/wp\/v2\/product_cat?post=11938"},{"taxonomy":"product_tag","embeddable":true,"href":"https:\/\/azurefilm.com\/hr\/wp-json\/wp\/v2\/product_tag?post=11938"},{"taxonomy":"brand","embeddable":true,"href":"https:\/\/azurefilm.com\/hr\/wp-json\/wp\/v2\/brand?post=11938"}],"curies":[{"name":"wp","href":"https:\/\/api.w.org\/{rel}","templated":true}]}}