
{"id":11942,"date":"2023-10-29T14:09:41","date_gmt":"2023-10-29T14:09:41","guid":{"rendered":"https:\/\/azurefilm.com\/product\/pla-glow-filament-litho-white\/"},"modified":"2026-03-10T10:49:45","modified_gmt":"2026-03-10T10:49:45","slug":"pla-lumos-filament-litho-white","status":"publish","type":"product","link":"https:\/\/azurefilm.com\/hr\/proizvod\/pla-lumos-filament-litho-white\/","title":{"rendered":"PLA Lumos filament Litho White"},"content":{"rendered":"<h2><b>PLA Lumos<\/b><\/h2>\n<p><span style=\"font-weight: 400;\">Upoznajte Lumos kolekciju filamenata koji imaju <\/span><b>\u017eivopisan UV sjaj, propu\u0161taju svjetlo i imaju blistavi no\u0107ni efekt<\/b><span style=\"font-weight: 400;\">. Ova posebna PLA kolekcija je jednostavna za printanje i savr\u0161ena za po\u010detnike.<\/span><\/p>\n<p><b>PLA Lumos filament UV Light Yellow <\/b><span style=\"font-weight: 400;\">svijetlit \u0107e pod bilo kojim UV svjetlom. <\/span><b>PLA Lumos filament Glow in the dark White <\/b><span style=\"font-weight: 400;\">puni se na sun\u010devoj svjetlosti, a zatim emitira suptilan sjaj u mraku.<\/span><b> PLA Lumos filament Litho White <\/b><span style=\"font-weight: 400;\">omogu\u0107uje stvaranje 3D slika koje se bude u \u017eivot kada svjetlo pro\u0111e kroz njih. Koju \u0107ete odabrati?\u00a0<\/span><\/p>\n<h2><strong>PLA Lumos filament Litho White<\/strong><\/h2>\n<p>Postignite vrhunsko prozirne 3D printeve s na\u0161im premium PLA Lumos filament Litho White.<\/p>\n<p><span style=\"font-weight: 400;\">Kako biste saznali vi\u0161e o PLA filamentima, pro\u010ditajte na\u0161 <a href=\"https:\/\/azurefilm.com\/hr\/2023\/07\/04\/pla-filamenti\/\" target=\"_blank\" rel=\"noopener\">blog<\/a>.\u00a0<\/span><\/p>\n<p><span style=\"font-weight: 400;\">Ovdje mo\u017eete pristupiti<a href=\"https:\/\/azurefilm.com\/hr\/technical-data-sheets\/\" target=\"_blank\" rel=\"noopener\"> tehni\u010dkim informacijama<\/a>.<\/span><\/p>\n<h3><strong>Preporuke za printanje:<\/strong><\/h3>\n<ul>\n<li style=\"font-weight: 400;\" aria-level=\"1\"><span style=\"font-weight: 400;\">Za najbolje rezultate, printati na 200\u2013230\u00b0C. <\/span><\/li>\n<li style=\"font-weight: 400;\" aria-level=\"1\"><span style=\"font-weight: 400;\">Preporu\u010dena temperatura postolja za printanje je 60\u00b0C.<\/span><\/li>\n<li style=\"font-weight: 400;\" aria-level=\"1\"><span style=\"font-weight: 400;\">Koristite stakleno postolje, PEI plo\u010du, kapton ili plavu traku za izradnu platformu s 3Dlac sprejem.<\/span><\/li>\n<\/ul>\n<p><i><span style=\"font-weight: 400;\">*Idealna temperatura mo\u017ee varirati ovisno o kori\u0161tenom pisa\u010du.<\/span><\/i><\/p>\n<p>&nbsp;<\/p>\n","protected":false},"excerpt":{"rendered":"<p>Postignite vrhunsko prozirne 3D printeve s na\u0161im premium PLA Lumos filament Litho White.<\/p>\n<p><span style=\"font-weight: 400;\">Isprobajte ga u kombinaciji s drugim <\/span><b>PLA CMYK bojama, savr\u0161enim za litofane<\/b><span style=\"font-weight: 400;\">. Kupite paket <a href=\"https:\/\/azurefilm.com\/hr\/proizvod\/pla-cmyk-lithophane-4-pack\/\" target=\"_blank\" rel=\"noopener\"><strong>ovdje<\/strong><\/a>.<\/span><\/p>\n","protected":false},"featured_media":113876,"comment_status":"closed","ping_status":"closed","template":"","meta":{"_acf_changed":false},"product_brand":[],"product_cat":[404,375,1705,402,377],"product_tag":[],"brand":[],"class_list":{"0":"post-11942","1":"product","2":"type-product","3":"status-publish","4":"has-post-thumbnail","6":"product_cat-pla-lumos-hr","7":"product_cat-3d-filamenti-hr","8":"product_cat-pla-cmyk-hr","9":"product_cat-pla-filamenti-hr","10":"product_cat-svi-filamenti","11":"pa_colour-white","12":"pa_filament-diameter-1-75mm","13":"pa_filament-weight-1000g","15":"first","16":"instock","17":"taxable","18":"shipping-taxable","19":"purchasable","20":"product-type-variable","21":"has-default-attributes"},"acf":[],"_links":{"self":[{"href":"https:\/\/azurefilm.com\/hr\/wp-json\/wp\/v2\/product\/11942","targetHints":{"allow":["GET"]}}],"collection":[{"href":"https:\/\/azurefilm.com\/hr\/wp-json\/wp\/v2\/product"}],"about":[{"href":"https:\/\/azurefilm.com\/hr\/wp-json\/wp\/v2\/types\/product"}],"replies":[{"embeddable":true,"href":"https:\/\/azurefilm.com\/hr\/wp-json\/wp\/v2\/comments?post=11942"}],"wp:featuredmedia":[{"embeddable":true,"href":"https:\/\/azurefilm.com\/hr\/wp-json\/wp\/v2\/media\/113876"}],"wp:attachment":[{"href":"https:\/\/azurefilm.com\/hr\/wp-json\/wp\/v2\/media?parent=11942"}],"wp:term":[{"taxonomy":"product_brand","embeddable":true,"href":"https:\/\/azurefilm.com\/hr\/wp-json\/wp\/v2\/product_brand?post=11942"},{"taxonomy":"product_cat","embeddable":true,"href":"https:\/\/azurefilm.com\/hr\/wp-json\/wp\/v2\/product_cat?post=11942"},{"taxonomy":"product_tag","embeddable":true,"href":"https:\/\/azurefilm.com\/hr\/wp-json\/wp\/v2\/product_tag?post=11942"},{"taxonomy":"brand","embeddable":true,"href":"https:\/\/azurefilm.com\/hr\/wp-json\/wp\/v2\/brand?post=11942"}],"curies":[{"name":"wp","href":"https:\/\/api.w.org\/{rel}","templated":true}]}}