
{"id":11945,"date":"2023-10-29T14:09:41","date_gmt":"2023-10-29T14:09:41","guid":{"rendered":"https:\/\/azurefilm.com\/product\/pla-pearl-filament-green\/"},"modified":"2026-01-28T11:02:26","modified_gmt":"2026-01-28T11:02:26","slug":"pla-pearl-filament-green","status":"publish","type":"product","link":"https:\/\/azurefilm.com\/hr\/proizvod\/pla-pearl-filament-green\/","title":{"rendered":"PLA Pearl filament Green"},"content":{"rendered":"<h2><b>PLA Pearl<\/b><\/h2>\n<p><span style=\"font-weight: 400;\">PLA Pearl filamenti su poput na\u0161eg PLA Original filamenta, nadogra\u0111eni <\/span><b>jedinstvenom mje\u0161avinom profinjenih \u0161ljokica <\/b><span style=\"font-weight: 400;\">koje va\u0161im printevima daju prekrasnu bisernu zavr\u0161nu obradu. S ovim je materijalom <\/span><b>jednostavno raditi<\/b><span style=\"font-weight: 400;\"> zbog \u010dega je izvrstan za po\u010detnike i daje <\/span><b>dosljedne rezultate<\/b><span style=\"font-weight: 400;\">.\u00a0<\/span><\/p>\n<h2><strong>PLA Pearl filament Green <\/strong><\/h2>\n<p>Po\u010dnite kreirati dizajne sa zadivljuju\u0107om zelenom svjetlucavom zavr\u0161nom obradom pomo\u0107u na\u0161eg PLA Pearl filamenta Green.<\/p>\n<p><span style=\"font-weight: 400;\">Kako biste saznali vi\u0161e o PLA filamentima, pro\u010ditajte na\u0161 <a href=\"https:\/\/azurefilm.com\/hr\/2023\/07\/04\/pla-filamenti\/\" target=\"_blank\" rel=\"noopener\">blog<\/a>.\u00a0<\/span><\/p>\n<p><span style=\"font-weight: 400;\">Ovdje mo\u017eete pristupiti<a href=\"https:\/\/azurefilm.com\/hr\/technical-data-sheets\/\" target=\"_blank\" rel=\"noopener\"> tehni\u010dkim informacijama<\/a>.<\/span><\/p>\n<p><span style=\"font-weight: 400;\">Preporuke za printanje:<\/span><\/p>\n<ul>\n<li style=\"font-weight: 400;\" aria-level=\"1\"><span style=\"font-weight: 400;\">Za najbolje rezultate, printati na 200\u2013230\u00b0C.\u00a0<\/span><\/li>\n<li style=\"font-weight: 400;\" aria-level=\"1\"><span style=\"font-weight: 400;\">Preporu\u010dena temperatura postolja za printanje je 60\u00b0C.<\/span><\/li>\n<li style=\"font-weight: 400;\" aria-level=\"1\"><span style=\"font-weight: 400;\">Koristite stakleno postolje, PEI plo\u010du, kapton ili plavu traku za izradnu platformu s 3Dlac sprejem.<\/span><\/li>\n<\/ul>\n<p><i><span style=\"font-weight: 400;\">*Idealna temperatura mo\u017ee varirati ovisno o kori\u0161tenom pisa\u010du.<\/span><\/i><\/p>\n","protected":false},"excerpt":{"rendered":"<p>Po\u010dnite kreirati dizajne sa zadivljuju\u0107om zelenom svjetlucavom zavr\u0161nom obradom pomo\u0107u na\u0161eg PLA Pearl filamenta Green.<\/p>\n","protected":false},"featured_media":113787,"comment_status":"closed","ping_status":"closed","template":"","meta":{"_acf_changed":false},"product_brand":[],"product_cat":[408,375,402,377],"product_tag":[],"brand":[],"class_list":{"0":"post-11945","1":"product","2":"type-product","3":"status-publish","4":"has-post-thumbnail","6":"product_cat-pla-pearl-hr","7":"product_cat-3d-filamenti-hr","8":"product_cat-pla-filamenti-hr","9":"product_cat-svi-filamenti","10":"pa_colour-green","11":"pa_filament-diameter-1-75mm","12":"pa_filament-weight-1000g","14":"first","15":"instock","16":"taxable","17":"shipping-taxable","18":"purchasable","19":"product-type-variable","20":"has-default-attributes"},"acf":[],"_links":{"self":[{"href":"https:\/\/azurefilm.com\/hr\/wp-json\/wp\/v2\/product\/11945","targetHints":{"allow":["GET"]}}],"collection":[{"href":"https:\/\/azurefilm.com\/hr\/wp-json\/wp\/v2\/product"}],"about":[{"href":"https:\/\/azurefilm.com\/hr\/wp-json\/wp\/v2\/types\/product"}],"replies":[{"embeddable":true,"href":"https:\/\/azurefilm.com\/hr\/wp-json\/wp\/v2\/comments?post=11945"}],"wp:featuredmedia":[{"embeddable":true,"href":"https:\/\/azurefilm.com\/hr\/wp-json\/wp\/v2\/media\/113787"}],"wp:attachment":[{"href":"https:\/\/azurefilm.com\/hr\/wp-json\/wp\/v2\/media?parent=11945"}],"wp:term":[{"taxonomy":"product_brand","embeddable":true,"href":"https:\/\/azurefilm.com\/hr\/wp-json\/wp\/v2\/product_brand?post=11945"},{"taxonomy":"product_cat","embeddable":true,"href":"https:\/\/azurefilm.com\/hr\/wp-json\/wp\/v2\/product_cat?post=11945"},{"taxonomy":"product_tag","embeddable":true,"href":"https:\/\/azurefilm.com\/hr\/wp-json\/wp\/v2\/product_tag?post=11945"},{"taxonomy":"brand","embeddable":true,"href":"https:\/\/azurefilm.com\/hr\/wp-json\/wp\/v2\/brand?post=11945"}],"curies":[{"name":"wp","href":"https:\/\/api.w.org\/{rel}","templated":true}]}}