
{"id":11971,"date":"2023-10-29T14:11:19","date_gmt":"2023-10-29T14:11:19","guid":{"rendered":"https:\/\/azurefilm.com\/product\/pla-silk-filament-sand\/"},"modified":"2025-10-29T07:36:09","modified_gmt":"2025-10-29T07:36:09","slug":"pla-silk-filament-desert-blush","status":"publish","type":"product","link":"https:\/\/azurefilm.com\/hr\/proizvod\/pla-silk-filament-desert-blush\/","title":{"rendered":"PLA Silk filament Desert Blush"},"content":{"rendered":"<h2><b>PLA Silk<\/b><\/h2>\n<p><span style=\"font-weight: 400;\">Upoznajte na\u0161e PLA Silk filamente, posebno izdanje na\u0161e PLA Original linije. PLA Silk filamenti imaju posebne dodatke klasi\u010dnim PLA filamentima koji daju izgled <\/span><b>sjajne, blago prozirne i svilenkaste povr\u0161ine<\/b><span style=\"font-weight: 400;\">. \u0160tovi\u0161e, ovaj materijal <\/span><b>poma\u017ee prikriti prijelaze izme\u0111u slojeva<\/b><span style=\"font-weight: 400;\"> prilikom printanja. PLA Silk filamenti imaju sve tradicionalne PLA karakteristike i daju <\/span><b>dosljedne rezultate<\/b><span style=\"font-weight: 400;\">. Oni su najbolji izbor za 3D printanje ukrasnih elemenata poput vaza, figurica, dodataka, ku\u0107nih gadgeta i jo\u0161 mnogo toga.<\/span><\/p>\n<h2><strong>PLA Silk filament Desert Blush<\/strong><\/h2>\n<p>Probudite osje\u0107aj ljeta i stvorite pje\u0161\u010dane dizajne s PLA Silk filament Desert Blush.<\/p>\n<p><span style=\"font-weight: 400;\">Kako biste saznali vi\u0161e o PLA filamentima, pro\u010ditajte na\u0161 <a href=\"https:\/\/azurefilm.com\/hr\/2023\/07\/04\/pla-filamenti\/\" target=\"_blank\" rel=\"noopener\">blog<\/a>.\u00a0<\/span><\/p>\n<p><span style=\"font-weight: 400;\">Ovdje mo\u017eete pristupiti<a href=\"https:\/\/azurefilm.com\/hr\/technical-data-sheets\/\" target=\"_blank\" rel=\"noopener\"> tehni\u010dkim informacijama<\/a>.<\/span><\/p>\n<h3><strong>Preporuke za printanje:<\/strong><\/h3>\n<ul>\n<li style=\"font-weight: 400;\" aria-level=\"1\"><span style=\"font-weight: 400;\">Za najbolje rezultate, printati na 220\u2013240\u00b0C. <\/span><\/li>\n<li style=\"font-weight: 400;\" aria-level=\"1\"><span style=\"font-weight: 400;\">Preporu\u010dena temperatura postolja za printanje je 80\u00b0C.<\/span><\/li>\n<li style=\"font-weight: 400;\" aria-level=\"1\"><span style=\"font-weight: 400;\">Koristite stakleno postolje, PEI plo\u010du, kapton ili plavu traku za izradnu platformu s 3Dlac sprejem.<\/span><\/li>\n<\/ul>\n<p><i><span style=\"font-weight: 400;\">*Idealna temperatura mo\u017ee varirati ovisno o kori\u0161tenom pisa\u010du.<\/span><\/i><\/p>\n","protected":false},"excerpt":{"rendered":"<p>Probudite osje\u0107aj ljeta i stvorite pje\u0161\u010dane dizajne s PLA Silk filament Desert Blush.<\/p>\n","protected":false},"featured_media":108942,"comment_status":"closed","ping_status":"closed","template":"","meta":{"_acf_changed":false},"product_brand":[],"product_cat":[409,375,402,377],"product_tag":[],"brand":[267],"class_list":{"0":"post-11971","1":"product","2":"type-product","3":"status-publish","4":"has-post-thumbnail","6":"product_cat-pla-silk-hr","7":"product_cat-3d-filamenti-hr","8":"product_cat-pla-filamenti-hr","9":"product_cat-svi-filamenti","10":"pa_colour-brown","11":"pa_filament-diameter-1-75mm","12":"pa_filament-weight-1000g","13":"brand-azurefilm","15":"first","16":"outofstock","17":"taxable","18":"shipping-taxable","19":"purchasable","20":"product-type-variable","21":"has-default-attributes"},"acf":[],"_links":{"self":[{"href":"https:\/\/azurefilm.com\/hr\/wp-json\/wp\/v2\/product\/11971","targetHints":{"allow":["GET"]}}],"collection":[{"href":"https:\/\/azurefilm.com\/hr\/wp-json\/wp\/v2\/product"}],"about":[{"href":"https:\/\/azurefilm.com\/hr\/wp-json\/wp\/v2\/types\/product"}],"replies":[{"embeddable":true,"href":"https:\/\/azurefilm.com\/hr\/wp-json\/wp\/v2\/comments?post=11971"}],"wp:featuredmedia":[{"embeddable":true,"href":"https:\/\/azurefilm.com\/hr\/wp-json\/wp\/v2\/media\/108942"}],"wp:attachment":[{"href":"https:\/\/azurefilm.com\/hr\/wp-json\/wp\/v2\/media?parent=11971"}],"wp:term":[{"taxonomy":"product_brand","embeddable":true,"href":"https:\/\/azurefilm.com\/hr\/wp-json\/wp\/v2\/product_brand?post=11971"},{"taxonomy":"product_cat","embeddable":true,"href":"https:\/\/azurefilm.com\/hr\/wp-json\/wp\/v2\/product_cat?post=11971"},{"taxonomy":"product_tag","embeddable":true,"href":"https:\/\/azurefilm.com\/hr\/wp-json\/wp\/v2\/product_tag?post=11971"},{"taxonomy":"brand","embeddable":true,"href":"https:\/\/azurefilm.com\/hr\/wp-json\/wp\/v2\/brand?post=11971"}],"curies":[{"name":"wp","href":"https:\/\/api.w.org\/{rel}","templated":true}]}}