
{"id":11974,"date":"2023-10-29T14:11:41","date_gmt":"2023-10-29T14:11:41","guid":{"rendered":"https:\/\/azurefilm.com\/product\/creality-halot-mage-8k500ml-smole-gratis\/"},"modified":"2026-01-13T08:39:00","modified_gmt":"2026-01-13T08:39:00","slug":"creality-halot-mage-8k","status":"publish","type":"product","link":"https:\/\/azurefilm.com\/hr\/proizvod\/creality-halot-mage-8k\/","title":{"rendered":"Creality Halot Mage 8K"},"content":{"rendered":"<p>Predstavljamo ti novi\u00a0<strong>Creality HALOT MAGE 8K pisa\u010d sa smolom<\/strong>\u00a0&#8211; sofisticiran i tehnolo\u0161ki napredan stroj koji o\u017eivljava \u010dak i najkompliciranije detalje na tvojim proizvodima.<\/p>\n<p>Ovaj pisa\u010d vrijedi pobli\u017ee upoznati zbog njegovih brojnih novih mogu\u0107nosti i funkcija:<\/p>\n<h2><strong>8K \u010darolija za uzbudljive detalje<\/strong><\/h2>\n<p>Opremljen je mono 8K LCD zaslonom koju pru\u017ea\u00a0<strong>zapanjuju\u0107ih 33 177 600 piksela\u00a0<\/strong>i 29.7\u03bcm XY rezoluciju, \u0161to je znatno bolje od konvencionalnih 4K pisa\u010da sa samo 50\u03bcm. Ova napredna tehnologija omogu\u0107uje pisa\u010du izradu\u00a0<strong>zamr\u0161enih detalja na printevima,\u00a0<\/strong>kao \u0161to su primjerice kosa, tkanina, teksture ko\u017ee i organski oblici.<\/p>\n<h2><strong>10.3&#8221; LCD zaslon<\/strong><\/h2>\n<p>Pisa\u010d ima veliki\u00a0<strong>10.3&#8243; LCD zaslon i volumen od 228x128x230 mm<\/strong>. Ve\u0107i volumen daje ti mnogo vi\u0161e kreativne slobode jer tvoji proizvodi mogu biti ve\u0107i i s vi\u0161e detalja.<\/p>\n<h2><strong>&#8220;MAGEARCH&#8221; preklopni poklopac<\/strong><\/h2>\n<p>Creality je tako\u0111er redizajnirao poklopac pisa\u010da.\u00a0<strong>\u201cMageArch\u201d<\/strong>\u00a0poklopac mo\u017ee se otvoriti i zatvoriti jednom rukom. \u201cMageArch\u201d poklopac je pri\u010dvr\u0161\u0107en na sam pisa\u010d, a naran\u010dasto sjenilo\u00a0<strong>blokira 99.89% UV zraka\u00a0<\/strong>iz okoline.<\/p>\n<h2><strong>Pro\u010di\u0161\u0107iva\u010d zraka<\/strong><\/h2>\n<p>Pokretan i kontroliran direktno putem pisa\u010da, pro\u010di\u0161\u0107iva\u010d zraka uklju\u010duje\u00a0<strong>zamjenjivi filter s aktivnim ugljenom koji je 5,8 puta ve\u0107i od ostalih filtera<\/strong>. Zbog toga u\u010dinkovitije upita iritantan miris smole. Ventilacijski otvor na stra\u017enjoj strani omogu\u0107uje spajanje s crijevom za zrak.<\/p>\n<h2><strong>Ultra stabilna linearna \u0161ina na Z osi<\/strong><\/h2>\n<p>HALOT-MAGE-ova Z os uklju\u010duje dvije krute linearne \u0161ine, pokretane od strane motora visokih performansi. Ovaj mehanizam\u00a0<strong>minimizira klimanje\u00a0<\/strong>i omogu\u0107uje pisa\u010du da s lako\u0107om obra\u0111uje ve\u0107e i te\u017ee printeve.<\/p>\n<h2><strong>\u0160iri izbor, bolje rezanje<\/strong><\/h2>\n<p>S neovisno razvijenim\u00a0<strong>HALOT BOX sustavom<\/strong>, HALOT-MAGE nudi intuitivni tijek rada u 4 koraka i razli\u010dite unaprijed postavljene postavke za postizanje bolje kvalitete printeva. Osim toga, pisa\u010d je\u00a0<strong>kompatibilan s drugim programima za rezanje<\/strong>, \u0161to pro\u0161iruje raspon dostupnih opcija. \u0160tovi\u0161e, tvoja kupovina\u00a0<strong>uklju\u010duje 3-mjese\u010dni VIP CHITUBOX Pro<\/strong>\u00a0program za rezanje bez dodatnih tro\u0161kova.<\/p>\n<p>Ljubitelji printanja na bazi smole svih razina mogu imati koristi od posebno dizajniranog HALOT MAGE 8K 3D pisa\u010da koji nudi napredne mogu\u0107nosti i vrhunsku tehnologiju izrade visokokvalitetnih printeva s iznimnim detaljima i precizno\u0161\u0107u.<\/p>\n<p>Pisa\u010d\u00a0<strong>\u0107e biti dostupan sredinom lipnja.\u00a0<\/strong>Svakako isprobaj ovaj novi pisa\u010d i podigni kvalitetu svojih proizvoda.<\/p>\n","protected":false},"excerpt":{"rendered":"<p>Predstavljamo novi <strong>Creality Halot Mage 8K resin pisa\u010d<\/strong> &#8211; sofisticiran i tehnolo\u0161ki napredan stroj koji o\u017eivljava \u010dak i najkompliciranije detalje na va\u0161im proizvodima.<\/p>\n","protected":false},"featured_media":105046,"comment_status":"closed","ping_status":"closed","template":"","meta":{"_acf_changed":false},"product_brand":[],"product_cat":[453,481,474,477,473,456],"product_tag":[],"brand":[],"class_list":{"0":"post-11974","1":"product","2":"type-product","3":"status-publish","4":"has-post-thumbnail","6":"product_cat-3d-printer","7":"product_cat-akcija","8":"product_cat-creality-resin-pisaci","9":"product_cat-posebni-paketi-hr","10":"product_cat-resin-3d-printer","11":"product_cat-svi-3d-pisaci","13":"first","14":"instock","15":"sale","16":"taxable","17":"shipping-taxable","18":"purchasable","19":"product-type-simple"},"acf":[],"_links":{"self":[{"href":"https:\/\/azurefilm.com\/hr\/wp-json\/wp\/v2\/product\/11974","targetHints":{"allow":["GET"]}}],"collection":[{"href":"https:\/\/azurefilm.com\/hr\/wp-json\/wp\/v2\/product"}],"about":[{"href":"https:\/\/azurefilm.com\/hr\/wp-json\/wp\/v2\/types\/product"}],"replies":[{"embeddable":true,"href":"https:\/\/azurefilm.com\/hr\/wp-json\/wp\/v2\/comments?post=11974"}],"wp:featuredmedia":[{"embeddable":true,"href":"https:\/\/azurefilm.com\/hr\/wp-json\/wp\/v2\/media\/105046"}],"wp:attachment":[{"href":"https:\/\/azurefilm.com\/hr\/wp-json\/wp\/v2\/media?parent=11974"}],"wp:term":[{"taxonomy":"product_brand","embeddable":true,"href":"https:\/\/azurefilm.com\/hr\/wp-json\/wp\/v2\/product_brand?post=11974"},{"taxonomy":"product_cat","embeddable":true,"href":"https:\/\/azurefilm.com\/hr\/wp-json\/wp\/v2\/product_cat?post=11974"},{"taxonomy":"product_tag","embeddable":true,"href":"https:\/\/azurefilm.com\/hr\/wp-json\/wp\/v2\/product_tag?post=11974"},{"taxonomy":"brand","embeddable":true,"href":"https:\/\/azurefilm.com\/hr\/wp-json\/wp\/v2\/brand?post=11974"}],"curies":[{"name":"wp","href":"https:\/\/api.w.org\/{rel}","templated":true}]}}