
{"id":11975,"date":"2023-10-30T14:11:41","date_gmt":"2023-10-30T14:11:41","guid":{"rendered":"https:\/\/azurefilm.com\/product\/creality-k1-max\/"},"modified":"2025-06-18T15:29:59","modified_gmt":"2025-06-18T15:29:59","slug":"creality-k1-max","status":"publish","type":"product","link":"https:\/\/azurefilm.com\/hr\/proizvod\/creality-k1-max\/","title":{"rendered":"Creality K1 Max"},"content":{"rendered":"<p><iframe loading=\"lazy\" title=\"YouTube video player\" src=\"https:\/\/www.youtube.com\/embed\/zu0anWcRkus\" width=\"560\" height=\"315\" frameborder=\"0\" allowfullscreen=\"allowfullscreen\"><\/iframe><\/p>\n<p>Dopusti da ti predstavimo revolucionaran FDM 3D printer &#8211;<strong>\u00a0K1 MAX iz Creality-ja!<\/strong>\u00a0Ovaj vrhunski printer spreman je osvojiti 3D svijet svojom isporukom v<strong>isokokvalitetnih printeva nevjerojatnom brzinom.\u00a0<\/strong><\/p>\n<p>Ali njegova u\u010dinkovitost nije jedina stvar kojom treba biti odu\u0161evljen. Veliki bonus je to \u0161to \u0107e\u0161\u00a0<strong>dobiti svoj K1 MAX printer ve\u0107 potpuno sastavljen, kalibriran i odmah spreman za kori\u0161tenje.<\/strong>\u00a0Samo slijedi jednostavan vodi\u010d koji \u0107e te provesti kroz postavljanje 3D printera i\u00a0<strong>odmah po\u010dni s printanjem!<\/strong><\/p>\n<p>K1 MAX Creality printer ima mnoge odli\u010dne mogu\u0107nosti koje \u0107e dodatno obogatiti tvoje 3D iskustvo. Spomenimo samo par najboljih!<\/p>\n<h2><strong>Njegova brzina<\/strong><\/h2>\n<p>Sa svojom maksimalnom brzinom od 600 mm\/s i \u010dinjenicom da je 12 puta br\u017ei od obi\u010dnog FDM 3D printera, ovaj bismo printer mogli nazvati i \u201cKraljem brzine\u201d. S nevjerojatnim ubrzanjem od 20000 mm\/s\u00b2, Creality K1 dosegne do 600 mm\/s u samo 0.03 s, pru\u017eaju\u0107i\u00a0<strong>punu brzinu u 90 % vremena printanja.<\/strong>\u00a0Velika brzina printera\u00a0<strong>smanjuje vrijeme ispisa, pove\u0107ava u\u010dinkovitost,<\/strong>\u00a0te tako\u0111er\u00a0<strong>\u0161tedi puno energije.<\/strong><\/p>\n<h2><strong>Robusna ali estetska konstrukcija<\/strong><\/h2>\n<p>K1 MAX ima vrlo \u010dvrst dizajn koji pisa\u010du omogu\u0107uje postizanje velike brzine printanja bez utjecaja na krajnju kvalitetu.\u00a0<strong>\u010cvrsta CoreXY struktura i lagana ispisna glava\u00a0<\/strong>(te\u017eine samo 190 g) dizajnirani su za velike brzine. Robustan okvir, u kombinaciji \u00a0s laganim dizajnom pokretnih dijelova, osigurava ne samo manju inerciju i vibracije ve\u0107 i ve\u0107u stabilnost. Ima\u00a0<strong>ugradbeni volumen od 300 x 300 x 300 mm<\/strong>\u00a0i najkompetentniji je me\u0111u FDM 3D pisa\u010dima sli\u010dnog ugradbenog volumena.<\/p>\n<p>Ipak, pisa\u010d ima\u00a0<strong>dosta cool dizajn<\/strong>\u00a0i dobro \u0107e izgledati kamo god ga stavi\u0161.<\/p>\n<h2><strong>Puna snaga na protoku od 32mm\u00b3\/s<\/strong><\/h2>\n<p>Creality je razvio novi kerami\u010dki grija\u010d za K1 MAX pisa\u010d kojem je potrebno samo\u00a0<strong>40 sekundi da postigne temperaturu od 200 \u2103<\/strong>\u00a0i ravnomjerno topi filamente.<\/p>\n<p>Pisa\u010d tako\u0111er ima za\u0161titu od topline od legure titana i mlaznicu od \u00a0league bakra koja je dizajnirana za visoke temperature i savr\u0161eno radi na temperaturama\u00a0<strong>do 300 \u2103.<\/strong><\/p>\n<h2><strong>U\u010dinkovit sustav hla\u0111enja<\/strong><\/h2>\n<p>Ispisna glava na K1 MAX ima vrlo\u00a0<strong>sna\u017eno dvostrano hla\u0111enje<\/strong>\u00a0koje izravno hladi svje\u017ee isprintane slojeve s dvije strane. Ventilator ku\u0107i\u0161ta od 18 W dodatno poja\u010dava u\u010dinak hla\u0111enja. Zahvaljuju\u0107i ovom sustavu hla\u0111enja,\u00a0<strong>model se stvrdne prije nego \u0161to mo\u017ee do\u0107i do bilo kakvog struganja ili savijanja.<\/strong><\/p>\n<h2><strong>Automatsko hands-free niveliranje<\/strong><\/h2>\n<p>Za generiranje to\u010dne mre\u017ee za nivelaciju, senzori naprezanja su ugra\u0111eno u grija\u0107e le\u017ei\u0161te. To zna\u010di da se prije samo po\u010detka printanja vr\u0161i automatsko niveliranje i dobit \u0107e\u0161 savr\u0161eno ravnu plo\u010du bez dodatnog rada.<\/p>\n<h2><strong>Grija\u0107e le\u017ei\u0161te koje se brzo zagriljava<\/strong><\/h2>\n<p>Grija\u0107e le\u017ei\u0161te od aluminijske legure\u00a0<strong>dose\u017ee 60 \u2103 u samo 180 sekundi,<\/strong>\u00a0te ravnomjerno i brzo \u0161iri toplinu.<\/p>\n<h2><strong>Nema zvonjave kod velikih brzina<\/strong><\/h2>\n<p>Svima nam je poznato ono naporno zvonjenje koje se javlja kod velikih brzina printanja. S K1 MAX pisa\u010dem ne\u0107e\u0161 imati takav problem zbog njegovog\u00a0<strong>G-senzora<\/strong>\u00a0integriranog u glavu pisa\u010da. G-senzor\u00a0<strong>mjeri frekvencije rezonancije i automatski ih pode\u0161ava\u00a0<\/strong>po potrebi.<\/p>\n<h2><strong>Bezbri\u017ena kontrola<\/strong><\/h2>\n<p>K1 MAX mo\u017ee printati\u00a0<strong>putem USB diska ili WiFi-ja.<\/strong>\u00a0Nakon \u0161to printanje zavr\u0161i ili se pojavi neki problem s printom, na svoje \u0107e\u0161 ra\u010dunalo ili mobitel zaprimiti obavijest.<br \/>\nAko ima\u0161 mre\u017enu vezu, K1 MAX se mo\u017ee\u00a0<strong>kontrolirati ili nadzirati daljinski<\/strong>\u00a0putem Creality Printa ili Creality Cloud aplikacije\/stranice (u tom ti slu\u010daju treba AI kamera), a navedeno je mogu\u0107e i ako je vi\u0161e K1 pisa\u010da povezano u mre\u017eu.<\/p>\n<h2><strong>Pametni operativni sustav<\/strong><\/h2>\n<p>K1 MAX dolazi opremljen\u00a0<strong>brzim i pametnim Creality operativnim sustavom<\/strong>\u00a0(Creality OS) i\u00a0<strong>su\u010deljem koje je jednostavno za kori\u0161tenje.<\/strong>\u00a0Operativni sustav sinkronizira podatke i naredbe s tvojim ra\u010dunalom, mobitelom, oblakom i dodatnim modulima. Pisa\u010d ima vrlo\u00a0<strong>brzi dual-core<\/strong>\u00a0(1.2GHz CPU) koji omogu\u0107uje lagano ispisivanje na velikim brzinama. Jo\u0161 jedna zgodna stvar je\u00a0<strong>8G ROM<\/strong>\u00a0koji ti omogu\u0107uje pohranjivanje do 400 modela, a pisa\u010du daje brzinu kod \u010ditanja i pisanja.<\/p>\n","protected":false},"excerpt":{"rendered":"<p>Dopustite nam da vam predstavimo revolucionarni FDM 3D pisa\u010d <strong>&#8211; K1 MAX iz Crealityja!<\/strong>\u00a0Ovaj vrhunski pisa\u010d spreman je osvojiti 3D svijet pru\u017eaju\u0107i\u00a0<strong>visokokvalitetne printeve uz<\/strong>\u00a0<strong>nevjerojatnu brzinu.\u00a0<\/strong><\/p>\n<p>Ali njegova u\u010dinkovitost nije jedina stvar koja ostavlja bez daha. Veliki bonus je to \u0161to \u0107ete\u00a0<strong>dobiti svoj K1 MAX pisa\u010d ve\u0107 potpuno sastavljen i odmah spreman za upotrebu.<\/strong>\u00a0Samo slijedite jednostavan vodi\u010d koji \u0107e vas provesti kroz postavljanje 3D pisa\u010da i\u00a0<strong>odmah po\u010dnite s printanjem<\/strong>!<\/p>\n","protected":false},"featured_media":2864,"comment_status":"closed","ping_status":"closed","template":"","meta":{"_acf_changed":false},"product_brand":[],"product_cat":[453,460,457,456],"product_tag":[],"brand":[],"class_list":{"0":"post-11975","1":"product","2":"type-product","3":"status-publish","4":"has-post-thumbnail","6":"product_cat-3d-printer","7":"product_cat-creality-hr","8":"product_cat-fdm-printer","9":"product_cat-svi-3d-pisaci","11":"first","12":"instock","13":"taxable","14":"shipping-taxable","15":"purchasable","16":"product-type-simple"},"acf":[],"_links":{"self":[{"href":"https:\/\/azurefilm.com\/hr\/wp-json\/wp\/v2\/product\/11975","targetHints":{"allow":["GET"]}}],"collection":[{"href":"https:\/\/azurefilm.com\/hr\/wp-json\/wp\/v2\/product"}],"about":[{"href":"https:\/\/azurefilm.com\/hr\/wp-json\/wp\/v2\/types\/product"}],"replies":[{"embeddable":true,"href":"https:\/\/azurefilm.com\/hr\/wp-json\/wp\/v2\/comments?post=11975"}],"wp:featuredmedia":[{"embeddable":true,"href":"https:\/\/azurefilm.com\/hr\/wp-json\/wp\/v2\/media\/2864"}],"wp:attachment":[{"href":"https:\/\/azurefilm.com\/hr\/wp-json\/wp\/v2\/media?parent=11975"}],"wp:term":[{"taxonomy":"product_brand","embeddable":true,"href":"https:\/\/azurefilm.com\/hr\/wp-json\/wp\/v2\/product_brand?post=11975"},{"taxonomy":"product_cat","embeddable":true,"href":"https:\/\/azurefilm.com\/hr\/wp-json\/wp\/v2\/product_cat?post=11975"},{"taxonomy":"product_tag","embeddable":true,"href":"https:\/\/azurefilm.com\/hr\/wp-json\/wp\/v2\/product_tag?post=11975"},{"taxonomy":"brand","embeddable":true,"href":"https:\/\/azurefilm.com\/hr\/wp-json\/wp\/v2\/brand?post=11975"}],"curies":[{"name":"wp","href":"https:\/\/api.w.org\/{rel}","templated":true}]}}