
{"id":11984,"date":"2023-10-29T14:12:09","date_gmt":"2023-10-29T14:12:09","guid":{"rendered":"https:\/\/azurefilm.com\/product\/petg-original-filament-light-green\/"},"modified":"2026-03-23T11:06:41","modified_gmt":"2026-03-23T11:06:41","slug":"petg-original-filament-light-green","status":"publish","type":"product","link":"https:\/\/azurefilm.com\/hr\/proizvod\/petg-original-filament-light-green\/","title":{"rendered":"PETG Hyper Speed filament Light Green"},"content":{"rendered":"<h2><b>PETG Original<\/b><\/h2>\n<p><span style=\"font-weight: 400;\">PETG Original ima izvrsna svojstva i jedan je od najpopularnijih filamenata uz PLA. PETG materijal je zahvaljuju\u0107i svojoj strukturi <\/span><b>\u010dvrst<\/b><span style=\"font-weight: 400;\">, <\/span><b>, otporan na temperature<\/b><span style=\"font-weight: 400;\"> (do 80\u00b0C) i <\/span><b>dugotrajan<\/b><span style=\"font-weight: 400;\">. Na\u0161i PETG filamenti su vrlo jednostavni za printanje \u0161to ih \u010dini <\/span><b>izvrsnim izborom za po\u010detnike<\/b><span style=\"font-weight: 400;\">. Zbog svojih svojstava, PETG se mo\u017ee koristiti za mnoge razli\u010dite primjene od ukrasa, alata i protetike do mehani\u010dkih proizvoda i robotike.\u00a0<\/span><\/p>\n<h2><strong>PETG Original filament Light Green<\/strong><\/h2>\n<p>Zapo\u010dnite printati s PETG Original filamentom Light Green i probudite prirodnu ljepotu u svojim dizajnima.<\/p>\n<p><span style=\"font-weight: 400;\">Kako biste saznali vi\u0161e o PETG filamentima, pro\u010ditajte na\u0161 <a href=\"https:\/\/azurefilm.com\/hr\/2023\/07\/10\/petg-filamenti\/\" target=\"_blank\" rel=\"noopener\">blog<\/a>.\u00a0<\/span><\/p>\n<p><span style=\"font-weight: 400;\">Ovdje mo\u017eete pristupiti<a href=\"https:\/\/azurefilm.com\/hr\/technical-data-sheets\/\" target=\"_blank\" rel=\"noopener\"> tehni\u010dkim informacijama<\/a>.<\/span><\/p>\n<h3><strong>Preporuke za printanje:<\/strong><\/h3>\n<ul>\n<li style=\"font-weight: 400;\" aria-level=\"1\"><span style=\"font-weight: 400;\">Za najbolje rezultate, printati na 220\u2013240\u00b0C.\u00a0<\/span><\/li>\n<li style=\"font-weight: 400;\" aria-level=\"1\"><span style=\"font-weight: 400;\">Preporu\u010dena temperatura postolja za printanje je 80\u00b0C.<\/span><\/li>\n<li style=\"font-weight: 400;\" aria-level=\"1\"><span style=\"font-weight: 400;\">Koristite stakleno postolje, PEI plo\u010du, kapton ili plavu traku za izradnu platformu s 3Dlac sprejem.<\/span><\/li>\n<\/ul>\n<p><i><span style=\"font-weight: 400;\">*Idealna temperatura mo\u017ee varirati ovisno o kori\u0161tenom pisa\u010du.<\/span><\/i><\/p>\n","protected":false},"excerpt":{"rendered":"<p>Zapo\u010dnite printati s PETG Hyper Speed filament Light Green i probudite prirodnu ljepotu u svojim dizajnima.<\/p>\n<p><b>Napomena: <\/b><span style=\"font-weight: 400;\">Ovo je ista pouzdana formulacija PETG Original, sada preimenovana u <\/span><b>PETG Hyper Speed<\/b><span style=\"font-weight: 400;\"> zbog mogu\u0107nosti vrlo velike brzine ispisa. Kupujte sada i do\u017eivite novu razinu PETG-a!<\/span><\/p>\n","protected":false},"featured_media":109582,"comment_status":"closed","ping_status":"closed","template":"","meta":{"_acf_changed":false},"product_brand":[],"product_cat":[399,375,396,377],"product_tag":[1534],"brand":[267],"class_list":{"0":"post-11984","1":"product","2":"type-product","3":"status-publish","4":"has-post-thumbnail","6":"product_cat-petg-original-hr","7":"product_cat-3d-filamenti-hr","8":"product_cat-petg-filamenti-hr","9":"product_cat-svi-filamenti","10":"product_tag-high-speed","11":"pa_colour-green","12":"pa_filament-diameter-1-75mm","13":"pa_filament-weight-1000g","14":"pa_filament-weight-2100g","15":"brand-azurefilm","17":"first","18":"instock","19":"taxable","20":"shipping-taxable","21":"purchasable","22":"product-type-variable","23":"has-default-attributes"},"acf":[],"_links":{"self":[{"href":"https:\/\/azurefilm.com\/hr\/wp-json\/wp\/v2\/product\/11984","targetHints":{"allow":["GET"]}}],"collection":[{"href":"https:\/\/azurefilm.com\/hr\/wp-json\/wp\/v2\/product"}],"about":[{"href":"https:\/\/azurefilm.com\/hr\/wp-json\/wp\/v2\/types\/product"}],"replies":[{"embeddable":true,"href":"https:\/\/azurefilm.com\/hr\/wp-json\/wp\/v2\/comments?post=11984"}],"wp:featuredmedia":[{"embeddable":true,"href":"https:\/\/azurefilm.com\/hr\/wp-json\/wp\/v2\/media\/109582"}],"wp:attachment":[{"href":"https:\/\/azurefilm.com\/hr\/wp-json\/wp\/v2\/media?parent=11984"}],"wp:term":[{"taxonomy":"product_brand","embeddable":true,"href":"https:\/\/azurefilm.com\/hr\/wp-json\/wp\/v2\/product_brand?post=11984"},{"taxonomy":"product_cat","embeddable":true,"href":"https:\/\/azurefilm.com\/hr\/wp-json\/wp\/v2\/product_cat?post=11984"},{"taxonomy":"product_tag","embeddable":true,"href":"https:\/\/azurefilm.com\/hr\/wp-json\/wp\/v2\/product_tag?post=11984"},{"taxonomy":"brand","embeddable":true,"href":"https:\/\/azurefilm.com\/hr\/wp-json\/wp\/v2\/brand?post=11984"}],"curies":[{"name":"wp","href":"https:\/\/api.w.org\/{rel}","templated":true}]}}